{"id":46739,"date":"2023-04-14T01:29:52","date_gmt":"2023-04-14T01:29:52","guid":{"rendered":"https:\/\/smartyplantsnursery.com\/product\/jamelia-roja-hamelia-patens-var-patens\/"},"modified":"2025-12-17T00:19:43","modified_gmt":"2025-12-17T00:19:43","slug":"jamelia-roja-hamelia-patens-var-patens","status":"publish","type":"product","link":"https:\/\/smartyplantsnursery.com\/es\/product\/jamelia-roja-hamelia-patens-var-patens\/","title":{"rendered":"Jamelia roja &#8211; hamelia patens var. patens"},"content":{"rendered":"<p><b>Usos generales en el paisajismo:<\/b> Un acento o esp\u00e9cimen vers\u00e1til y atractivo utilizado en paisajes formales e informales. Se puede utilizar como acento y en paisajes naturalistas. Tambi\u00e9n es una gran adici\u00f3n a las plantaciones mixtas de amortiguamiento.  <\/p>\n<p><b>Notas sobre la restauraci\u00f3n ecol\u00f3gica:<\/b> Extendido pero raramente abundante en claros de \u00e1rboles ca\u00eddos y a lo largo de los bordes de las hamacas. Tal vez se use en exceso en las plantaciones de restauraci\u00f3n ecol\u00f3gica. <\/p>\n<p><b>Descripci\u00f3n:<\/b> Arbusto grande o \u00e1rbol peque\u00f1o con copa redondeada de ramas d\u00e9biles y f\u00e1cilmente rotas, generalmente en m\u00faltiples troncos. Corteza marr\u00f3n oscuro. Hojas de color verde claro a oscuro con manchas y venas rojizas, de 2 a 6 pulgadas de largo.  <\/p>\n<p><b>Dimensiones:<\/b> Alrededor de 10-12 pies de altura, o a veces m\u00e1s. A menudo tan ancho como alto. <\/p>\n<p><b>Tasa de crecimiento:<\/b> r\u00e1pida.<\/p>\n<p><b>Distribuci\u00f3n:<\/b> Desde los Cayos del Condado de Monroe al norte hasta el sur de Volusia, el sur de los condados de Marion y Pasco, y naturaliz\u00e1ndose a partir de plantas cultivadas en el Panhandle de Florida; Bermuda, Indias Occidentales, M\u00e9xico, Am\u00e9rica Central y Am\u00e9rica del Sur. Raro en los Cayos del Condado de Monroe y muy raro o ausente en los Cayos medios. <\/p>\n<p><b>H\u00e1bitats:<\/b> Hamacas y matorrales.<\/p>\n<p><b>Suelos:<\/b> Suelos arenosos o calizos h\u00famedos y bien drenados, con una capa superior rica en humus.<\/p>\n<p><b>Requisitos nutricionales:<\/b> Moderado; puede crecer en suelos pobres en nutrientes, pero necesita algo de contenido org\u00e1nico para prosperar.<\/p>\n<p><b>Tolerancia al agua salada:<\/b> Baja; no tolera las inundaciones a largo plazo por agua salada o salobre.<\/p>\n<p><b>Tolerancia al viento salino:<\/b> Moderada; crece cerca del agua salada, pero est\u00e1 protegido de la pulverizaci\u00f3n directa de sal por otra vegetaci\u00f3n.<\/p>\n<p><b>Tolerancia a la sequ\u00eda:<\/b> De moderada a alta; las plantas que crecen en suelos extremadamente secos pueden morir durante per\u00edodos prolongados de sequ\u00eda.<\/p>\n<p><b>Requisitos de luz:<\/b> Pleno sol.<\/p>\n<p><b>Color de la flor:<\/b> Rojo a naranja rojizo.<\/p>\n<p><b>Caracter\u00edsticas de la flor:<\/b> Flores tubulares vistosas, de aproximadamente 1&#8243; de largo, en racimos terminales y axilares.<\/p>\n<p><b>Temporada de floraci\u00f3n:<\/b> Todo el a\u00f1o.<\/p>\n<p><b>Fruto:<\/b> Bayas jugosas redondeadas de color rojo a negro p\u00farpura.<\/p>\n<p><b>Vida silvestre y ecolog\u00eda:<\/b> Proporciona alimento y cobertura significativos para la vida silvestre. <b>Planta hu\u00e9sped larval<\/b> para la esfinge pluto (<i>Xylophanes pluto<\/i>). <b>Planta de n\u00e9ctar<\/b> para la cola de golondrina negra (<i>Papilio polyxenes<\/i>), statira sulphur (<i>Phoebis statira<\/i>) y muchas otras mariposas. Atrae a las abejas y a otros insectos polinizadores. Una peque\u00f1a abeja hal\u00edctida verde iridiscente (<i>Augochlora pura<\/i>) es uno de los polinizadores m\u00e1s eficaces. Las aves, incluyendo los sinsonte, los p\u00e1jaros gato, los vireos y las currucas, comen los frutos o se alimentan de los muchos insectos y ara\u00f1as que hacen de este arbusto su hogar. Los colibr\u00edes se alimentan del n\u00e9ctar de las flores.    <\/p>\n<p><b>Notas de horticultura:<\/b> Se puede cultivar a partir de semillas despulpadas y de esquejes.<\/p>\n<p><b>Comentarios:<\/b> Firebush es uno de los mejores arbustos para aves y mariposas en el sur de Florida. Se recluta f\u00e1cilmente a partir de semillas en el jard\u00edn, pero no es una plaga. Un pariente ex\u00f3tico,   <i>H. patens var. glabra <\/i>, con flores de color rojo amarillento y hojas en su mayor\u00eda sin pelo, se vende com\u00fanmente en el sur de Florida. Est\u00e1 empezando a naturalizarse y representa una amenaza de hibridaci\u00f3n para nuestro firebush nativo. <\/p>\n","protected":false},"excerpt":{"rendered":"<p><img decoding=\"async\" class=\"alignnone size-medium wp-image-31863\" src=\"https:\/\/smartyplantsnursery.com\/wp-content\/uploads\/2023\/04\/Screen-Shot-2023-04-22-at-11.28.02-PM-300x134.png\" alt=\"\" width=\"300\" height=\"134\"><\/p>\n<div class=\"container\">\n<div class=\"table-container\">\n<table>\n<thead>\n<tr>\n<th>Tama\u00f1o de la maceta<\/th>\n<th>Altura media plantada (desde la tierra hasta la parte superior de la planta)<\/th>\n<\/tr>\n<\/thead>\n<tbody>\n<tr>\n<td>3 galones\/10&#8243;<\/td>\n<td>30 &#8211; 60 cm<\/td>\n<\/tr>\n<tr>\n<td>7 galones\/14&#8243;<\/td>\n<td>0,6 &#8211; 0,9 m<\/td>\n<\/tr>\n<\/tbody>\n<\/table>\n<\/div>\n<\/div>\n","protected":false},"featured_media":48508,"comment_status":"open","ping_status":"closed","template":"","meta":[],"product_brand":[59,60],"product_cat":[304,359,311,346,310,315,355,324,361,309,313,341,308,334,314,358,335,323,322,330,332,333,307],"product_tag":[351,350],"class_list":{"0":"post-46739","1":"product","2":"type-product","3":"status-publish","4":"has-post-thumbnail","6":"product_brand-fann","7":"product_brand-fnps","8":"product_cat-arbusto","9":"product_cat-arena","10":"product_cat-baja","11":"product_cat-bajo-mantenimiento","12":"product_cat-bien-drenado","13":"product_cat-esquejes","14":"product_cat-invierno","15":"product_cat-llamativo","16":"product_cat-moderada-es-4","17":"product_cat-moderada","18":"product_cat-moderada-es","19":"product_cat-nativo","20":"product_cat-otono","21":"product_cat-planta-de-acento","22":"product_cat-planta-de-especimen","23":"product_cat-plantas-para-mariposas-plantas-para-polinizadores","24":"product_cat-pleno-sol","25":"product_cat-primavera","26":"product_cat-rapido","27":"product_cat-semilla","28":"product_cat-seto","29":"product_cat-tubular-es","30":"product_cat-verano","31":"product_tag-naranja","32":"product_tag-rojo","33":"pa_pot-size-1-galon-6","34":"pa_pot-size-15-galones-17","35":"pa_pot-size-3-galones-10","36":"pa_pot-size-7-galones-14","39":"first","40":"instock","41":"taxable","42":"shipping-taxable","43":"purchasable","44":"product-type-variable"},"aioseo_notices":[],"_links":{"self":[{"href":"https:\/\/smartyplantsnursery.com\/es\/wp-json\/wp\/v2\/product\/46739","targetHints":{"allow":["GET"]}}],"collection":[{"href":"https:\/\/smartyplantsnursery.com\/es\/wp-json\/wp\/v2\/product"}],"about":[{"href":"https:\/\/smartyplantsnursery.com\/es\/wp-json\/wp\/v2\/types\/product"}],"replies":[{"embeddable":true,"href":"https:\/\/smartyplantsnursery.com\/es\/wp-json\/wp\/v2\/comments?post=46739"}],"wp:featuredmedia":[{"embeddable":true,"href":"https:\/\/smartyplantsnursery.com\/es\/wp-json\/wp\/v2\/media\/48508"}],"wp:attachment":[{"href":"https:\/\/smartyplantsnursery.com\/es\/wp-json\/wp\/v2\/media?parent=46739"}],"wp:term":[{"taxonomy":"product_brand","embeddable":true,"href":"https:\/\/smartyplantsnursery.com\/es\/wp-json\/wp\/v2\/product_brand?post=46739"},{"taxonomy":"product_cat","embeddable":true,"href":"https:\/\/smartyplantsnursery.com\/es\/wp-json\/wp\/v2\/product_cat?post=46739"},{"taxonomy":"product_tag","embeddable":true,"href":"https:\/\/smartyplantsnursery.com\/es\/wp-json\/wp\/v2\/product_tag?post=46739"}],"curies":[{"name":"wp","href":"https:\/\/api.w.org\/{rel}","templated":true}]}}