{"id":46744,"date":"2023-04-14T01:22:47","date_gmt":"2023-04-14T01:22:47","guid":{"rendered":"https:\/\/smartyplantsnursery.com\/product\/palmito-enano-palma-bluestem-sabal-minor\/"},"modified":"2026-04-13T15:31:40","modified_gmt":"2026-04-13T15:31:40","slug":"palmito-enano-palma-bluestem-sabal-minor","status":"publish","type":"product","link":"https:\/\/smartyplantsnursery.com\/es\/product\/palmito-enano-palma-bluestem-sabal-minor\/","title":{"rendered":"Palmito enano, palma bluestem &#8211; sabal minor"},"content":{"rendered":"<p><b>Usos generales en el paisaje:<\/b> Palma de sotobosque sin tronco.<\/p>\n<p><b>Descripci\u00f3n:<\/b> Palma arbustiva sin tronco.<\/p>\n<p><b>Dimensiones:<\/b> Normalmente de 3 a 9 pies de altura; casi tan ancha como alta.<\/p>\n<p><b>Tasa de crecimiento:<\/b> Muy lento.<\/p>\n<p><b>Distribuci\u00f3n:<\/b> Sudeste de Estados Unidos, al sur de los condados de St. Lucie, Glades y Charlotte.<\/p>\n<p><b>H\u00e1bitats:<\/b> Hamacas y bosques h\u00famedos a estacionalmente h\u00famedos.<\/p>\n<p><b>Suelos:<\/b> H\u00famedos a estacionalmente h\u00famedos.<\/p>\n<p><b>Requisitos nutricionales:<\/b> Altos; requiere suelos org\u00e1nicos ricos para un crecimiento \u00f3ptimo.<\/p>\n<p><b>Tolerancia al agua salada:<\/b> Baja; no tolera las inundaciones a largo plazo con agua salada o salobre.<\/p>\n<p><b>Tolerancia al viento salino:<\/b> Moderada; crece cerca del agua salada, pero est\u00e1 protegido de la pulverizaci\u00f3n directa de sal por otra vegetaci\u00f3n.<\/p>\n<p><b>Tolerancia a la sequ\u00eda:<\/b> Baja; requiere suelos h\u00famedos a mojados y es intolerante a largos per\u00edodos de sequ\u00eda.<\/p>\n<p><b>Requisitos de luz:<\/b> Sombra ligera a pleno sol.<\/p>\n<p><b>Color de la flor:<\/b> Blanco.<\/p>\n<p><b>Caracter\u00edsticas de la flor:<\/b> poco llamativas.<\/p>\n<p><b>Temporada de floraci\u00f3n:<\/b> De primavera a oto\u00f1o; pico en verano.<\/p>\n<p><b>Fruto:<\/b> Baya seca, lisa, redonda y opaca, de color casi marr\u00f3n a negro. Semillas solitarias. <\/p>\n<p><b>Vida silvestre y ecolog\u00eda:<\/b> Proporciona cantidades moderadas de alimento y refugio para la vida silvestre. Planta de n\u00e9ctar para mariposas. Atrae abejas polinizadoras. <\/p>\n<p><b>Notas de horticultura:<\/b> Se puede cultivar a partir de semillas a las que se les ha quitado el revestimiento.<\/p>\n","protected":false},"excerpt":{"rendered":"<p><img fetchpriority=\"high\" decoding=\"async\" class=\"alignnone size-medium wp-image-54744\" src=\"https:\/\/smartyplantsnursery.com\/wp-content\/uploads\/2023\/04\/Screenshot-2026-03-03-at-2.22.47-PM-300x185.webp\" alt=\"\" width=\"300\" height=\"185\"><\/p>\n<div class=\"container\">\n<div class=\"table-container\">\n<table>\n<thead>\n<tr>\n<th>Tama\u00f1o de la maceta<\/th>\n<th>Altura media plantada (desde la tierra hasta la parte superior de la planta)<\/th>\n<\/tr>\n<\/thead>\n<tbody>\n<tr>\n<td>3 galones\/10&#8243;<\/td>\n<td>0 &#8211; 1 pie<\/td>\n<\/tr>\n<tr>\n<td>7 galones\/35 cm<\/td>\n<td>30 &#8211; 60 cm<\/td>\n<\/tr>\n<tr>\n<td>15 galones\/17&#8243;<\/td>\n<td>2 &#8211; 3 pies<\/td>\n<\/tr>\n<tr>\n<td>25 galones\/21&#8243;<\/td>\n<td>2 &#8211; 3 pies<\/td>\n<\/tr>\n<tr>\n<td>45 galones\/28&#8243;<\/td>\n<td>3 &#8211; 4 pies<\/td>\n<\/tr>\n<\/tbody>\n<\/table>\n<\/div>\n<\/div>\n","protected":false},"featured_media":50466,"comment_status":"open","ping_status":"closed","template":"","meta":[],"product_brand":[],"product_cat":[348,304,329,311,346,365,306,361,341,308,370,358,335,323,330,303,307],"product_tag":[318],"class_list":{"0":"post-46744","1":"product","2":"type-product","3":"status-publish","4":"has-post-thumbnail","6":"product_cat-alta-es","7":"product_cat-arbusto","8":"product_cat-baja-es-2","9":"product_cat-baja","10":"product_cat-bajo-mantenimiento","11":"product_cat-inconspicuo","12":"product_cat-lenta","13":"product_cat-moderada-es-4","14":"product_cat-nativo","15":"product_cat-otono","16":"product_cat-palma","17":"product_cat-plantas-para-mariposas-plantas-para-polinizadores","18":"product_cat-pleno-sol","19":"product_cat-primavera","20":"product_cat-semilla","21":"product_cat-sol-parcial","22":"product_cat-verano","23":"product_tag-blanco","24":"pa_pot-size-15-galones-17","25":"pa_pot-size-25-galones-21","26":"pa_pot-size-3-galones-10","27":"pa_pot-size-45-galones-28","28":"pa_pot-size-7-galones-14","31":"first","32":"instock","33":"taxable","34":"shipping-taxable","35":"purchasable","36":"product-type-variable"},"aioseo_notices":[],"_links":{"self":[{"href":"https:\/\/smartyplantsnursery.com\/es\/wp-json\/wp\/v2\/product\/46744","targetHints":{"allow":["GET"]}}],"collection":[{"href":"https:\/\/smartyplantsnursery.com\/es\/wp-json\/wp\/v2\/product"}],"about":[{"href":"https:\/\/smartyplantsnursery.com\/es\/wp-json\/wp\/v2\/types\/product"}],"replies":[{"embeddable":true,"href":"https:\/\/smartyplantsnursery.com\/es\/wp-json\/wp\/v2\/comments?post=46744"}],"wp:featuredmedia":[{"embeddable":true,"href":"https:\/\/smartyplantsnursery.com\/es\/wp-json\/wp\/v2\/media\/50466"}],"wp:attachment":[{"href":"https:\/\/smartyplantsnursery.com\/es\/wp-json\/wp\/v2\/media?parent=46744"}],"wp:term":[{"taxonomy":"product_brand","embeddable":true,"href":"https:\/\/smartyplantsnursery.com\/es\/wp-json\/wp\/v2\/product_brand?post=46744"},{"taxonomy":"product_cat","embeddable":true,"href":"https:\/\/smartyplantsnursery.com\/es\/wp-json\/wp\/v2\/product_cat?post=46744"},{"taxonomy":"product_tag","embeddable":true,"href":"https:\/\/smartyplantsnursery.com\/es\/wp-json\/wp\/v2\/product_tag?post=46744"}],"curies":[{"name":"wp","href":"https:\/\/api.w.org\/{rel}","templated":true}]}}