{"id":46745,"date":"2023-04-14T01:05:10","date_gmt":"2023-04-14T01:05:10","guid":{"rendered":"https:\/\/smartyplantsnursery.com\/product\/acebo-navideno-cambron-de-carolina-lycium-carolinianum\/"},"modified":"2026-04-01T13:41:45","modified_gmt":"2026-04-01T13:41:45","slug":"acebo-navideno-cambron-de-carolina-lycium-carolinianum","status":"publish","type":"product","link":"https:\/\/smartyplantsnursery.com\/es\/product\/acebo-navideno-cambron-de-carolina-lycium-carolinianum\/","title":{"rendered":"Acebo navide\u00f1o, cambr\u00f3n de Carolina &#8211; lycium carolinianum"},"content":{"rendered":"<p><b>Usos generales en el paisaje:<\/b> Arbusto ornamental en zonas costeras bajas.<\/p>\n<p><b>Descripci\u00f3n:<\/b> Arbusto mediano con ramas abiertas, generalmente algo espinosas. Hojas suculentas, de color verde apagado, peque\u00f1as. <\/p>\n<p><b>Dimensiones:<\/b> Alrededor de 1,8-2,4 metros de altura; rara vez hasta 3 metros. Aproximadamente tan ancho como alto, pero con una estructura muy abierta. <\/p>\n<p><b>Tasa de crecimiento:<\/b> moderada.<\/p>\n<p><b>Distribuci\u00f3n:<\/b> Sudeste de Estados Unidos al oeste hasta Texas y al sur hasta los Cayos del Condado de Monroe; Cuba y M\u00e9xico.<\/p>\n<p><b>H\u00e1bitats:<\/b> Bermas costeras; m\u00e1rgenes de manglares.<\/p>\n<p><b>Suelos:<\/b> Peri\u00f3dicamente inundados a h\u00famedos, moderadamente bien drenados a mal drenados, suelos salobres, con capa superior humosa.<\/p>\n<p><b>Requisitos nutricionales:<\/b> Moderado; puede crecer en suelos pobres en nutrientes, pero necesita algo de contenido org\u00e1nico para prosperar.<\/p>\n<p><b>Tolerancia al agua salada:<\/b> Moderada; tolera agua salobre o inundaciones ocasionales por agua salada.<\/p>\n<p><b>Tolerancia al viento salino:<\/b> Moderada; crece cerca del agua salada, pero est\u00e1 protegido de la pulverizaci\u00f3n directa de sal por otra vegetaci\u00f3n.<\/p>\n<p><b>Tolerancia a la sequ\u00eda:<\/b> Moderada; generalmente requiere suelos h\u00famedos, pero es tolerante a cortos per\u00edodos de sequ\u00eda una vez establecido.<\/p>\n<p><b>Requisitos de luz:<\/b> Pleno sol a sombra ligera.<\/p>\n<p><b>Color de la flor:<\/b> Lavanda a lila o rara vez blanco.<\/p>\n<p><b>Caracter\u00edsticas de la flor:<\/b> Semillamativa, 3\/8&#8243; de ancho.<\/p>\n<p><b>Temporada de floraci\u00f3n:<\/b> Todo el a\u00f1o; pico en verano-oto\u00f1o.<\/p>\n<p><b>Fruto:<\/b> Baya suculenta de color rojo brillante. Invierno. <\/p>\n<p><b>Vida silvestre y ecolog\u00eda:<\/b> Proporciona alimento y cobertura significativos para la vida silvestre. Planta de n\u00e9ctar para la mariposa blanca meridional (<i>Ascia monuste<\/i>), la fritilaria del Golfo (<i>Agraulis vanillae<\/i>) y otras mariposas, y atrae a las esfinges y a las abejas polinizadoras. Una variedad de aves comen la fruta madura. <\/p>\n<p><b>Notas de horticultura:<\/b> Se puede cultivar a partir de semillas despulpadas y esquejes.<\/p>\n<p><b>Comentarios:<\/b> Los frutos de color rojo brillante son muy llamativos.<\/p>\n","protected":false},"excerpt":{"rendered":"<p><img fetchpriority=\"high\" decoding=\"async\" class=\"alignnone size-medium wp-image-54744\" src=\"https:\/\/smartyplantsnursery.com\/wp-content\/uploads\/2023\/04\/Screenshot-2026-03-03-at-2.22.47-PM-300x185.webp\" alt=\"\" width=\"300\" height=\"185\"><\/p>\n<div class=\"container\">\n<div class=\"table-container\">\n<table>\n<thead>\n<tr>\n<th>Tama\u00f1o de la maceta<\/th>\n<th>Altura media plantada (desde la tierra hasta la parte superior de la planta)<\/th>\n<\/tr>\n<\/thead>\n<tbody>\n<tr>\n<td>3 galones\/10&#8243;<\/td>\n<td>2 &#8211; 3 pies<\/td>\n<\/tr>\n<\/tbody>\n<\/table>\n<\/div>\n<\/div>\n","protected":false},"featured_media":48346,"comment_status":"open","ping_status":"closed","template":"","meta":[],"product_brand":[],"product_cat":[304,346,310,384,315,355,324,354,309,313,361,326,360,341,308,358,335,323,330,303,307],"product_tag":[318,337,389],"class_list":{"0":"post-46745","1":"product","2":"type-product","3":"status-publish","4":"has-post-thumbnail","6":"product_cat-arbusto","7":"product_cat-bajo-mantenimiento","8":"product_cat-bien-drenado","9":"product_cat-costero","10":"product_cat-esquejes","11":"product_cat-invierno","12":"product_cat-llamativo","13":"product_cat-mal-drenado","14":"product_cat-moderada","15":"product_cat-moderada-es","16":"product_cat-moderada-es-4","17":"product_cat-moderada-es-2","18":"product_cat-moderada-es-3","19":"product_cat-nativo","20":"product_cat-otono","21":"product_cat-plantas-para-mariposas-plantas-para-polinizadores","22":"product_cat-pleno-sol","23":"product_cat-primavera","24":"product_cat-semilla","25":"product_cat-sol-parcial","26":"product_cat-verano","27":"product_tag-blanco","28":"product_tag-lavanda","29":"product_tag-lila","30":"pa_pot-size-1-galon-6","31":"pa_pot-size-25-galones-21","32":"pa_pot-size-3-galones-10","33":"pa_pot-size-7-galones-14","36":"first","37":"instock","38":"taxable","39":"shipping-taxable","40":"purchasable","41":"product-type-variable"},"aioseo_notices":[],"_links":{"self":[{"href":"https:\/\/smartyplantsnursery.com\/es\/wp-json\/wp\/v2\/product\/46745","targetHints":{"allow":["GET"]}}],"collection":[{"href":"https:\/\/smartyplantsnursery.com\/es\/wp-json\/wp\/v2\/product"}],"about":[{"href":"https:\/\/smartyplantsnursery.com\/es\/wp-json\/wp\/v2\/types\/product"}],"replies":[{"embeddable":true,"href":"https:\/\/smartyplantsnursery.com\/es\/wp-json\/wp\/v2\/comments?post=46745"}],"wp:featuredmedia":[{"embeddable":true,"href":"https:\/\/smartyplantsnursery.com\/es\/wp-json\/wp\/v2\/media\/48346"}],"wp:attachment":[{"href":"https:\/\/smartyplantsnursery.com\/es\/wp-json\/wp\/v2\/media?parent=46745"}],"wp:term":[{"taxonomy":"product_brand","embeddable":true,"href":"https:\/\/smartyplantsnursery.com\/es\/wp-json\/wp\/v2\/product_brand?post=46745"},{"taxonomy":"product_cat","embeddable":true,"href":"https:\/\/smartyplantsnursery.com\/es\/wp-json\/wp\/v2\/product_cat?post=46745"},{"taxonomy":"product_tag","embeddable":true,"href":"https:\/\/smartyplantsnursery.com\/es\/wp-json\/wp\/v2\/product_tag?post=46745"}],"curies":[{"name":"wp","href":"https:\/\/api.w.org\/{rel}","templated":true}]}}