{"id":46756,"date":"2023-04-14T01:01:28","date_gmt":"2023-04-14T01:01:28","guid":{"rendered":"https:\/\/smartyplantsnursery.com\/product\/blacktorch-erithalis-fruticosa\/"},"modified":"2026-03-11T15:11:52","modified_gmt":"2026-03-11T15:11:52","slug":"blacktorch-erithalis-fruticosa","status":"publish","type":"product","link":"https:\/\/smartyplantsnursery.com\/es\/product\/blacktorch-erithalis-fruticosa\/","title":{"rendered":"Blacktorch &#8211; erithalis fruticosa"},"content":{"rendered":"<p><b>Usos paisaj\u00edsticos generales:<\/b> Arbusto ornamental. Plantaciones de pantalla.<\/p>\n<p><b>Notas sobre la restauraci\u00f3n ecol\u00f3gica:<\/b> Un elemento bastante com\u00fan de las malezas costeras en los Cayos de Florida; raro en otros lugares.<\/p>\n<p><b>Descripci\u00f3n:<\/b> Arbusto de tama\u00f1o mediano a grande con hojas densas. Corteza de color marr\u00f3n oscuro con rayas de color marr\u00f3n claro. Hojas planas, de 2,5 a 7,5 cm o m\u00e1s de longitud.  <\/p>\n<p><b>Dimensiones:<\/b> Alrededor de 1,2 a 2,4 metros de altura. Generalmente m\u00e1s alto que ancho. <\/p>\n<p><b>Tasa de crecimiento:<\/b> De lento a moderado.<\/p>\n<p><b>Distribuci\u00f3n:<\/b> Cayos del condado de Monroe al norte a lo largo de la costa este hasta el condado de Martin; Indias Occidentales, M\u00e9xico, Am\u00e9rica Central y el norte de Am\u00e9rica del Sur. Raro en el sureste de Florida fuera de los Cayos de Florida. En el condado de Broward, solo se conoce del Parque Estatal Hugh Taylor Birch.  <\/p>\n<p><b>H\u00e1bitats:<\/b> Hamacas costeras.<\/p>\n<p><b>Suelos:<\/b> Suelos calizos o arenosos h\u00famedos, bien drenados a moderadamente bien drenados, con una capa superior rica en humus.<\/p>\n<p><b>Requisitos nutricionales:<\/b> Moderado; puede crecer en suelos pobres en nutrientes, pero necesita algo de contenido org\u00e1nico para prosperar.<\/p>\n<p><b>Tolerancia al agua salada:<\/b> Moderada; tolera agua salobre o inundaciones ocasionales por agua salada.<\/p>\n<p><b>Tolerancia al viento salado:<\/b> Alta; puede tolerar cantidades moderadas de viento salado sin da\u00f1os significativos.<\/p>\n<p><b>Tolerancia a la sequ\u00eda:<\/b> Moderada; generalmente requiere suelos h\u00famedos, pero es tolerante a cortos per\u00edodos de sequ\u00eda una vez establecido.<\/p>\n<p><b>Requisitos de luz:<\/b> Pleno sol.<\/p>\n<p><b>Color de la flor:<\/b> Blanco.<\/p>\n<p><b>Caracter\u00edsticas de la flor:<\/b> Semillamativa.<\/p>\n<p><b>Temporada de floraci\u00f3n:<\/b> Todo el a\u00f1o.<\/p>\n<p><b>Fruto:<\/b> Drupa de color p\u00farpura brillante a negro; jugoso.<\/p>\n<p><b>Vida silvestre y ecolog\u00eda:<\/b> <strong>Planta de n\u00e9ctar<\/strong> para las mariposas azules de Miami (<i>Cyclargus thomasi bethunebakeri<\/i>).<\/p>\n<p><b>Notas de horticultura:<\/b> Se puede cultivar a partir de semillas despulpadas. Planta en un recipiente con 2\u201d o m\u00e1s de tierra. Espolvorea tierra hasta cubrir justo las semillas y col\u00f3calo a pleno sol. <\/p>\n<p><b>Comentarios:<\/b> Est\u00e1 catalogada como amenazada por el estado de Florida.<\/p>\n","protected":false},"excerpt":{"rendered":"<p><img fetchpriority=\"high\" decoding=\"async\" class=\"alignnone size-medium wp-image-54744\" src=\"https:\/\/smartyplantsnursery.com\/wp-content\/uploads\/2023\/04\/Screenshot-2026-03-03-at-2.22.47-PM-300x185.webp\" alt=\"\" width=\"300\" height=\"185\"><\/p>\n<div class=\"container\">\n<div class=\"table-container\">\n<table>\n<thead>\n<tr>\n<th>Tama\u00f1o de la maceta<\/th>\n<th>Altura media plantada (desde la tierra hasta la parte superior de la planta)<\/th>\n<\/tr>\n<\/thead>\n<tbody>\n<tr>\n<td>3 galones\/10&#8243;<\/td>\n<td>1 &#8211; 2 pies<\/td>\n<\/tr>\n<tr>\n<td>7 galones\/14&#8243;<\/td>\n<td>2 &#8211; 4 pies<\/td>\n<\/tr>\n<\/tbody>\n<\/table>\n<\/div>\n<\/div>\n","protected":false},"featured_media":43488,"comment_status":"open","ping_status":"closed","template":"","meta":[],"product_brand":[59,60],"product_cat":[362,304,359,346,310,355,306,324,313,326,360,309,341,308,334,358,335,323,468,330,307],"product_tag":[318],"class_list":{"0":"post-46756","1":"product","2":"type-product","3":"status-publish","4":"has-post-thumbnail","6":"product_brand-fann","7":"product_brand-fnps","8":"product_cat-alta-es-2","9":"product_cat-arbusto","10":"product_cat-arena","11":"product_cat-bajo-mantenimiento","12":"product_cat-bien-drenado","13":"product_cat-invierno","14":"product_cat-lenta","15":"product_cat-llamativo","16":"product_cat-moderada-es","17":"product_cat-moderada-es-2","18":"product_cat-moderada-es-3","19":"product_cat-moderada","20":"product_cat-nativo","21":"product_cat-otono","22":"product_cat-planta-de-acento","23":"product_cat-plantas-para-mariposas-plantas-para-polinizadores","24":"product_cat-pleno-sol","25":"product_cat-primavera","26":"product_cat-roca-2","27":"product_cat-semilla","28":"product_cat-verano","29":"product_tag-blanco","30":"pa_pot-size-1-galon-6","31":"pa_pot-size-15-galones-17","32":"pa_pot-size-3-galones-10","33":"pa_pot-size-7-galones-14","36":"first","37":"instock","38":"taxable","39":"shipping-taxable","40":"purchasable","41":"product-type-variable"},"aioseo_notices":[],"_links":{"self":[{"href":"https:\/\/smartyplantsnursery.com\/es\/wp-json\/wp\/v2\/product\/46756","targetHints":{"allow":["GET"]}}],"collection":[{"href":"https:\/\/smartyplantsnursery.com\/es\/wp-json\/wp\/v2\/product"}],"about":[{"href":"https:\/\/smartyplantsnursery.com\/es\/wp-json\/wp\/v2\/types\/product"}],"replies":[{"embeddable":true,"href":"https:\/\/smartyplantsnursery.com\/es\/wp-json\/wp\/v2\/comments?post=46756"}],"wp:featuredmedia":[{"embeddable":true,"href":"https:\/\/smartyplantsnursery.com\/es\/wp-json\/wp\/v2\/media\/43488"}],"wp:attachment":[{"href":"https:\/\/smartyplantsnursery.com\/es\/wp-json\/wp\/v2\/media?parent=46756"}],"wp:term":[{"taxonomy":"product_brand","embeddable":true,"href":"https:\/\/smartyplantsnursery.com\/es\/wp-json\/wp\/v2\/product_brand?post=46756"},{"taxonomy":"product_cat","embeddable":true,"href":"https:\/\/smartyplantsnursery.com\/es\/wp-json\/wp\/v2\/product_cat?post=46756"},{"taxonomy":"product_tag","embeddable":true,"href":"https:\/\/smartyplantsnursery.com\/es\/wp-json\/wp\/v2\/product_tag?post=46756"}],"curies":[{"name":"wp","href":"https:\/\/api.w.org\/{rel}","templated":true}]}}