{"id":46757,"date":"2023-04-14T01:19:13","date_gmt":"2023-04-14T01:19:13","guid":{"rendered":"https:\/\/smartyplantsnursery.com\/product\/coralbean-frijol-cherokee-erythrina-herbacea\/"},"modified":"2026-04-02T14:44:14","modified_gmt":"2026-04-02T14:44:14","slug":"coralbean-frijol-cherokee-erythrina-herbacea","status":"publish","type":"product","link":"https:\/\/smartyplantsnursery.com\/es\/product\/coralbean-frijol-cherokee-erythrina-herbacea\/","title":{"rendered":"Coralbean, frijol Cherokee &#8211; erythrina herbacea"},"content":{"rendered":"<p><b>Usos generales en el paisaje:<\/b> Arbusto de acento. Plantaciones de amortiguamiento. <\/p>\n<p><b>Notas sobre la restauraci\u00f3n ecol\u00f3gica:<\/b> Se encuentra en todo el sur de Florida, pero es m\u00e1s abundante a lo largo de la costa oeste en matorrales costeros.<\/p>\n<p><b>Descripci\u00f3n:<\/b> Arbusto mediano a \u00e1rbol peque\u00f1o con una copa abierta y redondeada formada por peque\u00f1as ramas irregulares que se extienden, generalmente desde troncos cortos. Corteza casi blanca, rugosa. Ramas armadas con espinas cortas recurvadas. Una especie tropical de hoja caduca; hojas compuestas, delgadas, a menudo espinosas.   <\/p>\n<p><b>Dimensiones:<\/b> Normalmente de 1,8 a 2,4 metros de altura; hasta 9,7 metros en el sur de Florida. Principalmente m\u00e1s alto que ancho. <\/p>\n<p><b>Tasa de crecimiento:<\/b> moderada.<\/p>\n<p><b>Distribuci\u00f3n:<\/b> Sudeste de Estados Unidos al oeste de Texas y al sur de los Cayos del Condado de Monroe; este de M\u00e9xico. Muy raro y disperso en los Cayos del Condado de Monroe y quiz\u00e1s ausente de los Cayos centrales. <\/p>\n<p><b>H\u00e1bitats:<\/b> Matorrales y bordes de bosques.<\/p>\n<p><b>Suelos:<\/b> Suelos arenosos o calizos h\u00famedos y bien drenados, con o sin capa superior h\u00famica.<\/p>\n<p><b>Requisitos nutricionales:<\/b> De moderados a bajos; prefiere suelos con contenido org\u00e1nico, pero a\u00fan crecer\u00e1 razonablemente bien en suelos pobres en nutrientes.<\/p>\n<p><b>Tolerancia al agua salada:<\/b> Baja; no tolera las inundaciones a largo plazo con agua salada o salobre.<\/p>\n<p><b>Tolerancia al viento salado:<\/b> Alta; puede tolerar cantidades moderadas de viento salado sin da\u00f1os significativos.<\/p>\n<p><b>Tolerancia a la sequ\u00eda:<\/b> Alta; no requiere agua suplementaria una vez establecida.<\/p>\n<p><b>Requisitos de luz:<\/b> Pleno sol a sombra ligera.<\/p>\n<p><b>Color de la flor:<\/b> Rojo brillante.<\/p>\n<p><b>Caracter\u00edsticas de la flor:<\/b> Flores tubulares vistosas en espigas de 10-20 cm.<\/p>\n<p><b>Temporada de floraci\u00f3n:<\/b> Todo el a\u00f1o; pico en invierno-primavera.<\/p>\n<p><b>Fruto:<\/b> Vaina marr\u00f3n (legumbre) que se abre para exponer semillas escarlatas brillantes con una raya negra.<\/p>\n<p><b>Vida silvestre y ecolog\u00eda:<\/b> Planta de n\u00e9ctar para colibr\u00edes y mariposas. Hu\u00e9sped larval del barrenador de Erythrina (<i>Terastia meticulosalis<\/i> [Pyralidae]) polilla, cuyas larvas matan las puntas de los tallos. <\/p>\n<p><b>Notas de horticultura:<\/b> Se puede cultivar a partir de semillas.<\/p>\n<p><b>Comentarios:<\/b> El frijol de coral es t\u00edpicamente m\u00e1s grande en estatura en el suroeste de Florida. Una planta atractiva cuando est\u00e1 en flor, puede parecer algo desali\u00f1ada el resto del a\u00f1o, y es mejor intercalarla con otros arbustos. Las hojas y las semillas de colores brillantes son t\u00f3xicas.  <\/p>\n","protected":false},"excerpt":{"rendered":"<p><img fetchpriority=\"high\" decoding=\"async\" class=\"alignnone size-medium wp-image-54744\" src=\"https:\/\/smartyplantsnursery.com\/wp-content\/uploads\/2023\/04\/Screenshot-2026-03-03-at-2.22.47-PM-300x185.webp\" alt=\"\" width=\"300\" height=\"185\"><\/p>\n<div class=\"container\">\n<div class=\"table-container\">\n<table>\n<thead>\n<tr>\n<th>Tama\u00f1o de la maceta<\/th>\n<th>Altura media plantada (desde la tierra hasta la parte superior de la planta)<\/th>\n<\/tr>\n<\/thead>\n<tbody>\n<tr>\n<td>3 galones\/10&#8243;<\/td>\n<td>1 &#8211; 2 pies<\/td>\n<\/tr>\n<\/tbody>\n<\/table>\n<\/div>\n<\/div>\n","protected":false},"featured_media":43672,"comment_status":"open","ping_status":"closed","template":"","meta":[],"product_brand":[],"product_cat":[340,362,304,357,311,346,310,355,324,309,326,341,308,334,358,335,323,468,330,303,333,307],"product_tag":[350],"class_list":{"0":"post-46757","1":"product","2":"type-product","3":"status-publish","4":"has-post-thumbnail","6":"product_cat-alta","7":"product_cat-alta-es-2","8":"product_cat-arbusto","9":"product_cat-baja-es-3","10":"product_cat-baja","11":"product_cat-bajo-mantenimiento","12":"product_cat-bien-drenado","13":"product_cat-invierno","14":"product_cat-llamativo","15":"product_cat-moderada","16":"product_cat-moderada-es-2","17":"product_cat-nativo","18":"product_cat-otono","19":"product_cat-planta-de-acento","20":"product_cat-plantas-para-mariposas-plantas-para-polinizadores","21":"product_cat-pleno-sol","22":"product_cat-primavera","23":"product_cat-roca-2","24":"product_cat-semilla","25":"product_cat-sol-parcial","26":"product_cat-tubular-es","27":"product_cat-verano","28":"product_tag-rojo","29":"pa_pot-size-1-galon-6","30":"pa_pot-size-3-galones-10","31":"pa_pot-size-7-galones-14","34":"first","35":"instock","36":"taxable","37":"shipping-taxable","38":"purchasable","39":"product-type-variable"},"aioseo_notices":[],"_links":{"self":[{"href":"https:\/\/smartyplantsnursery.com\/es\/wp-json\/wp\/v2\/product\/46757","targetHints":{"allow":["GET"]}}],"collection":[{"href":"https:\/\/smartyplantsnursery.com\/es\/wp-json\/wp\/v2\/product"}],"about":[{"href":"https:\/\/smartyplantsnursery.com\/es\/wp-json\/wp\/v2\/types\/product"}],"replies":[{"embeddable":true,"href":"https:\/\/smartyplantsnursery.com\/es\/wp-json\/wp\/v2\/comments?post=46757"}],"wp:featuredmedia":[{"embeddable":true,"href":"https:\/\/smartyplantsnursery.com\/es\/wp-json\/wp\/v2\/media\/43672"}],"wp:attachment":[{"href":"https:\/\/smartyplantsnursery.com\/es\/wp-json\/wp\/v2\/media?parent=46757"}],"wp:term":[{"taxonomy":"product_brand","embeddable":true,"href":"https:\/\/smartyplantsnursery.com\/es\/wp-json\/wp\/v2\/product_brand?post=46757"},{"taxonomy":"product_cat","embeddable":true,"href":"https:\/\/smartyplantsnursery.com\/es\/wp-json\/wp\/v2\/product_cat?post=46757"},{"taxonomy":"product_tag","embeddable":true,"href":"https:\/\/smartyplantsnursery.com\/es\/wp-json\/wp\/v2\/product_tag?post=46757"}],"curies":[{"name":"wp","href":"https:\/\/api.w.org\/{rel}","templated":true}]}}