{"id":46764,"date":"2023-04-14T00:58:50","date_gmt":"2023-04-14T00:58:50","guid":{"rendered":"https:\/\/smartyplantsnursery.com\/product\/beach-creeper-golden-creeper-coughbush-ernodea-littoralis\/"},"modified":"2026-03-07T14:32:46","modified_gmt":"2026-03-07T14:32:46","slug":"beach-creeper-golden-creeper-coughbush-ernodea-littoralis","status":"publish","type":"product","link":"https:\/\/smartyplantsnursery.com\/es\/product\/beach-creeper-golden-creeper-coughbush-ernodea-littoralis\/","title":{"rendered":"Beach-creeper, Golden-creeper, coughbush &#8211; ernodea littoralis"},"content":{"rendered":"<p><b>Usos generales en el paisaje:<\/b> Cobertura del suelo en \u00e1reas secas y abiertas, principalmente a lo largo de la costa. Jardines de flores silvestres y rocosos. <\/p>\n<p><b>Notas sobre restauraci\u00f3n ecol\u00f3gica:<\/b> Un elemento relativamente com\u00fan de las tierras altas costeras a lo largo de ambas costas. Probablemente no est\u00e9 presente en los pinares rocosos en el sur del condado de Miami-Dade, donde se encuentra la E. cokeri en peligro cr\u00edtico, excepto en Long Pine Key en el Parque Nacional Everglades. <\/p>\n<p><b>Descripci\u00f3n:<\/b> Peque\u00f1o arbusto rastrero, le\u00f1oso en la base. Hojas agrupadas hacia los extremos de los tallos, de color verde amarillento brillante y lustroso, de aproximadamente 1-1 1\/2 pulgadas de largo. <\/p>\n<p><b>Dimensiones:<\/b> Alrededor de 1-3 pies de altura. Enraizamiento de los tallos que tocan el suelo y se vuelven mucho m\u00e1s anchos que altos. <\/p>\n<p><b>Tasa de crecimiento:<\/b> moderada.<\/p>\n<p><b>Distribuci\u00f3n:<\/b> Cayos del condado de Monroe al norte a lo largo de las costas hasta los condados de Volusia, Hillsborough y Pinellas; Indias Occidentales, M\u00e9xico y Am\u00e9rica Central. Raro en la costa este al norte del condado de Martin. <\/p>\n<p><b>H\u00e1bitats:<\/b> Matorrales costeros en todo el sur de Florida y pinares rocosos en Long Pine Key en el Parque Nacional Everglades y en los Cayos de Florida.<\/p>\n<p><b>Suelos:<\/b> Suelos arenosos o calizos h\u00famedos a estacionalmente h\u00famedos, bien drenados, sin humus.<\/p>\n<p><b>Requisitos nutricionales:<\/b> Bajos; crece en suelos pobres en nutrientes.<\/p>\n<p><b>Tolerancia al agua salada:<\/b> Baja; no tolera las inundaciones a largo plazo con agua salada o salobre.<\/p>\n<p><b>Tolerancia al viento salino:<\/b> L\u00ednea secundaria; tolera un viento salino significativo sin sufrir da\u00f1os, pero generalmente est\u00e1 algo protegido.<\/p>\n<p><b>Tolerancia a la sequ\u00eda:<\/b> Alta; no requiere agua suplementaria una vez establecida.<\/p>\n<p><b>Requisitos de luz:<\/b> Pleno sol.<\/p>\n<p><b>Color de la flor:<\/b> Blanco ros\u00e1ceo o blanco.<\/p>\n<p><b>Caracter\u00edsticas de la flor:<\/b> Semillamativa, de aproximadamente 1\/2&#8243; de largo.<\/p>\n<p><b>Temporada de floraci\u00f3n:<\/b> Todo el a\u00f1o.<\/p>\n<p><b>Fruto:<\/b> Baya redonda de color amarillo dorado que contiene una sola semilla, en densos racimos. Todo el a\u00f1o; pico en invierno-primavera. <\/p>\n<p><b>Vida silvestre y ecolog\u00eda:<\/b> Proporciona alimento para las aves.<\/p>\n<p><b>Notas de horticultura:<\/b> Se cultiva principalmente a partir de esquejes bajo nebulizaci\u00f3n.<\/p>\n<p><b>Comentarios:<\/b> Una excelente cobertura del suelo en sitios abiertos y secos a lo largo de la costa.<\/p>\n","protected":false},"excerpt":{"rendered":"<p><img fetchpriority=\"high\" decoding=\"async\" class=\"alignnone size-medium wp-image-54744\" src=\"https:\/\/smartyplantsnursery.com\/wp-content\/uploads\/2023\/04\/Screenshot-2026-03-03-at-2.22.47-PM-300x185.png\" alt=\"\" width=\"300\" height=\"185\"><\/p>\n<div class=\"container\">\n<div class=\"table-container\">\n<table>\n<thead>\n<tr>\n<th>Tama\u00f1o de la maceta<\/th>\n<th>Altura media plantada (desde la tierra hasta la parte superior de la planta)<\/th>\n<\/tr>\n<\/thead>\n<tbody>\n<tr>\n<td>1 gal\u00f3n\/6&#8243;<\/td>\n<td>0 &#8211; 15 cm<\/td>\n<\/tr>\n<tr>\n<td>3 galones\/10&#8243;<\/td>\n<td>15 cm &#8211; 30 cm<\/td>\n<\/tr>\n<\/tbody>\n<\/table>\n<\/div>\n<\/div>\n","protected":false},"featured_media":43450,"comment_status":"open","ping_status":"closed","template":"","meta":[],"product_brand":[59,60],"product_cat":[340,359,357,311,346,310,321,315,393,355,324,361,326,341,308,335,323,468,307],"product_tag":[318,352],"class_list":{"0":"post-46764","1":"product","2":"type-product","3":"status-publish","4":"has-post-thumbnail","6":"product_brand-fann","7":"product_brand-fnps","8":"product_cat-alta","9":"product_cat-arena","10":"product_cat-baja-es-3","11":"product_cat-baja","12":"product_cat-bajo-mantenimiento","13":"product_cat-bien-drenado","14":"product_cat-cobertura-del-suelo","15":"product_cat-esquejes","16":"product_cat-flor-silvestre","17":"product_cat-invierno","18":"product_cat-llamativo","19":"product_cat-moderada-es-4","20":"product_cat-moderada-es-2","21":"product_cat-nativo","22":"product_cat-otono","23":"product_cat-pleno-sol","24":"product_cat-primavera","25":"product_cat-roca-2","26":"product_cat-verano","27":"product_tag-blanco","28":"product_tag-rosa","29":"pa_pot-size-1-galon-6","30":"pa_pot-size-3-galones-10","31":"pa_pot-size-7-galones-14","34":"first","35":"instock","36":"featured","37":"taxable","38":"shipping-taxable","39":"purchasable","40":"product-type-variable"},"aioseo_notices":[],"_links":{"self":[{"href":"https:\/\/smartyplantsnursery.com\/es\/wp-json\/wp\/v2\/product\/46764","targetHints":{"allow":["GET"]}}],"collection":[{"href":"https:\/\/smartyplantsnursery.com\/es\/wp-json\/wp\/v2\/product"}],"about":[{"href":"https:\/\/smartyplantsnursery.com\/es\/wp-json\/wp\/v2\/types\/product"}],"replies":[{"embeddable":true,"href":"https:\/\/smartyplantsnursery.com\/es\/wp-json\/wp\/v2\/comments?post=46764"}],"wp:featuredmedia":[{"embeddable":true,"href":"https:\/\/smartyplantsnursery.com\/es\/wp-json\/wp\/v2\/media\/43450"}],"wp:attachment":[{"href":"https:\/\/smartyplantsnursery.com\/es\/wp-json\/wp\/v2\/media?parent=46764"}],"wp:term":[{"taxonomy":"product_brand","embeddable":true,"href":"https:\/\/smartyplantsnursery.com\/es\/wp-json\/wp\/v2\/product_brand?post=46764"},{"taxonomy":"product_cat","embeddable":true,"href":"https:\/\/smartyplantsnursery.com\/es\/wp-json\/wp\/v2\/product_cat?post=46764"},{"taxonomy":"product_tag","embeddable":true,"href":"https:\/\/smartyplantsnursery.com\/es\/wp-json\/wp\/v2\/product_tag?post=46764"}],"curies":[{"name":"wp","href":"https:\/\/api.w.org\/{rel}","templated":true}]}}