{"id":46765,"date":"2023-04-14T01:15:21","date_gmt":"2023-04-14T01:15:21","guid":{"rendered":"https:\/\/smartyplantsnursery.com\/product\/icaco-horizontal-chrysobalanus-icaco-horizontal\/"},"modified":"2025-12-30T16:52:30","modified_gmt":"2025-12-30T16:52:30","slug":"icaco-horizontal-chrysobalanus-icaco-horizontal","status":"publish","type":"product","link":"https:\/\/smartyplantsnursery.com\/es\/product\/icaco-horizontal-chrysobalanus-icaco-horizontal\/","title":{"rendered":"Icaco horizontal &#8211; chrysobalanus icaco \u201chorizontal\u201d"},"content":{"rendered":"<p><b>Usos generales en el paisajismo:<\/b> Uno de los arbustos o \u00e1rboles arbustivos nativos m\u00e1s utilizados y vers\u00e1tiles del sur de Florida. Se puede utilizar como acento o ejemplar en jardines formales o informales, como setos recortados o informales, y como componente de plantaciones mixtas de amortiguaci\u00f3n. <\/p>\n<p><b>Notas sobre la restauraci\u00f3n ecol\u00f3gica:<\/b> Un elemento com\u00fan es una amplia variedad de ecosistemas de humedales. Tambi\u00e9n se encuentra ocasionalmente en hamacas mar\u00edtimas y la forma horizontal en playas y en zonas costeras. <\/p>\n<p><b>Descripci\u00f3n:<\/b> Arbusto grande a \u00e1rbol mediano, generalmente con un follaje denso que forma una copa redondeada. Troncos de hasta 1 pie de di\u00e1metro, generalmente mucho m\u00e1s peque\u00f1os. Hojas gruesas, brillantes, de color verde oscuro en la parte superior, m\u00e1s claras en la parte inferior, de 1 a 3 pulgadas de largo.  <\/p>\n<p><b>Dimensiones:<\/b> Por lo general, de 10 a 15 pies de altura, rara vez m\u00e1s alto; a menudo se mantiene m\u00e1s corto como un seto recortado. Por lo general, m\u00e1s ancho que alto. <\/p>\n<p><b>Tasa de crecimiento:<\/b> moderada.<\/p>\n<p><b>Distribuci\u00f3n:<\/b> Desde los Cayos del Condado de Monroe al norte hasta los condados de Brevard, Glades y Sarasota; Indias Occidentales, M\u00e9xico, Am\u00e9rica Central, norte de Sudam\u00e9rica y \u00c1frica occidental. En la pen\u00ednsula, casi en todo el territorio desde los condados de Miami-Dade y Monroe al norte hasta el condado de Martin y el condado de Lee al sur del r\u00edo Caloosahatchee, luego raro y restringido principalmente a lo largo de la costa al norte de los condados de Brevard y Manatee; tambi\u00e9n recolectado recientemente en el condado de Pasco en Anclote Key. En los Cayos del Condado de Monroe, aparentemente separado del Condado de Miami-Dade y Cayo Largo a Big Pine Key e islas cercanas.  <\/p>\n<p><b>H\u00e1bitats:<\/b> Pantanos, bosques h\u00famedos y playas y matorrales costeros.<\/p>\n<p><b>Suelos:<\/b> Desde suelos arenosos, calizos u org\u00e1nicos de agua dulce estacionalmente inundados a h\u00famedos, bien drenados a mal drenados, con una capa superior humosa.<\/p>\n<p><b>Requisitos nutricionales:<\/b> De moderados a altos; crece mejor con cierto contenido org\u00e1nico y puede languidecer en suelos pobres en nutrientes.<\/p>\n<p><b>Tolerancia al agua salada:<\/b> Baja; no tolera las inundaciones a largo plazo con agua salada o salobre.<\/p>\n<p><b>Tolerancia al viento salado:<\/b> De moderada a l\u00ednea secundaria, dependiendo del cultivar.<\/p>\n<p><b>Tolerancia a la sequ\u00eda:<\/b> Moderada a baja; requiere suelos h\u00famedos a mojados, pero tolera cortos per\u00edodos de sequ\u00eda una vez establecido.<\/p>\n<p><b>Requisitos de luz:<\/b> Pleno sol.<\/p>\n<p><b>Color de la flor:<\/b> Blanco.<\/p>\n<p><b>Caracter\u00edsticas de la flor:<\/b> Semillamativas en racimos de 1-2&#8243; de largo.<\/p>\n<p><b>Temporada de floraci\u00f3n:<\/b> Todo el a\u00f1o; pico en invierno-primavera.<\/p>\n<p><b>Fruto:<\/b> Drupas de color p\u00farpura o rosa a blanco, con forma de huevo. Comestible, jugoso y dulce, el fruto y la semilla se pueden comer juntos, escupiendo la c\u00e1scara. <\/p>\n<p><b>Vida silvestre y ecolog\u00eda:<\/b> Proporciona alimento y cobertura importantes para la vida silvestre. Las flores atraen a mariposas, abejas, escarabajos y avispas polinizadoras. Las ardillas comen la fruta. Si bien las frutas son demasiado grandes para la mayor\u00eda de las aves, los cardenales, los grajos, los arrendajos y los p\u00e1jaros carpinteros de vientre rojo los comen a bocados. Albergan una amplia variedad de insectos que, a su vez, proporcionan alimento para las aves insect\u00edvoras.    <\/p>\n<p><b>Notas de horticultura:<\/b> Se puede cultivar a partir de semillas despulpadas. La germinaci\u00f3n puede tardar varios meses. M\u00e1s com\u00fanmente cultivado a partir de esquejes de madera dura bajo niebla, lo cual es \u00fatil si se desea la misma forma de planta.  <\/p>\n<p><b>Comentarios:<\/b> Hay varias formas de esta especie en el sur de Florida, algunas de las cuales se han descrito anteriormente como especies separadas. Los cultivares comunes que se venden en el sur de Florida son \u201cRed Tip\u201d y \u201cGreen Tip\u201d con un nuevo crecimiento rojizo y verdoso respectivamente y \u201cHorizontal,\u201d una forma de bajo crecimiento de las zonas costeras. Este es un arbusto muy adaptable con una amplia variedad de usos paisaj\u00edsticos. Sin embargo, elegir ecotipos o formas adaptadas al entorno local mejorar\u00e1 el \u00e9xito. La fruta se puede utilizar para hacer jaleas y conservas.    <\/p>\n","protected":false},"excerpt":{"rendered":"<p><img decoding=\"async\" class=\"alignnone size-medium wp-image-31863\" src=\"https:\/\/smartyplantsnursery.com\/wp-content\/uploads\/2023\/04\/Screen-Shot-2023-04-22-at-11.28.02-PM-300x134.png\" alt=\"\" width=\"300\" height=\"134\"><\/p>\n<div class=\"container\">\n<div class=\"table-container\">\n<table>\n<thead>\n<tr>\n<th>Tama\u00f1o de la maceta<\/th>\n<th>Altura media plantada (desde la tierra hasta la parte superior de la planta)<\/th>\n<\/tr>\n<\/thead>\n<tbody>\n<tr>\n<td>3 galones\/10&#8243;<\/td>\n<td>1 &#8211; 2 pies<\/td>\n<\/tr>\n<tr>\n<td>7 galones\/14&#8243;<\/td>\n<td>2 &#8211; 2,5 pies<\/td>\n<\/tr>\n<tr>\n<td>15 galones\/17&#8243;<\/td>\n<td>2,5 &#8211; 3 pies<\/td>\n<\/tr>\n<tr>\n<td>25 galones\/21&#8243;<\/td>\n<td>3 &#8211; 4 pies<\/td>\n<\/tr>\n<\/tbody>\n<\/table>\n<\/div>\n<\/div>\n","protected":false},"featured_media":44097,"comment_status":"open","ping_status":"closed","template":"","meta":[],"product_brand":[59,60],"product_cat":[348,304,359,329,311,346,310,355,324,354,326,313,309,361,341,308,334,314,358,335,323,330,332,307],"product_tag":[318],"class_list":{"0":"post-46765","1":"product","2":"type-product","3":"status-publish","4":"has-post-thumbnail","6":"product_brand-fann","7":"product_brand-fnps","8":"product_cat-alta-es","9":"product_cat-arbusto","10":"product_cat-arena","11":"product_cat-baja-es-2","12":"product_cat-baja","13":"product_cat-bajo-mantenimiento","14":"product_cat-bien-drenado","15":"product_cat-invierno","16":"product_cat-llamativo","17":"product_cat-mal-drenado","18":"product_cat-moderada-es-2","19":"product_cat-moderada-es","20":"product_cat-moderada","21":"product_cat-moderada-es-4","22":"product_cat-nativo","23":"product_cat-otono","24":"product_cat-planta-de-acento","25":"product_cat-planta-de-especimen","26":"product_cat-plantas-para-mariposas-plantas-para-polinizadores","27":"product_cat-pleno-sol","28":"product_cat-primavera","29":"product_cat-semilla","30":"product_cat-seto","31":"product_cat-verano","32":"product_tag-blanco","33":"pa_pot-size-15-galones-17","34":"pa_pot-size-25-galones-21","35":"pa_pot-size-3-galones-10","36":"pa_pot-size-7-galones-14","39":"first","40":"instock","41":"taxable","42":"shipping-taxable","43":"purchasable","44":"product-type-variable"},"aioseo_notices":[],"_links":{"self":[{"href":"https:\/\/smartyplantsnursery.com\/es\/wp-json\/wp\/v2\/product\/46765","targetHints":{"allow":["GET"]}}],"collection":[{"href":"https:\/\/smartyplantsnursery.com\/es\/wp-json\/wp\/v2\/product"}],"about":[{"href":"https:\/\/smartyplantsnursery.com\/es\/wp-json\/wp\/v2\/types\/product"}],"replies":[{"embeddable":true,"href":"https:\/\/smartyplantsnursery.com\/es\/wp-json\/wp\/v2\/comments?post=46765"}],"wp:featuredmedia":[{"embeddable":true,"href":"https:\/\/smartyplantsnursery.com\/es\/wp-json\/wp\/v2\/media\/44097"}],"wp:attachment":[{"href":"https:\/\/smartyplantsnursery.com\/es\/wp-json\/wp\/v2\/media?parent=46765"}],"wp:term":[{"taxonomy":"product_brand","embeddable":true,"href":"https:\/\/smartyplantsnursery.com\/es\/wp-json\/wp\/v2\/product_brand?post=46765"},{"taxonomy":"product_cat","embeddable":true,"href":"https:\/\/smartyplantsnursery.com\/es\/wp-json\/wp\/v2\/product_cat?post=46765"},{"taxonomy":"product_tag","embeddable":true,"href":"https:\/\/smartyplantsnursery.com\/es\/wp-json\/wp\/v2\/product_tag?post=46765"}],"curies":[{"name":"wp","href":"https:\/\/api.w.org\/{rel}","templated":true}]}}