{"id":46772,"date":"2023-04-14T00:56:04","date_gmt":"2023-04-14T00:56:04","guid":{"rendered":"https:\/\/smartyplantsnursery.com\/product\/baycedar-suriana-maritima\/"},"modified":"2026-03-06T16:15:57","modified_gmt":"2026-03-06T16:15:57","slug":"baycedar-suriana-maritima","status":"publish","type":"product","link":"https:\/\/smartyplantsnursery.com\/es\/product\/baycedar-suriana-maritima\/","title":{"rendered":"Baycedar &#8211; suriana maritima"},"content":{"rendered":"<p><b>Usos generales en el paisajismo:<\/b> Arbusto de acento o esp\u00e9cimen a lo largo de la costa.<\/p>\n<p><b>Descripci\u00f3n:<\/b> Arbusto mediano a grande o, raramente, un \u00e1rbol peque\u00f1o con copa c\u00f3nica. Troncos cortos, con muchas ramas delgadas erectas o ascendentes. Corteza de color marr\u00f3n a gris oscuro, \u00e1spera, que se desprende para mostrar la corteza interior de color amarillo claro. Hojas de textura fina, gruesas, carnosas, vellosas en ambos lados, de aproximadamente 1-1 1\/2 pulgadas de largo.   <\/p>\n<p><b>Dimensiones:<\/b> Normalmente de 6 a 10 pies de altura. Aproximadamente tan ancho como alto o m\u00e1s ancho. <\/p>\n<p><b>Tasa de crecimiento:<\/b> moderada.<\/p>\n<p><b>Distribuci\u00f3n:<\/b> Desde los Cayos del Condado de Monroe hacia el norte a lo largo de las costas hasta los condados de Brevard, Hillsborough y Pinellas; Indias Occidentales, M\u00e9xico, Am\u00e9rica Central, Am\u00e9rica del Sur y los tr\u00f3picos del Viejo Mundo.<\/p>\n<p><b>H\u00e1bitats:<\/b> Matorrales costeros.<\/p>\n<p><b>Suelos:<\/b> Suelos arenosos o calizos h\u00famedos y bien drenados, generalmente sin capa superior h\u00famica, pero con hojarasca persistente.<\/p>\n<p><b>Requisitos nutricionales:<\/b> Bajos; crece en suelos pobres en nutrientes.<\/p>\n<p><b>Tolerancia al agua salada:<\/b> Moderada; tolera agua salobre o inundaciones ocasionales por agua salada.<\/p>\n<p><b>Tolerancia al viento salino:<\/b> Primera l\u00ednea; crece con viento salino directo, pero lejos de la pulverizaci\u00f3n constante de sal.<\/p>\n<p><b>Tolerancia a la sequ\u00eda:<\/b> Alta; no requiere agua suplementaria una vez establecida.<\/p>\n<p><b>Requisitos de luz:<\/b> Pleno sol.<\/p>\n<p><b>Color de la flor:<\/b> amarillo.<\/p>\n<p><b>Caracter\u00edsticas de la flor:<\/b> Semillamativa, de aproximadamente 1\/4&#8243; de ancho.<\/p>\n<p><b>Temporada de floraci\u00f3n:<\/b> Todo el a\u00f1o.<\/p>\n<p><b>Fruto:<\/b> C\u00e1rcel seco rojizo discreto. Todo el a\u00f1o. <\/p>\n<p><b>Fauna y ecolog\u00eda:<\/b> <strong>Planta hu\u00e9sped larvaria<\/strong> para mallow scrub-hairstreak (<i>Strymon istapa<\/i>) y martial scrub-hairstreak (<i>Strymon martialis<\/i>). <strong>Planta de n\u00e9ctar<\/strong> para great southern white (<i>Ascia monuste<\/i>), julia (<i>Dryas iulia<\/i>), martial scrub-hairsteak, Miami blue (<i>Cyclargus thomasi bethunebakeri<\/i>), obscure skipper (<i>Panoquina panoquinoides<\/i>) y otras mariposas.<\/p>\n<p><b>Notas de horticultura:<\/b> Se puede cultivar a partir de semillas.<\/p>\n<p>&nbsp;<\/p>\n","protected":false},"excerpt":{"rendered":"<p><img fetchpriority=\"high\" decoding=\"async\" class=\"alignnone size-medium wp-image-54744\" src=\"https:\/\/smartyplantsnursery.com\/wp-content\/uploads\/2023\/04\/Screenshot-2026-03-03-at-2.22.47-PM-300x185.png\" alt=\"\" width=\"300\" height=\"185\"><\/p>\n<div class=\"container\">\n<div class=\"table-container\">\n<table>\n<thead>\n<tr>\n<th>Tama\u00f1o de la maceta<\/th>\n<th>Altura media plantada (desde la tierra hasta la parte superior de la planta)<\/th>\n<\/tr>\n<\/thead>\n<tbody>\n<tr>\n<td>3 galones\/10&#8243;<\/td>\n<td>1 &#8211; 2 pies<\/td>\n<\/tr>\n<tr>\n<td>7 galones\/14&#8243;<\/td>\n<td>0,6 &#8211; 0,9 m<\/td>\n<\/tr>\n<tr>\n<td>15 galones\/17&#8243;<\/td>\n<td>0,9 &#8211; 1,2 m<\/td>\n<\/tr>\n<tr>\n<td>25 galones\/21&#8243;<\/td>\n<td>4 &#8211; 6 pies<\/td>\n<\/tr>\n<\/tbody>\n<\/table>\n<\/div>\n<\/div>\n","protected":false},"featured_media":43445,"comment_status":"open","ping_status":"closed","template":"","meta":[],"product_brand":[59,60],"product_cat":[340,304,359,346,310,355,324,361,326,360,341,308,334,314,358,335,323,468,330,307],"product_tag":[319],"class_list":{"0":"post-46772","1":"product","2":"type-product","3":"status-publish","4":"has-post-thumbnail","6":"product_brand-fann","7":"product_brand-fnps","8":"product_cat-alta","9":"product_cat-arbusto","10":"product_cat-arena","11":"product_cat-bajo-mantenimiento","12":"product_cat-bien-drenado","13":"product_cat-invierno","14":"product_cat-llamativo","15":"product_cat-moderada-es-4","16":"product_cat-moderada-es-2","17":"product_cat-moderada-es-3","18":"product_cat-nativo","19":"product_cat-otono","20":"product_cat-planta-de-acento","21":"product_cat-planta-de-especimen","22":"product_cat-plantas-para-mariposas-plantas-para-polinizadores","23":"product_cat-pleno-sol","24":"product_cat-primavera","25":"product_cat-roca-2","26":"product_cat-semilla","27":"product_cat-verano","28":"product_tag-amarillo","29":"pa_pot-size-1-galon-6","30":"pa_pot-size-15-galones-17","31":"pa_pot-size-25-galones-21","32":"pa_pot-size-3-galones-10","33":"pa_pot-size-7-galones-14","36":"first","37":"instock","38":"taxable","39":"shipping-taxable","40":"purchasable","41":"product-type-variable"},"aioseo_notices":[],"_links":{"self":[{"href":"https:\/\/smartyplantsnursery.com\/es\/wp-json\/wp\/v2\/product\/46772","targetHints":{"allow":["GET"]}}],"collection":[{"href":"https:\/\/smartyplantsnursery.com\/es\/wp-json\/wp\/v2\/product"}],"about":[{"href":"https:\/\/smartyplantsnursery.com\/es\/wp-json\/wp\/v2\/types\/product"}],"replies":[{"embeddable":true,"href":"https:\/\/smartyplantsnursery.com\/es\/wp-json\/wp\/v2\/comments?post=46772"}],"wp:featuredmedia":[{"embeddable":true,"href":"https:\/\/smartyplantsnursery.com\/es\/wp-json\/wp\/v2\/media\/43445"}],"wp:attachment":[{"href":"https:\/\/smartyplantsnursery.com\/es\/wp-json\/wp\/v2\/media?parent=46772"}],"wp:term":[{"taxonomy":"product_brand","embeddable":true,"href":"https:\/\/smartyplantsnursery.com\/es\/wp-json\/wp\/v2\/product_brand?post=46772"},{"taxonomy":"product_cat","embeddable":true,"href":"https:\/\/smartyplantsnursery.com\/es\/wp-json\/wp\/v2\/product_cat?post=46772"},{"taxonomy":"product_tag","embeddable":true,"href":"https:\/\/smartyplantsnursery.com\/es\/wp-json\/wp\/v2\/product_tag?post=46772"}],"curies":[{"name":"wp","href":"https:\/\/api.w.org\/{rel}","templated":true}]}}