{"id":46790,"date":"2023-04-14T00:53:49","date_gmt":"2023-04-14T00:53:49","guid":{"rendered":"https:\/\/smartyplantsnursery.com\/product\/cafe-silvestre-de-bahamas-psychotria-ligustrifolia\/"},"modified":"2026-03-05T16:47:06","modified_gmt":"2026-03-05T16:47:06","slug":"cafe-silvestre-de-bahamas-psychotria-ligustrifolia","status":"publish","type":"product","link":"https:\/\/smartyplantsnursery.com\/es\/product\/cafe-silvestre-de-bahamas-psychotria-ligustrifolia\/","title":{"rendered":"Caf\u00e9 silvestre de Bahamas &#8211; psychotria ligustrifolia"},"content":{"rendered":"<p><b>Usos generales en el paisaje:<\/b> Arbusto de acento. Setos informales. Plantaciones de protecci\u00f3n.  <\/p>\n<p><b>Descripci\u00f3n:<\/b> Arbusto mediano con hojas de color verde oscuro.<\/p>\n<p><b>Dimensiones:<\/b> Alrededor de 3-4 pies de altura. Aproximadamente tan ancho como alto. <\/p>\n<p><b>Tasa de crecimiento:<\/b> De moderada a lenta.<\/p>\n<p><b>Distribuci\u00f3n:<\/b> Cayos del Condado de Monroe y Condado de Miami-Dade; Bermudas, Bahamas y Antillas Mayores. En el sur de Florida, nativo solo del norte de Cayo Largo en los Cayos del Condado de Monroe, y el Condado de Miami-Dade en las cercan\u00edas de Matheson Hammock Park y Richmond Pine Rocklands. <\/p>\n<p><b>H\u00e1bitats:<\/b> Hamacas de roca.<\/p>\n<p><b>Suelos:<\/b> Suelos calizos h\u00famedos y bien drenados, con una capa superior humosa.<\/p>\n<p><b>Requisitos nutricionales:<\/b> Moderado; puede crecer en suelos pobres en nutrientes, pero necesita algo de contenido org\u00e1nico para prosperar.<\/p>\n<p><b>Tolerancia al agua salada:<\/b> Baja; no tolera las inundaciones a largo plazo con agua salada o salobre.<\/p>\n<p><b>Tolerancia al viento salino:<\/b> Moderada; crece cerca del agua salada, pero est\u00e1 protegido de la pulverizaci\u00f3n directa de sal por otra vegetaci\u00f3n.<\/p>\n<p><b>Tolerancia a la sequ\u00eda:<\/b> Moderada; generalmente requiere suelos h\u00famedos, pero es tolerante a cortos per\u00edodos de sequ\u00eda una vez establecido.<\/p>\n<p><b>Requisitos de luz:<\/b> Sombra ligera a sombra moderada.<\/p>\n<p><b>Color de la flor:<\/b> Blanco.<\/p>\n<p><b>Caracter\u00edsticas de la flor:<\/b> Semillamativa.<\/p>\n<p><b>Temporada de floraci\u00f3n:<\/b> Todo el a\u00f1o; pico en primavera-verano.<\/p>\n<p><b>Fruto:<\/b> Drupa roja.<\/p>\n<p><b>Vida silvestre y ecolog\u00eda:<\/b> Proporciona alimento y refugio para la vida silvestre. Las aves y otros animales comen los frutos. <\/p>\n<p><b>Notas de horticultura:<\/b> Se puede cultivar a partir de semillas despulpadas. Coloque las semillas encima de la tierra y espolvoree tierra sobre las semillas hasta cubrirlas. Coloque el recipiente en sombra clara. <\/p>\n<p><b>Comentarios:<\/b> Est\u00e1 catalogada como especie en peligro de extinci\u00f3n por el estado de Florida.<\/p>\n","protected":false},"excerpt":{"rendered":"<p><img fetchpriority=\"high\" decoding=\"async\" class=\"alignnone size-medium wp-image-54744\" src=\"https:\/\/smartyplantsnursery.com\/wp-content\/uploads\/2023\/04\/Screenshot-2026-03-03-at-2.22.47-PM-300x185.png\" alt=\"\" width=\"300\" height=\"185\"><\/p>\n<div class=\"container\">\n<div class=\"table-container\">\n<table>\n<thead>\n<tr>\n<th>Tama\u00f1o de la maceta<\/th>\n<th>Altura media plantada (desde la tierra hasta la parte superior de la planta)<\/th>\n<\/tr>\n<\/thead>\n<tbody>\n<tr>\n<td>3 galones\/10&#8243;<\/td>\n<td>1 &#8211; 2 pies<\/td>\n<\/tr>\n<tr>\n<td>7 galones\/14&#8243;<\/td>\n<td>2 &#8211; 4 pies<\/td>\n<\/tr>\n<\/tbody>\n<\/table>\n<\/div>\n<\/div>\n","protected":false},"featured_media":50577,"comment_status":"open","ping_status":"closed","template":"","meta":[],"product_brand":[59,60],"product_cat":[304,311,346,310,355,306,324,326,313,309,361,341,308,334,323,468,330,332,303,349,307],"product_tag":[318],"class_list":{"0":"post-46790","1":"product","2":"type-product","3":"status-publish","4":"has-post-thumbnail","6":"product_brand-fann","7":"product_brand-fnps","8":"product_cat-arbusto","9":"product_cat-baja","10":"product_cat-bajo-mantenimiento","11":"product_cat-bien-drenado","12":"product_cat-invierno","13":"product_cat-lenta","14":"product_cat-llamativo","15":"product_cat-moderada-es-2","16":"product_cat-moderada-es","17":"product_cat-moderada","18":"product_cat-moderada-es-4","19":"product_cat-nativo","20":"product_cat-otono","21":"product_cat-planta-de-acento","22":"product_cat-primavera","23":"product_cat-roca-2","24":"product_cat-semilla","25":"product_cat-seto","26":"product_cat-sol-parcial","27":"product_cat-sombra","28":"product_cat-verano","29":"product_tag-blanco","30":"pa_pot-size-1-galon-6","31":"pa_pot-size-3-galones-10","32":"pa_pot-size-7-galones-14","35":"first","36":"instock","37":"taxable","38":"shipping-taxable","39":"purchasable","40":"product-type-variable"},"aioseo_notices":[],"_links":{"self":[{"href":"https:\/\/smartyplantsnursery.com\/es\/wp-json\/wp\/v2\/product\/46790","targetHints":{"allow":["GET"]}}],"collection":[{"href":"https:\/\/smartyplantsnursery.com\/es\/wp-json\/wp\/v2\/product"}],"about":[{"href":"https:\/\/smartyplantsnursery.com\/es\/wp-json\/wp\/v2\/types\/product"}],"replies":[{"embeddable":true,"href":"https:\/\/smartyplantsnursery.com\/es\/wp-json\/wp\/v2\/comments?post=46790"}],"wp:featuredmedia":[{"embeddable":true,"href":"https:\/\/smartyplantsnursery.com\/es\/wp-json\/wp\/v2\/media\/50577"}],"wp:attachment":[{"href":"https:\/\/smartyplantsnursery.com\/es\/wp-json\/wp\/v2\/media?parent=46790"}],"wp:term":[{"taxonomy":"product_brand","embeddable":true,"href":"https:\/\/smartyplantsnursery.com\/es\/wp-json\/wp\/v2\/product_brand?post=46790"},{"taxonomy":"product_cat","embeddable":true,"href":"https:\/\/smartyplantsnursery.com\/es\/wp-json\/wp\/v2\/product_cat?post=46790"},{"taxonomy":"product_tag","embeddable":true,"href":"https:\/\/smartyplantsnursery.com\/es\/wp-json\/wp\/v2\/product_tag?post=46790"}],"curies":[{"name":"wp","href":"https:\/\/api.w.org\/{rel}","templated":true}]}}