{"id":46800,"date":"2023-04-13T23:51:24","date_gmt":"2023-04-13T23:51:24","guid":{"rendered":"https:\/\/smartyplantsnursery.com\/product\/tamarindo-silvestre-falso-tamarindo-lysiloma-latisiliquum\/"},"modified":"2026-03-07T14:50:26","modified_gmt":"2026-03-07T14:50:26","slug":"tamarindo-silvestre-falso-tamarindo-lysiloma-latisiliquum","status":"publish","type":"product","link":"https:\/\/smartyplantsnursery.com\/es\/product\/tamarindo-silvestre-falso-tamarindo-lysiloma-latisiliquum\/","title":{"rendered":"Tamarindo silvestre, falso tamarindo &#8211; lysiloma latisiliquum"},"content":{"rendered":"<p><b>Usos generales en el paisajismo:<\/b> Un excelente \u00e1rbol de sombra en el extremo sur de Florida del Sur.<\/p>\n<p><b>Notas sobre la restauraci\u00f3n ecol\u00f3gica:<\/b> Un \u00e1rbol com\u00fan del dosel en las hamacas rocosas en los condados de Monroe y Miami-Dade, pero con algunas restricciones de rango en el norte de Miami-Dade, donde los suelos se vuelven m\u00e1s arenosos; tambi\u00e9n disperso hacia el norte y el oeste. Un \u00e1rbol pionero, invade f\u00e1cilmente los pinares rocosos en ausencia de fuego, aunque a diferencia de muchas otras maderas duras, generalmente muere cuando el fuego regresa al sistema. <\/p>\n<p><b>Descripci\u00f3n:<\/b> \u00c1rbol de porte erecto a extendido de tama\u00f1o mediano a grande con una copa ancha y plana compuesta por muchas ramas robustas y extendidas. Troncos grandes, de hasta 3 pies de di\u00e1metro. Corteza generalmente gris, que se separa en escamas grandes en forma de placa en los \u00e1rboles m\u00e1s viejos. Hojas tropicales semi-caducifolias, compuestas, de textura fina, plumosas, de color verde claro en la parte superior.   <\/p>\n<p><b>Dimensiones:<\/b> T\u00edpicamente de 30 a 50 pies de altura; hasta 79 pies en el sur de Florida. Puede ser tan ancho como alto, especialmente cuando crece a pleno sol. <\/p>\n<p><b>Tasa de crecimiento:<\/b> r\u00e1pida.<\/p>\n<p><b>Distribuci\u00f3n:<\/b> Condados de Monroe, Miami-Dade y Collier; Indias Occidentales, M\u00e9xico y Am\u00e9rica Central. En los Cayos del Condado de Monroe, muy raro y disperso al sur de Windley Key y ausente en la mayor\u00eda de los Cayos medios e inferiores. En el condado de Miami-Dade, limitado a un \u00e1rea desde Long Pine Key en el Parque Nacional Everglades al noreste a lo largo de Miami Rock Ridge hasta aproximadamente Cutler Ridge, luego disjunto en Brickell Hammock al sur del r\u00edo Miami.  <\/p>\n<p><b>H\u00e1bitats:<\/b> Hamacas de roca.<\/p>\n<p><b>Suelos:<\/b> Suelos de piedra caliza h\u00famedos y bien drenados, con o sin capa superior de humus.<\/p>\n<p><b>Requisitos nutricionales:<\/b> De bajos a moderados; puede crecer en suelos pobres en nutrientes o en suelos con cierto contenido org\u00e1nico.<\/p>\n<p><b>Tolerancia al agua salada:<\/b> Baja; no tolera las inundaciones a largo plazo con agua salada o salobre.<\/p>\n<p><b>Tolerancia al viento salado:<\/b> Baja; el viento salado puede quemar las hojas.<\/p>\n<p><b>Tolerancia a la sequ\u00eda:<\/b> Alta; no requiere agua suplementaria una vez establecida.<\/p>\n<p><b>Requisitos de luz:<\/b> Pleno sol.<\/p>\n<p><b>Color de la flor:<\/b> Blanco verdoso.<\/p>\n<p><b>Caracter\u00edsticas de la flor:<\/b> Flores semi-vistosas en forma de borla. Fragantes. <\/p>\n<p><b>Temporada de floraci\u00f3n:<\/b> Primavera-oto\u00f1o.<\/p>\n<p><b>Fruto:<\/b> Vaina negra extremadamente plana (leguminosa).<\/p>\n<p><b>Vida silvestre y ecolog\u00eda:<\/b> Proporciona algo de alimento y una cobertura significativa para la vida silvestre. H\u00e1bitat principal para los caracoles arb\u00f3reos nativos (<i>Liguus fasciatus<\/i>). <b>Planta hu\u00e9sped larval<\/b> para el azul de Cassius (<i>Leptotes cassius<\/i>), el azufre naranja grande (<i>Phoebis agarithe<\/i>) y la mimosa amarilla (<i>Eurema nise<\/i>). <b>Planta de n\u00e9ctar<\/b> para el azul de Cassius, el saltador de mangle (<i>Phocides pigmalion<\/i>) y otras mariposas y polillas. <\/p>\n<p><b>Notas de horticultura:<\/b> Se puede cultivar a partir de semillas. Retire las semillas de la vaina. Siembre encima de la tierra y espolvoree tierra sobre las semillas para cubrirlas. Coloque el recipiente al sol o en sombra clara. Germina en pocas semanas.    <\/p>\n<p><b>Comentarios:<\/b><\/p>\n","protected":false},"excerpt":{"rendered":"<p><img decoding=\"async\" class=\"alignnone size-medium wp-image-31863\" src=\"https:\/\/smartyplantsnursery.com\/wp-content\/uploads\/2023\/04\/Screen-Shot-2023-04-22-at-11.28.02-PM-300x134.png\" alt=\"\" width=\"300\" height=\"134\"><\/p>\n<div class=\"container\">\n<div class=\"table-container\">\n<table>\n<thead>\n<tr>\n<th>Tama\u00f1o de la maceta<\/th>\n<th>Altura media plantada (desde la tierra hasta la parte superior de la planta)<\/th>\n<\/tr>\n<\/thead>\n<tbody>\n<tr>\n<td>3 galones\/10&#8243;<\/td>\n<td>0,6 &#8211; 1,2 m<\/td>\n<\/tr>\n<tr>\n<td>7 galones\/14&#8243;<\/td>\n<td>1,2 &#8211; 1,8 m<\/td>\n<\/tr>\n<tr>\n<td>15 galones\/17&#8243;<\/td>\n<td>6 &#8211; 8 pies<\/td>\n<\/tr>\n<tr>\n<td>25 galones\/21&#8243;<\/td>\n<td>8 &#8211; 10 pies<\/td>\n<\/tr>\n<tr>\n<td>45 galones\/28&#8243;<\/td>\n<td>10 &#8211; 12 pies<\/td>\n<\/tr>\n<tr>\n<td>65 galones\/32&#8243;<\/td>\n<td>12 &#8211; 14 pies<\/td>\n<\/tr>\n<\/tbody>\n<\/table>\n<\/div>\n<\/div>\n","protected":false},"featured_media":48827,"comment_status":"open","ping_status":"closed","template":"","meta":[],"product_brand":[59,60],"product_cat":[340,344,371,359,312,357,311,346,310,374,324,309,341,308,358,335,323,322,330,307],"product_tag":[318,327],"class_list":{"0":"post-46800","1":"product","2":"type-product","3":"status-publish","4":"has-post-thumbnail","6":"product_brand-fann","7":"product_brand-fnps","8":"product_cat-alta","9":"product_cat-arbol","10":"product_cat-arbol-de-sombra","11":"product_cat-arena","12":"product_cat-baja-es","13":"product_cat-baja-es-3","14":"product_cat-baja","15":"product_cat-bajo-mantenimiento","16":"product_cat-bien-drenado","17":"product_cat-fragante-2","18":"product_cat-llamativo","19":"product_cat-moderada","20":"product_cat-nativo","21":"product_cat-otono","22":"product_cat-plantas-para-mariposas-plantas-para-polinizadores","23":"product_cat-pleno-sol","24":"product_cat-primavera","25":"product_cat-rapido","26":"product_cat-semilla","27":"product_cat-verano","28":"product_tag-blanco","29":"product_tag-verde","30":"pa_pot-size-15-galones-17","31":"pa_pot-size-25-galones-21","32":"pa_pot-size-3-galones-10","33":"pa_pot-size-45-galones-28","34":"pa_pot-size-65-galones-32","35":"pa_pot-size-7-galones-14","38":"first","39":"instock","40":"taxable","41":"shipping-taxable","42":"purchasable","43":"product-type-variable"},"aioseo_notices":[],"_links":{"self":[{"href":"https:\/\/smartyplantsnursery.com\/es\/wp-json\/wp\/v2\/product\/46800","targetHints":{"allow":["GET"]}}],"collection":[{"href":"https:\/\/smartyplantsnursery.com\/es\/wp-json\/wp\/v2\/product"}],"about":[{"href":"https:\/\/smartyplantsnursery.com\/es\/wp-json\/wp\/v2\/types\/product"}],"replies":[{"embeddable":true,"href":"https:\/\/smartyplantsnursery.com\/es\/wp-json\/wp\/v2\/comments?post=46800"}],"wp:featuredmedia":[{"embeddable":true,"href":"https:\/\/smartyplantsnursery.com\/es\/wp-json\/wp\/v2\/media\/48827"}],"wp:attachment":[{"href":"https:\/\/smartyplantsnursery.com\/es\/wp-json\/wp\/v2\/media?parent=46800"}],"wp:term":[{"taxonomy":"product_brand","embeddable":true,"href":"https:\/\/smartyplantsnursery.com\/es\/wp-json\/wp\/v2\/product_brand?post=46800"},{"taxonomy":"product_cat","embeddable":true,"href":"https:\/\/smartyplantsnursery.com\/es\/wp-json\/wp\/v2\/product_cat?post=46800"},{"taxonomy":"product_tag","embeddable":true,"href":"https:\/\/smartyplantsnursery.com\/es\/wp-json\/wp\/v2\/product_tag?post=46800"}],"curies":[{"name":"wp","href":"https:\/\/api.w.org\/{rel}","templated":true}]}}