{"id":46815,"date":"2023-04-13T23:48:50","date_gmt":"2023-04-13T23:48:50","guid":{"rendered":"https:\/\/smartyplantsnursery.com\/product\/lima-silvestre-cenizo-espinoso-zanthoxylum-fagara\/"},"modified":"2026-03-07T14:51:18","modified_gmt":"2026-03-07T14:51:18","slug":"lima-silvestre-cenizo-espinoso-zanthoxylum-fagara","status":"publish","type":"product","link":"https:\/\/smartyplantsnursery.com\/es\/product\/lima-silvestre-cenizo-espinoso-zanthoxylum-fagara\/","title":{"rendered":"Lima silvestre, cenizo espinoso &#8211; zanthoxylum fagara"},"content":{"rendered":"<p><b>Usos generales en el paisajismo:<\/b> Plantaciones de protecci\u00f3n. Barreras espinosas. <\/p>\n<p><b>Descripci\u00f3n:<\/b> \u00c1rbol peque\u00f1o a mediano o arbusto grande con una copa cil\u00edndrica formada por muchas ramas peque\u00f1as de forma irregular. Troncos generalmente cortos, de hasta unos 25 cm de di\u00e1metro. Las ramas tienen muchas espinas afiladas y ganchudas. Corteza gris, rugosa. Hojas compuestas, arom\u00e1ticas, de unos 7-10 cm de largo.    <\/p>\n<p><b>Dimensiones:<\/b> Normalmente de 3 a 6 metros de altura; hasta 8 metros en el sur de Florida. Tan ancho como alto o m\u00e1s ancho. <\/p>\n<p><b>Tasa de crecimiento:<\/b> moderada.<\/p>\n<p><b>Distribuci\u00f3n:<\/b> Desde los Cayos del Condado de Monroe al norte hasta los condados de Volusia, Marion y Citrus; Bahamas, Antillas Mayores, Texas, M\u00e9xico, Am\u00e9rica Central y Am\u00e9rica del Sur.<\/p>\n<p><b>H\u00e1bitats:<\/b> hamacas.<\/p>\n<p><b>Suelos:<\/b> Suelos arenosos o calizos h\u00famedos y bien drenados, con una capa superior rica en humus.<\/p>\n<p><b>Requisitos nutricionales:<\/b> Moderado; puede crecer en suelos pobres en nutrientes, pero necesita algo de contenido org\u00e1nico para prosperar.<\/p>\n<p><b>Tolerancia al agua salada:<\/b> Baja; no tolera las inundaciones a largo plazo con agua salada o salobre.<\/p>\n<p><b>Tolerancia al viento salino:<\/b> Moderada; crece cerca del agua salada, pero est\u00e1 protegido de la pulverizaci\u00f3n directa de sal por otra vegetaci\u00f3n.<\/p>\n<p><b>Tolerancia a la sequ\u00eda:<\/b> Alta; no requiere agua suplementaria una vez establecida.<\/p>\n<p><b>Requisitos de luz:<\/b> Pleno sol.<\/p>\n<p><b>Color de la flor:<\/b> Amarillo verdoso.<\/p>\n<p><b>Caracter\u00edsticas de la flor:<\/b> poco llamativas. Fragante. Dioica, con flores masculinas y femeninas en plantas separadas.<\/p>\n<p><b>Temporada de floraci\u00f3n:<\/b> Todo el a\u00f1o; m\u00e1ximo en invierno-verano.<\/p>\n<p><b>Fruto:<\/b> Fol\u00edculos glandulares punteados de color marr\u00f3n anaranjado que se abren para revelar semillas peque\u00f1as, brillantes y negras.<\/p>\n<p><b>Fauna y ecolog\u00eda:<\/b> Proporciona una cantidad importante de alimento y una cantidad moderada de cobertura para la fauna. <b>Planta hu\u00e9sped larvaria<\/b> para las mariposas papilio cresphontes (cola de golondrina gigante) (<i>Papilio cresphontes<\/i>). Tal vez un hu\u00e9sped larvario secundario para las mariposas cola de golondrina de Schaus (<i>Papilio aristodemus<\/i>). <\/p>\n<p><b>Notas de horticultura:<\/b> Se puede cultivar a partir de semillas extra\u00eddas de la capa exterior. Esparcir las semillas sobre la tierra y apenas cubrirlas. La germinaci\u00f3n se produce en aproximadamente un mes.  <\/p>\n<p><b>Comentarios:<\/b> Cuando se trituran, las hojas tienen un aroma a lima. La madera es muy apreciada para la fabricaci\u00f3n de muebles. <\/p>\n","protected":false},"excerpt":{"rendered":"<p><img decoding=\"async\" class=\"alignnone size-medium wp-image-31863\" src=\"https:\/\/smartyplantsnursery.com\/wp-content\/uploads\/2023\/04\/Screen-Shot-2023-04-22-at-11.28.02-PM-300x134.png\" alt=\"\" width=\"300\" height=\"134\"><\/p>\n<div class=\"container\">\n<div class=\"table-container\">\n<table>\n<thead>\n<tr>\n<th>Tama\u00f1o de la maceta<\/th>\n<th>Altura media plantada (desde la tierra hasta la parte superior de la planta)<\/th>\n<\/tr>\n<\/thead>\n<tbody>\n<tr>\n<td>3 galones\/10&#8243;<\/td>\n<td>1 &#8211; 3 pies<\/td>\n<\/tr>\n<\/tbody>\n<\/table>\n<\/div>\n<\/div>\n","protected":false},"featured_media":49035,"comment_status":"open","ping_status":"closed","template":"","meta":[],"product_brand":[59,60],"product_cat":[340,344,359,311,346,310,353,366,374,365,355,309,326,361,341,308,358,335,323,330,307],"product_tag":[319,327],"class_list":{"0":"post-46815","1":"product","2":"type-product","3":"status-publish","4":"has-post-thumbnail","6":"product_brand-fann","7":"product_brand-fnps","8":"product_cat-alta","9":"product_cat-arbol","10":"product_cat-arena","11":"product_cat-baja","12":"product_cat-bajo-mantenimiento","13":"product_cat-bien-drenado","14":"product_cat-comestible","15":"product_cat-dioico","16":"product_cat-fragante-2","17":"product_cat-inconspicuo","18":"product_cat-invierno","19":"product_cat-moderada","20":"product_cat-moderada-es-2","21":"product_cat-moderada-es-4","22":"product_cat-nativo","23":"product_cat-otono","24":"product_cat-plantas-para-mariposas-plantas-para-polinizadores","25":"product_cat-pleno-sol","26":"product_cat-primavera","27":"product_cat-semilla","28":"product_cat-verano","29":"product_tag-amarillo","30":"product_tag-verde","31":"pa_pot-size-1-galon-6","32":"pa_pot-size-3-galones-10","33":"pa_pot-size-7-galones-14","36":"first","37":"instock","38":"taxable","39":"shipping-taxable","40":"purchasable","41":"product-type-variable"},"aioseo_notices":[],"_links":{"self":[{"href":"https:\/\/smartyplantsnursery.com\/es\/wp-json\/wp\/v2\/product\/46815","targetHints":{"allow":["GET"]}}],"collection":[{"href":"https:\/\/smartyplantsnursery.com\/es\/wp-json\/wp\/v2\/product"}],"about":[{"href":"https:\/\/smartyplantsnursery.com\/es\/wp-json\/wp\/v2\/types\/product"}],"replies":[{"embeddable":true,"href":"https:\/\/smartyplantsnursery.com\/es\/wp-json\/wp\/v2\/comments?post=46815"}],"wp:featuredmedia":[{"embeddable":true,"href":"https:\/\/smartyplantsnursery.com\/es\/wp-json\/wp\/v2\/media\/49035"}],"wp:attachment":[{"href":"https:\/\/smartyplantsnursery.com\/es\/wp-json\/wp\/v2\/media?parent=46815"}],"wp:term":[{"taxonomy":"product_brand","embeddable":true,"href":"https:\/\/smartyplantsnursery.com\/es\/wp-json\/wp\/v2\/product_brand?post=46815"},{"taxonomy":"product_cat","embeddable":true,"href":"https:\/\/smartyplantsnursery.com\/es\/wp-json\/wp\/v2\/product_cat?post=46815"},{"taxonomy":"product_tag","embeddable":true,"href":"https:\/\/smartyplantsnursery.com\/es\/wp-json\/wp\/v2\/product_tag?post=46815"}],"curies":[{"name":"wp","href":"https:\/\/api.w.org\/{rel}","templated":true}]}}