{"id":46818,"date":"2023-04-13T23:46:11","date_gmt":"2023-04-13T23:46:11","guid":{"rendered":"https:\/\/smartyplantsnursery.com\/product\/tapaculos-blanco-eugenia-axillaris\/"},"modified":"2026-03-07T14:51:37","modified_gmt":"2026-03-07T14:51:37","slug":"tapaculos-blanco-eugenia-axillaris","status":"publish","type":"product","link":"https:\/\/smartyplantsnursery.com\/es\/product\/tapaculos-blanco-eugenia-axillaris\/","title":{"rendered":"Tapaculos blanco &#8211; Eugenia axillaris"},"content":{"rendered":"<p><b>Usos generales en el paisajismo:<\/b> Arbusto de acento o \u00e1rbol peque\u00f1o. Plantaciones de protecci\u00f3n. <\/p>\n<p><b>Notas de restauraci\u00f3n ecol\u00f3gica:<\/b> Un elemento relativamente com\u00fan del sotobosque o subdosel en las hamacas.<\/p>\n<p><b>Descripci\u00f3n:<\/b> Arbusto alto y vertical o \u00e1rbol peque\u00f1o con un tronco y ramas peque\u00f1os. Corteza de color gris p\u00e1lido a blanquecino, lisa. Hojas cori\u00e1ceas, de color verde oscuro apagado en la parte superior; tallo de la hoja rojizo.  <\/p>\n<p><b>Dimensiones:<\/b> Normalmente de 3 a 6 metros de altura; hasta 8,5 metros en el sur de Florida. M\u00e1s alto que ancho. <\/p>\n<p><b>Tasa de crecimiento:<\/b> De moderada a lenta.<\/p>\n<p><b>Distribuci\u00f3n:<\/b> Desde los Cayos del Condado de Monroe al norte hasta los condados de Volusia, Hendry y Levy, principalmente a lo largo de la costa; Bermudas, Indias Occidentales, M\u00e9xico y Am\u00e9rica Central.<\/p>\n<p><b>H\u00e1bitats:<\/b> hamacas.<\/p>\n<p><b>Suelos:<\/b> Suelos arenosos o calizos h\u00famedos y bien drenados, con una capa superior rica en humus.<\/p>\n<p><b>Requisitos nutricionales:<\/b> De moderados a altos; crece mejor con cierto contenido org\u00e1nico y puede languidecer en suelos pobres en nutrientes.<\/p>\n<p><b>Tolerancia al agua salada:<\/b> Moderadamente baja; no tolera las inundaciones a largo plazo por agua salada o salobre, pero tolera la inundaci\u00f3n a corto plazo por agua salada de la marejada cicl\u00f3nica con da\u00f1os m\u00ednimos.<\/p>\n<p><b>Tolerancia al viento salino:<\/b> Moderada; crece cerca del agua salada, pero est\u00e1 protegido de la pulverizaci\u00f3n directa de sal por otra vegetaci\u00f3n.<\/p>\n<p><b>Tolerancia a la sequ\u00eda:<\/b> Moderada; generalmente requiere suelos h\u00famedos, pero es tolerante a cortos per\u00edodos de sequ\u00eda una vez establecido.<\/p>\n<p><b>Requisitos de luz:<\/b> Sombra ligera a pleno sol.<\/p>\n<p><b>Color de la flor:<\/b> Blanco.<\/p>\n<p><b>Caracter\u00edsticas de la flor:<\/b> Semillamativa.<\/p>\n<p><b>Temporada de floraci\u00f3n:<\/b> Todo el a\u00f1o; pico en primavera-verano.<\/p>\n<p><b>Fruto:<\/b> Baya negra o rojiza. Comestible. <\/p>\n<p><b>Vida silvestre y ecolog\u00eda:<\/b> Proporciona alimento y cobertura significativos para la vida silvestre. Atrae polinizadores como abejas y polillas, incluida la polilla <a href=\"https:\/\/www.butterfliesandmoths.org\/species\/Aellopos-tantalus\" target=\"_blank\" rel=\"noopener\">esfinge t\u00e1ntalo<\/a> (<i>Aellopos tantalus<\/i>). Los p\u00e1jaros comen los frutos.<\/p>\n<p><b>Notas de horticultura:<\/b> Se puede cultivar a partir de semillas despulpadas. Colocar en un lugar con sombra clara. La germinaci\u00f3n suele producirse en 1 mes. <\/p>\n<p><b>Comentarios:<\/b> El nuevo crecimiento rosado es muy atractivo. Algunos dicen que el tapaculos blanco tiene un olor \u201ca zorrillo\u201d, aunque muchos no pueden detectar el olor. <\/p>\n","protected":false},"excerpt":{"rendered":"<p><img decoding=\"async\" class=\"alignnone size-medium wp-image-31863\" src=\"https:\/\/smartyplantsnursery.com\/wp-content\/uploads\/2023\/04\/Screen-Shot-2023-04-22-at-11.28.02-PM-300x134.png\" alt=\"\" width=\"300\" height=\"134\"><\/p>\n<div class=\"container\">\n<div class=\"table-container\">\n<table>\n<thead>\n<tr>\n<th>Tama\u00f1o de la maceta<\/th>\n<th>Altura media plantada (desde la tierra hasta la parte superior de la planta)<\/th>\n<\/tr>\n<\/thead>\n<tbody>\n<tr>\n<td>1 gal\u00f3n\/6&#8243;<\/td>\n<td>0 &#8211; 1 ft.<\/td>\n<\/tr>\n<tr>\n<td>3 galones\/10&#8243;<\/td>\n<td>1 &#8211; 2 pies<\/td>\n<\/tr>\n<tr>\n<td>7 galones\/14&#8243;<\/td>\n<td>0,6 &#8211; 0,9 m<\/td>\n<\/tr>\n<tr>\n<td>15 galones\/17&#8243;<\/td>\n<td>0,9 &#8211; 1,5 m<\/td>\n<\/tr>\n<tr>\n<td>Maceta de 95 L\/53 cm<\/td>\n<td>1,5 &#8211; 2,1 m<\/td>\n<\/tr>\n<tr>\n<td>170 l\/71 cm<\/td>\n<td>2,1 &#8211; 3 m<\/td>\n<\/tr>\n<\/tbody>\n<\/table>\n<\/div>\n<\/div>\n","protected":false},"featured_media":54411,"comment_status":"open","ping_status":"closed","template":"","meta":[],"product_brand":[59,60],"product_cat":[348,304,359,311,346,310,355,306,324,309,313,361,326,341,308,334,358,335,323,330,332,303,307],"product_tag":[318],"class_list":{"0":"post-46818","1":"product","2":"type-product","3":"status-publish","4":"has-post-thumbnail","6":"product_brand-fann","7":"product_brand-fnps","8":"product_cat-alta-es","9":"product_cat-arbusto","10":"product_cat-arena","11":"product_cat-baja","12":"product_cat-bajo-mantenimiento","13":"product_cat-bien-drenado","14":"product_cat-invierno","15":"product_cat-lenta","16":"product_cat-llamativo","17":"product_cat-moderada","18":"product_cat-moderada-es","19":"product_cat-moderada-es-4","20":"product_cat-moderada-es-2","21":"product_cat-nativo","22":"product_cat-otono","23":"product_cat-planta-de-acento","24":"product_cat-plantas-para-mariposas-plantas-para-polinizadores","25":"product_cat-pleno-sol","26":"product_cat-primavera","27":"product_cat-semilla","28":"product_cat-seto","29":"product_cat-sol-parcial","30":"product_cat-verano","31":"product_tag-blanco","32":"pa_pot-size-15-galones-17","33":"pa_pot-size-25-galones-21","34":"pa_pot-size-3-galones-10","35":"pa_pot-size-45-galones-28","36":"pa_pot-size-7-galones-14","39":"first","40":"instock","41":"taxable","42":"shipping-taxable","43":"purchasable","44":"product-type-variable"},"aioseo_notices":[],"_links":{"self":[{"href":"https:\/\/smartyplantsnursery.com\/es\/wp-json\/wp\/v2\/product\/46818","targetHints":{"allow":["GET"]}}],"collection":[{"href":"https:\/\/smartyplantsnursery.com\/es\/wp-json\/wp\/v2\/product"}],"about":[{"href":"https:\/\/smartyplantsnursery.com\/es\/wp-json\/wp\/v2\/types\/product"}],"replies":[{"embeddable":true,"href":"https:\/\/smartyplantsnursery.com\/es\/wp-json\/wp\/v2\/comments?post=46818"}],"wp:featuredmedia":[{"embeddable":true,"href":"https:\/\/smartyplantsnursery.com\/es\/wp-json\/wp\/v2\/media\/54411"}],"wp:attachment":[{"href":"https:\/\/smartyplantsnursery.com\/es\/wp-json\/wp\/v2\/media?parent=46818"}],"wp:term":[{"taxonomy":"product_brand","embeddable":true,"href":"https:\/\/smartyplantsnursery.com\/es\/wp-json\/wp\/v2\/product_brand?post=46818"},{"taxonomy":"product_cat","embeddable":true,"href":"https:\/\/smartyplantsnursery.com\/es\/wp-json\/wp\/v2\/product_cat?post=46818"},{"taxonomy":"product_tag","embeddable":true,"href":"https:\/\/smartyplantsnursery.com\/es\/wp-json\/wp\/v2\/product_tag?post=46818"}],"curies":[{"name":"wp","href":"https:\/\/api.w.org\/{rel}","templated":true}]}}