{"id":46828,"date":"2023-04-13T23:41:49","date_gmt":"2023-04-13T23:41:49","guid":{"rendered":"https:\/\/smartyplantsnursery.com\/product\/caoba-de-las-indias-occidentales-caoba-cubana-swietenia-mahagoni\/"},"modified":"2026-03-07T14:45:56","modified_gmt":"2026-03-07T14:45:56","slug":"caoba-de-las-indias-occidentales-caoba-cubana-swietenia-mahagoni","status":"publish","type":"product","link":"https:\/\/smartyplantsnursery.com\/es\/product\/caoba-de-las-indias-occidentales-caoba-cubana-swietenia-mahagoni\/","title":{"rendered":"Caoba de las Indias Occidentales, caoba cubana &#8211; swietenia mahagoni"},"content":{"rendered":"<p><b>Usos generales en el paisajismo:<\/b> \u00c1rbol de acento o esp\u00e9cimen en paisajes residenciales y comerciales.<\/p>\n<p><b>Descripci\u00f3n:<\/b> \u00c1rbol de tama\u00f1o mediano a grande con un tronco erecto y una copa ancha, densa y redondeada. Corteza de color marr\u00f3n rojizo, gruesa, rugosa por escamas gruesas. Hojas tropicales semi-caducifolias, compuestas, de 4-8 pulgadas de largo, de color verde oscuro en la parte superior.  <\/p>\n<p><b>Dimensiones:<\/b> Normalmente de 30-50 pies de altura; hasta 79 pies en el sur de Florida. M\u00e1s alto que ancho. <\/p>\n<p><b>Tasa de crecimiento:<\/b> De moderada a r\u00e1pida.<\/p>\n<p><b>Distribuci\u00f3n:<\/b> Condados de Monroe y Miami-Dade; Indias Occidentales. En el sur de Florida, nativo de los Cayos de Florida medios y superiores (al sur hasta aproximadamente Lower Matecumbe Key), la pen\u00ednsula extrema del sur a lo largo de las orillas de la Bah\u00eda de Florida, y el \u00e1rea de Brickell Hammock del continente donde se recolect\u00f3 una vez en 1904. A menudo se planta fuera de su \u00e1rea de distribuci\u00f3n hist\u00f3rica, y ahora est\u00e1 escapando del cultivo y a veces invadiendo \u00e1reas de conservaci\u00f3n.  <\/p>\n<p><b>H\u00e1bitats:<\/b> Hamacas rocosas y bermas costeras.<\/p>\n<p><b>Suelos:<\/b> Suelos calizos o arenosos calc\u00e1reos h\u00famedos y bien drenados, con una capa superior de humus.<\/p>\n<p><b>Requisitos nutricionales:<\/b> Moderado; puede crecer en suelos pobres en nutrientes, pero necesita algo de contenido org\u00e1nico para prosperar.<\/p>\n<p><b>Tolerancia al agua salada:<\/b> Baja; no tolera las inundaciones a largo plazo con agua salada o salobre.<\/p>\n<p><b>Tolerancia al viento salado:<\/b> Baja; el viento salado puede quemar las hojas.<\/p>\n<p><b>Tolerancia a la sequ\u00eda:<\/b> Alta; no requiere agua suplementaria una vez establecida.<\/p>\n<p><b>Requisitos de luz:<\/b> Pleno sol.<\/p>\n<p><b>Color de la flor:<\/b> Amarillo verdoso.<\/p>\n<p><b>Caracter\u00edsticas de la flor:<\/b> Poco llamativas pero fragantes.<\/p>\n<p><b>Temporada de floraci\u00f3n:<\/b> Primavera-verano; pico en primavera.<\/p>\n<p><b>Fruto:<\/b> C\u00e1psula le\u00f1osa que se abre para exponer semillas aladas de color marr\u00f3n rojizo.<\/p>\n<p><b>Fauna y ecolog\u00eda:<\/b> En el sur de Florida, este es el \u00fanico hu\u00e9sped del mu\u00e9rdago de caoba en peligro cr\u00edtico (<a href=\"https:\/\/regionalconservation.org\/beta\/nfyn\/plantdetail.asp?tx=Phorrubr\">Phoradendron rubrum<\/a>).<\/p>\n<p><b>Notas de horticultura:<\/b> Se puede cultivar a partir de semillas. Es importante seleccionar un tronco principal y podar para un solo l\u00edder cuando es joven. Los escarabajos de mayo cubanos y los gusanos de la caoba comen las hojas.  <\/p>\n<p><b>Comentarios:<\/b> Esta es la fuente original de la caoba comercial, ahora reemplazada por la caoba de Honduras (S. macrophylla). Fue fuertemente talada en el sur de Florida antes de la d\u00e9cada de 1900. La caza furtiva de troncos continu\u00f3 en los Cayos de Florida hasta finales del siglo XX. Est\u00e1 catalogada como amenazada por el estado de Florida.   <\/p>\n","protected":false},"excerpt":{"rendered":"<p><img decoding=\"async\" class=\"alignnone size-medium wp-image-31863\" src=\"https:\/\/smartyplantsnursery.com\/wp-content\/uploads\/2023\/04\/Screen-Shot-2023-04-22-at-11.28.02-PM-300x134.png\" alt=\"\" width=\"300\" height=\"134\"><\/p>\n<div class=\"container\">\n<div class=\"table-container\">\n<table>\n<thead>\n<tr>\n<th>Tama\u00f1o de la maceta<\/th>\n<th>Altura media plantada (desde la tierra hasta la parte superior de la planta)<\/th>\n<th>Calibre<\/th>\n<\/tr>\n<\/thead>\n<tbody>\n<tr>\n<td>1 gal\u00f3n\/6&#8243;<\/td>\n<td>0 &#8211; 1 ft.<\/td>\n<td><\/td>\n<\/tr>\n<tr>\n<td>3 galones\/10&#8243;<\/td>\n<td>1 &#8211; 2 pies<\/td>\n<td><\/td>\n<\/tr>\n<tr>\n<td>7 galones\/14&#8243;<\/td>\n<td>2 &#8211; 4 pies<\/td>\n<td><\/td>\n<\/tr>\n<tr>\n<td>Maceta de 57 l\/43 cm<\/td>\n<td>1,8 &#8211; 3 m<\/td>\n<td><\/td>\n<\/tr>\n<tr>\n<td>25 galones\/21&#8243;<\/td>\n<td>10 &#8211; 12 pies<\/td>\n<td>2 &#8211; 2,5&#8243;<\/td>\n<\/tr>\n<tr>\n<td>45 galones\/28&#8243;<\/td>\n<td>12 &#8211; 13 pies<\/td>\n<td>2,5 &#8211; 3&#8243;<\/td>\n<\/tr>\n<tr>\n<td>65 galones\/32&#8243;<\/td>\n<td>13 &#8211; 16 pies<\/td>\n<td>2,5 &#8211; 3&#8243;<\/td>\n<\/tr>\n<tr>\n<td>100 galones\/36&#8243;<\/td>\n<td>16 &#8211; 17 pies<\/td>\n<td>3 &#8211; 4&#8243;<\/td>\n<\/tr>\n<\/tbody>\n<\/table>\n<\/div>\n<\/div>\n","protected":false},"featured_media":48691,"comment_status":"open","ping_status":"closed","template":"","meta":[],"product_brand":[59,60],"product_cat":[340,344,359,311,312,346,310,374,365,309,326,341,334,314,358,335,323,322,330,307],"product_tag":[319,327],"class_list":{"0":"post-46828","1":"product","2":"type-product","3":"status-publish","4":"has-post-thumbnail","6":"product_brand-fann","7":"product_brand-fnps","8":"product_cat-alta","9":"product_cat-arbol","10":"product_cat-arena","11":"product_cat-baja","12":"product_cat-baja-es","13":"product_cat-bajo-mantenimiento","14":"product_cat-bien-drenado","15":"product_cat-fragante-2","16":"product_cat-inconspicuo","17":"product_cat-moderada","18":"product_cat-moderada-es-2","19":"product_cat-nativo","20":"product_cat-planta-de-acento","21":"product_cat-planta-de-especimen","22":"product_cat-plantas-para-mariposas-plantas-para-polinizadores","23":"product_cat-pleno-sol","24":"product_cat-primavera","25":"product_cat-rapido","26":"product_cat-semilla","27":"product_cat-verano","28":"product_tag-amarillo","29":"product_tag-verde","30":"pa_pot-size-1-galon-6","31":"pa_pot-size-100-galones-36","32":"pa_pot-size-15-galones-17","33":"pa_pot-size-25-galones-21","34":"pa_pot-size-3-galones-10","35":"pa_pot-size-45-galones-28","36":"pa_pot-size-65-galones-32","37":"pa_pot-size-7-galones-14","40":"first","41":"instock","42":"taxable","43":"shipping-taxable","44":"purchasable","45":"product-type-variable"},"aioseo_notices":[],"_links":{"self":[{"href":"https:\/\/smartyplantsnursery.com\/es\/wp-json\/wp\/v2\/product\/46828","targetHints":{"allow":["GET"]}}],"collection":[{"href":"https:\/\/smartyplantsnursery.com\/es\/wp-json\/wp\/v2\/product"}],"about":[{"href":"https:\/\/smartyplantsnursery.com\/es\/wp-json\/wp\/v2\/types\/product"}],"replies":[{"embeddable":true,"href":"https:\/\/smartyplantsnursery.com\/es\/wp-json\/wp\/v2\/comments?post=46828"}],"wp:featuredmedia":[{"embeddable":true,"href":"https:\/\/smartyplantsnursery.com\/es\/wp-json\/wp\/v2\/media\/48691"}],"wp:attachment":[{"href":"https:\/\/smartyplantsnursery.com\/es\/wp-json\/wp\/v2\/media?parent=46828"}],"wp:term":[{"taxonomy":"product_brand","embeddable":true,"href":"https:\/\/smartyplantsnursery.com\/es\/wp-json\/wp\/v2\/product_brand?post=46828"},{"taxonomy":"product_cat","embeddable":true,"href":"https:\/\/smartyplantsnursery.com\/es\/wp-json\/wp\/v2\/product_cat?post=46828"},{"taxonomy":"product_tag","embeddable":true,"href":"https:\/\/smartyplantsnursery.com\/es\/wp-json\/wp\/v2\/product_tag?post=46828"}],"curies":[{"name":"wp","href":"https:\/\/api.w.org\/{rel}","templated":true}]}}