{"id":46838,"date":"2023-04-14T00:48:03","date_gmt":"2023-04-14T00:48:03","guid":{"rendered":"https:\/\/smartyplantsnursery.com\/product\/callicarpa-americana-callicarpa-americana\/"},"modified":"2026-03-04T18:00:54","modified_gmt":"2026-03-04T18:00:54","slug":"callicarpa-americana-callicarpa-americana","status":"publish","type":"product","link":"https:\/\/smartyplantsnursery.com\/es\/product\/callicarpa-americana-callicarpa-americana\/","title":{"rendered":"Callicarpa americana &#8211; callicarpa americana"},"content":{"rendered":"<p><b>Usos generales en el paisaje:<\/b> Arbusto de floraci\u00f3n destacado en paisajes residenciales y comerciales. Tambi\u00e9n \u00fatil en plantaciones de protecci\u00f3n. <\/p>\n<p><b>Notas sobre restauraci\u00f3n ecol\u00f3gica:<\/b> Un arbusto relativamente com\u00fan en los bordes de los bosques en casi todo el sur de Florida.<\/p>\n<p><b>Descripci\u00f3n:<\/b> Arbusto mediano y tupido con ramas arqueadas que forman un mont\u00edculo grande. Hojas gruesas, de 2 a 6 pulgadas de largo, arom\u00e1ticas cuando se trituran. <\/p>\n<p><b>Dimensiones:<\/b> Normalmente de 5 a 9 pies de altura. Por lo general, tan ancho como alto y, a veces, m\u00e1s ancho. <\/p>\n<p><b>Tasa de crecimiento:<\/b> r\u00e1pida.<\/p>\n<p><b>Distribuci\u00f3n:<\/b> Sudeste de Estados Unidos, desde Maryland y Misuri al oeste hasta Texas y al sur hasta los Cayos del Condado de Monroe; Bermudas, Bahamas y Cuba. Muy raro en los Cayos del Condado de Monroe y quiz\u00e1s ausente al sur de Key Largo. <\/p>\n<p><b>H\u00e1bitats:<\/b> Una amplia gama de ecosistemas terrestres.<\/p>\n<p><b>Suelos:<\/b> Suelos arenosos, calizos u org\u00e1nicos h\u00famedos y bien drenados, generalmente con una capa superior humosa.<\/p>\n<p><b>Requisitos nutricionales:<\/b> Moderado; puede crecer en suelos pobres en nutrientes, pero necesita algo de contenido org\u00e1nico para prosperar.<\/p>\n<p><b>Tolerancia al agua salada:<\/b> Baja; no tolera las inundaciones a largo plazo con agua salada o salobre.<\/p>\n<p><b>Tolerancia al viento salino:<\/b> Moderada; crece cerca del agua salada, pero est\u00e1 protegido de la pulverizaci\u00f3n directa de sal por otra vegetaci\u00f3n.<\/p>\n<p><b>Tolerancia a la sequ\u00eda:<\/b> Alta; no requiere agua suplementaria una vez establecida.<\/p>\n<p><b>Requisitos de luz:<\/b> Pleno sol a sombra ligera.<\/p>\n<p><b>Color de la flor:<\/b> Rosa o, raramente, blanco.<\/p>\n<p><b>Caracter\u00edsticas de la flor:<\/b> Semillamativa en racimos densos.<\/p>\n<p><b>Temporada de floraci\u00f3n:<\/b> Todo el a\u00f1o; pico en primavera-verano.<\/p>\n<p><b>Fruto:<\/b> Drupa de color rojo p\u00farpura similar a una baya, raramente blanca. Racimos muy llamativos en las axilas de las hojas. Todo el a\u00f1o; pico en verano-oto\u00f1o.  <\/p>\n<p><b>Vida silvestre y ecolog\u00eda:<\/b> Proporciona alimento significativo y cantidades moderadas de cobertura para la vida silvestre. Planta de n\u00e9ctar para mariposas. Los p\u00e1jaros comen los atractivos frutos.  <\/p>\n<p><b>Notas de horticultura:<\/b> Cultivado a partir de semillas. Limpie la pulpa de las semillas frot\u00e1ndolas con una toalla de papel o coloc\u00e1ndolas en una batidora con agua y luego col\u00e1ndolas. Espolvoree las semillas en una maceta con 5 cm o m\u00e1s de tierra para macetas. Coloque en sombra ligera o a pleno sol y mantenga h\u00famedo.  <\/p>\n<p><b>Comentarios:<\/b> Este es un arbusto excelente y adaptable para casi todo el sur de Florida. La poda intensa peri\u00f3dica casi hasta el suelo fomenta el nuevo crecimiento. <\/p>\n","protected":false},"excerpt":{"rendered":"<p><img fetchpriority=\"high\" decoding=\"async\" class=\"alignnone size-medium wp-image-54744\" src=\"https:\/\/smartyplantsnursery.com\/wp-content\/uploads\/2023\/04\/Screenshot-2026-03-03-at-2.22.47-PM-300x185.png\" alt=\"\" width=\"300\" height=\"185\"><\/p>\n<div class=\"container\">\n<div class=\"table-container\">\n<table>\n<thead>\n<tr>\n<th>Tama\u00f1o de la maceta<\/th>\n<th>Altura media plantada (desde la tierra hasta la parte superior de la planta)<\/th>\n<\/tr>\n<\/thead>\n<tbody>\n<tr>\n<td>3 galones\/10&#8243;<\/td>\n<td>1 &#8211; 2 pies<\/td>\n<\/tr>\n<tr>\n<td>7 galones\/14&#8243;<\/td>\n<td>2 &#8211; 4 pies<\/td>\n<\/tr>\n<\/tbody>\n<\/table>\n<\/div>\n<\/div>\n","protected":false},"featured_media":48506,"comment_status":"open","ping_status":"closed","template":"","meta":[],"product_brand":[59,60],"product_cat":[340,304,311,346,310,353,355,324,309,361,341,308,334,358,335,323,372,322,330,303,307],"product_tag":[318,352],"class_list":{"0":"post-46838","1":"product","2":"type-product","3":"status-publish","4":"has-post-thumbnail","6":"product_brand-fann","7":"product_brand-fnps","8":"product_cat-alta","9":"product_cat-arbusto","10":"product_cat-baja","11":"product_cat-bajo-mantenimiento","12":"product_cat-bien-drenado","13":"product_cat-comestible","14":"product_cat-invierno","15":"product_cat-llamativo","16":"product_cat-moderada","17":"product_cat-moderada-es-4","18":"product_cat-nativo","19":"product_cat-otono","20":"product_cat-planta-de-acento","21":"product_cat-plantas-para-mariposas-plantas-para-polinizadores","22":"product_cat-pleno-sol","23":"product_cat-primavera","24":"product_cat-racimo","25":"product_cat-rapido","26":"product_cat-semilla","27":"product_cat-sol-parcial","28":"product_cat-verano","29":"product_tag-blanco","30":"product_tag-rosa","31":"pa_pot-size-1-galon-6","32":"pa_pot-size-3-galones-10","33":"pa_pot-size-7-galones-14","36":"first","37":"instock","38":"taxable","39":"shipping-taxable","40":"purchasable","41":"product-type-variable"},"aioseo_notices":[],"_links":{"self":[{"href":"https:\/\/smartyplantsnursery.com\/es\/wp-json\/wp\/v2\/product\/46838","targetHints":{"allow":["GET"]}}],"collection":[{"href":"https:\/\/smartyplantsnursery.com\/es\/wp-json\/wp\/v2\/product"}],"about":[{"href":"https:\/\/smartyplantsnursery.com\/es\/wp-json\/wp\/v2\/types\/product"}],"replies":[{"embeddable":true,"href":"https:\/\/smartyplantsnursery.com\/es\/wp-json\/wp\/v2\/comments?post=46838"}],"wp:featuredmedia":[{"embeddable":true,"href":"https:\/\/smartyplantsnursery.com\/es\/wp-json\/wp\/v2\/media\/48506"}],"wp:attachment":[{"href":"https:\/\/smartyplantsnursery.com\/es\/wp-json\/wp\/v2\/media?parent=46838"}],"wp:term":[{"taxonomy":"product_brand","embeddable":true,"href":"https:\/\/smartyplantsnursery.com\/es\/wp-json\/wp\/v2\/product_brand?post=46838"},{"taxonomy":"product_cat","embeddable":true,"href":"https:\/\/smartyplantsnursery.com\/es\/wp-json\/wp\/v2\/product_cat?post=46838"},{"taxonomy":"product_tag","embeddable":true,"href":"https:\/\/smartyplantsnursery.com\/es\/wp-json\/wp\/v2\/product_tag?post=46838"}],"curies":[{"name":"wp","href":"https:\/\/api.w.org\/{rel}","templated":true}]}}