{"id":46840,"date":"2023-04-13T23:38:06","date_gmt":"2023-04-13T23:38:06","guid":{"rendered":"https:\/\/smartyplantsnursery.com\/product\/roble-vivo-de-virginia-quercus-virginiana\/"},"modified":"2026-03-07T13:55:03","modified_gmt":"2026-03-07T13:55:03","slug":"roble-vivo-de-virginia-quercus-virginiana","status":"publish","type":"product","link":"https:\/\/smartyplantsnursery.com\/es\/product\/roble-vivo-de-virginia-quercus-virginiana\/","title":{"rendered":"Roble vivo de Virginia &#8211; quercus virginiana"},"content":{"rendered":"<p><b>Usos generales en el paisajismo:<\/b> \u00c1rbol de acento o esp\u00e9cimen en paisajes residenciales y comerciales. Uno de los \u00e1rboles de jardiner\u00eda m\u00e1s vers\u00e1tiles e importantes del sur de Florida. <\/p>\n<p><b>Notas sobre restauraci\u00f3n ecol\u00f3gica:<\/b> Un \u00e1rbol clave del dosel en hamacas m\u00e9sicas y de pradera. Por lo general, no es dominante en las hamacas rocosas o las hamacas mar\u00edtimas del sur de Florida, pero sigue siendo relativamente abundante. <\/p>\n<p><b>Descripci\u00f3n:<\/b> \u00c1rbol de mediano a grande con una copa ancha y redondeada formada por ramas de amplia extensi\u00f3n. Troncos grandes, que se vuelven enormes, de 3 a 4 pies de di\u00e1metro despu\u00e9s de varias d\u00e9cadas. Corteza dura, gris\u00e1cea, dividida en numerosas crestas y surcos. Hojas de color verde oscuro, brillantes en la parte superior, de 2 a 5 pulgadas de largo. Brevemente semideciduo, con la mayor parte de la p\u00e9rdida de hojas ocurriendo inmediatamente antes del nuevo crecimiento de la primavera.    <\/p>\n<p><b>Dimensiones:<\/b> Por lo general, de 30 a 50 pies de altura en el sur de Florida; hasta 103 pies en Florida. A menudo tan ancho como alto. <\/p>\n<p><b>Tasa de crecimiento:<\/b> De moderada a r\u00e1pida.<\/p>\n<p><b>Distribuci\u00f3n:<\/b> Sureste de Estados Unidos al oeste de Texas y al sur de los Cayos del Condado de Monroe. Com\u00fan en el continente. Distribuci\u00f3n limitada en los Cayos del Condado de Monroe a una sola \u00e1rea peque\u00f1a en North Key Largo. Su presencia hist\u00f3rica en las islas de barrera desde Key Biscayne hacia el norte en el Condado de Miami-Dade es cuestionable.   <\/p>\n<p><b>H\u00e1bitats:<\/b> Bosques h\u00famedos.<\/p>\n<p><b>Suelos:<\/b> Suelos arenosos, calizos u org\u00e1nicos h\u00famedos a raramente inundados, bien drenados a moderadamente bien drenados, con una capa superior humosa.<\/p>\n<p><b>Requisitos nutricionales:<\/b> Moderado; puede crecer en suelos pobres en nutrientes, pero necesita algo de contenido org\u00e1nico para prosperar.<\/p>\n<p><b>Tolerancia al agua salada:<\/b> Moderadamente baja; no tolera las inundaciones a largo plazo por agua salada o salobre, pero tolera la inundaci\u00f3n a corto plazo por agua salada de la marejada cicl\u00f3nica con da\u00f1os m\u00ednimos.<\/p>\n<p><b>Tolerancia al viento salino:<\/b> Moderada; crece cerca del agua salada, pero generalmente est\u00e1 protegido de la pulverizaci\u00f3n directa de sal por otra vegetaci\u00f3n.<\/p>\n<p><b>Tolerancia a la sequ\u00eda:<\/b> Moderada; generalmente requiere suelos h\u00famedos, pero es tolerante a cortos per\u00edodos de sequ\u00eda una vez establecido.<\/p>\n<p><b>Requisitos de luz:<\/b> Pleno sol.<\/p>\n<p><b>Color de la flor:<\/b> Verde.<\/p>\n<p><b>Caracter\u00edsticas de la flor:<\/b> Poco llamativas. La polinizaci\u00f3n es por el viento. <\/p>\n<p><b>Temporada de floraci\u00f3n:<\/b> Principios de la primavera, antes de la aparici\u00f3n de nuevas hojas.<\/p>\n<p><b>Fruto:<\/b> Bellota marr\u00f3n. Comestible. <\/p>\n<p><b>Vida silvestre y ecolog\u00eda:<\/b> Proporciona alimento y cobertura significativos para la vida silvestre. Planta hu\u00e9sped larval para la ala oscura de Horace (Erynnis horatius), la estriada roja (Calycopis cecrops) y las mariposas ala M blanca (Parrhasius m-album); posible hu\u00e9sped larval para la ala oscura de Juvenal (Erynnis juvenalis) y las mariposas estriadas de roble (Fixsenia favonius). Las ardillas utilizan las bellotas. Los b\u00fahos cornudos y otras aves anidan en los \u00e1rboles. Tambi\u00e9n es un excelente \u00e1rbol ep\u00edfito.    <\/p>\n<p><b>Notas de horticultura:<\/b> Se puede cultivar f\u00e1cilmente a partir de semillas. Forma una ra\u00edz primaria de penetraci\u00f3n profunda que debe evitarse que crezca fuera del contenedor y dentro del suelo. <\/p>\n<p><b>Comentarios:<\/b> Un \u00e1rbol excelente y vers\u00e1til \u00fatil en casi todo el sur de Florida. Su h\u00e1bito de amplia extensi\u00f3n puede contrarrestarse plantando otros \u00e1rboles a su alrededor, de modo que deba competir por la luz. <\/p>\n","protected":false},"excerpt":{"rendered":"<p><img decoding=\"async\" class=\"alignnone size-medium wp-image-31863\" src=\"https:\/\/smartyplantsnursery.com\/wp-content\/uploads\/2023\/04\/Screen-Shot-2023-04-22-at-11.28.02-PM-300x134.png\" alt=\"\" width=\"300\" height=\"134\"><\/p>\n<div class=\"container\">\n<div class=\"table-container\">\n<table>\n<thead>\n<tr>\n<th>Tama\u00f1o de la maceta<\/th>\n<th>Altura media plantada (desde la tierra hasta la parte superior de la planta)<\/th>\n<th>Calibre<\/th>\n<\/tr>\n<\/thead>\n<tbody>\n<tr>\n<td>3 galones\/10&#8243;<\/td>\n<td>1 &#8211; 3 pies<\/td>\n<td><\/td>\n<\/tr>\n<tr>\n<td>7 galones\/14&#8243;<\/td>\n<td>3 &#8211; 6 pies<\/td>\n<td><\/td>\n<\/tr>\n<tr>\n<td>15 galones\/17&#8243;<\/td>\n<td>6 &#8211; 10 ft<\/td>\n<td>1,5 &#8211; 2 in<\/td>\n<\/tr>\n<tr>\n<td>25 galones\/21&#8243;<\/td>\n<td>10 &#8211; 12 ft<\/td>\n<td>2 &#8211; 2,5 in<\/td>\n<\/tr>\n<tr>\n<td>45 galones\/28&#8243;<\/td>\n<td>12 &#8211; 14 ft<\/td>\n<td>2,5 &#8211; 3,5 in<\/td>\n<\/tr>\n<tr>\n<td>65 galones\/32&#8243;<\/td>\n<td>14 &#8211; 16 ft<\/td>\n<td>3,5 &#8211; 4 in<\/td>\n<\/tr>\n<tr>\n<td>100 galones\/36&#8243;<\/td>\n<td>16 &#8211; 18 ft<\/td>\n<td>4 &#8211; 4,5 in<\/td>\n<\/tr>\n<\/tbody>\n<\/table>\n<\/div>\n","protected":false},"featured_media":48576,"comment_status":"open","ping_status":"closed","template":"","meta":[],"product_brand":[59,60],"product_cat":[344,359,311,346,310,365,326,313,309,361,341,334,314,358,335,322,330],"product_tag":[327],"class_list":{"0":"post-46840","1":"product","2":"type-product","3":"status-publish","4":"has-post-thumbnail","6":"product_brand-fann","7":"product_brand-fnps","8":"product_cat-arbol","9":"product_cat-arena","10":"product_cat-baja","11":"product_cat-bajo-mantenimiento","12":"product_cat-bien-drenado","13":"product_cat-inconspicuo","14":"product_cat-moderada-es-2","15":"product_cat-moderada-es","16":"product_cat-moderada","17":"product_cat-moderada-es-4","18":"product_cat-nativo","19":"product_cat-planta-de-acento","20":"product_cat-planta-de-especimen","21":"product_cat-plantas-para-mariposas-plantas-para-polinizadores","22":"product_cat-pleno-sol","23":"product_cat-rapido","24":"product_cat-semilla","25":"product_tag-verde","26":"pa_pot-size-100-galones-36","27":"pa_pot-size-15-galones-17","28":"pa_pot-size-25-galones-21","29":"pa_pot-size-3-galones-10","30":"pa_pot-size-45-galones-28","31":"pa_pot-size-65-galones-32","32":"pa_pot-size-7-galones-14","35":"first","36":"instock","37":"taxable","38":"shipping-taxable","39":"purchasable","40":"product-type-variable"},"aioseo_notices":[],"_links":{"self":[{"href":"https:\/\/smartyplantsnursery.com\/es\/wp-json\/wp\/v2\/product\/46840","targetHints":{"allow":["GET"]}}],"collection":[{"href":"https:\/\/smartyplantsnursery.com\/es\/wp-json\/wp\/v2\/product"}],"about":[{"href":"https:\/\/smartyplantsnursery.com\/es\/wp-json\/wp\/v2\/types\/product"}],"replies":[{"embeddable":true,"href":"https:\/\/smartyplantsnursery.com\/es\/wp-json\/wp\/v2\/comments?post=46840"}],"wp:featuredmedia":[{"embeddable":true,"href":"https:\/\/smartyplantsnursery.com\/es\/wp-json\/wp\/v2\/media\/48576"}],"wp:attachment":[{"href":"https:\/\/smartyplantsnursery.com\/es\/wp-json\/wp\/v2\/media?parent=46840"}],"wp:term":[{"taxonomy":"product_brand","embeddable":true,"href":"https:\/\/smartyplantsnursery.com\/es\/wp-json\/wp\/v2\/product_brand?post=46840"},{"taxonomy":"product_cat","embeddable":true,"href":"https:\/\/smartyplantsnursery.com\/es\/wp-json\/wp\/v2\/product_cat?post=46840"},{"taxonomy":"product_tag","embeddable":true,"href":"https:\/\/smartyplantsnursery.com\/es\/wp-json\/wp\/v2\/product_tag?post=46840"}],"curies":[{"name":"wp","href":"https:\/\/api.w.org\/{rel}","templated":true}]}}