{"id":46853,"date":"2023-04-13T23:54:03","date_gmt":"2023-04-13T23:54:03","guid":{"rendered":"https:\/\/smartyplantsnursery.com\/product\/willow-bustic-white-bully-sideroxylon-salicifolium\/"},"modified":"2026-02-17T17:58:34","modified_gmt":"2026-02-17T17:58:34","slug":"willow-bustic-white-bully-sideroxylon-salicifolium","status":"publish","type":"product","link":"https:\/\/smartyplantsnursery.com\/es\/product\/willow-bustic-white-bully-sideroxylon-salicifolium\/","title":{"rendered":"Willow-bustic, White bully &#8211; sideroxylon salicifolium"},"content":{"rendered":"<p><b>Usos generales en el paisaje:<\/b> \u00c1rbol de acento en paisajes residenciales y comerciales. Plantaciones de amortiguaci\u00f3n. <\/p>\n<p><b>Descripci\u00f3n:<\/b> \u00c1rbol mediano con una copa redondeada o estrecha. Tronco erecto, de hasta 20 pulgadas de di\u00e1metro, con muchas ramas parecidas al sauce. Corteza lisa, que se vuelve escamosa. Hojas de color verde claro, delgadas, de 2 a 6 pulgadas de largo.   <\/p>\n<p><b>Dimensiones:<\/b> Normalmente de 20 a 30 pies de altura; hasta 57 pies en el sur de Florida. M\u00e1s alto que ancho. <\/p>\n<p><b>Tasa de crecimiento:<\/b> moderada.<\/p>\n<p><b>Distribuci\u00f3n:<\/b> Desde los Cayos del Condado de Monroe hacia el norte, principalmente a lo largo de las costas, hasta los condados de Martin y Collier; Indias Occidentales, M\u00e9xico y Am\u00e9rica Central.<\/p>\n<p><b>H\u00e1bitats:<\/b> hamacas.<\/p>\n<p><b>Suelos:<\/b> Suelos arenosos o calizos h\u00famedos y bien drenados, con una capa superior rica en humus.<\/p>\n<p><b>Requisitos nutricionales:<\/b> Moderado; puede crecer en suelos pobres en nutrientes, pero necesita algo de contenido org\u00e1nico para prosperar.<\/p>\n<p><b>Tolerancia al agua salada:<\/b> Baja; no tolera las inundaciones a largo plazo con agua salada o salobre.<\/p>\n<p><b>Tolerancia al viento salino:<\/b> Moderada; crece cerca del agua salada, pero est\u00e1 protegido de la pulverizaci\u00f3n directa de sal por otra vegetaci\u00f3n.<\/p>\n<p><b>Tolerancia a la sequ\u00eda:<\/b> Alta; no requiere agua suplementaria una vez establecida.<\/p>\n<p><b>Requisitos de luz:<\/b> Pleno sol.<\/p>\n<p><b>Color de la flor:<\/b> Blanco verdoso.<\/p>\n<p><b>Caracter\u00edsticas de la flor:<\/b> Semillamativa. Fragante. <\/p>\n<p><b>Temporada de floraci\u00f3n:<\/b> Todo el a\u00f1o; pico en primavera.<\/p>\n<p><b>Fruto:<\/b> Baya negra.<\/p>\n<p><b>Fauna y ecolog\u00eda:<\/b> Planta de n\u00e9ctar para Florida duskywing (<i>Ephyriades brunneus<\/i>), red-banded hairstreak (<i>Calycopis cecrops<\/i>) y otros polinizadores.<\/p>\n<p><b>Notas de horticultura:<\/b> Se puede cultivar a partir de semillas despulpadas.<\/p>\n<p><b>Comentarios:<\/b> A veces es defoliado por orugas.<\/p>\n","protected":false},"excerpt":{"rendered":"<p><img decoding=\"async\" class=\"alignnone size-medium wp-image-31863\" src=\"https:\/\/smartyplantsnursery.com\/wp-content\/uploads\/2023\/04\/Screen-Shot-2023-04-22-at-11.28.02-PM-300x134.png\" alt=\"\" width=\"300\" height=\"134\"><\/p>\n<div class=\"container\">\n<div class=\"table-container\">\n<table>\n<thead>\n<tr>\n<th>Tama\u00f1o de la maceta<\/th>\n<th>Altura media plantada (desde la tierra hasta la parte superior de la planta)<\/th>\n<\/tr>\n<\/thead>\n<tbody>\n<tr>\n<td>3 galones\/10&#8243;<\/td>\n<td>1 &#8211; 2 pies<\/td>\n<\/tr>\n<tr>\n<td>15 galones\/17&#8243;<\/td>\n<td>6 &#8211; 8 pies<\/td>\n<\/tr>\n<tr>\n<td>25 galones\/21&#8243;<\/td>\n<td>8 &#8211; 10 pies<\/td>\n<\/tr>\n<\/tbody>\n<\/table>\n<\/div>\n<\/div>\n","protected":false},"featured_media":48835,"comment_status":"open","ping_status":"closed","template":"","meta":[],"product_brand":[59,60],"product_cat":[340,344,359,311,346,310,374,355,324,326,309,361,341,308,334,358,335,323,330,307],"product_tag":[318,327],"class_list":{"0":"post-46853","1":"product","2":"type-product","3":"status-publish","4":"has-post-thumbnail","6":"product_brand-fann","7":"product_brand-fnps","8":"product_cat-alta","9":"product_cat-arbol","10":"product_cat-arena","11":"product_cat-baja","12":"product_cat-bajo-mantenimiento","13":"product_cat-bien-drenado","14":"product_cat-fragante-2","15":"product_cat-invierno","16":"product_cat-llamativo","17":"product_cat-moderada-es-2","18":"product_cat-moderada","19":"product_cat-moderada-es-4","20":"product_cat-nativo","21":"product_cat-otono","22":"product_cat-planta-de-acento","23":"product_cat-plantas-para-mariposas-plantas-para-polinizadores","24":"product_cat-pleno-sol","25":"product_cat-primavera","26":"product_cat-semilla","27":"product_cat-verano","28":"product_tag-blanco","29":"product_tag-verde","30":"pa_pot-size-1-galon-6","31":"pa_pot-size-15-galones-17","32":"pa_pot-size-25-galones-21","33":"pa_pot-size-3-galones-10","34":"pa_pot-size-7-galones-14","37":"first","38":"instock","39":"taxable","40":"shipping-taxable","41":"purchasable","42":"product-type-variable"},"aioseo_notices":[],"_links":{"self":[{"href":"https:\/\/smartyplantsnursery.com\/es\/wp-json\/wp\/v2\/product\/46853","targetHints":{"allow":["GET"]}}],"collection":[{"href":"https:\/\/smartyplantsnursery.com\/es\/wp-json\/wp\/v2\/product"}],"about":[{"href":"https:\/\/smartyplantsnursery.com\/es\/wp-json\/wp\/v2\/types\/product"}],"replies":[{"embeddable":true,"href":"https:\/\/smartyplantsnursery.com\/es\/wp-json\/wp\/v2\/comments?post=46853"}],"wp:featuredmedia":[{"embeddable":true,"href":"https:\/\/smartyplantsnursery.com\/es\/wp-json\/wp\/v2\/media\/48835"}],"wp:attachment":[{"href":"https:\/\/smartyplantsnursery.com\/es\/wp-json\/wp\/v2\/media?parent=46853"}],"wp:term":[{"taxonomy":"product_brand","embeddable":true,"href":"https:\/\/smartyplantsnursery.com\/es\/wp-json\/wp\/v2\/product_brand?post=46853"},{"taxonomy":"product_cat","embeddable":true,"href":"https:\/\/smartyplantsnursery.com\/es\/wp-json\/wp\/v2\/product_cat?post=46853"},{"taxonomy":"product_tag","embeddable":true,"href":"https:\/\/smartyplantsnursery.com\/es\/wp-json\/wp\/v2\/product_tag?post=46853"}],"curies":[{"name":"wp","href":"https:\/\/api.w.org\/{rel}","templated":true}]}}