{"id":46861,"date":"2023-04-13T23:33:29","date_gmt":"2023-04-13T23:33:29","guid":{"rendered":"https:\/\/smartyplantsnursery.com\/product\/spicewood-pale-lidflower-calyptranthes-pallens\/"},"modified":"2026-01-26T17:36:00","modified_gmt":"2026-01-26T17:36:00","slug":"spicewood-pale-lidflower-calyptranthes-pallens","status":"publish","type":"product","link":"https:\/\/smartyplantsnursery.com\/es\/product\/spicewood-pale-lidflower-calyptranthes-pallens\/","title":{"rendered":"Spicewood, Pale lidflower &#8211; calyptranthes pallens"},"content":{"rendered":"<p><b>Usos generales en el paisajismo:<\/b> Arbusto de acento o \u00e1rbol peque\u00f1o. Tambi\u00e9n \u00fatil en plantaciones de protecci\u00f3n. <\/p>\n<p><b>Notas sobre restauraci\u00f3n ecol\u00f3gica:<\/b> \u00c1rbol de sotobosque algo poco com\u00fan en hamacas rocosas. Normalmente asociado con \u00e1reas ligeramente m\u00e1s h\u00famedas. <\/p>\n<p><b>Descripci\u00f3n:<\/b> \u00c1rbol peque\u00f1o o arbusto grande con follaje denso y una copa estrecha y redondeada. Corteza de color marr\u00f3n p\u00e1lido moteada con gris claro. Hojas planas, cubiertas de pelos rojizos cuando son j\u00f3venes, de color verde oscuro en la parte superior, de aproximadamente 2,5 a 7,5 cm de largo.  <\/p>\n<p><b>Dimensiones:<\/b> Normalmente de 4,5 a 6 metros de altura; hasta 12 metros en el sur de Florida. Generalmente m\u00e1s alto que ancho. <\/p>\n<p><b>Tasa de crecimiento:<\/b> De lento a moderado.<\/p>\n<p><b>Distribuci\u00f3n:<\/b> Cayos del Condado de Monroe y condados de Miami-Dade y Collier; Indias Occidentales, M\u00e9xico y Am\u00e9rica Central. Nativo de los Cayos de Florida en los condados de Monroe y Miami-Dade, pero muy raro o ausente en los Cayos centrales. En el continente, en el condado de Miami-Dade, nativo de Miami Rock Ridge desde Long Pine Key en el Parque Nacional Everglades al noreste hasta el r\u00edo Miami. En el condado de Collier, conocido solo en el \u00e1rea de Bear Island en Big Cypress National Preserve.   <\/p>\n<p><b>H\u00e1bitats:<\/b> Hamacas de roca.<\/p>\n<p><b>Suelos:<\/b> Suelos calizos h\u00famedos o raramente brevemente inundados, bien drenados, con una capa superior de humus.<\/p>\n<p><b>Requisitos nutricionales:<\/b> Moderado; puede crecer en suelos pobres en nutrientes, pero necesita algo de contenido org\u00e1nico para prosperar.<\/p>\n<p><b>Tolerancia al agua salada:<\/b> Baja; no tolera las inundaciones a largo plazo con agua salada o salobre.<\/p>\n<p><b>Tolerancia al viento salino:<\/b> Moderada; crece cerca del agua salada, pero est\u00e1 protegido de la pulverizaci\u00f3n directa de sal por otra vegetaci\u00f3n.<\/p>\n<p><b>Tolerancia a la sequ\u00eda:<\/b> Moderada; generalmente requiere suelos h\u00famedos, pero es tolerante a cortos per\u00edodos de sequ\u00eda una vez establecido.<\/p>\n<p><b>Requisitos de luz:<\/b> Sombra ligera a pleno sol.<\/p>\n<p><b>Color de la flor:<\/b> Blanco verdoso.<\/p>\n<p><b>Caracter\u00edsticas de la flor:<\/b> Semillamativa. Fragante <\/p>\n<p><b>Temporada de floraci\u00f3n:<\/b> Primavera-oto\u00f1o.<\/p>\n<p><b>Fruto:<\/b> Baya de color rojo oscuro.<\/p>\n<p><b>Vida silvestre y ecolog\u00eda:<\/b> Proporciona alimento y refugio para la vida silvestre. Las aves comen los frutos. <\/p>\n<p><b>Notas de horticultura:<\/b> Se puede cultivar a partir de semillas escarificadas y despulpadas. Pl\u00e1ntelas de inmediato; las semillas no se conservan bien.  Colocar en sombra ligera o a pleno sol. La germinaci\u00f3n se produce en un mes. Las plantas tienden a producir muchos tallos, por lo que es necesaria una poda temprana si se desea un \u00fanico tallo principal. <\/p>\n<p><b>Comentarios:<\/b> Est\u00e1 catalogada como amenazada por el estado de Florida.<\/p>\n","protected":false},"excerpt":{"rendered":"<p><img decoding=\"async\" class=\"alignnone size-medium wp-image-31863\" src=\"https:\/\/smartyplantsnursery.com\/wp-content\/uploads\/2023\/04\/Screen-Shot-2023-04-22-at-11.28.02-PM-300x134.png\" alt=\"\" width=\"300\" height=\"134\"><\/p>\n<div class=\"container\">\n<div class=\"table-container\">\n<table>\n<thead>\n<tr>\n<th>Tama\u00f1o de la maceta<\/th>\n<th>Altura media plantada (desde la tierra hasta la parte superior de la planta)<\/th>\n<\/tr>\n<\/thead>\n<tbody>\n<tr>\n<td>3 galones\/10&#8243;<\/td>\n<td>1 &#8211; 2 pies<\/td>\n<\/tr>\n<tr>\n<td>7 galones\/14&#8243;<\/td>\n<td>2 &#8211; 4 pies<\/td>\n<\/tr>\n<tr>\n<td>15 galones\/17&#8243;<\/td>\n<td>4 &#8211; 6 pies<\/td>\n<\/tr>\n<tr>\n<td>25 galones\/21&#8243;<\/td>\n<td>1,5 &#8211; 1,8 m<\/td>\n<\/tr>\n<tr>\n<td>45 galones\/28&#8243;<\/td>\n<td>1,8 &#8211; 3 m<\/td>\n<\/tr>\n<\/tbody>\n<\/table>\n<\/div>\n<\/div>\n","protected":false},"featured_media":48218,"comment_status":"open","ping_status":"closed","template":"","meta":[],"product_brand":[59,60],"product_cat":[304,311,346,310,374,306,324,309,313,326,361,341,308,334,358,335,323,330,303,307],"product_tag":[318,327],"class_list":{"0":"post-46861","1":"product","2":"type-product","3":"status-publish","4":"has-post-thumbnail","6":"product_brand-fann","7":"product_brand-fnps","8":"product_cat-arbusto","9":"product_cat-baja","10":"product_cat-bajo-mantenimiento","11":"product_cat-bien-drenado","12":"product_cat-fragante-2","13":"product_cat-lenta","14":"product_cat-llamativo","15":"product_cat-moderada","16":"product_cat-moderada-es","17":"product_cat-moderada-es-2","18":"product_cat-moderada-es-4","19":"product_cat-nativo","20":"product_cat-otono","21":"product_cat-planta-de-acento","22":"product_cat-plantas-para-mariposas-plantas-para-polinizadores","23":"product_cat-pleno-sol","24":"product_cat-primavera","25":"product_cat-semilla","26":"product_cat-sol-parcial","27":"product_cat-verano","28":"product_tag-blanco","29":"product_tag-verde","30":"pa_pot-size-15-galones-17","31":"pa_pot-size-25-galones-21","32":"pa_pot-size-3-galones-10","33":"pa_pot-size-45-galones-28","34":"pa_pot-size-7-galones-14","37":"first","38":"instock","39":"taxable","40":"shipping-taxable","41":"purchasable","42":"product-type-variable"},"aioseo_notices":[],"_links":{"self":[{"href":"https:\/\/smartyplantsnursery.com\/es\/wp-json\/wp\/v2\/product\/46861","targetHints":{"allow":["GET"]}}],"collection":[{"href":"https:\/\/smartyplantsnursery.com\/es\/wp-json\/wp\/v2\/product"}],"about":[{"href":"https:\/\/smartyplantsnursery.com\/es\/wp-json\/wp\/v2\/types\/product"}],"replies":[{"embeddable":true,"href":"https:\/\/smartyplantsnursery.com\/es\/wp-json\/wp\/v2\/comments?post=46861"}],"wp:featuredmedia":[{"embeddable":true,"href":"https:\/\/smartyplantsnursery.com\/es\/wp-json\/wp\/v2\/media\/48218"}],"wp:attachment":[{"href":"https:\/\/smartyplantsnursery.com\/es\/wp-json\/wp\/v2\/media?parent=46861"}],"wp:term":[{"taxonomy":"product_brand","embeddable":true,"href":"https:\/\/smartyplantsnursery.com\/es\/wp-json\/wp\/v2\/product_brand?post=46861"},{"taxonomy":"product_cat","embeddable":true,"href":"https:\/\/smartyplantsnursery.com\/es\/wp-json\/wp\/v2\/product_cat?post=46861"},{"taxonomy":"product_tag","embeddable":true,"href":"https:\/\/smartyplantsnursery.com\/es\/wp-json\/wp\/v2\/product_tag?post=46861"}],"curies":[{"name":"wp","href":"https:\/\/api.w.org\/{rel}","templated":true}]}}