{"id":46879,"date":"2023-04-13T23:12:03","date_gmt":"2023-04-13T23:12:03","guid":{"rendered":"https:\/\/smartyplantsnursery.com\/product\/myrcianthes-fragrans-arrayan-de-simpson-cereza-de-cienaga-arbol\/"},"modified":"2026-03-17T19:34:42","modified_gmt":"2026-03-17T19:34:42","slug":"myrcianthes-fragrans-arrayan-de-simpson-cereza-de-cienaga-arbol","status":"publish","type":"product","link":"https:\/\/smartyplantsnursery.com\/es\/product\/myrcianthes-fragrans-arrayan-de-simpson-cereza-de-cienaga-arbol\/","title":{"rendered":"Myrcianthes fragrans, array\u00e1n de Simpson, cereza de ci\u00e9naga (\u00e1rbol)"},"content":{"rendered":"<p><b>Usos generales en jardiner\u00eda:<\/b> Un arbusto o \u00e1rbol peque\u00f1o vers\u00e1til y atractivo, muy utilizado en jardines formales e informales. Se puede utilizar como elemento decorativo, como arbusto recortado, en grupos densos y en jardines naturalistas. Tambi\u00e9n es una gran adici\u00f3n a las plantaciones mixtas de protecci\u00f3n.  <\/p>\n<p><b>Notas sobre restauraci\u00f3n ecol\u00f3gica:<\/b> Muy raro en el interior al norte del r\u00edo Caloosahatchee y el lago Okeechobee. Casi nunca es un elemento estructural importante de los ecosistemas forestales cerrados, pero ocasionalmente es com\u00fan en los bosques costeros y los bordes de los bosques a lo largo de la costa este de Florida, especialmente en asociaci\u00f3n con mont\u00edculos de conchas. <\/p>\n<p><b>Descripci\u00f3n:<\/b> \u00c1rbol peque\u00f1o a mediano o arbusto grande con una copa estrecha formada por ramas peque\u00f1as y erectas. Corteza lisa, de color gris a marr\u00f3n rojizo claro, que se desprende en parches irregulares. Hojas algo brillantes en la parte superior, de aproximadamente 2,5 a 6 cm de largo, con muchos puntos glandulares, arom\u00e1ticas al aplastarlas.  <\/p>\n<p><b>Dimensiones:<\/b> Normalmente de 3 a 6 metros de altura; hasta 15,5 metros en el sur de Florida. Por lo general, m\u00e1s alto que ancho. <\/p>\n<p><b>Tasa de crecimiento:<\/b> De moderada a lenta.<\/p>\n<p><b>Distribuci\u00f3n:<\/b> Condado de Miami-Dade y la parte continental del Condado de Monroe, principalmente a lo largo de las costas hasta los condados de St. Johns y Lee, pero tambi\u00e9n en el interior en los condados de Hendry, Okeechobee, Osceola, Orange y Seminole, e informado para el Condado de Pinellas (Little 1978) y recolectado recientemente en la costa oeste en el <a href=\"https:\/\/cdn.plantatlas.org\/img\/specimens\/USF\/281387.jpg\" target=\"_blank\" rel=\"noopener\">Condado de Pasco<\/a> en el Werner-Boyce Salt Springs State Park y el <a href=\"https:\/\/cdn.plantatlas.org\/img\/specimens\/USF\/266145.jpg\" target=\"_blank\" rel=\"noopener\">Condado de Sarasota<\/a> cerca del extremo sur de Siesta Key; Indias Occidentales, M\u00e9xico, Am\u00e9rica Central y Am\u00e9rica del Sur. Dispersa en Cayo Hueso, donde se recolect\u00f3 una vez en el siglo XIX; otros informes como nativa en Big Pine Key se basaron en identificaciones err\u00f3neas de espec\u00edmenes de herbario.<\/p>\n<p><b>H\u00e1bitats:<\/b> hamacas.<\/p>\n<p><b>Suelos:<\/b> H\u00famedos a raramente inundados, suelos calizos o arenosos bien drenados a moderadamente bien drenados, con una capa superior humosa.<\/p>\n<p><b>Requisitos nutricionales:<\/b> Moderado; puede crecer en suelos pobres en nutrientes, pero necesita algo de contenido org\u00e1nico para prosperar.<\/p>\n<p><b>Tolerancia al agua salada:<\/b> Baja; no tolera las inundaciones a largo plazo con agua salada o salobre.<\/p>\n<p><b>Tolerancia al viento salino:<\/b> Moderada; crece cerca del agua salada, pero est\u00e1 protegido de la pulverizaci\u00f3n directa de sal por otra vegetaci\u00f3n.<\/p>\n<p><b>Tolerancia a la sequ\u00eda:<\/b> Moderada; generalmente requiere suelos h\u00famedos, pero es tolerante a cortos per\u00edodos de sequ\u00eda una vez establecido.<\/p>\n<p><b>Requisitos de luz:<\/b> Pleno sol a sombra ligera.<\/p>\n<p><b>Color de la flor:<\/b> Blanco.<\/p>\n<p><b>Caracter\u00edsticas de la flor:<\/b> Semillamativas en racimos. Fragantes. <\/p>\n<p><b>Temporada de floraci\u00f3n:<\/b> Todo el a\u00f1o; pico en primavera-verano.<\/p>\n<p><b>Fruto:<\/b> Baya globosa de color naranja a rojo de 0,6 a 1,2 cm.<\/p>\n<p><b>Fauna y ecolog\u00eda:<\/b> Proporciona alimento y refugio para la vida silvestre y atrae a las aves que comen fruta. Atrae a los polinizadores. <\/p>\n<p><b>Notas de horticultura:<\/b> Se puede cultivar a partir de semillas sin pulpa. Plantar de inmediato; las semillas no se almacenan bien. Esparcir las semillas sobre el suelo y simplemente cubrirlas. Colocar en sombra ligera.   <\/p>\n<p><b>Comentarios:<\/b> Est\u00e1 catalogado como Amenazado por el estado de Florida.<\/p>\n","protected":false},"excerpt":{"rendered":"<p><img decoding=\"async\" class=\"alignnone size-medium wp-image-31863\" src=\"https:\/\/smartyplantsnursery.com\/wp-content\/uploads\/2023\/04\/Screen-Shot-2023-04-22-at-11.28.02-PM-300x134.png\" alt=\"\" width=\"300\" height=\"134\"><\/p>\n<div class=\"container\">\n<div class=\"table-container\">\n<table>\n<thead>\n<tr>\n<th>Tama\u00f1o de la maceta<\/th>\n<th>Altura media plantada (desde la tierra hasta la parte superior de la planta)<\/th>\n<th>Calibre<\/th>\n<\/tr>\n<\/thead>\n<tbody>\n<tr>\n<td>3 galones\/10&#8243;<\/td>\n<td>1 &#8211; 2 pies<\/td>\n<td><\/td>\n<\/tr>\n<tr>\n<td>Maceta de 7 galones\/14&#8243;<\/td>\n<td>2 &#8211; 4 pies<\/td>\n<td><\/td>\n<\/tr>\n<tr>\n<td>15 galones\/17&#8243;<\/td>\n<td>4 &#8211; 6 pies<\/td>\n<td><\/td>\n<\/tr>\n<tr>\n<td>Maceta de 25 galones\/21&#8243;<\/td>\n<td>6 &#8211; 8 pies.<\/td>\n<td>1,5 &#8211; 2 pulg.<\/td>\n<\/tr>\n<tr>\n<td>Maceta de 45 galones\/28&#8243;<\/td>\n<td>8 &#8211; 10 pies.<\/td>\n<td>2 &#8211; 2,5 pulg.<\/td>\n<\/tr>\n<tr>\n<td>Maceta de 65 galones\/32&#8243;<\/td>\n<td>9 &#8211; 10 pies.<\/td>\n<td>2,5 &#8211; 3 pulg.<\/td>\n<\/tr>\n<tr>\n<td>Maceta de 100 galones\/36&#8243;<\/td>\n<td>10 &#8211; 11 pies.<\/td>\n<td>3 &#8211; 4 pulg.<\/td>\n<\/tr>\n<tr>\n<td>Maceta de 200 galones\/48&#8243;<\/td>\n<td>11 &#8211; 12 pies.<\/td>\n<td>4 &#8211; 5 pulg.<\/td>\n<\/tr>\n<\/tbody>\n<\/table>\n<\/div>\n","protected":false},"featured_media":48027,"comment_status":"open","ping_status":"closed","template":"","meta":[],"product_brand":[59,60],"product_cat":[344,346,341,358,335,303],"product_tag":[],"class_list":{"0":"post-46879","1":"product","2":"type-product","3":"status-publish","4":"has-post-thumbnail","6":"product_brand-fann","7":"product_brand-fnps","8":"product_cat-arbol","9":"product_cat-bajo-mantenimiento","10":"product_cat-nativo","11":"product_cat-plantas-para-mariposas-plantas-para-polinizadores","12":"product_cat-pleno-sol","13":"product_cat-sol-parcial","14":"pa_pot-size-100-galones-36","15":"pa_pot-size-15-galones-17","16":"pa_pot-size-200-galones-48","17":"pa_pot-size-25-galones-21","18":"pa_pot-size-3-galones-10","19":"pa_pot-size-45-galones-28","20":"pa_pot-size-65-galones-32","21":"pa_pot-size-7-galones-14","24":"first","25":"instock","26":"taxable","27":"shipping-taxable","28":"purchasable","29":"product-type-variable"},"aioseo_notices":[],"_links":{"self":[{"href":"https:\/\/smartyplantsnursery.com\/es\/wp-json\/wp\/v2\/product\/46879","targetHints":{"allow":["GET"]}}],"collection":[{"href":"https:\/\/smartyplantsnursery.com\/es\/wp-json\/wp\/v2\/product"}],"about":[{"href":"https:\/\/smartyplantsnursery.com\/es\/wp-json\/wp\/v2\/types\/product"}],"replies":[{"embeddable":true,"href":"https:\/\/smartyplantsnursery.com\/es\/wp-json\/wp\/v2\/comments?post=46879"}],"wp:featuredmedia":[{"embeddable":true,"href":"https:\/\/smartyplantsnursery.com\/es\/wp-json\/wp\/v2\/media\/48027"}],"wp:attachment":[{"href":"https:\/\/smartyplantsnursery.com\/es\/wp-json\/wp\/v2\/media?parent=46879"}],"wp:term":[{"taxonomy":"product_brand","embeddable":true,"href":"https:\/\/smartyplantsnursery.com\/es\/wp-json\/wp\/v2\/product_brand?post=46879"},{"taxonomy":"product_cat","embeddable":true,"href":"https:\/\/smartyplantsnursery.com\/es\/wp-json\/wp\/v2\/product_cat?post=46879"},{"taxonomy":"product_tag","embeddable":true,"href":"https:\/\/smartyplantsnursery.com\/es\/wp-json\/wp\/v2\/product_tag?post=46879"}],"curies":[{"name":"wp","href":"https:\/\/api.w.org\/{rel}","templated":true}]}}