{"id":46888,"date":"2023-04-13T23:27:28","date_gmt":"2023-04-13T23:27:28","guid":{"rendered":"https:\/\/smartyplantsnursery.com\/product\/pino-del-sur-de-florida-pino-pinus-elliottii-var-densa\/"},"modified":"2026-03-07T14:03:11","modified_gmt":"2026-03-07T14:03:11","slug":"pino-del-sur-de-florida-pino-pinus-elliottii-var-densa","status":"publish","type":"product","link":"https:\/\/smartyplantsnursery.com\/es\/product\/pino-del-sur-de-florida-pino-pinus-elliottii-var-densa\/","title":{"rendered":"Pino del sur de Florida \/ Pino &#8211; pinus elliottii var. densa"},"content":{"rendered":"<p><b>Usos generales en el paisajismo:<\/b> \u00c1rbol de acento o esp\u00e9cimen en paisajes residenciales y comerciales.<\/p>\n<p><b>Notas sobre la restauraci\u00f3n ecol\u00f3gica:<\/b> Un elemento clave de los bosques de pinos del sur de Florida, incluyendo pinares rocosos, pinares planos y pinares planos achaparrados; el \u00fanico \u00e1rbol de dosel en estos ecosistemas.<\/p>\n<p><b>Descripci\u00f3n:<\/b> \u00c1rbol de mediano a grande con una copa peque\u00f1a, irregular a abierta, ampliamente c\u00f3nica. Troncos generalmente rectos, pero a veces inclinados o retorcidos, de hasta 2 pies de di\u00e1metro o m\u00e1s, pero generalmente mucho m\u00e1s peque\u00f1os. Corteza de color gris oscuro a marr\u00f3n rojizo, surcada y dividida en placas irregulares. Agujas en haces de 2 o 3, de 7 a 12 pulgadas de largo, de color verde oscuro y brillante.   <\/p>\n<p><b>Dimensiones:<\/b> T\u00edpicamente de 30 a 50 pies de altura en el sur de Florida; hasta 64 pies en Florida. M\u00e1s alto que ancho. <\/p>\n<p><b>Tasa de crecimiento:<\/b> De moderada a r\u00e1pida.<\/p>\n<p><b>Distribuci\u00f3n:<\/b> End\u00e9mico de la Florida peninsular al sur de los Cayos del Condado de Monroe. En los Cayos del Condado de Monroe, se conoce solo del Cayo Largo Norte, donde ahora est\u00e1 extirpado, y de los pinares rocosos de Big Pine Key y las islas cercanas. <\/p>\n<p><b>H\u00e1bitats:<\/b> Pinares y pinares planos achaparrados.<\/p>\n<p><b>Suelos:<\/b> Suelos arenosos o calizos h\u00famedos a estacionalmente h\u00famedos, bien drenados, sin humus.<\/p>\n<p><b>Requisitos nutricionales:<\/b> Bajos; crece en suelos pobres en nutrientes.<\/p>\n<p><b>Tolerancia al agua salada:<\/b> Baja; no tolera las inundaciones a largo plazo con agua salada o salobre.<\/p>\n<p><b>Tolerancia al viento salino:<\/b> Moderada; crece cerca del agua salada, pero est\u00e1 protegido de la pulverizaci\u00f3n directa de sal por otra vegetaci\u00f3n.<\/p>\n<p><b>Tolerancia a la sequ\u00eda:<\/b> Alta; no requiere agua suplementaria una vez establecida.<\/p>\n<p><b>Requisitos de luz:<\/b> Pleno sol.<\/p>\n<p><b>Color de la flor:<\/b> Verdoso que se vuelve marr\u00f3n.<\/p>\n<p><b>Caracter\u00edsticas de la flor:<\/b> Cono. La polinizaci\u00f3n es por el viento. <\/p>\n<p><b>Temporada de floraci\u00f3n:<\/b> Invierno-primavera.<\/p>\n<p><b>Fruto:<\/b> Cono marr\u00f3n. Los conos se abren y las semillas se liberan en el oto\u00f1o siguiente a la polinizaci\u00f3n. <\/p>\n<p><b>Vida silvestre y ecolog\u00eda:<\/b> Proporciona cantidades moderadas de alimento y cobertura para la vida silvestre. Sin embargo, los \u00e1rboles grandes son muy importantes para los que anidan en cavidades. <\/p>\n<p><b>Notas de horticultura:<\/b> Se puede cultivar a partir de semillas.<\/p>\n<p><b>Comentarios:<\/b> Una vez uno de los \u00e1rboles dominantes del paisaje del sur de Florida, este hermoso \u00e1rbol ha sido talado y despejado hasta tal punto que en algunas \u00e1reas ahora es dif\u00edcil encontrar \u00e1rboles adultos. En la mayor\u00eda de las \u00e1reas del sur de Florida con suelos arenosos, este no es un \u00e1rbol dif\u00edcil de cultivar, pero es m\u00e1s dif\u00edcil de cultivar en los suelos calizos de los condados de Miami-Dade y Monroe. La madera se ha utilizado mucho para la construcci\u00f3n y otros fines.  <\/p>\n","protected":false},"excerpt":{"rendered":"<p><img decoding=\"async\" class=\"alignnone size-medium wp-image-31863\" src=\"https:\/\/smartyplantsnursery.com\/wp-content\/uploads\/2023\/04\/Screen-Shot-2023-04-22-at-11.28.02-PM-300x134.png\" alt=\"\" width=\"300\" height=\"134\"><\/p>\n<div class=\"container\">\n<div class=\"table-container\">\n<table>\n<thead>\n<tr>\n<th>Tama\u00f1o de la maceta<\/th>\n<th>Altura media plantada (desde la tierra hasta la parte superior de la planta)<\/th>\n<th>Calibre<\/th>\n<\/tr>\n<\/thead>\n<tbody>\n<tr>\n<td>3 galones\/10&#8243;<\/td>\n<td>1 &#8211; 3 pies<\/td>\n<td><\/td>\n<\/tr>\n<tr>\n<td>7 galones\/14&#8243;<\/td>\n<td>3 &#8211; 6 pies<\/td>\n<td>1 &#8211; 1,5&#8243;<\/td>\n<\/tr>\n<tr>\n<td>15 galones\/17&#8243;<\/td>\n<td>6 &#8211; 8 pies<\/td>\n<td>1,5 &#8211; 2&#8243;<\/td>\n<\/tr>\n<tr>\n<td>25 galones\/21&#8243;<\/td>\n<td>8 &#8211; 10 pies<\/td>\n<td>2 &#8211; 3&#8243;<\/td>\n<\/tr>\n<tr>\n<td>45 galones\/28&#8243;<\/td>\n<td>10 &#8211; 12 pies<\/td>\n<td>3 &#8211; 4&#8243;<\/td>\n<\/tr>\n<\/tbody>\n<\/table>\n<\/div>\n<\/div>\n","protected":false},"featured_media":50389,"comment_status":"open","ping_status":"closed","template":"","meta":[],"product_brand":[59,60],"product_cat":[340,344,359,311,357,346,310,326,361,341,334,314,358,335,322,330],"product_tag":[356,327],"class_list":{"0":"post-46888","1":"product","2":"type-product","3":"status-publish","4":"has-post-thumbnail","6":"product_brand-fann","7":"product_brand-fnps","8":"product_cat-alta","9":"product_cat-arbol","10":"product_cat-arena","11":"product_cat-baja","12":"product_cat-baja-es-3","13":"product_cat-bajo-mantenimiento","14":"product_cat-bien-drenado","15":"product_cat-moderada-es-2","16":"product_cat-moderada-es-4","17":"product_cat-nativo","18":"product_cat-planta-de-acento","19":"product_cat-planta-de-especimen","20":"product_cat-plantas-para-mariposas-plantas-para-polinizadores","21":"product_cat-pleno-sol","22":"product_cat-rapido","23":"product_cat-semilla","24":"product_tag-marron","25":"product_tag-verde","26":"pa_pot-size-15-galones-17","27":"pa_pot-size-25-galones-21","28":"pa_pot-size-3-galones-10","29":"pa_pot-size-45-galones-28","30":"pa_pot-size-7-galones-14","33":"first","34":"instock","35":"taxable","36":"shipping-taxable","37":"purchasable","38":"product-type-variable"},"aioseo_notices":[],"_links":{"self":[{"href":"https:\/\/smartyplantsnursery.com\/es\/wp-json\/wp\/v2\/product\/46888","targetHints":{"allow":["GET"]}}],"collection":[{"href":"https:\/\/smartyplantsnursery.com\/es\/wp-json\/wp\/v2\/product"}],"about":[{"href":"https:\/\/smartyplantsnursery.com\/es\/wp-json\/wp\/v2\/types\/product"}],"replies":[{"embeddable":true,"href":"https:\/\/smartyplantsnursery.com\/es\/wp-json\/wp\/v2\/comments?post=46888"}],"wp:featuredmedia":[{"embeddable":true,"href":"https:\/\/smartyplantsnursery.com\/es\/wp-json\/wp\/v2\/media\/50389"}],"wp:attachment":[{"href":"https:\/\/smartyplantsnursery.com\/es\/wp-json\/wp\/v2\/media?parent=46888"}],"wp:term":[{"taxonomy":"product_brand","embeddable":true,"href":"https:\/\/smartyplantsnursery.com\/es\/wp-json\/wp\/v2\/product_brand?post=46888"},{"taxonomy":"product_cat","embeddable":true,"href":"https:\/\/smartyplantsnursery.com\/es\/wp-json\/wp\/v2\/product_cat?post=46888"},{"taxonomy":"product_tag","embeddable":true,"href":"https:\/\/smartyplantsnursery.com\/es\/wp-json\/wp\/v2\/product_tag?post=46888"}],"curies":[{"name":"wp","href":"https:\/\/api.w.org\/{rel}","templated":true}]}}