{"id":46906,"date":"2023-04-13T23:24:24","date_gmt":"2023-04-13T23:24:24","guid":{"rendered":"https:\/\/smartyplantsnursery.com\/product\/smooth-strongback-bahama-strongbark-bourreria-succulenta\/"},"modified":"2026-03-07T14:02:26","modified_gmt":"2026-03-07T14:02:26","slug":"smooth-strongback-bahama-strongbark-bourreria-succulenta","status":"publish","type":"product","link":"https:\/\/smartyplantsnursery.com\/es\/product\/smooth-strongback-bahama-strongbark-bourreria-succulenta\/","title":{"rendered":"Smooth strongback, bahama strongbark &#8211; bourreria succulenta"},"content":{"rendered":"<p><b>Usos generales en el paisajismo:<\/b> Arbusto de floraci\u00f3n o \u00e1rbol peque\u00f1o de acento o esp\u00e9cimen.<\/p>\n<p><b>Notas sobre la restauraci\u00f3n ecol\u00f3gica:<\/b> Una especie relativamente com\u00fan de dosel medio o ecotonal en las hamacas rocosas de los Cayos de Florida. Muy rara en otros lugares. <\/p>\n<p><b>Descripci\u00f3n:<\/b> Arbusto grande o \u00e1rbol peque\u00f1o con ramas extendidas que se inclinan hacia las puntas. Troncos erectos, de aproximadamente 2 a 6 pulgadas de di\u00e1metro. Corteza delgada, de color marr\u00f3n claro con un tinte rojo, ligeramente rugosa. Hojas lisas, brillantes, de aproximadamente 2 a 3 pulgadas de largo. Las hojas pueden ser vellosas o incluso \u00e1speras cuando las plantas son inmaduras, lo que a veces lleva a que se identifique err\u00f3neamente como la muy rara B. radula.    <\/p>\n<p><b>Dimensiones:<\/b> Por lo general, de 10 a 15 pies de altura; hasta 28 pies en el sur de Florida. Puede ser tan ancho como alto a pleno sol, pero generalmente m\u00e1s alto que ancho a la sombra. <\/p>\n<p><b>Tasa de crecimiento:<\/b> moderada.<\/p>\n<p><b>Distribuci\u00f3n:<\/b> Cayos del condado de Monroe y condado de Miami-Dade; Indias Occidentales y el norte de Sudam\u00e9rica. Muy rara en el continente al sur del r\u00edo Miami. <\/p>\n<p><b>H\u00e1bitats:<\/b> Hamacas costeras.<\/p>\n<p><b>Suelos:<\/b> Suelos calizos o arenosos calc\u00e1reos h\u00famedos y bien drenados con una capa superior humosa.<\/p>\n<p><b>Requisitos nutricionales:<\/b> Moderado; puede crecer en suelos pobres en nutrientes, pero necesita algo de contenido org\u00e1nico para prosperar.<\/p>\n<p><b>Tolerancia al agua salada:<\/b> Baja; no tolera las inundaciones a largo plazo con agua salada o salobre.<\/p>\n<p><b>Tolerancia al viento salino:<\/b> Moderada; crece cerca del agua salada, pero est\u00e1 protegido de la pulverizaci\u00f3n directa de sal por otra vegetaci\u00f3n.<\/p>\n<p><b>Tolerancia a la sequ\u00eda:<\/b> Alta; no requiere agua suplementaria una vez establecida.<\/p>\n<p><b>Requisitos de luz:<\/b> Pleno sol a sombra ligera.<\/p>\n<p><b>Color de la flor:<\/b> Blanco.<\/p>\n<p><b>Caracter\u00edsticas de la flor:<\/b> Semillamativa, de aproximadamente 1\/2&#8243; de ancho. Arom\u00e1tica. <\/p>\n<p><b>Temporada de floraci\u00f3n:<\/b> Todo el a\u00f1o; pico en verano-oto\u00f1o.<\/p>\n<p><b>Fruto:<\/b> Drupa de color naranja brillante a naranja rojizo.<\/p>\n<p><b>Vida silvestre y ecolog\u00eda:<\/b> Proporciona alimento y cobertura significativos para la vida silvestre, incluidos los colibr\u00edes y otros animales peque\u00f1os. <b>Planta de n\u00e9ctar<\/b> para la mariposa papilio bahamense (<i>Papilio andraemon<\/i>), la mariposa papilio cresphontes (<i>Papilio cresphontes<\/i>), la julia (<i>Dryas iulia<\/i>), la phoebis agarithe grande (<i>Phoebis agarithe<\/i>), la phocides pigmalion de mangle (<i>Phocides pigmalion<\/i>), la wallengrenia otho sure\u00f1a (<i>Wallengrenia otho<\/i>) y otras mariposas.<\/p>\n<p><b>Notas de horticultura:<\/b> Se puede cultivar a partir de semillas despulpadas y escarificadas. La germinaci\u00f3n puede tardar de 1 a 2 meses. <\/p>\n<p><b>Comentarios:<\/b> Est\u00e1 catalogada como en peligro de extinci\u00f3n por el estado de Florida. Sin\u00f3nimos hort\u00edcolas: B. ovata. <\/p>\n","protected":false},"excerpt":{"rendered":"<p><img decoding=\"async\" class=\"alignnone size-medium wp-image-31863\" src=\"https:\/\/smartyplantsnursery.com\/wp-content\/uploads\/2023\/04\/Screen-Shot-2023-04-22-at-11.28.02-PM-300x134.png\" alt=\"\" width=\"300\" height=\"134\"><\/p>\n<div class=\"container\">\n<div class=\"table-container\">\n<table>\n<thead>\n<tr>\n<th>Tama\u00f1o de la maceta<\/th>\n<th>Altura media plantada (desde la tierra hasta la parte superior de la planta)<\/th>\n<th>Calibre<\/th>\n<\/tr>\n<\/thead>\n<tbody>\n<tr>\n<td>3 galones\/10&#8243;<\/td>\n<td>0,6 &#8211; 1,2 m<\/td>\n<td><\/td>\n<\/tr>\n<tr>\n<td>7 galones\/14&#8243;<\/td>\n<td>1,2 &#8211; 1,8 m<\/td>\n<td><\/td>\n<\/tr>\n<tr>\n<td>15 galones\/17&#8243;<\/td>\n<td>6 &#8211; 8 pies<\/td>\n<td><\/td>\n<\/tr>\n<tr>\n<td>25 galones\/21&#8243;<\/td>\n<td>8 &#8211; 10 pies<\/td>\n<td><\/td>\n<\/tr>\n<tr>\n<td>170 litros\/71 cm<\/td>\n<td>3 &#8211; 3,7 m<\/td>\n<td>7,6 &#8211; 8,9 cm<\/td>\n<\/tr>\n<\/tbody>\n<\/table>\n<\/div>\n<\/div>\n","protected":false},"featured_media":48079,"comment_status":"open","ping_status":"closed","template":"","meta":[],"product_brand":[59,60],"product_cat":[340,344,359,311,346,310,355,324,326,309,361,341,308,334,314,358,335,323,330,303,307],"product_tag":[318],"class_list":{"0":"post-46906","1":"product","2":"type-product","3":"status-publish","4":"has-post-thumbnail","6":"product_brand-fann","7":"product_brand-fnps","8":"product_cat-alta","9":"product_cat-arbol","10":"product_cat-arena","11":"product_cat-baja","12":"product_cat-bajo-mantenimiento","13":"product_cat-bien-drenado","14":"product_cat-invierno","15":"product_cat-llamativo","16":"product_cat-moderada-es-2","17":"product_cat-moderada","18":"product_cat-moderada-es-4","19":"product_cat-nativo","20":"product_cat-otono","21":"product_cat-planta-de-acento","22":"product_cat-planta-de-especimen","23":"product_cat-plantas-para-mariposas-plantas-para-polinizadores","24":"product_cat-pleno-sol","25":"product_cat-primavera","26":"product_cat-semilla","27":"product_cat-sol-parcial","28":"product_cat-verano","29":"product_tag-blanco","30":"pa_pot-size-15-galones-17","31":"pa_pot-size-25-galones-21","32":"pa_pot-size-3-galones-10","33":"pa_pot-size-45-galones-28","34":"pa_pot-size-7-galones-14","37":"first","38":"instock","39":"taxable","40":"shipping-taxable","41":"purchasable","42":"product-type-variable"},"aioseo_notices":[],"_links":{"self":[{"href":"https:\/\/smartyplantsnursery.com\/es\/wp-json\/wp\/v2\/product\/46906","targetHints":{"allow":["GET"]}}],"collection":[{"href":"https:\/\/smartyplantsnursery.com\/es\/wp-json\/wp\/v2\/product"}],"about":[{"href":"https:\/\/smartyplantsnursery.com\/es\/wp-json\/wp\/v2\/types\/product"}],"replies":[{"embeddable":true,"href":"https:\/\/smartyplantsnursery.com\/es\/wp-json\/wp\/v2\/comments?post=46906"}],"wp:featuredmedia":[{"embeddable":true,"href":"https:\/\/smartyplantsnursery.com\/es\/wp-json\/wp\/v2\/media\/48079"}],"wp:attachment":[{"href":"https:\/\/smartyplantsnursery.com\/es\/wp-json\/wp\/v2\/media?parent=46906"}],"wp:term":[{"taxonomy":"product_brand","embeddable":true,"href":"https:\/\/smartyplantsnursery.com\/es\/wp-json\/wp\/v2\/product_brand?post=46906"},{"taxonomy":"product_cat","embeddable":true,"href":"https:\/\/smartyplantsnursery.com\/es\/wp-json\/wp\/v2\/product_cat?post=46906"},{"taxonomy":"product_tag","embeddable":true,"href":"https:\/\/smartyplantsnursery.com\/es\/wp-json\/wp\/v2\/product_tag?post=46906"}],"curies":[{"name":"wp","href":"https:\/\/api.w.org\/{rel}","templated":true}]}}