{"id":46915,"date":"2023-04-13T22:40:28","date_gmt":"2023-04-13T22:40:28","guid":{"rendered":"https:\/\/smartyplantsnursery.com\/product\/uva-de-mar-arbol-coccoloba-uvifera\/"},"modified":"2026-03-07T14:00:31","modified_gmt":"2026-03-07T14:00:31","slug":"uva-de-mar-arbol-coccoloba-uvifera","status":"publish","type":"product","link":"https:\/\/smartyplantsnursery.com\/es\/product\/uva-de-mar-arbol-coccoloba-uvifera\/","title":{"rendered":"Uva de mar (\u00e1rbol) &#8211; coccoloba uvifera"},"content":{"rendered":"<p><b>Usos generales en el paisaje:<\/b> \u00c1rbol de sombra grande en zonas costeras. Setos formales o informales. Tambi\u00e9n \u00fatil en plantaciones de protecci\u00f3n.  <\/p>\n<p><b>Notas sobre la restauraci\u00f3n ecol\u00f3gica:<\/b> Un elemento clave de los bosques costeros, especialmente a lo largo del borde de barlovento de las hamacas mar\u00edtimas.<\/p>\n<p><b>Descripci\u00f3n:<\/b> \u00c1rbol de mediano a grande con una copa redondeada, a menudo ramific\u00e1ndose cerca del suelo. Troncos que se vuelven masivos, de 1 1\/2 pies de di\u00e1metro o m\u00e1s. Corteza de color marr\u00f3n claro, irregular. Hojas gruesas, grandes, redondeadas, de 6-12 pulgadas de di\u00e1metro, con venas rojas prominentes en ambos lados, de colores brillantes cuando emergen y justo antes de caerse.   <\/p>\n<p><b>Dimensiones:<\/b> Por lo general, de 10 a 50 pies de altura; hasta 62 pies en el sur de Florida. A menudo m\u00e1s ancho que alto. <\/p>\n<p><b>Tasa de crecimiento:<\/b> moderada.<\/p>\n<p><b>Distribuci\u00f3n:<\/b> Desde los Cayos del Condado de Monroe hacia el norte a lo largo de las costas hasta los condados de Brevard y Pasco, ahora extendi\u00e9ndose hacia el norte y hacia el interior; Bermudas, Indias Occidentales, M\u00e9xico, Am\u00e9rica Central y Am\u00e9rica del Sur.<\/p>\n<p><b>H\u00e1bitats:<\/b> Hamacas y matorrales costeros.<\/p>\n<p><b>Suelos:<\/b> Suelos arenosos o calizos h\u00famedos y bien drenados, con una capa superior rica en humus.<\/p>\n<p><b>Requisitos nutricionales:<\/b> Moderado; puede crecer en suelos pobres en nutrientes, pero necesita algo de contenido org\u00e1nico para prosperar.<\/p>\n<p><b>Tolerancia al agua salada:<\/b> Moderada; tolera agua salobre o inundaciones ocasionales por agua salada.<\/p>\n<p><b>Tolerancia al viento salino:<\/b> L\u00ednea secundaria; tolera un viento salino significativo sin sufrir da\u00f1os, pero generalmente est\u00e1 algo protegido.<\/p>\n<p><b>Tolerancia a la sequ\u00eda:<\/b> Alta; no requiere agua suplementaria una vez establecida.<\/p>\n<p><b>Requisitos de luz:<\/b> Pleno sol.<\/p>\n<p><b>Color de la flor:<\/b> S\u00e9palos de color blanco verdoso con p\u00e9talos de color blanco cremoso.<\/p>\n<p><b>Caracter\u00edsticas de la flor:<\/b> Semillamativas, nacidas en racimos largos, de 6-14 pulgadas de largo. Esencialmente dioicas, con flores masculinas y femeninas en diferentes plantas; a veces los \u00e1rboles masculinos dan algunos frutos est\u00e9riles. <\/p>\n<p><b>Temporada de floraci\u00f3n:<\/b> Todo el a\u00f1o; pico en primavera-verano.<\/p>\n<p><b>Fruto:<\/b> Aquenio parecido a una baya, de color p\u00farpura cuando est\u00e1 maduro. Comestible, 3\/4&#8243; de largo. <\/p>\n<p><b>Vida silvestre y ecolog\u00eda:<\/b> Un componente extremadamente importante de los ecosistemas costeros y uno de los \u00e1rboles nativos m\u00e1s tolerantes a la sal. Proporciona cantidades moderadas de alimento y cobertura para la vida silvestre. Planta de n\u00e9ctar para Florida duskywing (<i>Ephyriades brunneus<\/i>), julia (<i>Dryas iulia<\/i>), Schaus&#8217; swallowtail (<i>Papilio aristodemus ponceanus<\/i>), la fulvous hairstreak introducida (<i>Electrostrymon angelica<\/i>) y otras mariposas, y atrae a las abejas polinizadoras. La vida silvestre m\u00e1s grande come los frutos.   <\/p>\n<p><b>Notas de horticultura:<\/b> Se puede cultivar a partir de semillas despulpadas. Plantar inmediatamente; las semillas no se almacenan bien. La germinaci\u00f3n se produce en 1-2 meses o m\u00e1s.  <\/p>\n<p><b>Comentarios:<\/b> Este es un \u00e1rbol de extensi\u00f3n muy amplia, que act\u00faa con mayor frecuencia como un arbusto gigante. Los bosques de \u00e1rboles de uva de mar est\u00e1n esculpidos por el viento a lo largo de la costa. Los frutos se pueden utilizar para hacer jalea.  <\/p>\n","protected":false},"excerpt":{"rendered":"<p><img decoding=\"async\" class=\"alignnone size-medium wp-image-31863\" src=\"https:\/\/smartyplantsnursery.com\/wp-content\/uploads\/2023\/04\/Screen-Shot-2023-04-22-at-11.28.02-PM-300x134.png\" alt=\"\" width=\"300\" height=\"134\"><\/p>\n<div class=\"container\">\n<div class=\"table-container\">\n<table>\n<thead>\n<tr>\n<th>Tama\u00f1o de la maceta<\/th>\n<th>Altura media plantada (desde la tierra hasta la parte superior de la planta)<\/th>\n<th>Calibre<\/th>\n<\/tr>\n<\/thead>\n<tbody>\n<tr>\n<td>3 galones\/10&#8243;<\/td>\n<td>0,6 &#8211; 1,2 m<\/td>\n<td><\/td>\n<\/tr>\n<tr>\n<td>7 galones\/14&#8243;<\/td>\n<td>4 &#8211; 6 pies<\/td>\n<td>0,5 &#8211; 1 pulg.<\/td>\n<\/tr>\n<tr>\n<td>15 galones\/17&#8243;<\/td>\n<td>1,8 &#8211; 2,4 m<\/td>\n<td>2,5 &#8211; 3,8 cm<\/td>\n<\/tr>\n<tr>\n<td>25 galones\/21&#8243;<\/td>\n<td>8 &#8211; 10 pies<\/td>\n<td>1,5 &#8211; 2 pulg.<\/td>\n<\/tr>\n<tr>\n<td>45 galones\/28&#8243;<\/td>\n<td>3 &#8211; 4,2 m<\/td>\n<td>5 &#8211; 7,6 cm<\/td>\n<\/tr>\n<tr>\n<td>100 galones\/36&#8243;<\/td>\n<td>14 &#8211; 16 pies<\/td>\n<td>3 &#8211; 4 pulg.<\/td>\n<\/tr>\n<\/tbody>\n<\/table>\n<\/div>\n<\/div>\n","protected":false},"featured_media":50393,"comment_status":"open","ping_status":"closed","template":"","meta":[],"product_brand":[59,60],"product_cat":[344,346,341,358,335],"product_tag":[],"class_list":{"0":"post-46915","1":"product","2":"type-product","3":"status-publish","4":"has-post-thumbnail","6":"product_brand-fann","7":"product_brand-fnps","8":"product_cat-arbol","9":"product_cat-bajo-mantenimiento","10":"product_cat-nativo","11":"product_cat-plantas-para-mariposas-plantas-para-polinizadores","12":"product_cat-pleno-sol","13":"pa_pot-size-100-galones-36","14":"pa_pot-size-15-galones-17","15":"pa_pot-size-25-galones-21","16":"pa_pot-size-3-galones-10","17":"pa_pot-size-45-galones-28","18":"pa_pot-size-7-galones-14","21":"first","22":"instock","23":"taxable","24":"shipping-taxable","25":"purchasable","26":"product-type-variable"},"aioseo_notices":[],"_links":{"self":[{"href":"https:\/\/smartyplantsnursery.com\/es\/wp-json\/wp\/v2\/product\/46915","targetHints":{"allow":["GET"]}}],"collection":[{"href":"https:\/\/smartyplantsnursery.com\/es\/wp-json\/wp\/v2\/product"}],"about":[{"href":"https:\/\/smartyplantsnursery.com\/es\/wp-json\/wp\/v2\/types\/product"}],"replies":[{"embeddable":true,"href":"https:\/\/smartyplantsnursery.com\/es\/wp-json\/wp\/v2\/comments?post=46915"}],"wp:featuredmedia":[{"embeddable":true,"href":"https:\/\/smartyplantsnursery.com\/es\/wp-json\/wp\/v2\/media\/50393"}],"wp:attachment":[{"href":"https:\/\/smartyplantsnursery.com\/es\/wp-json\/wp\/v2\/media?parent=46915"}],"wp:term":[{"taxonomy":"product_brand","embeddable":true,"href":"https:\/\/smartyplantsnursery.com\/es\/wp-json\/wp\/v2\/product_brand?post=46915"},{"taxonomy":"product_cat","embeddable":true,"href":"https:\/\/smartyplantsnursery.com\/es\/wp-json\/wp\/v2\/product_cat?post=46915"},{"taxonomy":"product_tag","embeddable":true,"href":"https:\/\/smartyplantsnursery.com\/es\/wp-json\/wp\/v2\/product_tag?post=46915"}],"curies":[{"name":"wp","href":"https:\/\/api.w.org\/{rel}","templated":true}]}}