{"id":46933,"date":"2023-04-13T23:20:36","date_gmt":"2023-04-13T23:20:36","guid":{"rendered":"https:\/\/smartyplantsnursery.com\/product\/viburnum-pequeno-viburnum-de-walter-viburnum-obovatum\/"},"modified":"2026-03-18T23:09:57","modified_gmt":"2026-03-18T23:09:57","slug":"viburnum-pequeno-viburnum-de-walter-viburnum-obovatum","status":"publish","type":"product","link":"https:\/\/smartyplantsnursery.com\/es\/product\/viburnum-pequeno-viburnum-de-walter-viburnum-obovatum\/","title":{"rendered":"Viburnum peque\u00f1o, viburnum de Walter &#8211; viburnum obovatum"},"content":{"rendered":"<p><b>Usos generales en el paisaje:<\/b> Arbusto o \u00e1rbol peque\u00f1o de acento o esp\u00e9cimen. Setos informales y formales. Plantaciones de amortiguaci\u00f3n.  <\/p>\n<p><b>Descripci\u00f3n:<\/b> \u00c1rbol peque\u00f1o a mediano con una copa ampliamente extendida. Troncos de hasta 15 cm de di\u00e1metro, pero generalmente mucho menos en el sur de Florida. Corteza casi negra, surcada. Hojas semi-caducifolias templadas, de color verde oscuro en la parte superior, p\u00e1lidas en la parte inferior, de aproximadamente 1\/2-1 1\/2 pulgadas de largo.   <\/p>\n<p><b>Dimensiones:<\/b> T\u00edpicamente de 3 a 6 metros de altura en el sur de Florida; hasta 9 metros en Florida. A menudo tan ancho como alto. <\/p>\n<p><b>Tasa de crecimiento:<\/b> moderada.<\/p>\n<p><b>Distribuci\u00f3n:<\/b> Sudeste de los Estados Unidos al sur del condado de Broward y el territorio continental del condado de Monroe. Muy raro en el sureste de Florida. En el condado de Broward conocido solo del Fern Forest Nature Center.  <\/p>\n<p><b>H\u00e1bitats:<\/b> Bosques de llanuras aluviales y hamacas<\/p>\n<p><b>Suelos:<\/b> Suelos arenosos estacionalmente h\u00famedos a h\u00famedos, moderadamente bien drenados, con una capa superior humosa.<\/p>\n<p><b>Requisitos nutricionales:<\/b> Moderado; puede crecer en suelos pobres en nutrientes, pero necesita algo de contenido org\u00e1nico para prosperar.<\/p>\n<p><b>Tolerancia al agua salada:<\/b> Baja; no tolera las inundaciones de agua salada o salobre.<\/p>\n<p><b>Tolerancia al viento salado:<\/b> Baja; el viento salado puede quemar las hojas.<\/p>\n<p><b>Tolerancia a la sequ\u00eda:<\/b> Moderada; generalmente requiere suelos h\u00famedos, pero es tolerante a cortos per\u00edodos de sequ\u00eda una vez establecido.<\/p>\n<p><b>Requisitos de luz:<\/b> Pleno sol a sombra ligera.<\/p>\n<p><b>Color de la flor:<\/b> Blanco.<\/p>\n<p><b>Caracter\u00edsticas de la flor:<\/b> Semillamativa.<\/p>\n<p><b>Temporada de floraci\u00f3n:<\/b> Invierno-primavera.<\/p>\n<p><b>Fruto:<\/b> Drupa, roja que se vuelve negra.<\/p>\n<p><b>Vida silvestre y ecolog\u00eda:<\/b> Proporciona alimento y cobertura significativos para la vida silvestre. Atrae a los polinizadores. Las aves y otros animales comen los frutos.  <\/p>\n<p><b>Comentarios:<\/b><\/p>\n","protected":false},"excerpt":{"rendered":"<p><img decoding=\"async\" class=\"alignnone size-medium wp-image-31863\" src=\"https:\/\/smartyplantsnursery.com\/wp-content\/uploads\/2023\/04\/Screen-Shot-2023-04-22-at-11.28.02-PM-300x134.png\" alt=\"\" width=\"300\" height=\"134\"><\/p>\n<div class=\"container\">\n<div class=\"table-container\">\n<table>\n<thead>\n<tr>\n<th>Tama\u00f1o de la maceta<\/th>\n<th>Altura media plantada (desde la tierra hasta la parte superior de la planta)<\/th>\n<\/tr>\n<\/thead>\n<tbody>\n<tr>\n<td>3 galones\/10&#8243;<\/td>\n<td>1 &#8211; 2 pies<\/td>\n<\/tr>\n<tr>\n<td>7 galones\/14&#8243;<\/td>\n<td>0,6 &#8211; 0,9 m<\/td>\n<\/tr>\n<tr>\n<td>15 galones\/17&#8243;<\/td>\n<td>0,9 &#8211; 1,2 m<\/td>\n<\/tr>\n<\/tbody>\n<\/table>\n<\/div>\n<\/div>\n","protected":false},"featured_media":53132,"comment_status":"open","ping_status":"closed","template":"","meta":[],"product_brand":[59,60],"product_cat":[344,359,312,311,346,310,355,324,326,309,313,341,334,314,358,335,323,332,303],"product_tag":[318],"class_list":{"0":"post-46933","1":"product","2":"type-product","3":"status-publish","4":"has-post-thumbnail","6":"product_brand-fann","7":"product_brand-fnps","8":"product_cat-arbol","9":"product_cat-arena","10":"product_cat-baja-es","11":"product_cat-baja","12":"product_cat-bajo-mantenimiento","13":"product_cat-bien-drenado","14":"product_cat-invierno","15":"product_cat-llamativo","16":"product_cat-moderada-es-2","17":"product_cat-moderada","18":"product_cat-moderada-es","19":"product_cat-nativo","20":"product_cat-planta-de-acento","21":"product_cat-planta-de-especimen","22":"product_cat-plantas-para-mariposas-plantas-para-polinizadores","23":"product_cat-pleno-sol","24":"product_cat-primavera","25":"product_cat-seto","26":"product_cat-sol-parcial","27":"product_tag-blanco","28":"pa_pot-size-1-galon-6","29":"pa_pot-size-15-galones-17","30":"pa_pot-size-3-galones-10","31":"pa_pot-size-7-galones-14","34":"first","35":"instock","36":"featured","37":"taxable","38":"shipping-taxable","39":"purchasable","40":"product-type-variable"},"aioseo_notices":[],"_links":{"self":[{"href":"https:\/\/smartyplantsnursery.com\/es\/wp-json\/wp\/v2\/product\/46933","targetHints":{"allow":["GET"]}}],"collection":[{"href":"https:\/\/smartyplantsnursery.com\/es\/wp-json\/wp\/v2\/product"}],"about":[{"href":"https:\/\/smartyplantsnursery.com\/es\/wp-json\/wp\/v2\/types\/product"}],"replies":[{"embeddable":true,"href":"https:\/\/smartyplantsnursery.com\/es\/wp-json\/wp\/v2\/comments?post=46933"}],"wp:featuredmedia":[{"embeddable":true,"href":"https:\/\/smartyplantsnursery.com\/es\/wp-json\/wp\/v2\/media\/53132"}],"wp:attachment":[{"href":"https:\/\/smartyplantsnursery.com\/es\/wp-json\/wp\/v2\/media?parent=46933"}],"wp:term":[{"taxonomy":"product_brand","embeddable":true,"href":"https:\/\/smartyplantsnursery.com\/es\/wp-json\/wp\/v2\/product_brand?post=46933"},{"taxonomy":"product_cat","embeddable":true,"href":"https:\/\/smartyplantsnursery.com\/es\/wp-json\/wp\/v2\/product_cat?post=46933"},{"taxonomy":"product_tag","embeddable":true,"href":"https:\/\/smartyplantsnursery.com\/es\/wp-json\/wp\/v2\/product_tag?post=46933"}],"curies":[{"name":"wp","href":"https:\/\/api.w.org\/{rel}","templated":true}]}}