{"id":46950,"date":"2023-04-13T22:24:08","date_gmt":"2023-04-13T22:24:08","guid":{"rendered":"https:\/\/smartyplantsnursery.com\/product\/arce-rojo-acer-rubrum\/"},"modified":"2026-03-07T13:59:41","modified_gmt":"2026-03-07T13:59:41","slug":"arce-rojo-acer-rubrum","status":"publish","type":"product","link":"https:\/\/smartyplantsnursery.com\/es\/product\/arce-rojo-acer-rubrum\/","title":{"rendered":"Arce rojo &#8211; acer rubrum"},"content":{"rendered":"<p><b>Usos generales en el paisaje:<\/b> Un excelente \u00e1rbol de acento en suelos h\u00famedos o fangosos o a lo largo de los bordes de estanques y lagos. Con la humedad y los suelos adecuados, se puede utilizar como \u00e1rbol de calle, en vaguadas y en paisajes comerciales y residenciales. <\/p>\n<p><b>Notas sobre restauraci\u00f3n ecol\u00f3gica:<\/b> Un importante \u00e1rbol de dosel o subdosel en una amplia variedad de humedales boscosos de agua dulce.<\/p>\n<p><b>Descripci\u00f3n:<\/b> \u00c1rbol erecto de tama\u00f1o mediano a grande con una copa estrechamente cil\u00edndrica a ampliamente redondeada y ramas ascendentes que surgen de troncos altos bien desarrollados. Troncos de hasta 2 pies de di\u00e1metro, pero generalmente m\u00e1s peque\u00f1os en el sur de Florida. Caducifolio templado; las hojas delgadas son palmeadas de 3 a 5 l\u00f3bulos, verdes en la parte superior, verde blanquecino en la parte inferior, de 2 a 6 pulgadas de largo, de 2 a 4 pulgadas de ancho. Corteza gris, lisa cuando es joven, que se vuelve rugosa con numerosas crestas.   <\/p>\n<p><b>Dimensiones:<\/b> T\u00edpicamente de 30 a 70 pies de altura con una extensi\u00f3n de 20 a 40 pies; hasta 107 pies en Florida. M\u00e1s alto que ancho. <\/p>\n<p><b>Tasa de crecimiento:<\/b> R\u00e1pida a moderada.<\/p>\n<p><b>Distribuci\u00f3n:<\/b> Este y centro de Am\u00e9rica del Norte al oeste de Texas y al sur de los condados de Broward, Miami-Dade y Collier y el continente del condado de Monroe. En el condado de Miami-Dade, solo se conoce desde el borde oriental del pantano de Big Cypress. Es relativamente com\u00fan en toda su \u00e1rea de distribuci\u00f3n.  <\/p>\n<p><b>H\u00e1bitats:<\/b> Pantanos de agua dulce.<\/p>\n<p><b>Suelos:<\/b> Suelos org\u00e1nicos de agua dulce h\u00famedos a mojados, mal drenados a estacionalmente inundados, con una capa superior humosa.<\/p>\n<p><b>Requisitos nutricionales:<\/b> Altos; requiere suelos org\u00e1nicos ricos para un crecimiento \u00f3ptimo.<\/p>\n<p><b>Tolerancia al agua salada:<\/b> Baja; no tolera las inundaciones de agua salada o salobre.<\/p>\n<p><b>Tolerancia al viento salado:<\/b> Baja; el viento salado puede quemar las hojas.<\/p>\n<p><b>Tolerancia a la sequ\u00eda:<\/b> Baja; requiere suelos h\u00famedos a mojados y es intolerante a largos per\u00edodos de sequ\u00eda.<\/p>\n<p><b>Requisitos de luz:<\/b> Sombra ligera a pleno sol. Las plantas j\u00f3venes crecen mejor en sombra ligera. <\/p>\n<p><b>Color de la flor:<\/b> Rojo.<\/p>\n<p><b>Caracter\u00edsticas de la flor:<\/b> Racimos de flores densos y semi-vistosos, que nacen antes de que se inicie el nuevo crecimiento de las hojas. Dioico o pol\u00edgamo, con flores masculinas y femeninas en diferentes plantas, o las plantas tienen flores tanto masculinas como bisexuales. <\/p>\n<p><b>Temporada de floraci\u00f3n:<\/b> Por lo general, de invierno a principios de primavera; en el sur de Florida casi siempre florece completamente a principios de enero.<\/p>\n<p><b>Fruta:<\/b> Rojo brillante, fruta de 2 alas (s\u00e1mara), 1&#8243; o menos de largo, en racimos; semi-vistoso a vistoso. De invierno a primavera; en el sur de Florida, las frutas pueden madurar en enero. <\/p>\n<p><b>Vida silvestre y ecolog\u00eda:<\/b> Proporciona alimento y cobertura significativos para las aves y otra vida silvestre. Atrae a los polinizadores. <\/p>\n<p><b>Notas de horticultura:<\/b> Se cultiva f\u00e1cilmente a partir de semillas; se recomienda una fuente de semillas local. El extremo hinchado de la fruta alada (s\u00e1mara) se introduce directamente en el suelo. Germinaci\u00f3n en 4-6 semanas. Las pl\u00e1ntulas se trasplantan f\u00e1cilmente. Si se cultiva correctamente, el mantenimiento es m\u00ednimo. Pueden estar presentes barrenadores de ramitas y saltahojas. El tronco es sensible a los da\u00f1os mec\u00e1nicos.      <\/p>\n<p><b>Comentarios:<\/b> Un excelente \u00e1rbol para lugares h\u00famedos en el jard\u00edn. Tiene un hermoso color de oto\u00f1o, de amarillo a rojo; el nuevo follaje de primavera, las flores y los frutos alados tambi\u00e9n son coloridos. Se conocen numerosos cultivares, pero se recomienda el stock local debido a un alto grado de adaptaci\u00f3n local; las plantas del sur de Florida tienen un per\u00edodo de latencia m\u00e1s corto que las del norte. La madera es pesada y se utiliza para muebles, pisos y artesan\u00edas. La savia se utiliza para fabricar jarabe de arce.    <\/p>\n","protected":false},"excerpt":{"rendered":"<p><img decoding=\"async\" class=\"alignnone size-medium wp-image-31863\" src=\"https:\/\/smartyplantsnursery.com\/wp-content\/uploads\/2023\/04\/Screen-Shot-2023-04-22-at-11.28.02-PM-300x134.png\" alt=\"\" width=\"300\" height=\"134\"><\/p>\n<div class=\"container\">\n<div class=\"table-container\">\n<table>\n<thead>\n<tr>\n<th>Tama\u00f1o de la maceta<\/th>\n<th>Altura media plantada (desde la tierra hasta la parte superior de la planta)<\/th>\n<th>Calibre<\/th>\n<\/tr>\n<\/thead>\n<tbody>\n<tr>\n<td>3 galones\/10&#8243;<\/td>\n<td>0,6 &#8211; 1,2 m<\/td>\n<td><\/td>\n<\/tr>\n<tr>\n<td>7 galones\/14&#8243;<\/td>\n<td>4 &#8211; 6 pies<\/td>\n<td>0,5 &#8211; 1 pulg.<\/td>\n<\/tr>\n<tr>\n<td>15 galones\/17&#8243;<\/td>\n<td>1,8 &#8211; 2,4 m<\/td>\n<td>2,5 &#8211; 3,8 cm<\/td>\n<\/tr>\n<tr>\n<td>25 galones\/21&#8243;<\/td>\n<td>8 &#8211; 10 pies<\/td>\n<td>1,5 &#8211; 2 pulg.<\/td>\n<\/tr>\n<tr>\n<td>45 galones\/28&#8243;<\/td>\n<td>3 &#8211; 4,2 m<\/td>\n<td>5 &#8211; 7,6 cm<\/td>\n<\/tr>\n<\/tbody>\n<\/table>\n<\/div>\n<\/div>\n","protected":false},"featured_media":50060,"comment_status":"open","ping_status":"closed","template":"","meta":[],"product_brand":[59,60],"product_cat":[348,344,311,312,329,346,366,355,324,354,326,341,334,358,335,323,372,322,330,303],"product_tag":[350],"class_list":{"0":"post-46950","1":"product","2":"type-product","3":"status-publish","4":"has-post-thumbnail","6":"product_brand-fann","7":"product_brand-fnps","8":"product_cat-alta-es","9":"product_cat-arbol","10":"product_cat-baja","11":"product_cat-baja-es","12":"product_cat-baja-es-2","13":"product_cat-bajo-mantenimiento","14":"product_cat-dioico","15":"product_cat-invierno","16":"product_cat-llamativo","17":"product_cat-mal-drenado","18":"product_cat-moderada-es-2","19":"product_cat-nativo","20":"product_cat-planta-de-acento","21":"product_cat-plantas-para-mariposas-plantas-para-polinizadores","22":"product_cat-pleno-sol","23":"product_cat-primavera","24":"product_cat-racimo","25":"product_cat-rapido","26":"product_cat-semilla","27":"product_cat-sol-parcial","28":"product_tag-rojo","29":"pa_pot-size-15-galones-17","30":"pa_pot-size-25-galones-21","31":"pa_pot-size-3-galones-10","32":"pa_pot-size-45-galones-28","33":"pa_pot-size-7-galones-14","36":"first","37":"instock","38":"taxable","39":"shipping-taxable","40":"purchasable","41":"product-type-variable"},"aioseo_notices":[],"_links":{"self":[{"href":"https:\/\/smartyplantsnursery.com\/es\/wp-json\/wp\/v2\/product\/46950","targetHints":{"allow":["GET"]}}],"collection":[{"href":"https:\/\/smartyplantsnursery.com\/es\/wp-json\/wp\/v2\/product"}],"about":[{"href":"https:\/\/smartyplantsnursery.com\/es\/wp-json\/wp\/v2\/types\/product"}],"replies":[{"embeddable":true,"href":"https:\/\/smartyplantsnursery.com\/es\/wp-json\/wp\/v2\/comments?post=46950"}],"wp:featuredmedia":[{"embeddable":true,"href":"https:\/\/smartyplantsnursery.com\/es\/wp-json\/wp\/v2\/media\/50060"}],"wp:attachment":[{"href":"https:\/\/smartyplantsnursery.com\/es\/wp-json\/wp\/v2\/media?parent=46950"}],"wp:term":[{"taxonomy":"product_brand","embeddable":true,"href":"https:\/\/smartyplantsnursery.com\/es\/wp-json\/wp\/v2\/product_brand?post=46950"},{"taxonomy":"product_cat","embeddable":true,"href":"https:\/\/smartyplantsnursery.com\/es\/wp-json\/wp\/v2\/product_cat?post=46950"},{"taxonomy":"product_tag","embeddable":true,"href":"https:\/\/smartyplantsnursery.com\/es\/wp-json\/wp\/v2\/product_tag?post=46950"}],"curies":[{"name":"wp","href":"https:\/\/api.w.org\/{rel}","templated":true}]}}