{"id":46959,"date":"2023-04-13T22:21:04","date_gmt":"2023-04-13T22:21:04","guid":{"rendered":"https:\/\/smartyplantsnursery.com\/product\/mangle-rojo-rhizophora-mangle\/"},"modified":"2026-03-07T13:58:33","modified_gmt":"2026-03-07T13:58:33","slug":"mangle-rojo-rhizophora-mangle","status":"publish","type":"product","link":"https:\/\/smartyplantsnursery.com\/es\/product\/mangle-rojo-rhizophora-mangle\/","title":{"rendered":"Mangle rojo &#8211; rhizophora mangle"},"content":{"rendered":"<p><b>Usos generales en el paisaje:<\/b> En zonas costeras protegidas del viento y del oleaje de las embarcaciones.<\/p>\n<p><b>Notas sobre restauraci\u00f3n ecol\u00f3gica:<\/b> Un elemento clave de los pantanos de marea, especialmente en zonas con buen flujo de mareas y niveles m\u00e1s bajos de salinidad.<\/p>\n<p><b>Descripci\u00f3n:<\/b> \u00c1rbol peque\u00f1o a grande o arbusto mediano a grande con una copa plana y redondeada o alta y estrecha, con ramas de amplia extensi\u00f3n. Troncos altos y rectos o cortos, de 15 a 45 cm o m\u00e1s de di\u00e1metro, encaramados sobre ra\u00edces de apoyo arqueadas. Corteza lisa y marr\u00f3n rojiza cuando es joven, que se vuelve gris\u00e1cea, gruesa y ligeramente surcada con la edad. Hojas gruesas y r\u00edgidas, de color verde oscuro y brillantes en la parte superior, de 5 a 15 cm de largo. Ra\u00edces a\u00e9reas robustas, caracter\u00edsticas en \u00e1rboles de 3 a\u00f1os o m\u00e1s.    <\/p>\n<p><b>Dimensiones:<\/b> Normalmente de 3 a 9 metros de altura; hasta 23 metros en el sur de Florida. Por lo general, tan ancho como alto. <\/p>\n<p><b>Tasa de crecimiento:<\/b> moderada.<\/p>\n<p><b>Distribuci\u00f3n:<\/b> Desde los Cayos del Condado de Monroe al norte hasta los condados de Volusia y Levy; disyunto en el condado de Wakulla; Indias Occidentales, M\u00e9xico, Am\u00e9rica Central y Am\u00e9rica del Sur.<\/p>\n<p><b>H\u00e1bitats:<\/b> Pantanos y marismas de marea.<\/p>\n<p><b>Suelos:<\/b> Suelos h\u00famedos, inundados, salinos a salobres.<\/p>\n<p><b>Requisitos nutricionales:<\/b> De moderados a bajos; prefiere suelos con contenido org\u00e1nico, pero a\u00fan crecer\u00e1 razonablemente bien en suelos pobres en nutrientes.<\/p>\n<p><b>Tolerancia al agua salada:<\/b> Alta; tolera las inundaciones por agua salada.<\/p>\n<p><b>Tolerancia al viento salado:<\/b> Alta; puede tolerar cantidades moderadas de viento salado sin da\u00f1os significativos.<\/p>\n<p><b>Tolerancia a la sequ\u00eda:<\/b> Baja; requiere suelos h\u00famedos a mojados y es intolerante a largos per\u00edodos de sequ\u00eda.<\/p>\n<p><b>Requisitos de luz:<\/b> Pleno sol.<\/p>\n<p><b>Color de la flor:<\/b> P\u00e9talos de color blanco amarillento y s\u00e9palos amarillos.<\/p>\n<p><b>Caracter\u00edsticas de la flor:<\/b> Poco llamativas. La polinizaci\u00f3n es por el viento. <\/p>\n<p><b>\u00c9poca de floraci\u00f3n:<\/b> Todo el a\u00f1o; m\u00e1ximo de junio a julio.<\/p>\n<p><b>Fruto:<\/b> Bayas cori\u00e1ceas marrones, que germinan en pl\u00e1ntulas con forma de cigarro mientras a\u00fan est\u00e1n en el \u00e1rbol. Estas caen del \u00e1rbol aproximadamente un a\u00f1o despu\u00e9s de la floraci\u00f3n. <\/p>\n<p><b>Fauna y ecolog\u00eda:<\/b> Una especie extremadamente importante de las costas de baja energ\u00eda de Florida. Proporciona alimento y refugio a la fauna, especialmente a peces, cangrejos y otros animales de agua salada. Planta hu\u00e9sped larval de las mariposas esquipadoras de mangle (Phocides pigmalion) y de las polillas io (Automeris io). Planta de n\u00e9ctar para las mariposas esquipadoras de mangle. Las aves, como las garcetas, las garzas, las currucas, los pel\u00edcanos, las palomas coroniblancas y las fragatas magn\u00edficas, se posan y anidan en los \u00e1rboles. Las abejas pueden recolectar polen.     <\/p>\n<p><b>Notas de horticultura:<\/b> Se puede cultivar f\u00e1cilmente a partir de semillas, que brotan en el \u00e1rbol (prop\u00e1gulos). Se puede cultivar en macetas como planta de interior. <\/p>\n<p><b>Comentarios:<\/b> El \u00e1cido t\u00e1nico se cosechaba de la corteza del mangle rojo en Florida a principios del siglo XX.<\/p>\n","protected":false},"excerpt":{"rendered":"<p><img decoding=\"async\" class=\"alignnone size-medium wp-image-31863\" src=\"https:\/\/smartyplantsnursery.com\/wp-content\/uploads\/2023\/04\/Screen-Shot-2023-04-22-at-11.28.02-PM-300x134.png\" alt=\"\" width=\"300\" height=\"134\"><\/p>\n<div class=\"container\">\n<div class=\"table-container\">\n<table>\n<thead>\n<tr>\n<th>Tama\u00f1o de la maceta<\/th>\n<th>Altura media plantada (desde la tierra hasta la parte superior de la planta)<\/th>\n<\/tr>\n<\/thead>\n<tbody>\n<tr>\n<td>3 galones\/10&#8243;<\/td>\n<td>1 &#8211; 2 pies<\/td>\n<\/tr>\n<tr>\n<td>7 galones\/14&#8243;<\/td>\n<td>2 &#8211; 4 pies<\/td>\n<\/tr>\n<tr>\n<td>15 galones\/17&#8243;<\/td>\n<td>4 &#8211; 6 pies<\/td>\n<\/tr>\n<\/tbody>\n<\/table>\n<\/div>\n<\/div>\n","protected":false},"featured_media":47454,"comment_status":"open","ping_status":"closed","template":"","meta":[],"product_brand":[59,60],"product_cat":[362,376,344,357,329,346,384,365,355,326,309,341,308,358,335,323,330,307],"product_tag":[319,318],"class_list":{"0":"post-46959","1":"product","2":"type-product","3":"status-publish","4":"has-post-thumbnail","6":"product_brand-fann","7":"product_brand-fnps","8":"product_cat-alta-es-2","9":"product_cat-alta-es-3","10":"product_cat-arbol","11":"product_cat-baja-es-3","12":"product_cat-baja-es-2","13":"product_cat-bajo-mantenimiento","14":"product_cat-costero","15":"product_cat-inconspicuo","16":"product_cat-invierno","17":"product_cat-moderada-es-2","18":"product_cat-moderada","19":"product_cat-nativo","20":"product_cat-otono","21":"product_cat-plantas-para-mariposas-plantas-para-polinizadores","22":"product_cat-pleno-sol","23":"product_cat-primavera","24":"product_cat-semilla","25":"product_cat-verano","26":"product_tag-amarillo","27":"product_tag-blanco","28":"pa_pot-size-1-galon-6","29":"pa_pot-size-15-galones-17","30":"pa_pot-size-25-galones-21","31":"pa_pot-size-3-galones-10","32":"pa_pot-size-7-galones-14","35":"first","36":"instock","37":"taxable","38":"shipping-taxable","39":"purchasable","40":"product-type-variable"},"aioseo_notices":[],"_links":{"self":[{"href":"https:\/\/smartyplantsnursery.com\/es\/wp-json\/wp\/v2\/product\/46959","targetHints":{"allow":["GET"]}}],"collection":[{"href":"https:\/\/smartyplantsnursery.com\/es\/wp-json\/wp\/v2\/product"}],"about":[{"href":"https:\/\/smartyplantsnursery.com\/es\/wp-json\/wp\/v2\/types\/product"}],"replies":[{"embeddable":true,"href":"https:\/\/smartyplantsnursery.com\/es\/wp-json\/wp\/v2\/comments?post=46959"}],"wp:featuredmedia":[{"embeddable":true,"href":"https:\/\/smartyplantsnursery.com\/es\/wp-json\/wp\/v2\/media\/47454"}],"wp:attachment":[{"href":"https:\/\/smartyplantsnursery.com\/es\/wp-json\/wp\/v2\/media?parent=46959"}],"wp:term":[{"taxonomy":"product_brand","embeddable":true,"href":"https:\/\/smartyplantsnursery.com\/es\/wp-json\/wp\/v2\/product_brand?post=46959"},{"taxonomy":"product_cat","embeddable":true,"href":"https:\/\/smartyplantsnursery.com\/es\/wp-json\/wp\/v2\/product_cat?post=46959"},{"taxonomy":"product_tag","embeddable":true,"href":"https:\/\/smartyplantsnursery.com\/es\/wp-json\/wp\/v2\/product_tag?post=46959"}],"curies":[{"name":"wp","href":"https:\/\/api.w.org\/{rel}","templated":true}]}}