{"id":46962,"date":"2023-04-13T22:34:36","date_gmt":"2023-04-13T22:34:36","guid":{"rendered":"https:\/\/smartyplantsnursery.com\/product\/hojarasaten-chrysophyllum-oliviforme\/"},"modified":"2026-03-07T14:00:39","modified_gmt":"2026-03-07T14:00:39","slug":"hojarasaten-chrysophyllum-oliviforme","status":"publish","type":"product","link":"https:\/\/smartyplantsnursery.com\/es\/product\/hojarasaten-chrysophyllum-oliviforme\/","title":{"rendered":"Hojarasat\u00e9n &#8211; chrysophyllum oliviforme"},"content":{"rendered":"<p><b>Usos generales en el paisaje:<\/b> Un esp\u00e9cimen colorido o \u00e1rbol de acento en suelos h\u00famedos. Se puede utilizar como \u00e1rbol callejero y en paisajes comerciales y residenciales. <\/p>\n<p><b>Notas sobre restauraci\u00f3n ecol\u00f3gica:<\/b> Un elemento ocasional en las hamacas.<\/p>\n<p><b>Descripci\u00f3n:<\/b> \u00c1rbol mediano con copa estrecha en la sombra, que se extiende m\u00e1s al sol. Troncos rectos, delgados, de hasta 10 pulgadas de di\u00e1metro, que a menudo surgen de las ra\u00edces, especialmente cuando est\u00e1n da\u00f1ados. Corteza clara, marr\u00f3n rojiza, \u00e1spera. Hojas r\u00edgidas, de color verde oscuro en la parte superior, oxidado en la parte inferior, de 2 a 6 pulgadas de largo.   <\/p>\n<p><b>Dimensiones:<\/b> T\u00edpicamente de 20 a 30 pies de altura; hasta 41 pies en el sur de Florida. Por lo general, m\u00e1s alto que ancho. <\/p>\n<p><b>Tasa de crecimiento:<\/b> De lento a moderado.<\/p>\n<p><b>Distribuci\u00f3n:<\/b> Desde los Cayos del Condado de Monroe al norte hasta el sur de los condados de Brevard, Collier, Hendry y Sarasota; Indias Occidentales. Muy raro en los Cayos de Florida centrales. <\/p>\n<p><b>H\u00e1bitats:<\/b> hamacas.<\/p>\n<p><b>Suelos:<\/b> Suelos arenosos o calizos h\u00famedos y bien drenados, con una capa superior rica en humus.<\/p>\n<p><b>Requisitos nutricionales:<\/b> De moderados a altos; crece mejor con cierto contenido org\u00e1nico y puede languidecer en suelos pobres en nutrientes.<\/p>\n<p><b>Tolerancia al agua salada:<\/b> Baja; no tolera las inundaciones a largo plazo con agua salada o salobre.<\/p>\n<p><b>Tolerancia al viento salino:<\/b> Moderada; crece cerca del agua salada, pero est\u00e1 protegido de la pulverizaci\u00f3n directa de sal por otra vegetaci\u00f3n.<\/p>\n<p><b>Tolerancia a la sequ\u00eda:<\/b> Moderada; generalmente requiere suelos h\u00famedos, pero es tolerante a cortos per\u00edodos de sequ\u00eda una vez establecido.<\/p>\n<p><b>Requisitos de luz:<\/b> Pleno sol a sombra ligera.<\/p>\n<p><b>Color de la flor:<\/b> Blanco amarillento.<\/p>\n<p><b>Caracter\u00edsticas de la flor:<\/b> poco llamativas.<\/p>\n<p><b>Temporada de floraci\u00f3n:<\/b> Irregularmente todo el a\u00f1o; pico en verano-oto\u00f1o.<\/p>\n<p><b>Fruto:<\/b> Baya de color p\u00farpura oscuro a negro, ovalada, de 1\/2 o m\u00e1s de largo. Comestible; jugoso pero pegajoso. <\/p>\n<p><b>Vida silvestre y ecolog\u00eda:<\/b> Proporciona alimento significativo y algo de cobertura para la vida silvestre.<\/p>\n<p><b>Notas de horticultura:<\/b> Se puede cultivar a partir de semillas despulpadas y escarificadas. Plantar a los pocos d\u00edas de la limpieza; las semillas no se almacenan bien. Colocar en sombra ligera a pleno sol. La germinaci\u00f3n se produce en aproximadamente un mes.   <\/p>\n<p><b>Comentarios:<\/b> Las hojas son muy atractivas, de color verde oscuro en la parte superior y bronceado satinado en la parte inferior, creando una exhibici\u00f3n atractiva cuando el viento sopla a trav\u00e9s de los \u00e1rboles. Si bien vale la pena el esfuerzo, el hojarasat\u00e9n puede ser delicado de establecer en el cultivo y puede requerir un par de intentos. Las ra\u00edces son especialmente sensibles al choque del trasplante y las plantas pueden da\u00f1arse permanentemente por un riego inadecuado o por da\u00f1os mec\u00e1nicos. Puede requerir m\u00e1s agua y tiempo para establecerse que otras maderas duras nativas. La recuperaci\u00f3n despu\u00e9s del trasplante puede tardar entre 6 y 12 meses o m\u00e1s. Los frutos pueden manchar las pasarelas y otras superficies, y pueden pegarse a los pies y ser arrastrados. Puede ser m\u00e1s sensible al fr\u00edo cuando se planta como \u00e1rbol de muestra. Est\u00e1 catalogado como amenazado por el estado de Florida.       <\/p>\n","protected":false},"excerpt":{"rendered":"<p><img decoding=\"async\" class=\"alignnone size-medium wp-image-31863\" src=\"https:\/\/smartyplantsnursery.com\/wp-content\/uploads\/2023\/04\/Screen-Shot-2023-04-22-at-11.28.02-PM-300x134.png\" alt=\"\" width=\"300\" height=\"134\"><\/p>\n<div class=\"container\">\n<div class=\"table-container\">\n<table>\n<thead>\n<tr>\n<th>Tama\u00f1o de la maceta<\/th>\n<th>Altura media plantada (desde la tierra hasta la parte superior de la planta)<\/th>\n<th>Calibre<\/th>\n<\/tr>\n<\/thead>\n<tbody>\n<tr>\n<td>3 galones\/10&#8243;<\/td>\n<td>3 &#8211; 6 pies<\/td>\n<td><\/td>\n<\/tr>\n<tr>\n<td>7 galones\/14&#8243;<\/td>\n<td>1,8 &#8211; 2,4 m<\/td>\n<td><\/td>\n<\/tr>\n<tr>\n<td>15 galones\/17&#8243;<\/td>\n<td>2,4 &#8211; 3 m<\/td>\n<td><\/td>\n<\/tr>\n<tr>\n<td>25 galones\/21&#8243;<\/td>\n<td>3 &#8211; 3,6 m<\/td>\n<td>3,8 &#8211; 5 cm<\/td>\n<\/tr>\n<tr>\n<td>45 galones\/28&#8243;<\/td>\n<td>3,6 &#8211; 4,2 m<\/td>\n<td>5 &#8211; 6,3 cm<\/td>\n<\/tr>\n<tr>\n<td>100 galones\/36&#8243;<\/td>\n<td>4,2 &#8211; 4,8 m<\/td>\n<td>6,3 &#8211; 7,6 cm<\/td>\n<\/tr>\n<\/tbody>\n<\/table>\n<\/div>\n<\/div>\n","protected":false},"featured_media":52212,"comment_status":"open","ping_status":"closed","template":"","meta":[],"product_brand":[59,60],"product_cat":[348,344,359,311,346,310,365,355,306,326,361,309,313,341,308,334,314,335,323,330,303,307],"product_tag":[319,318],"class_list":{"0":"post-46962","1":"product","2":"type-product","3":"status-publish","4":"has-post-thumbnail","6":"product_brand-fann","7":"product_brand-fnps","8":"product_cat-alta-es","9":"product_cat-arbol","10":"product_cat-arena","11":"product_cat-baja","12":"product_cat-bajo-mantenimiento","13":"product_cat-bien-drenado","14":"product_cat-inconspicuo","15":"product_cat-invierno","16":"product_cat-lenta","17":"product_cat-moderada-es-2","18":"product_cat-moderada-es-4","19":"product_cat-moderada","20":"product_cat-moderada-es","21":"product_cat-nativo","22":"product_cat-otono","23":"product_cat-planta-de-acento","24":"product_cat-planta-de-especimen","25":"product_cat-pleno-sol","26":"product_cat-primavera","27":"product_cat-semilla","28":"product_cat-sol-parcial","29":"product_cat-verano","30":"product_tag-amarillo","31":"product_tag-blanco","32":"pa_pot-size-100-galones-36","33":"pa_pot-size-15-galones-17","34":"pa_pot-size-25-galones-21","35":"pa_pot-size-3-galones-10","36":"pa_pot-size-45-galones-28","37":"pa_pot-size-7-galones-14","40":"first","41":"instock","42":"taxable","43":"shipping-taxable","44":"purchasable","45":"product-type-variable"},"aioseo_notices":[],"_links":{"self":[{"href":"https:\/\/smartyplantsnursery.com\/es\/wp-json\/wp\/v2\/product\/46962","targetHints":{"allow":["GET"]}}],"collection":[{"href":"https:\/\/smartyplantsnursery.com\/es\/wp-json\/wp\/v2\/product"}],"about":[{"href":"https:\/\/smartyplantsnursery.com\/es\/wp-json\/wp\/v2\/types\/product"}],"replies":[{"embeddable":true,"href":"https:\/\/smartyplantsnursery.com\/es\/wp-json\/wp\/v2\/comments?post=46962"}],"wp:featuredmedia":[{"embeddable":true,"href":"https:\/\/smartyplantsnursery.com\/es\/wp-json\/wp\/v2\/media\/52212"}],"wp:attachment":[{"href":"https:\/\/smartyplantsnursery.com\/es\/wp-json\/wp\/v2\/media?parent=46962"}],"wp:term":[{"taxonomy":"product_brand","embeddable":true,"href":"https:\/\/smartyplantsnursery.com\/es\/wp-json\/wp\/v2\/product_brand?post=46962"},{"taxonomy":"product_cat","embeddable":true,"href":"https:\/\/smartyplantsnursery.com\/es\/wp-json\/wp\/v2\/product_cat?post=46962"},{"taxonomy":"product_tag","embeddable":true,"href":"https:\/\/smartyplantsnursery.com\/es\/wp-json\/wp\/v2\/product_tag?post=46962"}],"curies":[{"name":"wp","href":"https:\/\/api.w.org\/{rel}","templated":true}]}}