{"id":46971,"date":"2023-04-13T22:11:26","date_gmt":"2023-04-13T22:11:26","guid":{"rendered":"https:\/\/smartyplantsnursery.com\/product\/annona-glabra-annona-glabra\/"},"modified":"2026-03-07T13:56:58","modified_gmt":"2026-03-07T13:56:58","slug":"annona-glabra-annona-glabra","status":"publish","type":"product","link":"https:\/\/smartyplantsnursery.com\/es\/product\/annona-glabra-annona-glabra\/","title":{"rendered":"Annona glabra &#8211; annona glabra"},"content":{"rendered":"<p><b>Usos generales en el paisajismo:<\/b> Un \u00e1rbol ornamental en suelos h\u00famedos o cenagosos, o a lo largo de los bordes de estanques y lagos. Jardines acu\u00e1ticos. <\/p>\n<p><b>Notas sobre la restauraci\u00f3n ecol\u00f3gica:<\/b> Un elemento com\u00fan en aguas m\u00e1s profundas en pantanos de agua dulce y en depresiones permanentemente inundadas. Tambi\u00e9n crece en el fondo de sumideros en hamacas rocosas, pero se ha visto afectado all\u00ed por el drenaje. <\/p>\n<p><b>Descripci\u00f3n:<\/b> \u00c1rbol o arbusto peque\u00f1o a mediano con una copa redondeada formada por ramas de amplia extensi\u00f3n con bases gruesas. Troncos cortos y a menudo reforzados. Corteza lisa, eventualmente marcada por surcos largos, anchos y poco profundos, de color marr\u00f3n rojizo oscuro. De hoja caduca a semicaduca, perdiendo sus hojas durante el invierno. Hojas gruesas, brillantes, de color verde oscuro en la parte superior y p\u00e1lidas en la parte inferior, de 3 a 7 pulgadas de largo; arom\u00e1ticas cuando se trituran.    <\/p>\n<p><b>Dimensiones:<\/b> Por lo general, de 20 a 40 pies de altura; hasta 48 pies o m\u00e1s en el sur de Florida. Puede ser tan ancho como alto o m\u00e1s ancho. <\/p>\n<p><b>Tasa de crecimiento:<\/b> R\u00e1pida a moderada.<\/p>\n<p><b>Distribuci\u00f3n:<\/b> Desde los Cayos del Condado de Monroe al norte hasta los condados de Brevard, Highlands y Manatee, Indias Occidentales, sur de M\u00e9xico, Am\u00e9rica Central, Am\u00e9rica del Sur y \u00c1frica occidental. En los Cayos del Condado de Monroe, muy raro y disperso desde Cayo Largo hasta Cayo Hueso. A lo largo de la costa este, com\u00fan casi en todo el norte hasta el Condado de Martin, luego raro principalmente a lo largo de la costa norte hasta el Condado de Brevard.  <\/p>\n<p><b>H\u00e1bitats:<\/b> Pantanos, bosques h\u00famedos, depresiones y sumideros en hamacas rocosas.<\/p>\n<p><b>Suelos:<\/b> Suelos org\u00e1nicos h\u00famedos a moderadamente h\u00famedos, con drenaje deficiente a moderadamente bueno.<\/p>\n<p><b>Requisitos nutricionales:<\/b> Altos; requiere suelos org\u00e1nicos ricos para un crecimiento \u00f3ptimo.<\/p>\n<p><b>Tolerancia al agua salada:<\/b> Moderada; tolera agua salobre o inundaciones ocasionales por agua salada.<\/p>\n<p><b>Tolerancia al viento salino:<\/b> Moderada; crece cerca del agua salada, pero est\u00e1 protegido de la pulverizaci\u00f3n directa de sal por otra vegetaci\u00f3n.<\/p>\n<p><b>Tolerancia a la sequ\u00eda:<\/b> Baja; requiere suelos h\u00famedos a mojados y es intolerante a largos per\u00edodos de sequ\u00eda.<\/p>\n<p><b>Requisitos de luz:<\/b> Pleno sol a sombra ligera.<\/p>\n<p><b>Color de la flor:<\/b> Amarillento marcado de rojo en la base exterior e interior.<\/p>\n<p><b>Caracter\u00edsticas de la flor:<\/b> Semillamativa, 1&#8243; de ancho, gruesa y carnosa, solitaria en un tallo robusto, colgante. Monoica o dioica, con flores masculinas y femeninas en plantas separadas o en la misma planta. <\/p>\n<p><b>Temporada de floraci\u00f3n:<\/b> Primavera.<\/p>\n<p><b>Fruto:<\/b> Verde claro, marr\u00f3n oscuro cuando est\u00e1 maduro, de 3 a 5&#8243; de largo; verano-oto\u00f1o. Comestible, pero desagradable. Semillas numerosas, brillantes y negras.  <\/p>\n<p><b>Vida silvestre y ecolog\u00eda:<\/b> Proporciona alimento y cobertura significativos para la vida silvestre. Una planta hu\u00e9sped importante para orqu\u00eddeas y bromelias ep\u00edfitas. Atrae a los escarabajos polinizadores.  <\/p>\n<p><b>Notas de horticultura:<\/b> Se cultiva f\u00e1cilmente a partir de semillas.<\/p>\n<p><b>Comentarios:<\/b> Los frutos se han utilizado para hacer jalea y crema pastelera. Hist\u00f3ricamente, los \u00e1rboles m\u00e1s grandes se registraron en las orillas de la Bah\u00eda de Biscayne, cerca de la desembocadura del r\u00edo Miami; se inform\u00f3 que los \u00e1rboles all\u00ed crec\u00edan hasta 60 pies de altura. Los principales bosques de annona glabra a lo largo del borde sur del lago Okeechobee fueron destruidos para la agricultura a principios del siglo XX.  <\/p>\n","protected":false},"excerpt":{"rendered":"<p><img decoding=\"async\" class=\"alignnone size-medium wp-image-31863\" src=\"https:\/\/smartyplantsnursery.com\/wp-content\/uploads\/2023\/04\/Screen-Shot-2023-04-22-at-11.28.02-PM-300x134.png\" alt=\"\" width=\"300\" height=\"134\"><\/p>\n<div class=\"container\">\n<div class=\"table-container\">\n<table>\n<thead>\n<tr>\n<th>Tama\u00f1o de la maceta<\/th>\n<th>Altura media plantada (desde la tierra hasta la parte superior de la planta)<\/th>\n<th>Calibre<\/th>\n<\/tr>\n<\/thead>\n<tbody>\n<tr>\n<td>3 galones\/10&#8243;<\/td>\n<td>4 &#8211; 6 ft<\/td>\n<td><\/td>\n<\/tr>\n<tr>\n<td>7 galones\/14&#8243;<\/td>\n<td>1,8 &#8211; 2,4 m<\/td>\n<td><\/td>\n<\/tr>\n<tr>\n<td>15 galones\/17&#8243;<\/td>\n<td>2,4 &#8211; 3 m<\/td>\n<td><\/td>\n<\/tr>\n<tr>\n<td>25 galones\/21&#8243;<\/td>\n<td>10 &#8211; 12 ft<\/td>\n<td>2 &#8211; 3 in<\/td>\n<\/tr>\n<tr>\n<td>45 galones\/28&#8243;<\/td>\n<td>12 &#8211; 14 ft<\/td>\n<td>3 &#8211; 4 in<\/td>\n<\/tr>\n<\/tbody>\n<\/table>\n<\/div>\n<\/div>\n","protected":false},"featured_media":44654,"comment_status":"open","ping_status":"closed","template":"","meta":[],"product_brand":[59,60],"product_cat":[348,344,329,346,310,366,324,354,326,361,360,341,334,358,335,323,322,330,303],"product_tag":[319,350],"class_list":{"0":"post-46971","1":"product","2":"type-product","3":"status-publish","4":"has-post-thumbnail","6":"product_brand-fann","7":"product_brand-fnps","8":"product_cat-alta-es","9":"product_cat-arbol","10":"product_cat-baja-es-2","11":"product_cat-bajo-mantenimiento","12":"product_cat-bien-drenado","13":"product_cat-dioico","14":"product_cat-llamativo","15":"product_cat-mal-drenado","16":"product_cat-moderada-es-2","17":"product_cat-moderada-es-4","18":"product_cat-moderada-es-3","19":"product_cat-nativo","20":"product_cat-planta-de-acento","21":"product_cat-plantas-para-mariposas-plantas-para-polinizadores","22":"product_cat-pleno-sol","23":"product_cat-primavera","24":"product_cat-rapido","25":"product_cat-semilla","26":"product_cat-sol-parcial","27":"product_tag-amarillo","28":"product_tag-rojo","29":"pa_pot-size-15-galones-17","30":"pa_pot-size-25-galones-21","31":"pa_pot-size-3-galones-10","32":"pa_pot-size-45-galones-28","33":"pa_pot-size-7-galones-14","36":"first","37":"instock","38":"taxable","39":"shipping-taxable","40":"purchasable","41":"product-type-variable"},"aioseo_notices":[],"_links":{"self":[{"href":"https:\/\/smartyplantsnursery.com\/es\/wp-json\/wp\/v2\/product\/46971","targetHints":{"allow":["GET"]}}],"collection":[{"href":"https:\/\/smartyplantsnursery.com\/es\/wp-json\/wp\/v2\/product"}],"about":[{"href":"https:\/\/smartyplantsnursery.com\/es\/wp-json\/wp\/v2\/types\/product"}],"replies":[{"embeddable":true,"href":"https:\/\/smartyplantsnursery.com\/es\/wp-json\/wp\/v2\/comments?post=46971"}],"wp:featuredmedia":[{"embeddable":true,"href":"https:\/\/smartyplantsnursery.com\/es\/wp-json\/wp\/v2\/media\/44654"}],"wp:attachment":[{"href":"https:\/\/smartyplantsnursery.com\/es\/wp-json\/wp\/v2\/media?parent=46971"}],"wp:term":[{"taxonomy":"product_brand","embeddable":true,"href":"https:\/\/smartyplantsnursery.com\/es\/wp-json\/wp\/v2\/product_brand?post=46971"},{"taxonomy":"product_cat","embeddable":true,"href":"https:\/\/smartyplantsnursery.com\/es\/wp-json\/wp\/v2\/product_cat?post=46971"},{"taxonomy":"product_tag","embeddable":true,"href":"https:\/\/smartyplantsnursery.com\/es\/wp-json\/wp\/v2\/product_tag?post=46971"}],"curies":[{"name":"wp","href":"https:\/\/api.w.org\/{rel}","templated":true}]}}