{"id":46982,"date":"2023-04-13T22:31:05","date_gmt":"2023-04-13T22:31:05","guid":{"rendered":"https:\/\/smartyplantsnursery.com\/product\/palma-real-palma-real-de-florida-roystonea-regia\/"},"modified":"2026-04-05T22:57:41","modified_gmt":"2026-04-05T22:57:41","slug":"palma-real-palma-real-de-florida-roystonea-regia","status":"publish","type":"product","link":"https:\/\/smartyplantsnursery.com\/es\/product\/palma-real-palma-real-de-florida-roystonea-regia\/","title":{"rendered":"Palma real, palma real de Florida &#8211; roystonea regia"},"content":{"rendered":"<p><b>Usos generales en el paisajismo:<\/b> \u00c1rbol ornamental o de acento.<\/p>\n<p><b>Notas de restauraci\u00f3n ecol\u00f3gica:<\/b> Originalmente descritas como una especie distinta, las plantas de Florida son nativas de pantanos de agua dulce y hamacas h\u00famedas, mientras que las plantas de Cuba y otros lugares se encuentran en una variedad m\u00e1s amplia de h\u00e1bitats, incluidas las tierras altas m\u00e9sicas. Anecd\u00f3ticamente, a principios del siglo XX no hab\u00eda suficiente suministro local para satisfacer la demanda en Florida, y se importaron grandes cantidades de palmas reales de Cuba. Ampliamente cultivadas durante d\u00e9cadas, estas palmeras ahora est\u00e1n naturalizadas en los ecosistemas forestales de casi todo el sur de Florida y se est\u00e1n extendiendo hacia el norte. Debido a su tama\u00f1o y peso, las frondas pueden ser bastante destructivas cuando caen, rompiendo ramas y aplastando \u00e1rboles peque\u00f1os.   <\/p>\n<p><b>Descripci\u00f3n:<\/b> \u00c1rbol de tama\u00f1o mediano a grande<\/p>\n<p><b>Dimensiones:<\/b> Normalmente de 9 a 15 metros; hasta 30 metros en el sur de Florida; mucho m\u00e1s alto que ancho.<\/p>\n<p><b>Tasa de crecimiento:<\/b> De moderada a r\u00e1pida.<\/p>\n<p><b>Distribuci\u00f3n:<\/b> Florida peninsular, las Indias Occidentales, M\u00e9xico y Am\u00e9rica Central; ampliamente cultivada y naturalizada fuera de su \u00e1rea de distribuci\u00f3n natural. En Florida, nativa desde el sur del condado de Miami-Dade hasta el sur del condado de Collier, especialmente en y alrededor del Fakahatchee Strand. Originalmente descrita a partir de plantas que crec\u00edan a lo largo de las orillas del r\u00edo St. John&#8217;s, cerca del lago George, pero nunca m\u00e1s se inform\u00f3 de esa zona.  <\/p>\n<p><b>H\u00e1bitats:<\/b> Pantanos y hamacas h\u00famedas.<\/p>\n<p><b>Suelos:<\/b> H\u00famedos a estacionalmente h\u00famedos, de moderadamente bien drenados a bien drenados, arenosos, calizos u org\u00e1nicos, con una capa superior humosa.<\/p>\n<p><b>Requisitos nutricionales:<\/b> Moderado; puede crecer en suelos pobres en nutrientes, pero necesita algo de contenido org\u00e1nico para prosperar.<\/p>\n<p><b>Tolerancia al agua salada:<\/b> Baja; no tolera las inundaciones de agua salada o salobre.<\/p>\n<p><b>Tolerancia al viento salino:<\/b> Moderada; crece cerca del agua salada, pero no tolera la exposici\u00f3n directa y constante al viento salino.<\/p>\n<p><b>Tolerancia a la sequ\u00eda:<\/b> Moderada a baja; requiere suelos h\u00famedos a mojados, pero tolera cortos per\u00edodos de sequ\u00eda una vez establecido.<\/p>\n<p><b>Requisitos de luz:<\/b> Pleno sol.<\/p>\n<p><b>Color de la flor:<\/b> Rosado a blanco.<\/p>\n<p><b>Caracter\u00edsticas de la flor:<\/b> poco llamativas.<\/p>\n<p><b>Temporada de floraci\u00f3n:<\/b> Todo el a\u00f1o; pico en primavera.<\/p>\n<p><b>Fruto:<\/b> Baya.<\/p>\n<p><b>Vida silvestre y ecolog\u00eda:<\/b> Proporciona una cantidad importante de alimento y cantidades moderadas de cobertura para la vida silvestre. Las flores atraen a las abejas, las aves y otros insectos. El fruto atrae a las aves frug\u00edvoras m\u00e1s grandes. La copa alberga una amplia variedad de vida silvestre, incluidas ranas arbor\u00edcolas, serpientes y muchas especies de aves. Los troncos muertos proporcionan cavidades de anidaci\u00f3n para los p\u00e1jaros carpinteros de vientre rojo y los p\u00e1jaros carpinteros pileados.    <\/p>\n<p><b>Notas de horticultura:<\/b> Se cultiva f\u00e1cilmente a partir de semillas.<\/p>\n<p><b>Comentarios:<\/b> Sin\u00f3nimos: <i>Roystonea elata<\/i>.<\/p>\n","protected":false},"excerpt":{"rendered":"<p><img decoding=\"async\" class=\"alignnone size-medium wp-image-31863\" src=\"https:\/\/smartyplantsnursery.com\/wp-content\/uploads\/2023\/04\/Screen-Shot-2023-04-22-at-11.28.02-PM-300x134.png\" alt=\"\" width=\"300\" height=\"134\"><\/p>\n<div class=\"container\">\n<div class=\"table-container\">\n<table>\n<thead>\n<tr>\n<th>Tama\u00f1o de la maceta<\/th>\n<th>Altura media plantada (desde la tierra hasta la parte superior de la planta)<\/th>\n<\/tr>\n<\/thead>\n<tbody>\n<tr>\n<td>3 galones\/10&#8243;<\/td>\n<td>0,6 &#8211; 1,2 m<\/td>\n<\/tr>\n<tr>\n<td>7 galones\/14&#8243;<\/td>\n<td>1,2 &#8211; 1,8 m<\/td>\n<\/tr>\n<tr>\n<td>15 galones\/17&#8243;<\/td>\n<td>6 &#8211; 8 pies<\/td>\n<\/tr>\n<tr>\n<td>25 galones\/21&#8243;<\/td>\n<td>8 &#8211; 10 pies<\/td>\n<\/tr>\n<tr>\n<td>45 galones\/28&#8243;<\/td>\n<td>3 &#8211; 4,3 m<\/td>\n<\/tr>\n<\/tbody>\n<\/table>\n<\/div>\n<\/div>\n","protected":false},"featured_media":47827,"comment_status":"open","ping_status":"closed","template":"","meta":[],"product_brand":[59,60],"product_cat":[344,359,329,311,346,310,365,355,309,361,326,313,341,308,370,334,314,358,335,323,322,330,307],"product_tag":[318,352],"class_list":{"0":"post-46982","1":"product","2":"type-product","3":"status-publish","4":"has-post-thumbnail","6":"product_brand-fann","7":"product_brand-fnps","8":"product_cat-arbol","9":"product_cat-arena","10":"product_cat-baja-es-2","11":"product_cat-baja","12":"product_cat-bajo-mantenimiento","13":"product_cat-bien-drenado","14":"product_cat-inconspicuo","15":"product_cat-invierno","16":"product_cat-moderada","17":"product_cat-moderada-es-4","18":"product_cat-moderada-es-2","19":"product_cat-moderada-es","20":"product_cat-nativo","21":"product_cat-otono","22":"product_cat-palma","23":"product_cat-planta-de-acento","24":"product_cat-planta-de-especimen","25":"product_cat-plantas-para-mariposas-plantas-para-polinizadores","26":"product_cat-pleno-sol","27":"product_cat-primavera","28":"product_cat-rapido","29":"product_cat-semilla","30":"product_cat-verano","31":"product_tag-blanco","32":"product_tag-rosa","33":"pa_pot-size-15-galones-17","34":"pa_pot-size-25-galones-21","35":"pa_pot-size-3-galones-10","36":"pa_pot-size-45-galones-28","37":"pa_pot-size-7-galones-14","40":"first","41":"instock","42":"taxable","43":"shipping-taxable","44":"purchasable","45":"product-type-variable"},"aioseo_notices":[],"_links":{"self":[{"href":"https:\/\/smartyplantsnursery.com\/es\/wp-json\/wp\/v2\/product\/46982","targetHints":{"allow":["GET"]}}],"collection":[{"href":"https:\/\/smartyplantsnursery.com\/es\/wp-json\/wp\/v2\/product"}],"about":[{"href":"https:\/\/smartyplantsnursery.com\/es\/wp-json\/wp\/v2\/types\/product"}],"replies":[{"embeddable":true,"href":"https:\/\/smartyplantsnursery.com\/es\/wp-json\/wp\/v2\/comments?post=46982"}],"wp:featuredmedia":[{"embeddable":true,"href":"https:\/\/smartyplantsnursery.com\/es\/wp-json\/wp\/v2\/media\/47827"}],"wp:attachment":[{"href":"https:\/\/smartyplantsnursery.com\/es\/wp-json\/wp\/v2\/media?parent=46982"}],"wp:term":[{"taxonomy":"product_brand","embeddable":true,"href":"https:\/\/smartyplantsnursery.com\/es\/wp-json\/wp\/v2\/product_brand?post=46982"},{"taxonomy":"product_cat","embeddable":true,"href":"https:\/\/smartyplantsnursery.com\/es\/wp-json\/wp\/v2\/product_cat?post=46982"},{"taxonomy":"product_tag","embeddable":true,"href":"https:\/\/smartyplantsnursery.com\/es\/wp-json\/wp\/v2\/product_tag?post=46982"}],"curies":[{"name":"wp","href":"https:\/\/api.w.org\/{rel}","templated":true}]}}