{"id":46985,"date":"2023-04-13T21:37:36","date_gmt":"2023-04-13T21:37:36","guid":{"rendered":"https:\/\/smartyplantsnursery.com\/product\/uvero-de-paloma-tietongue-coccoloba-diversifolia\/"},"modified":"2026-03-07T13:53:44","modified_gmt":"2026-03-07T13:53:44","slug":"uvero-de-paloma-tietongue-coccoloba-diversifolia","status":"publish","type":"product","link":"https:\/\/smartyplantsnursery.com\/es\/product\/uvero-de-paloma-tietongue-coccoloba-diversifolia\/","title":{"rendered":"Uvero de paloma, tietongue &#8211; coccoloba diversifolia"},"content":{"rendered":"<p><b>Usos generales en el paisaje:<\/b> Un \u00e1rbol de acento o esp\u00e9cimen en paisajes residenciales o comerciales. Tambi\u00e9n \u00fatil en plantaciones de amortiguamiento. <\/p>\n<p><b>Notas sobre la restauraci\u00f3n ecol\u00f3gica:<\/b> Uno de los \u00e1rboles m\u00e1s comunes en una amplia variedad de hamacas en el sur de Florida.<\/p>\n<p><b>Descripci\u00f3n:<\/b> \u00c1rbol de mediano a grande con una peque\u00f1a copa redondeada formada por densas ramas extendidas. Troncos generalmente rectos y altos, de 30 a 60 cm de di\u00e1metro. Corteza que se descama. Hojas cori\u00e1ceas, rojizas en primavera cuando brotan; extremadamente variables en tama\u00f1o, pero t\u00edpicamente de 5 a 10 cm de largo en \u00e1rboles maduros y, a menudo, mucho m\u00e1s grandes en \u00e1rboles j\u00f3venes que crecen a la sombra.   <\/p>\n<p><b>Dimensiones:<\/b> T\u00edpicamente de 9 a 12 metros de altura; hasta 15 metros en el sur de Florida. M\u00e1s alto que ancho. <\/p>\n<p><b>Tasa de crecimiento:<\/b> moderada.<\/p>\n<p><b>Distribuci\u00f3n:<\/b> Cayos del condado de Monroe, principalmente a lo largo de las costas hacia el norte hasta los condados de Brevard y Lee; Indias Occidentales, M\u00e9xico y Am\u00e9rica Central.<\/p>\n<p><b>H\u00e1bitats:<\/b> hamacas.<\/p>\n<p><b>Suelos:<\/b> Suelos arenosos o calizos h\u00famedos y bien drenados, con una capa superior rica en humus.<\/p>\n<p><b>Requisitos nutricionales:<\/b> De moderados a altos; crece mejor con cierto contenido org\u00e1nico y puede languidecer en suelos pobres en nutrientes.<\/p>\n<p><b>Tolerancia al agua salada:<\/b> Baja; no tolera las inundaciones a largo plazo con agua salada o salobre.<\/p>\n<p><b>Tolerancia al viento salino:<\/b> Moderada; crece cerca del agua salada, pero est\u00e1 protegido de la pulverizaci\u00f3n directa de sal por otra vegetaci\u00f3n.<\/p>\n<p><b>Tolerancia a la sequ\u00eda:<\/b> Moderada; generalmente requiere suelos h\u00famedos, pero es tolerante a cortos per\u00edodos de sequ\u00eda una vez establecido.<\/p>\n<p><b>Requisitos de luz:<\/b> Pleno sol a sombra ligera.<\/p>\n<p><b>Color de la flor:<\/b> S\u00e9palos de color blanco verdoso con p\u00e9talos de color blanco cremoso.<\/p>\n<p><b>Caracter\u00edsticas de la flor:<\/b> Discreta. Esencialmente dioico, con flores masculinas y femeninas en diferentes plantas, pero los \u00e1rboles masculinos pueden dar frutos con algunos frutos est\u00e9riles. <\/p>\n<p><b>Temporada de floraci\u00f3n:<\/b> Todo el a\u00f1o; pico en primavera-verano.<\/p>\n<p><b>Fruto:<\/b> Aquenio de color rojo oscuro a p\u00farpura, similar a una baya, de 1\/3&#8243; de largo, en racimos. Comestible. <\/p>\n<p><b>Vida silvestre y ecolog\u00eda:<\/b> Proporciona alimento y cobertura significativos para la vida silvestre. Planta de n\u00e9ctar para la azufre naranja grande (<i>Phoebis agarithe<\/i>), la cola de golondrina de Schaus (<i>Papilio aristodemus ponceanus<\/i>) y otras mariposas, y atrae a los polinizadores de abejas. Las aves y otros animales comen los frutos. Los mapaches dejan marcas de ara\u00f1azos notables en los \u00e1rboles femeninos.   <\/p>\n<p><b>Notas de horticultura:<\/b> Se puede cultivar a partir de semillas despulpadas. Plantar inmediatamente; las semillas no se almacenan bien. La germinaci\u00f3n se produce en 1-2 meses o m\u00e1s.  <\/p>\n<p><b>Comentarios:<\/b> Un \u00e1rbol hermoso con una corteza atractiva que se pela. Los \u00e1rboles estresados son susceptibles al ataque de los gorgojos, pero echar\u00e1n hojas en la primavera siguiente. Las hojas est\u00e1n sostenidas por tallos cortos de color verde que se sujetan, de ah\u00ed el nombre com\u00fan, uvero de paloma.  <\/p>\n","protected":false},"excerpt":{"rendered":"<p><img decoding=\"async\" class=\"alignnone size-medium wp-image-31863\" src=\"https:\/\/smartyplantsnursery.com\/wp-content\/uploads\/2023\/04\/Screen-Shot-2023-04-22-at-11.28.02-PM-300x134.png\" alt=\"\" width=\"300\" height=\"134\"><\/p>\n<div class=\"container\">\n<div class=\"table-container\">\n<table>\n<thead>\n<tr>\n<th>Tama\u00f1o de la maceta<\/th>\n<th>Altura media plantada (desde la tierra hasta la parte superior de la planta)<\/th>\n<th>Calibre<\/th>\n<\/tr>\n<\/thead>\n<tbody>\n<tr>\n<td>3 galones\/10&#8243;<\/td>\n<td>1 &#8211; 2 pies<\/td>\n<td><\/td>\n<\/tr>\n<tr>\n<td>7 galones\/14 pulg.<\/td>\n<td>2 &#8211; 5 pies<\/td>\n<td>0,5 &#8211; 1 pulg.<\/td>\n<\/tr>\n<tr>\n<td>15 galones\/17 pulg.<\/td>\n<td>5 &#8211; 8 pies<\/td>\n<td>1 &#8211; 1,5 pulg.<\/td>\n<\/tr>\n<tr>\n<td>25 galones\/21&#8243;<\/td>\n<td>8 &#8211; 10 pies<\/td>\n<td>1,5 &#8211; 2 pulg.<\/td>\n<td><\/td>\n<\/tr>\n<tr>\n<td>45 galones\/28&#8243;<\/td>\n<td>10 &#8211; 12 pies<\/td>\n<td>2 &#8211; 2,5 pulg.<\/td>\n<\/tr>\n<tr>\n<td>65 galones\/32 pulg.<\/td>\n<td>12 &#8211; 14 pies<\/td>\n<td>2,5 &#8211; 3 pulg.<\/td>\n<\/tr>\n<tr>\n<td>100 galones\/36 pulg.<\/td>\n<td>14 &#8211; 16 pies<\/td>\n<td>3 &#8211; 4 pulg.<\/td>\n<\/tr>\n<\/tbody>\n<\/table>\n<\/div>\n<\/div>\n","protected":false},"featured_media":44600,"comment_status":"open","ping_status":"closed","template":"","meta":[],"product_brand":[59,60],"product_cat":[348,344,359,311,346,310,366,365,355,326,313,309,361,341,308,334,314,358,335,323,330,303,307],"product_tag":[318,327],"class_list":{"0":"post-46985","1":"product","2":"type-product","3":"status-publish","4":"has-post-thumbnail","6":"product_brand-fann","7":"product_brand-fnps","8":"product_cat-alta-es","9":"product_cat-arbol","10":"product_cat-arena","11":"product_cat-baja","12":"product_cat-bajo-mantenimiento","13":"product_cat-bien-drenado","14":"product_cat-dioico","15":"product_cat-inconspicuo","16":"product_cat-invierno","17":"product_cat-moderada-es-2","18":"product_cat-moderada-es","19":"product_cat-moderada","20":"product_cat-moderada-es-4","21":"product_cat-nativo","22":"product_cat-otono","23":"product_cat-planta-de-acento","24":"product_cat-planta-de-especimen","25":"product_cat-plantas-para-mariposas-plantas-para-polinizadores","26":"product_cat-pleno-sol","27":"product_cat-primavera","28":"product_cat-semilla","29":"product_cat-sol-parcial","30":"product_cat-verano","31":"product_tag-blanco","32":"product_tag-verde","33":"pa_pot-size-100-galones-36","34":"pa_pot-size-15-galones-17","35":"pa_pot-size-25-galones-21","36":"pa_pot-size-3-galones-10","37":"pa_pot-size-45-galones-28","38":"pa_pot-size-65-galones-32","39":"pa_pot-size-7-galones-14","42":"first","43":"instock","44":"taxable","45":"shipping-taxable","46":"purchasable","47":"product-type-variable"},"aioseo_notices":[],"_links":{"self":[{"href":"https:\/\/smartyplantsnursery.com\/es\/wp-json\/wp\/v2\/product\/46985","targetHints":{"allow":["GET"]}}],"collection":[{"href":"https:\/\/smartyplantsnursery.com\/es\/wp-json\/wp\/v2\/product"}],"about":[{"href":"https:\/\/smartyplantsnursery.com\/es\/wp-json\/wp\/v2\/types\/product"}],"replies":[{"embeddable":true,"href":"https:\/\/smartyplantsnursery.com\/es\/wp-json\/wp\/v2\/comments?post=46985"}],"wp:featuredmedia":[{"embeddable":true,"href":"https:\/\/smartyplantsnursery.com\/es\/wp-json\/wp\/v2\/media\/44600"}],"wp:attachment":[{"href":"https:\/\/smartyplantsnursery.com\/es\/wp-json\/wp\/v2\/media?parent=46985"}],"wp:term":[{"taxonomy":"product_brand","embeddable":true,"href":"https:\/\/smartyplantsnursery.com\/es\/wp-json\/wp\/v2\/product_brand?post=46985"},{"taxonomy":"product_cat","embeddable":true,"href":"https:\/\/smartyplantsnursery.com\/es\/wp-json\/wp\/v2\/product_cat?post=46985"},{"taxonomy":"product_tag","embeddable":true,"href":"https:\/\/smartyplantsnursery.com\/es\/wp-json\/wp\/v2\/product_tag?post=46985"}],"curies":[{"name":"wp","href":"https:\/\/api.w.org\/{rel}","templated":true}]}}