{"id":46997,"date":"2023-04-13T21:34:17","date_gmt":"2023-04-13T21:34:17","guid":{"rendered":"https:\/\/smartyplantsnursery.com\/product\/paradisetree-simarouba-glauca\/"},"modified":"2026-01-29T16:26:38","modified_gmt":"2026-01-29T16:26:38","slug":"paradisetree-simarouba-glauca","status":"publish","type":"product","link":"https:\/\/smartyplantsnursery.com\/es\/product\/paradisetree-simarouba-glauca\/","title":{"rendered":"Paradisetree &#8211; simarouba glauca"},"content":{"rendered":"<p><b>Usos generales en el paisajismo:<\/b> \u00c1rbol de acento, esp\u00e9cimen o sombra en paisajes residenciales y comerciales.<\/p>\n<p><b>Descripci\u00f3n:<\/b> \u00c1rbol de tama\u00f1o mediano a grande con una copa redondeada. Troncos erectos, rectos, de hasta 20 pulgadas de di\u00e1metro. Corteza de color marr\u00f3n claro a gris\u00e1ceo-marr\u00f3n, lisa cuando es joven y luego se vuelve \u00e1spera. Hojas compuestas, de 6 a 16 pulgadas de largo, brillantes, de color anaranjado o rojizo cuando son j\u00f3venes.   <\/p>\n<p><b>Dimensiones:<\/b> Normalmente de 30 a 50 pies de altura; hasta 63 pies en el sur de Florida. M\u00e1s alto que ancho. <\/p>\n<p><b>Tasa de crecimiento:<\/b> De lento a moderado.<\/p>\n<p><b>Distribuci\u00f3n:<\/b> Cayos del condado de Monroe, principalmente a lo largo de las costas hacia el norte hasta los condados de Brevard y Collier; Indias Occidentales, sur de M\u00e9xico, Am\u00e9rica Central.<\/p>\n<p><b>H\u00e1bitats:<\/b> hamacas.<\/p>\n<p><b>Suelos:<\/b> Suelos arenosos o calizos h\u00famedos y bien drenados, con una capa superior rica en humus.<\/p>\n<p><b>Requisitos nutricionales:<\/b> Moderado; puede crecer en suelos pobres en nutrientes, pero necesita algo de contenido org\u00e1nico para prosperar.<\/p>\n<p><b>Tolerancia al agua salada:<\/b> Baja; no tolera las inundaciones a largo plazo con agua salada o salobre.<\/p>\n<p><b>Tolerancia al viento salado:<\/b> Alta; puede tolerar cantidades moderadas de viento salado sin da\u00f1os significativos.<\/p>\n<p><b>Tolerancia a la sequ\u00eda:<\/b> Alta; no requiere agua suplementaria una vez establecida.<\/p>\n<p><b>Requisitos de luz:<\/b> Pleno sol.<\/p>\n<p><b>Color de la flor:<\/b> Amarillo a blanco cremoso.<\/p>\n<p><b>Caracter\u00edsticas de la flor:<\/b> Poco llamativas. Dioicas, con flores masculinas y femeninas en diferentes plantas. <\/p>\n<p><b>Temporada de floraci\u00f3n:<\/b> Invierno-primavera.<\/p>\n<p><b>Fruto:<\/b> Drupas de color rojo brillante que se vuelven negras cuando maduran.<\/p>\n<p><b>Notas de horticultura:<\/b> Se puede cultivar a partir de semillas despulpadas. Plantar de inmediato; las semillas no se almacenan bien. Estacar las plantas al trasplantar, ya que el desarrollo de las ra\u00edces generalmente se retrasa con respecto al desarrollo sobre el suelo.  <\/p>\n<p><b>Comentarios:<\/b> El nuevo crecimiento tiene un atractivo color rojo.<\/p>\n","protected":false},"excerpt":{"rendered":"<p><img decoding=\"async\" class=\"alignnone size-medium wp-image-31863\" src=\"https:\/\/smartyplantsnursery.com\/wp-content\/uploads\/2023\/04\/Screen-Shot-2023-04-22-at-11.28.02-PM-300x134.png\" alt=\"\" width=\"300\" height=\"134\"><\/p>\n<div class=\"container\">\n<div class=\"table-container\">\n<table>\n<thead>\n<tr>\n<th>Tama\u00f1o de la maceta<\/th>\n<th>Altura media plantada (desde la tierra hasta la parte superior de la planta)<\/th>\n<th>Calibre<\/th>\n<\/tr>\n<\/thead>\n<tbody>\n<tr>\n<td>3 galones\/10&#8243;<\/td>\n<td>0,6 &#8211; 1,2 m<\/td>\n<td><\/td>\n<\/tr>\n<tr>\n<td>7 galones\/14&#8243;<\/td>\n<td>1,2 &#8211; 1,8 m<\/td>\n<td><\/td>\n<\/tr>\n<tr>\n<td>15 galones\/17&#8243;<\/td>\n<td>6 &#8211; 8 pies<\/td>\n<td><\/td>\n<\/tr>\n<tr>\n<td>25 galones\/21&#8243;<\/td>\n<td>8 &#8211; 12 pies<\/td>\n<td>2 &#8211; 3 pulgadas<\/td>\n<\/tr>\n<tr>\n<td>45 galones\/28&#8243;<\/td>\n<td>12 &#8211; 16 pies<\/td>\n<td>3 &#8211; 4 pulgadas<\/td>\n<\/tr>\n<\/tbody>\n<\/table>\n<\/div>\n<\/div>\n","protected":false},"featured_media":44560,"comment_status":"open","ping_status":"closed","template":"","meta":[],"product_brand":[59,60],"product_cat":[340,362,344,371,359,311,346,310,366,365,355,306,326,309,341,334,314,335,323,330],"product_tag":[319,318],"class_list":{"0":"post-46997","1":"product","2":"type-product","3":"status-publish","4":"has-post-thumbnail","6":"product_brand-fann","7":"product_brand-fnps","8":"product_cat-alta","9":"product_cat-alta-es-2","10":"product_cat-arbol","11":"product_cat-arbol-de-sombra","12":"product_cat-arena","13":"product_cat-baja","14":"product_cat-bajo-mantenimiento","15":"product_cat-bien-drenado","16":"product_cat-dioico","17":"product_cat-inconspicuo","18":"product_cat-invierno","19":"product_cat-lenta","20":"product_cat-moderada-es-2","21":"product_cat-moderada","22":"product_cat-nativo","23":"product_cat-planta-de-acento","24":"product_cat-planta-de-especimen","25":"product_cat-pleno-sol","26":"product_cat-primavera","27":"product_cat-semilla","28":"product_tag-amarillo","29":"product_tag-blanco","30":"pa_pot-size-15-galones-17","31":"pa_pot-size-25-galones-21","32":"pa_pot-size-3-galones-10","33":"pa_pot-size-45-galones-28","34":"pa_pot-size-7-galones-14","37":"first","38":"instock","39":"taxable","40":"shipping-taxable","41":"purchasable","42":"product-type-variable"},"aioseo_notices":[],"_links":{"self":[{"href":"https:\/\/smartyplantsnursery.com\/es\/wp-json\/wp\/v2\/product\/46997","targetHints":{"allow":["GET"]}}],"collection":[{"href":"https:\/\/smartyplantsnursery.com\/es\/wp-json\/wp\/v2\/product"}],"about":[{"href":"https:\/\/smartyplantsnursery.com\/es\/wp-json\/wp\/v2\/types\/product"}],"replies":[{"embeddable":true,"href":"https:\/\/smartyplantsnursery.com\/es\/wp-json\/wp\/v2\/comments?post=46997"}],"wp:featuredmedia":[{"embeddable":true,"href":"https:\/\/smartyplantsnursery.com\/es\/wp-json\/wp\/v2\/media\/44560"}],"wp:attachment":[{"href":"https:\/\/smartyplantsnursery.com\/es\/wp-json\/wp\/v2\/media?parent=46997"}],"wp:term":[{"taxonomy":"product_brand","embeddable":true,"href":"https:\/\/smartyplantsnursery.com\/es\/wp-json\/wp\/v2\/product_brand?post=46997"},{"taxonomy":"product_cat","embeddable":true,"href":"https:\/\/smartyplantsnursery.com\/es\/wp-json\/wp\/v2\/product_cat?post=46997"},{"taxonomy":"product_tag","embeddable":true,"href":"https:\/\/smartyplantsnursery.com\/es\/wp-json\/wp\/v2\/product_tag?post=46997"}],"curies":[{"name":"wp","href":"https:\/\/api.w.org\/{rel}","templated":true}]}}