{"id":47008,"date":"2023-04-13T22:27:51","date_gmt":"2023-04-13T22:27:51","guid":{"rendered":"https:\/\/smartyplantsnursery.com\/product\/moral-rojo-morus-rubra\/"},"modified":"2026-02-04T15:20:57","modified_gmt":"2026-02-04T15:20:57","slug":"moral-rojo-morus-rubra","status":"publish","type":"product","link":"https:\/\/smartyplantsnursery.com\/es\/product\/moral-rojo-morus-rubra\/","title":{"rendered":"Moral rojo &#8211; morus rubra"},"content":{"rendered":"<p><b>Usos generales en el paisaje:<\/b> Se recomienda principalmente para paisajes naturales y restauraciones de h\u00e1bitats. Tambi\u00e9n puede ser un \u00e1rbol ornamental atractivo en parques y grandes jardines residenciales. <\/p>\n<p><b>Notas sobre la restauraci\u00f3n ecol\u00f3gica:<\/b> Un elemento ocasional de las hamacas en el continente.<\/p>\n<p><b>Descripci\u00f3n:<\/b> \u00c1rbol de tama\u00f1o mediano a grande con copas anchas, redondeadas y densas, compuestas por ramas de amplia extensi\u00f3n. Los troncos suelen ser cortos, ramific\u00e1ndose pronto, de 6 a 18 pulgadas de di\u00e1metro. Corteza de color marr\u00f3n gris\u00e1ceo o rojizo, dividida y descascarada. Hojas de color verde oscuro en la parte superior, m\u00e1s p\u00e1lidas en la parte inferior, de 3 a 5 pulgadas de largo, delgadas y \u00e1speras en la parte superior. Caducifolio templado, que suele perder sus hojas en invierno.    <\/p>\n<p><b>Dimensiones:<\/b> Normalmente de 30 a 40 pies de altura en el sur de Florida; hasta 58 pies en Florida. Tan ancho como alto o m\u00e1s ancho. <\/p>\n<p><b>Tasa de crecimiento:<\/b> r\u00e1pida.<\/p>\n<p><b>Distribuci\u00f3n:<\/b> Este de Norteam\u00e9rica, al oeste de Texas y al sur del condado de Miami-Dade y el continente del condado de Monroe.<\/p>\n<p><b>H\u00e1bitats:<\/b> Bosques h\u00famedos.<\/p>\n<p><b>Suelos:<\/b> H\u00famedos a mojados, moderadamente bien drenados a bien drenados, suelos arenosos o calizos, con una capa superior humosa.<\/p>\n<p><b>Requisitos nutricionales:<\/b> Moderado; puede crecer en suelos pobres en nutrientes, pero necesita algo de contenido org\u00e1nico para prosperar.<\/p>\n<p><b>Tolerancia al agua salada:<\/b> Baja; no tolera las inundaciones de agua salada o salobre.<\/p>\n<p><b>Tolerancia al viento salino:<\/b> Moderada; crece cerca del agua salada, pero est\u00e1 protegido de la pulverizaci\u00f3n directa de sal por otra vegetaci\u00f3n.<\/p>\n<p><b>Tolerancia a la sequ\u00eda:<\/b> Moderada; generalmente requiere suelos h\u00famedos, pero es tolerante a cortos per\u00edodos de sequ\u00eda una vez establecido.<\/p>\n<p><b>Requisitos de luz:<\/b> Pleno sol.<\/p>\n<p><b>Color de la flor:<\/b> Blanco verdoso.<\/p>\n<p><b>Caracter\u00edsticas de la flor:<\/b> Poco llamativas en amentos largos y delgados. Parcialmente dioicas, pero con suficientes flores masculinas presentes en los \u00e1rboles femeninos para asegurar una fertilizaci\u00f3n razonable.  La polinizaci\u00f3n se produce por el viento.<\/p>\n<p><b>Temporada de floraci\u00f3n:<\/b> Invierno-verano; pico a principios de primavera.<\/p>\n<p><b>Fruto:<\/b> Baya jugosa compuesta, de aproximadamente 1&#8243; de largo, que se vuelve de color p\u00farpura a negro cuando est\u00e1 madura. Principalmente a finales de la primavera. Comestible, dulce.  <\/p>\n<p><b>Vida silvestre y ecolog\u00eda:<\/b> Proporciona alimento y refugio para la vida silvestre. Muchas especies de aves y otros animales comen los frutos. <\/p>\n<p><b>Notas de horticultura:<\/b> Se puede cultivar a partir de esquejes de madera semidura bajo niebla.<\/p>\n<p><b>Comentarios:<\/b> El fruto es muy sabroso y se puede comer crudo o utilizar para hacer jalea, jarabe o relleno de pastel. El \u00e1rbol puede tener un aspecto desagradable justo antes y durante la ca\u00edda de las hojas, ya que las hojas son atacadas por insectos masticadores. <\/p>\n","protected":false},"excerpt":{"rendered":"<p><img decoding=\"async\" class=\"alignnone size-medium wp-image-31863\" src=\"https:\/\/smartyplantsnursery.com\/wp-content\/uploads\/2023\/04\/Screen-Shot-2023-04-22-at-11.28.02-PM-300x134.png\" alt=\"\" width=\"300\" height=\"134\"><\/p>\n<div class=\"container\">\n<div class=\"table-container\">\n<table>\n<thead>\n<tr>\n<th>Tama\u00f1o de la maceta<\/th>\n<th>Altura media plantada (desde la tierra hasta la parte superior de la planta)<\/th>\n<\/tr>\n<\/thead>\n<tbody>\n<tr>\n<td>3 galones\/10&#8243;<\/td>\n<td>0,6 &#8211; 1,2 m<\/td>\n<\/tr>\n<tr>\n<td>7 galones\/14&#8243;<\/td>\n<td>1,2 &#8211; 1,8 m<\/td>\n<\/tr>\n<tr>\n<td>15 galones\/17&#8243;<\/td>\n<td>6 &#8211; 8 pies<\/td>\n<\/tr>\n<\/tbody>\n<\/table>\n<\/div>\n<\/div>\n","protected":false},"featured_media":52118,"comment_status":"open","ping_status":"closed","template":"","meta":[],"product_brand":[59,60],"product_cat":[344,359,311,346,310,366,315,365,355,313,309,361,341,334,335,323,322,307],"product_tag":[318,327],"class_list":{"0":"post-47008","1":"product","2":"type-product","3":"status-publish","4":"has-post-thumbnail","6":"product_brand-fann","7":"product_brand-fnps","8":"product_cat-arbol","9":"product_cat-arena","10":"product_cat-baja","11":"product_cat-bajo-mantenimiento","12":"product_cat-bien-drenado","13":"product_cat-dioico","14":"product_cat-esquejes","15":"product_cat-inconspicuo","16":"product_cat-invierno","17":"product_cat-moderada-es","18":"product_cat-moderada","19":"product_cat-moderada-es-4","20":"product_cat-nativo","21":"product_cat-planta-de-acento","22":"product_cat-pleno-sol","23":"product_cat-primavera","24":"product_cat-rapido","25":"product_cat-verano","26":"product_tag-blanco","27":"product_tag-verde","28":"pa_pot-size-1-galon-6","29":"pa_pot-size-15-galones-17","30":"pa_pot-size-3-galones-10","31":"pa_pot-size-7-galones-14","34":"first","35":"instock","36":"taxable","37":"shipping-taxable","38":"purchasable","39":"product-type-variable"},"aioseo_notices":[],"_links":{"self":[{"href":"https:\/\/smartyplantsnursery.com\/es\/wp-json\/wp\/v2\/product\/47008","targetHints":{"allow":["GET"]}}],"collection":[{"href":"https:\/\/smartyplantsnursery.com\/es\/wp-json\/wp\/v2\/product"}],"about":[{"href":"https:\/\/smartyplantsnursery.com\/es\/wp-json\/wp\/v2\/types\/product"}],"replies":[{"embeddable":true,"href":"https:\/\/smartyplantsnursery.com\/es\/wp-json\/wp\/v2\/comments?post=47008"}],"wp:featuredmedia":[{"embeddable":true,"href":"https:\/\/smartyplantsnursery.com\/es\/wp-json\/wp\/v2\/media\/52118"}],"wp:attachment":[{"href":"https:\/\/smartyplantsnursery.com\/es\/wp-json\/wp\/v2\/media?parent=47008"}],"wp:term":[{"taxonomy":"product_brand","embeddable":true,"href":"https:\/\/smartyplantsnursery.com\/es\/wp-json\/wp\/v2\/product_brand?post=47008"},{"taxonomy":"product_cat","embeddable":true,"href":"https:\/\/smartyplantsnursery.com\/es\/wp-json\/wp\/v2\/product_cat?post=47008"},{"taxonomy":"product_tag","embeddable":true,"href":"https:\/\/smartyplantsnursery.com\/es\/wp-json\/wp\/v2\/product_tag?post=47008"}],"curies":[{"name":"wp","href":"https:\/\/api.w.org\/{rel}","templated":true}]}}