{"id":47086,"date":"2023-04-13T21:19:18","date_gmt":"2023-04-13T21:19:18","guid":{"rendered":"https:\/\/smartyplantsnursery.com\/product\/lignumvitae-holywood-lignumvitae-guaiacum-sanctum\/"},"modified":"2026-01-08T16:46:44","modified_gmt":"2026-01-08T16:46:44","slug":"lignumvitae-holywood-lignumvitae-guaiacum-sanctum","status":"publish","type":"product","link":"https:\/\/smartyplantsnursery.com\/es\/product\/lignumvitae-holywood-lignumvitae-guaiacum-sanctum\/","title":{"rendered":"Lignumvitae, holywood lignumvitae &#8211; guaiacum sanctum"},"content":{"rendered":"<p><b>Usos generales en el paisaje:<\/b> Arbusto o \u00e1rbol peque\u00f1o como ejemplar.<\/p>\n<p><b>Notas sobre restauraci\u00f3n ecol\u00f3gica:<\/b> Asociado con hamacas primarias o secundarias muy antiguas.<\/p>\n<p><b>Descripci\u00f3n:<\/b> \u00c1rbol peque\u00f1o o arbusto grande y extendido con una copa redondeada. Troncos generalmente nudosos, cortos e irregulares. Hojas compuestas, de color verde oscuro y brillantes en la parte superior.  <\/p>\n<p><b>Dimensiones:<\/b> T\u00edpicamente de 8 a 20 pies de altura; hasta 37 pies en el sur de Florida. Por lo general, tan ancho como alto o m\u00e1s ancho. <\/p>\n<p><b>Tasa de crecimiento:<\/b> Lento a muy lento.<\/p>\n<p><b>Distribuci\u00f3n:<\/b> Cayos del Condado de Monroe y Condado de Miami-Dade; Indias Occidentales, M\u00e9xico y Am\u00e9rica Central. En el Condado de Miami-Dade, solo se conoce de los Cayos de Florida en y alrededor del Parque Nacional Biscayne. <\/p>\n<p><b>H\u00e1bitats:<\/b> hamacas.<\/p>\n<p><b>Suelos:<\/b> Suelos calizos h\u00famedos y bien drenados, con una capa superior humosa.<\/p>\n<p><b>Requisitos nutricionales:<\/b> Moderado; puede crecer en suelos pobres en nutrientes, pero necesita algo de contenido org\u00e1nico para prosperar.<\/p>\n<p><b>Tolerancia al agua salada:<\/b> Baja; no tolera las inundaciones a largo plazo con agua salada o salobre.<\/p>\n<p><b>Tolerancia al viento salino:<\/b> Moderada; crece cerca del agua salada, pero est\u00e1 protegido de la pulverizaci\u00f3n directa de sal por otra vegetaci\u00f3n.<\/p>\n<p><b>Tolerancia a la sequ\u00eda:<\/b> Alta; no requiere agua suplementaria una vez establecida.<\/p>\n<p><b>Requisitos de luz:<\/b> Pleno sol.<\/p>\n<p><b>Color de la flor:<\/b> azul.<\/p>\n<p><b>Caracter\u00edsticas de la flor:<\/b> Llamativa durante los per\u00edodos de floraci\u00f3n m\u00e1xima; aproximadamente 3\/4&#8243; de ancho.<\/p>\n<p><b>Temporada de floraci\u00f3n:<\/b> Todo el a\u00f1o; espor\u00e1dica.<\/p>\n<p><b>Fruto:<\/b> C\u00e1psula de color amarillo anaranjado, que se abre para exponer semillas negras con arilos rojos.<\/p>\n<p><b>Vida silvestre y ecolog\u00eda:<\/b> Proporciona alimento y refugio para las aves. Planta hu\u00e9sped larval para las mariposas azufre lyside (<i>Kricogonia lyside<\/i>). Atrae a las abejas y a los polinizadores de mariposas. Los p\u00e1jaros gato y los sinsonte se comen las semillas.   <\/p>\n<p><b>Notas de horticultura:<\/b> Se puede cultivar a partir de semillas limpias de pulpa. Plantar de inmediato; las semillas no se almacenan bien. Colocar en sombra ligera o pleno sol.  <\/p>\n<p><b>Comentarios:<\/b> En el sur de Florida, naturalmente solo se conoce de los Cayos de Florida, aunque se ha plantado ampliamente en otros lugares. Se pueden ver hermosos ejemplos en el Parque Estatal Bot\u00e1nico Lignumvitae Key. Antiguamente se talaba hasta casi la extinci\u00f3n por su hermosa y \u00fatil madera. Est\u00e1 catalogado como en peligro de extinci\u00f3n por el estado de Florida y como cr\u00edticamente amenazado en el sur de Florida por el Instituto para la Conservaci\u00f3n Regional.   <\/p>\n<p><strong>Sin\u00f3nimos<\/strong>: Guajacum es una variante ortogr\u00e1fica.<\/p>\n","protected":false},"excerpt":{"rendered":"<p><img decoding=\"async\" class=\"alignnone size-medium wp-image-31863\" src=\"https:\/\/smartyplantsnursery.com\/wp-content\/uploads\/2023\/04\/Screen-Shot-2023-04-22-at-11.28.02-PM-300x134.png\" alt=\"\" width=\"300\" height=\"134\"><\/p>\n<div class=\"container\">\n<div class=\"table-container\">\n<table>\n<thead>\n<tr>\n<th>Tama\u00f1o de la maceta<\/th>\n<th>Altura media plantada (desde la tierra hasta la parte superior de la planta)<\/th>\n<th>Calibre<\/th>\n<\/tr>\n<\/thead>\n<tbody>\n<tr>\n<td>1 gal\u00f3n\/6&#8243;<\/td>\n<td>0 &#8211; 1 ft.<\/td>\n<td><\/td>\n<\/tr>\n<tr>\n<td>3 galones\/10&#8243;<\/td>\n<td>1 &#8211; 2 pies<\/td>\n<td><\/td>\n<\/tr>\n<tr>\n<td>7 galones\/14&#8243;<\/td>\n<td>2 &#8211; 4 pies<\/td>\n<td><\/td>\n<\/tr>\n<tr>\n<td>15 galones\/17&#8243;<\/td>\n<td>4 &#8211; 6 pies<\/td>\n<td><\/td>\n<\/tr>\n<tr>\n<td>25 galones\/21&#8243;<\/td>\n<td>6 &#8211; 7 pies<\/td>\n<td>1 &#8211; 1,5 in<\/td>\n<\/tr>\n<tr>\n<td>45 galones\/28&#8243;<\/td>\n<td>7 &#8211; 8 pies<\/td>\n<td>1,5 &#8211; 2 in<\/td>\n<\/tr>\n<tr>\n<td>65 galones\/32&#8243;<\/td>\n<td>8 &#8211; 10 pies<\/td>\n<td>2 &#8211; 2,5 in<\/td>\n<\/tr>\n<tr>\n<td>100 galones\/36&#8243;<\/td>\n<td>10 &#8211; 11 pies<\/td>\n<td>2,5 &#8211; 3 in<\/td>\n<\/tr>\n<tr>\n<td>200 galones\/48&#8243;<\/td>\n<td>11 &#8211; 12 pies<\/td>\n<td>3 &#8211; 3,5 in<\/td>\n<\/tr>\n<\/tbody>\n<\/table>\n<\/div>\n<\/div>\n","protected":false},"featured_media":55286,"comment_status":"open","ping_status":"closed","template":"","meta":[],"product_brand":[59,60],"product_cat":[340,344,311,346,310,355,306,324,309,361,341,308,314,358,335,323,330,307],"product_tag":[385],"class_list":{"0":"post-47086","1":"product","2":"type-product","3":"status-publish","4":"has-post-thumbnail","6":"product_brand-fann","7":"product_brand-fnps","8":"product_cat-alta","9":"product_cat-arbol","10":"product_cat-baja","11":"product_cat-bajo-mantenimiento","12":"product_cat-bien-drenado","13":"product_cat-invierno","14":"product_cat-lenta","15":"product_cat-llamativo","16":"product_cat-moderada","17":"product_cat-moderada-es-4","18":"product_cat-nativo","19":"product_cat-otono","20":"product_cat-planta-de-especimen","21":"product_cat-plantas-para-mariposas-plantas-para-polinizadores","22":"product_cat-pleno-sol","23":"product_cat-primavera","24":"product_cat-semilla","25":"product_cat-verano","26":"product_tag-azul","27":"pa_pot-size-1-galon-6","28":"pa_pot-size-100-galones-36","29":"pa_pot-size-15-galones-17","30":"pa_pot-size-200-galones-48","31":"pa_pot-size-25-galones-21","32":"pa_pot-size-3-galones-10","33":"pa_pot-size-45-galones-28","34":"pa_pot-size-65-galones-32","35":"pa_pot-size-7-galones-14","38":"first","39":"instock","40":"taxable","41":"shipping-taxable","42":"purchasable","43":"product-type-variable"},"aioseo_notices":[],"_links":{"self":[{"href":"https:\/\/smartyplantsnursery.com\/es\/wp-json\/wp\/v2\/product\/47086","targetHints":{"allow":["GET"]}}],"collection":[{"href":"https:\/\/smartyplantsnursery.com\/es\/wp-json\/wp\/v2\/product"}],"about":[{"href":"https:\/\/smartyplantsnursery.com\/es\/wp-json\/wp\/v2\/types\/product"}],"replies":[{"embeddable":true,"href":"https:\/\/smartyplantsnursery.com\/es\/wp-json\/wp\/v2\/comments?post=47086"}],"wp:featuredmedia":[{"embeddable":true,"href":"https:\/\/smartyplantsnursery.com\/es\/wp-json\/wp\/v2\/media\/55286"}],"wp:attachment":[{"href":"https:\/\/smartyplantsnursery.com\/es\/wp-json\/wp\/v2\/media?parent=47086"}],"wp:term":[{"taxonomy":"product_brand","embeddable":true,"href":"https:\/\/smartyplantsnursery.com\/es\/wp-json\/wp\/v2\/product_brand?post=47086"},{"taxonomy":"product_cat","embeddable":true,"href":"https:\/\/smartyplantsnursery.com\/es\/wp-json\/wp\/v2\/product_cat?post=47086"},{"taxonomy":"product_tag","embeddable":true,"href":"https:\/\/smartyplantsnursery.com\/es\/wp-json\/wp\/v2\/product_tag?post=47086"}],"curies":[{"name":"wp","href":"https:\/\/api.w.org\/{rel}","templated":true}]}}