{"id":47093,"date":"2023-04-13T19:05:53","date_gmt":"2023-04-13T19:05:53","guid":{"rendered":"https:\/\/smartyplantsnursery.com\/product\/ironwood-redberry-stopper-eugenia-confusa\/"},"modified":"2025-12-30T17:29:01","modified_gmt":"2025-12-30T17:29:01","slug":"ironwood-redberry-stopper-eugenia-confusa","status":"publish","type":"product","link":"https:\/\/smartyplantsnursery.com\/es\/product\/ironwood-redberry-stopper-eugenia-confusa\/","title":{"rendered":"Ironwood, redberry stopper &#8211; Eugenia confusa"},"content":{"rendered":"<p><b>Usos generales en el paisaje:<\/b> \u00c1rbol ornamental.<\/p>\n<p><b>Notas sobre la restauraci\u00f3n ecol\u00f3gica:<\/b> Un \u00e1rbol de subdosel raro dentro de un \u00e1rea geogr\u00e1ficamente limitada. Se asocia principalmente con hamacas primarias o secundarias muy antiguas. <\/p>\n<p><b>Descripci\u00f3n:<\/b> \u00c1rbol peque\u00f1o a mediano con un tronco erecto y una copa estrecha y redondeada. Troncos de hasta 16 pulgadas de di\u00e1metro en \u00e1rboles muy viejos. Corteza gris, con estrechas tiras de corteza suelta en \u00e1rboles m\u00e1s viejos. Hojas gruesas y r\u00edgidas, brillantes, de color verde brillante, de aproximadamente 1-2 pulgadas de largo, con una punta de goteo pronunciada.   <\/p>\n<p><b>Dimensiones:<\/b> T\u00edpicamente de 15-25 pies de altura; hasta 46 pies en el sur de Florida. M\u00e1s alto que ancho. <\/p>\n<p><b>Tasa de crecimiento:<\/b> Muy lento a lento.<\/p>\n<p><b>Distribuci\u00f3n:<\/b> Cayos del Condado de Monroe y Condado de Miami-Dade; disyunto en los condados de Martin y Brevard; Indias Occidentales. Nativo de los Cayos de Florida desde North Key Largo en el Condado de Monroe hasta Sands Key en el Condado de Miami-Dade, el continente del Condado de Miami-Dade en Miami Rock Ridge desde Snapper Creek hasta Brickell Hammock, el Condado de Martin en Sewell&#8217;s Point, donde posiblemente extirpado, y el Condado de Brevard, donde se recolect\u00f3 una vez en 1923. <\/p>\n<p><b>H\u00e1bitats:<\/b> Hamacas costeras.<\/p>\n<p><b>Suelos:<\/b> Suelos calizos o arenosos h\u00famedos y bien drenados, con una capa superior de humus.<\/p>\n<p><b>Requisitos nutricionales:<\/b> Moderado; puede crecer en suelos pobres en nutrientes, pero necesita algo de contenido org\u00e1nico para prosperar.<\/p>\n<p><b>Tolerancia al agua salada:<\/b> Baja; no tolera las inundaciones a largo plazo con agua salada o salobre.<\/p>\n<p><b>Tolerancia al viento salado:<\/b> Baja; el viento salado puede quemar las hojas.<\/p>\n<p><b>Tolerancia a la sequ\u00eda:<\/b> Moderada; generalmente requiere suelos h\u00famedos, pero es tolerante a cortos per\u00edodos de sequ\u00eda una vez establecido.<\/p>\n<p><b>Requisitos de luz:<\/b> Sombra ligera a pleno sol.<\/p>\n<p><b>Color de la flor:<\/b> Blanco.<\/p>\n<p><b>Caracter\u00edsticas de la flor:<\/b> Semillamativa.<\/p>\n<p><b>Temporada de floraci\u00f3n:<\/b> Todo el a\u00f1o; pico en primavera-verano.<\/p>\n<p><b>Fruto:<\/b> Baya roja.<\/p>\n<p><b>Vida silvestre y ecolog\u00eda:<\/b> Proporciona alimento y refugio para la vida silvestre. Las aves comen los frutos. <\/p>\n<p><b>Notas de horticultura:<\/b> Se puede cultivar a partir de semillas despulpadas. Colocar en sombra ligera. La germinaci\u00f3n suele ocurrir en 1 mes.  <\/p>\n<p><b>Comentarios:<\/b> Las hojas brillantes tienen una atractiva punta de goteo. Est\u00e1 catalogado como en peligro de extinci\u00f3n por el estado de Florida. <\/p>\n","protected":false},"excerpt":{"rendered":"<p><img decoding=\"async\" class=\"alignnone size-medium wp-image-31863\" src=\"https:\/\/smartyplantsnursery.com\/wp-content\/uploads\/2023\/04\/Screen-Shot-2023-04-22-at-11.28.02-PM-300x134.png\" alt=\"\" width=\"300\" height=\"134\"><\/p>\n<div class=\"container\">\n<div class=\"table-container\">\n<table>\n<thead>\n<tr>\n<th>Tama\u00f1o de la maceta<\/th>\n<th>Altura media plantada (desde la tierra hasta la parte superior de la planta)<\/th>\n<\/tr>\n<\/thead>\n<tbody>\n<tr>\n<td>1 gal\u00f3n\/6&#8243;<\/td>\n<td>0 &#8211; 1 ft.<\/td>\n<\/tr>\n<tr>\n<td>3 galones\/10&#8243;<\/td>\n<td>1 &#8211; 2 pies<\/td>\n<\/tr>\n<tr>\n<td>7 galones\/14&#8243;<\/td>\n<td>0,6 &#8211; 0,9 m<\/td>\n<\/tr>\n<tr>\n<td>15 galones\/17&#8243;<\/td>\n<td>0,9 &#8211; 1,2 m<\/td>\n<\/tr>\n<tr>\n<td>25 galones\/21&#8243;<\/td>\n<td>120 &#8211; 150 cm<\/td>\n<\/tr>\n<tr>\n<td>45 galones\/71 cm<\/td>\n<td>1,5 &#8211; 1,8 m<\/td>\n<\/tr>\n<\/tbody>\n<\/table>\n<\/div>\n<\/div>\n","protected":false},"featured_media":44117,"comment_status":"open","ping_status":"closed","template":"","meta":[],"product_brand":[59,60],"product_cat":[344,359,312,311,346,310,355,306,324,313,309,341,308,314,358,335,323,330,303,307],"product_tag":[318],"class_list":{"0":"post-47093","1":"product","2":"type-product","3":"status-publish","4":"has-post-thumbnail","6":"product_brand-fann","7":"product_brand-fnps","8":"product_cat-arbol","9":"product_cat-arena","10":"product_cat-baja-es","11":"product_cat-baja","12":"product_cat-bajo-mantenimiento","13":"product_cat-bien-drenado","14":"product_cat-invierno","15":"product_cat-lenta","16":"product_cat-llamativo","17":"product_cat-moderada-es","18":"product_cat-moderada","19":"product_cat-nativo","20":"product_cat-otono","21":"product_cat-planta-de-especimen","22":"product_cat-plantas-para-mariposas-plantas-para-polinizadores","23":"product_cat-pleno-sol","24":"product_cat-primavera","25":"product_cat-semilla","26":"product_cat-sol-parcial","27":"product_cat-verano","28":"product_tag-blanco","29":"pa_pot-size-1-galon-6","30":"pa_pot-size-15-galones-17","31":"pa_pot-size-25-galones-21","32":"pa_pot-size-3-galones-10","33":"pa_pot-size-45-galones-28","34":"pa_pot-size-7-galones-14","37":"first","38":"instock","39":"taxable","40":"shipping-taxable","41":"purchasable","42":"product-type-variable"},"aioseo_notices":[],"_links":{"self":[{"href":"https:\/\/smartyplantsnursery.com\/es\/wp-json\/wp\/v2\/product\/47093","targetHints":{"allow":["GET"]}}],"collection":[{"href":"https:\/\/smartyplantsnursery.com\/es\/wp-json\/wp\/v2\/product"}],"about":[{"href":"https:\/\/smartyplantsnursery.com\/es\/wp-json\/wp\/v2\/types\/product"}],"replies":[{"embeddable":true,"href":"https:\/\/smartyplantsnursery.com\/es\/wp-json\/wp\/v2\/comments?post=47093"}],"wp:featuredmedia":[{"embeddable":true,"href":"https:\/\/smartyplantsnursery.com\/es\/wp-json\/wp\/v2\/media\/44117"}],"wp:attachment":[{"href":"https:\/\/smartyplantsnursery.com\/es\/wp-json\/wp\/v2\/media?parent=47093"}],"wp:term":[{"taxonomy":"product_brand","embeddable":true,"href":"https:\/\/smartyplantsnursery.com\/es\/wp-json\/wp\/v2\/product_brand?post=47093"},{"taxonomy":"product_cat","embeddable":true,"href":"https:\/\/smartyplantsnursery.com\/es\/wp-json\/wp\/v2\/product_cat?post=47093"},{"taxonomy":"product_tag","embeddable":true,"href":"https:\/\/smartyplantsnursery.com\/es\/wp-json\/wp\/v2\/product_tag?post=47093"}],"curies":[{"name":"wp","href":"https:\/\/api.w.org\/{rel}","templated":true}]}}