{"id":47101,"date":"2023-04-13T21:09:04","date_gmt":"2023-04-13T21:09:04","guid":{"rendered":"https:\/\/smartyplantsnursery.com\/product\/lancewood-nectandra-coriacea\/"},"modified":"2026-01-07T20:01:53","modified_gmt":"2026-01-07T20:01:53","slug":"lancewood-nectandra-coriacea","status":"publish","type":"product","link":"https:\/\/smartyplantsnursery.com\/es\/product\/lancewood-nectandra-coriacea\/","title":{"rendered":"Lancewood &#8211; nectandra coriacea"},"content":{"rendered":"<p><b>Usos generales en el paisajismo:<\/b> \u00c1rbol ornamental o esp\u00e9cimen atractivo para paisajes residenciales y comerciales. Tambi\u00e9n para plantaciones de protecci\u00f3n. <\/p>\n<p><b>Notas sobre restauraci\u00f3n ecol\u00f3gica:<\/b> Un \u00e1rbol com\u00fan de dosel y subdosel en las hamacas.<\/p>\n<p><b>Descripci\u00f3n:<\/b> \u00c1rbol mediano con copa estrecha y redondeada, compuesta por ramas delgadas y extendidas. Troncos rectos, a menudo en \u00e1ngulo, de 6 a 15 pulgadas de di\u00e1metro. Corteza gris cuando es joven, que se vuelve de color marr\u00f3n rojizo oscuro, cubierta de numerosas verrugas. Hojas lisas, de color verde oscuro en la parte superior, m\u00e1s p\u00e1lidas en la parte inferior, con una nervadura central amarilla; arom\u00e1ticas cuando se trituran, de 3 a 6 pulgadas de largo.   <\/p>\n<p><b>Dimensiones:<\/b> Por lo general, de 20 a 30 pies de altura. A menudo tan ancho como alto, especialmente cuando es joven. <\/p>\n<p><b>Tasa de crecimiento:<\/b> De moderada a r\u00e1pida.<\/p>\n<p><b>Distribuci\u00f3n:<\/b> Desde los Cayos del Condado de Monroe al norte hasta los condados de Volusia, Highlands y Collier; Indias Occidentales, M\u00e9xico y Am\u00e9rica Central. En los Cayos del Condado de Monroe, aparentemente ausente al sur y al oeste de Cayo Lignumvitae. <\/p>\n<p><b>H\u00e1bitats:<\/b> hamacas.<\/p>\n<p><b>Suelos:<\/b> Suelos arenosos o calizos h\u00famedos y bien drenados, con una capa superior rica en humus.<\/p>\n<p><b>Requisitos nutricionales:<\/b> De moderados a altos; crece mejor con cierto contenido org\u00e1nico y puede languidecer en suelos pobres en nutrientes.<\/p>\n<p><b>Tolerancia al agua salada:<\/b> Baja; no tolera las inundaciones a largo plazo con agua salada o salobre.<\/p>\n<p><b>Tolerancia al viento salino:<\/b> Moderada; crece cerca del agua salada, pero est\u00e1 protegido de la pulverizaci\u00f3n directa de sal por otra vegetaci\u00f3n.<\/p>\n<p><b>Tolerancia a la sequ\u00eda:<\/b> Alta; no requiere agua suplementaria una vez establecida.<\/p>\n<p><b>Requisitos de luz:<\/b> Sombra ligera a pleno sol.<\/p>\n<p><b>Color de la flor:<\/b> Blanco cremoso.<\/p>\n<p><b>Caracter\u00edsticas de la flor:<\/b> Semillamativas en racimos densos. Fragantes. <\/p>\n<p><b>Temporada de floraci\u00f3n:<\/b> Primavera-oto\u00f1o; picos en primavera y finales de oto\u00f1o.<\/p>\n<p><b>Fruto:<\/b> Drupa de 1\/2&#8243; de largo, que madura de color p\u00farpura y finalmente se vuelve negra, en una base roja o amarilla en forma de copa.<\/p>\n<p><b>Vida silvestre y ecolog\u00eda:<\/b> Proporciona una cantidad significativa de alimento y cantidades moderadas de cobertura para la vida silvestre. Atrae a los insectos polinizadores. <\/p>\n<p><b>Notas de horticultura:<\/b> Se puede cultivar a partir de semillas despulpadas. Plantar de inmediato; las semillas no se almacenan bien. Coloque la semilla en la superficie del suelo y simplemente c\u00fabrala. Coloque el recipiente en sombra ligera.   <\/p>\n<p><b>Comentarios:<\/b> Las hojas son fragantes cuando se trituran. Los atractivos frutos se asemejan a un aguacate en miniatura. <\/p>\n<p><strong>Sin\u00f3nimos:<\/strong> <i>Ocotea coriacea<\/i>.<\/p>\n","protected":false},"excerpt":{"rendered":"<p><img decoding=\"async\" class=\"alignnone size-medium wp-image-31863\" src=\"https:\/\/smartyplantsnursery.com\/wp-content\/uploads\/2023\/04\/Screen-Shot-2023-04-22-at-11.28.02-PM-300x134.png\" alt=\"\" width=\"300\" height=\"134\"><\/p>\n<div class=\"container\">\n<div class=\"table-container\">\n<table>\n<thead>\n<tr>\n<th>Tama\u00f1o de la maceta<\/th>\n<th>Altura media plantada (desde la tierra hasta la parte superior de la planta)<\/th>\n<\/tr>\n<\/thead>\n<tbody>\n<tr>\n<td>3 galones\/10&#8243;<\/td>\n<td>1 &#8211; 2 pies<\/td>\n<\/tr>\n<tr>\n<td>7 galones\/14&#8243;<\/td>\n<td>0,6 &#8211; 0,9 m<\/td>\n<\/tr>\n<tr>\n<td>25 galones\/21&#8243;<\/td>\n<td>5 &#8211; 8 pies<\/td>\n<\/tr>\n<\/tbody>\n<\/table>\n<\/div>\n<\/div>\n","protected":false},"featured_media":44297,"comment_status":"open","ping_status":"closed","template":"","meta":[],"product_brand":[59,60],"product_cat":[348,340,344,359,311,346,310,374,324,361,326,309,341,308,334,314,358,335,323,372,322,330,303],"product_tag":[318],"class_list":{"0":"post-47101","1":"product","2":"type-product","3":"status-publish","4":"has-post-thumbnail","6":"product_brand-fann","7":"product_brand-fnps","8":"product_cat-alta-es","9":"product_cat-alta","10":"product_cat-arbol","11":"product_cat-arena","12":"product_cat-baja","13":"product_cat-bajo-mantenimiento","14":"product_cat-bien-drenado","15":"product_cat-fragante-2","16":"product_cat-llamativo","17":"product_cat-moderada-es-4","18":"product_cat-moderada-es-2","19":"product_cat-moderada","20":"product_cat-nativo","21":"product_cat-otono","22":"product_cat-planta-de-acento","23":"product_cat-planta-de-especimen","24":"product_cat-plantas-para-mariposas-plantas-para-polinizadores","25":"product_cat-pleno-sol","26":"product_cat-primavera","27":"product_cat-racimo","28":"product_cat-rapido","29":"product_cat-semilla","30":"product_cat-sol-parcial","31":"product_tag-blanco","32":"pa_pot-size-1-galon-6","33":"pa_pot-size-25-galones-21","34":"pa_pot-size-3-galones-10","35":"pa_pot-size-7-galones-14","38":"first","39":"instock","40":"taxable","41":"shipping-taxable","42":"purchasable","43":"product-type-variable"},"aioseo_notices":[],"_links":{"self":[{"href":"https:\/\/smartyplantsnursery.com\/es\/wp-json\/wp\/v2\/product\/47101","targetHints":{"allow":["GET"]}}],"collection":[{"href":"https:\/\/smartyplantsnursery.com\/es\/wp-json\/wp\/v2\/product"}],"about":[{"href":"https:\/\/smartyplantsnursery.com\/es\/wp-json\/wp\/v2\/types\/product"}],"replies":[{"embeddable":true,"href":"https:\/\/smartyplantsnursery.com\/es\/wp-json\/wp\/v2\/comments?post=47101"}],"wp:featuredmedia":[{"embeddable":true,"href":"https:\/\/smartyplantsnursery.com\/es\/wp-json\/wp\/v2\/media\/44297"}],"wp:attachment":[{"href":"https:\/\/smartyplantsnursery.com\/es\/wp-json\/wp\/v2\/media?parent=47101"}],"wp:term":[{"taxonomy":"product_brand","embeddable":true,"href":"https:\/\/smartyplantsnursery.com\/es\/wp-json\/wp\/v2\/product_brand?post=47101"},{"taxonomy":"product_cat","embeddable":true,"href":"https:\/\/smartyplantsnursery.com\/es\/wp-json\/wp\/v2\/product_cat?post=47101"},{"taxonomy":"product_tag","embeddable":true,"href":"https:\/\/smartyplantsnursery.com\/es\/wp-json\/wp\/v2\/product_tag?post=47101"}],"curies":[{"name":"wp","href":"https:\/\/api.w.org\/{rel}","templated":true}]}}