{"id":47114,"date":"2023-04-13T18:59:38","date_gmt":"2023-04-13T18:59:38","guid":{"rendered":"https:\/\/smartyplantsnursery.com\/product\/gumbo-limbo-bursera-simaruba\/"},"modified":"2026-05-08T18:55:45","modified_gmt":"2026-05-08T18:55:45","slug":"gumbo-limbo-bursera-simaruba","status":"publish","type":"product","link":"https:\/\/smartyplantsnursery.com\/es\/product\/gumbo-limbo-bursera-simaruba\/","title":{"rendered":"Gumbo-limbo &#8211; bursera simaruba"},"content":{"rendered":"<p><b>Usos generales en el paisajismo:<\/b> Un excelente \u00e1rbol de acento o esp\u00e9cimen en suelos h\u00famedos a secos. Se puede utilizar como \u00e1rbol de calle y en paisajes comerciales y residenciales. Un buen \u00e1rbol de sombra en los calurosos meses de verano.  <\/p>\n<p><b>Notas sobre la restauraci\u00f3n ecol\u00f3gica:<\/b> Uno de los \u00e1rboles de dosel m\u00e1s comunes e importantes en las hamacas tropicales.<\/p>\n<p><b>Descripci\u00f3n:<\/b> \u00c1rbol de mediano a grande con una copa redondeada y generalmente de amplia extensi\u00f3n, de moderadamente densa a abierta. Tronco grueso, a veces corto, de 1 a 3 pies de di\u00e1metro. Corteza gruesa y resinosa; casi siempre con una fina capa exterior roja que se pela y que var\u00eda en color de un \u00e1rbol a otro. Hojas compuestas, de 6 a 8 pulgadas de largo; fol\u00edolos delgados, lisos, que se vuelven moteados con la edad. Semideciduo, pierde sus hojas inmediatamente antes del cambio de hojas y durante per\u00edodos prolongados de sequ\u00eda.    <\/p>\n<p><b>Dimensiones:<\/b> Normalmente de 30 a 50 pies de altura; hasta 64 pies en el sur de Florida. Puede ser tan ancho como alto o m\u00e1s ancho. <\/p>\n<p><b>Tasa de crecimiento:<\/b> R\u00e1pida a moderada.<\/p>\n<p><b>Distribuci\u00f3n:<\/b> Desde los Cayos del Condado de Monroe hacia el norte, principalmente a lo largo de la costa, hasta los condados de Brevard, Glades, Pinellas y Hillsborough, con registros m\u00e1s recientes al norte de esta zona; Indias Occidentales, M\u00e9xico, Am\u00e9rica Central y el norte de Sudam\u00e9rica. Es m\u00e1s com\u00fan en la costa este de la Florida peninsular hasta aproximadamente Cabo Ca\u00f1averal, pero menos en el interior y en la costa oeste. <\/p>\n<p><b>H\u00e1bitats:<\/b> hamacas.<\/p>\n<p><b>Suelos:<\/b> Suelos arenosos o calizos h\u00famedos y bien drenados, con una capa superior rica en humus.<\/p>\n<p><b>Requisitos nutricionales:<\/b> Moderado; puede crecer en suelos pobres en nutrientes, pero necesita algo de contenido org\u00e1nico para prosperar.<\/p>\n<p><b>Tolerancia al agua salada:<\/b> Moderadamente baja; no tolera las inundaciones a largo plazo por agua salada o salobre, pero tolera la inundaci\u00f3n a corto plazo por agua salada de la marejada cicl\u00f3nica con da\u00f1os m\u00ednimos.<\/p>\n<p><b>Tolerancia al viento salado:<\/b> Alta; puede tolerar cantidades moderadas de viento salado sin da\u00f1os significativos.<\/p>\n<p><b>Tolerancia a la sequ\u00eda:<\/b> Alta; no requiere agua suplementaria una vez establecida.<\/p>\n<p><b>Requisitos de luz:<\/b> Pleno sol a sombra ligera.<\/p>\n<p><b>Color de la flor:<\/b> verdoso.<\/p>\n<p><b>Caracter\u00edsticas de la flor:<\/b> Poco llamativas. Unisexuales o perfectas, con flores de ambos sexos en el mismo \u00e1rbol. <\/p>\n<p><b>Temporada de floraci\u00f3n:<\/b> Todo el a\u00f1o; pico en invierno-primavera.<\/p>\n<p><b>Fruto:<\/b> C\u00e1psula carnosa de color marr\u00f3n verdoso a rojo p\u00farpura, que se separa en tres secciones en la madurez, exponiendo una o dos semillas rojizas.<\/p>\n<p><b>Vida silvestre y ecolog\u00eda:<\/b> Proporciona cantidades moderadas de alimento y refugio para la vida silvestre. Planta hu\u00e9sped de larvas para la mariposa ala p\u00farpura deslucida (<i>Eunica monima<\/i>). Atrae a las abejas y a otros insectos polinizadores. Los tir\u00e1nidos y otros papamoscas se comen los frutos.  <\/p>\n<p><b>Notas de horticultura:<\/b> Se puede cultivar a partir de semillas o esquejes, incluso ramas grandes. Las semillas germinan en un mes. Algunos dicen que las plantas cultivadas a partir de esquejes no son tan fuertes como las cultivadas a partir de semillas.  <\/p>\n<p><b>Comentarios:<\/b> El Gumbo-limbo es uno de nuestros \u00e1rboles nativos de m\u00e1s r\u00e1pido crecimiento y m\u00e1s vers\u00e1tiles. Tiene una atractiva corteza rojiza que se descama, de ah\u00ed uno de sus nombres comunes, \u201c\u00e1rbol turista\u201d. En vientos fuertes, como los de los huracanes, los troncos normalmente no se caen, pero el \u00e1rbol perder\u00e1 algunas de sus ramas y se volver\u00e1 a foliar r\u00e1pidamente. Los indios Calusa y otros utilizaban la resina pegajosa de la corteza para atrapar p\u00e1jaros cantores para alimento o comercio.   <\/p>\n","protected":false},"excerpt":{"rendered":"<p><img fetchpriority=\"high\" decoding=\"async\" class=\"alignnone size-medium wp-image-54744\" src=\"https:\/\/smartyplantsnursery.com\/wp-content\/uploads\/2023\/04\/Screenshot-2026-03-03-at-2.22.47-PM-300x185.webp\" alt=\"\" width=\"300\" height=\"185\"><\/p>\n<div class=\"container\">\n<div class=\"table-container\">\n<table>\n<thead>\n<tr>\n<th>Tama\u00f1o de la maceta<\/th>\n<th>Altura media plantada (desde la tierra hasta la parte superior de la planta)<\/th>\n<th>Calibre<\/th>\n<\/tr>\n<\/thead>\n<tbody>\n<tr>\n<td>3 galones\/10&#8243;<\/td>\n<td>0,6 &#8211; 1,2 m<\/td>\n<td><\/td>\n<\/tr>\n<tr>\n<td>7 galones\/14&#8243;<\/td>\n<td>1,2 &#8211; 1,8 m<\/td>\n<td><\/td>\n<\/tr>\n<tr>\n<td>15 galones\/17&#8243;<\/td>\n<td>1,8 &#8211; 2,7 m<\/td>\n<td><\/td>\n<\/tr>\n<tr>\n<td>25 galones\/21&#8243;<\/td>\n<td>2,7 &#8211; 3,7 m<\/td>\n<td>5 &#8211; 7,6 cm<\/td>\n<\/tr>\n<tr>\n<td>45 galones\/28&#8243;<\/td>\n<td>3,7 &#8211; 4,3 m<\/td>\n<td>7,6 &#8211; 8,9 cm<\/td>\n<\/tr>\n<tr>\n<td>65 galones\/32&#8243;<\/td>\n<td>4,3 &#8211; 4,9 m<\/td>\n<td>8,9 &#8211; 10 cm<\/td>\n<\/tr>\n<tr>\n<td>100 galones\/36&#8243;<\/td>\n<td>4,3 &#8211; 4,9 m<\/td>\n<td>10 &#8211; 12,7 cm<\/td>\n<\/tr>\n<tr>\n<td>200 galones\/48&#8243;<\/td>\n<td>4,9 &#8211; 6 m<\/td>\n<td>12,7 &#8211; 15 cm<\/td>\n<\/tr>\n<\/tbody>\n<\/table>\n<\/div>\n<\/div>\n","protected":false},"featured_media":49827,"comment_status":"open","ping_status":"closed","template":"","meta":[],"product_brand":[],"product_cat":[362,340,344,371,359,311,346,310,315,365,355,326,309,341,308,334,314,358,335,323,322,468,330,303,367,307],"product_tag":[327],"class_list":{"0":"post-47114","1":"product","2":"type-product","3":"status-publish","4":"has-post-thumbnail","6":"product_cat-alta-es-2","7":"product_cat-alta","8":"product_cat-arbol","9":"product_cat-arbol-de-sombra","10":"product_cat-arena","11":"product_cat-baja","12":"product_cat-bajo-mantenimiento","13":"product_cat-bien-drenado","14":"product_cat-esquejes","15":"product_cat-inconspicuo","16":"product_cat-invierno","17":"product_cat-moderada-es-2","18":"product_cat-moderada","19":"product_cat-nativo","20":"product_cat-otono","21":"product_cat-planta-de-acento","22":"product_cat-planta-de-especimen","23":"product_cat-plantas-para-mariposas-plantas-para-polinizadores","24":"product_cat-pleno-sol","25":"product_cat-primavera","26":"product_cat-rapido","27":"product_cat-roca-2","28":"product_cat-semilla","29":"product_cat-sol-parcial","30":"product_cat-unisexual-es","31":"product_cat-verano","32":"product_tag-verde","33":"pa_pot-size-1-galon-6","34":"pa_pot-size-100-galones-36","35":"pa_pot-size-15-galones-17","36":"pa_pot-size-200-galones-48","37":"pa_pot-size-25-galones-21","38":"pa_pot-size-3-galones-10","39":"pa_pot-size-45-galones-28","40":"pa_pot-size-65-galones-32","41":"pa_pot-size-7-galones-14","44":"first","45":"instock","46":"taxable","47":"shipping-taxable","48":"purchasable","49":"product-type-variable"},"aioseo_notices":[],"_links":{"self":[{"href":"https:\/\/smartyplantsnursery.com\/es\/wp-json\/wp\/v2\/product\/47114","targetHints":{"allow":["GET"]}}],"collection":[{"href":"https:\/\/smartyplantsnursery.com\/es\/wp-json\/wp\/v2\/product"}],"about":[{"href":"https:\/\/smartyplantsnursery.com\/es\/wp-json\/wp\/v2\/types\/product"}],"replies":[{"embeddable":true,"href":"https:\/\/smartyplantsnursery.com\/es\/wp-json\/wp\/v2\/comments?post=47114"}],"wp:featuredmedia":[{"embeddable":true,"href":"https:\/\/smartyplantsnursery.com\/es\/wp-json\/wp\/v2\/media\/49827"}],"wp:attachment":[{"href":"https:\/\/smartyplantsnursery.com\/es\/wp-json\/wp\/v2\/media?parent=47114"}],"wp:term":[{"taxonomy":"product_brand","embeddable":true,"href":"https:\/\/smartyplantsnursery.com\/es\/wp-json\/wp\/v2\/product_brand?post=47114"},{"taxonomy":"product_cat","embeddable":true,"href":"https:\/\/smartyplantsnursery.com\/es\/wp-json\/wp\/v2\/product_cat?post=47114"},{"taxonomy":"product_tag","embeddable":true,"href":"https:\/\/smartyplantsnursery.com\/es\/wp-json\/wp\/v2\/product_tag?post=47114"}],"curies":[{"name":"wp","href":"https:\/\/api.w.org\/{rel}","templated":true}]}}