{"id":47115,"date":"2023-04-13T21:05:09","date_gmt":"2023-04-13T21:05:09","guid":{"rendered":"https:\/\/smartyplantsnursery.com\/product\/alcaparra-jamaicana-bush-quadrella-cynophallophora\/"},"modified":"2025-12-31T15:14:16","modified_gmt":"2025-12-31T15:14:16","slug":"alcaparra-jamaicana-bush-quadrella-cynophallophora","status":"publish","type":"product","link":"https:\/\/smartyplantsnursery.com\/es\/product\/alcaparra-jamaicana-bush-quadrella-cynophallophora\/","title":{"rendered":"Alcaparra jamaicana (Bush) &#8211; quadrella cynophallophora"},"content":{"rendered":"<p><b>Usos generales en el paisaje:<\/b> Un arbusto o \u00e1rbol peque\u00f1o de acento o esp\u00e9cimen. Tambi\u00e9n \u00fatil en plantaciones de amortiguamiento y setos informales. <\/p>\n<p><b>Notas sobre la restauraci\u00f3n ecol\u00f3gica:<\/b> Un elemento com\u00fan de las hamacas y matorrales costeros.<\/p>\n<p><b>Descripci\u00f3n:<\/b> Arbusto grande o \u00e1rbol peque\u00f1o y erecto con una copa delgada compuesta de ramas cortas. Follaje denso al sol, volvi\u00e9ndose abierto a la sombra. Troncos de 2 a 6 pulgadas de di\u00e1metro. Corteza de color marr\u00f3n rojizo oscuro, \u00e1spera. Hojas lisas y brillantes en la parte superior, oxidadas en la parte inferior, de 2 a 3 pulgadas de largo.    <\/p>\n<p><b>Dimensiones:<\/b> T\u00edpicamente de 6 a 12 pies de altura, a veces m\u00e1s. M\u00e1s alto que ancho. <\/p>\n<p><b>Tasa de crecimiento:<\/b> De lento a moderado.<\/p>\n<p><b>Distribuci\u00f3n:<\/b> Cayos del condado de Monroe al norte a lo largo de las costas hasta los condados de Brevard, Hillsborough y Pinellas; Indias Occidentales, M\u00e9xico y Am\u00e9rica Central.<\/p>\n<p><b>H\u00e1bitats:<\/b> Hamacas costeras.<\/p>\n<p><b>Suelos:<\/b> Suelos arenosos o calizos h\u00famedos y bien drenados, con una capa superior rica en humus.<\/p>\n<p><b>Requisitos nutricionales:<\/b> De moderados a altos; crece mejor con cierto contenido org\u00e1nico y puede languidecer en suelos pobres en nutrientes.<\/p>\n<p><b>Tolerancia al agua salada:<\/b> Baja; no tolera las inundaciones a largo plazo con agua salada o salobre.<\/p>\n<p><b>Tolerancia al viento salado:<\/b> Alta; puede tolerar cantidades moderadas de viento salado sin da\u00f1os significativos.<\/p>\n<p><b>Tolerancia a la sequ\u00eda:<\/b> Alta; no requiere agua suplementaria una vez establecida.<\/p>\n<p><b>Requisitos de luz:<\/b> Pleno sol a sombra ligera.<\/p>\n<p><b>Color de la flor:<\/b> Se abre blanca y se vuelve rosa en pocas horas.<\/p>\n<p><b>Caracter\u00edsticas de la flor:<\/b> Llamativa, como un cepillo, de 1 1\/2&#8243; de largo. Fragante, sobre todo por la noche. <\/p>\n<p><b>Temporada de floraci\u00f3n:<\/b> Primavera-verano; pico en primavera.<\/p>\n<p><b>Fruto:<\/b> C\u00e1psula marr\u00f3n, de 9-12&#8243; de largo, que se rompe irregularmente con la edad, exponiendo el interior rojo; verano.<\/p>\n<p><b>Vida silvestre y ecolog\u00eda:<\/b> Proporciona alimento y refugio para la vida silvestre. <b>Planta hu\u00e9sped larval<\/b> para las mariposas blancas de Florida (Appias drusilla). Atrae a los polinizadores. <\/p>\n<p><b>Notas de horticultura:<\/b> Se cultiva a partir de semillas, que deben escarificarse. Comience a la sombra y mu\u00e9vase a pleno sol despu\u00e9s de que se formen las hojas verdaderas. La germinaci\u00f3n es dentro de un mes.  <\/p>\n<p><b>Comentarios:<\/b> Esta es una excelente planta para jardines costeros.<\/p>\n","protected":false},"excerpt":{"rendered":"<p><img decoding=\"async\" class=\"alignnone size-medium wp-image-31863\" src=\"https:\/\/smartyplantsnursery.com\/wp-content\/uploads\/2023\/04\/Screen-Shot-2023-04-22-at-11.28.02-PM-300x134.png\" alt=\"\" width=\"300\" height=\"134\"><\/p>\n<div class=\"container\">\n<div class=\"table-container\">\n<table>\n<thead>\n<tr>\n<th>Tama\u00f1o de la maceta<\/th>\n<th>Altura media plantada (desde la tierra hasta la parte superior de la planta)<\/th>\n<\/tr>\n<\/thead>\n<tbody>\n<tr>\n<td>1 gal\u00f3n\/6&#8243;<\/td>\n<td>0 &#8211; 1 ft.<\/td>\n<\/tr>\n<tr>\n<td>3 galones\/10&#8243;<\/td>\n<td>1 &#8211; 2 pies<\/td>\n<\/tr>\n<tr>\n<td>7 galones\/14&#8243;<\/td>\n<td>0,6 &#8211; 0,9 m<\/td>\n<\/tr>\n<tr>\n<td>15 galones\/17&#8243;<\/td>\n<td>0,9 &#8211; 1,2 m<\/td>\n<\/tr>\n<tr>\n<td>25 galones\/21&#8243;<\/td>\n<td>4 &#8211; 6 pies<\/td>\n<\/tr>\n<tr>\n<td>45 galones\/28&#8243;<\/td>\n<td>1,8 &#8211; 2,1 m<\/td>\n<\/tr>\n<tr>\n<td>100 galones\/36&#8243;<\/td>\n<td>2,1 &#8211; 2,4 m<\/td>\n<\/tr>\n<\/tbody>\n<\/table>\n<\/div>\n<\/div>\n","protected":false},"featured_media":49039,"comment_status":"open","ping_status":"closed","template":"","meta":[],"product_brand":[59,60],"product_cat":[340,348,362,304,359,311,346,310,374,306,324,309,326,341,334,314,358,335,323,330,332,303,307],"product_tag":[318,352],"class_list":{"0":"post-47115","1":"product","2":"type-product","3":"status-publish","4":"has-post-thumbnail","6":"product_brand-fann","7":"product_brand-fnps","8":"product_cat-alta","9":"product_cat-alta-es","10":"product_cat-alta-es-2","11":"product_cat-arbusto","12":"product_cat-arena","13":"product_cat-baja","14":"product_cat-bajo-mantenimiento","15":"product_cat-bien-drenado","16":"product_cat-fragante-2","17":"product_cat-lenta","18":"product_cat-llamativo","19":"product_cat-moderada","20":"product_cat-moderada-es-2","21":"product_cat-nativo","22":"product_cat-planta-de-acento","23":"product_cat-planta-de-especimen","24":"product_cat-plantas-para-mariposas-plantas-para-polinizadores","25":"product_cat-pleno-sol","26":"product_cat-primavera","27":"product_cat-semilla","28":"product_cat-seto","29":"product_cat-sol-parcial","30":"product_cat-verano","31":"product_tag-blanco","32":"product_tag-rosa","33":"pa_pot-size-1-galon-6","34":"pa_pot-size-100-galones-36","35":"pa_pot-size-15-galones-17","36":"pa_pot-size-25-galones-21","37":"pa_pot-size-3-galones-10","38":"pa_pot-size-45-galones-28","39":"pa_pot-size-7-galones-14","42":"first","43":"instock","44":"taxable","45":"shipping-taxable","46":"purchasable","47":"product-type-variable"},"aioseo_notices":[],"_links":{"self":[{"href":"https:\/\/smartyplantsnursery.com\/es\/wp-json\/wp\/v2\/product\/47115","targetHints":{"allow":["GET"]}}],"collection":[{"href":"https:\/\/smartyplantsnursery.com\/es\/wp-json\/wp\/v2\/product"}],"about":[{"href":"https:\/\/smartyplantsnursery.com\/es\/wp-json\/wp\/v2\/types\/product"}],"replies":[{"embeddable":true,"href":"https:\/\/smartyplantsnursery.com\/es\/wp-json\/wp\/v2\/comments?post=47115"}],"wp:featuredmedia":[{"embeddable":true,"href":"https:\/\/smartyplantsnursery.com\/es\/wp-json\/wp\/v2\/media\/49039"}],"wp:attachment":[{"href":"https:\/\/smartyplantsnursery.com\/es\/wp-json\/wp\/v2\/media?parent=47115"}],"wp:term":[{"taxonomy":"product_brand","embeddable":true,"href":"https:\/\/smartyplantsnursery.com\/es\/wp-json\/wp\/v2\/product_brand?post=47115"},{"taxonomy":"product_cat","embeddable":true,"href":"https:\/\/smartyplantsnursery.com\/es\/wp-json\/wp\/v2\/product_cat?post=47115"},{"taxonomy":"product_tag","embeddable":true,"href":"https:\/\/smartyplantsnursery.com\/es\/wp-json\/wp\/v2\/product_tag?post=47115"}],"curies":[{"name":"wp","href":"https:\/\/api.w.org\/{rel}","templated":true}]}}