{"id":47124,"date":"2023-04-13T18:55:42","date_gmt":"2023-04-13T18:55:42","guid":{"rendered":"https:\/\/smartyplantsnursery.com\/product\/palma-de-paja-verde-palma-de-paja-de-florida-thrinax-radiata\/"},"modified":"2026-02-03T23:20:59","modified_gmt":"2026-02-03T23:20:59","slug":"palma-de-paja-verde-palma-de-paja-de-florida-thrinax-radiata","status":"publish","type":"product","link":"https:\/\/smartyplantsnursery.com\/es\/product\/palma-de-paja-verde-palma-de-paja-de-florida-thrinax-radiata\/","title":{"rendered":"Palma de paja verde, palma de paja de Florida &#8211; thrinax radiata"},"content":{"rendered":"<p><b>Usos generales en el paisaje:<\/b> \u00c1rbol de acento o esp\u00e9cimen en los Cayos de Florida. Plantaciones de amortiguaci\u00f3n. <\/p>\n<p><b>Descripci\u00f3n:<\/b> \u00c1rbol peque\u00f1o o similar a un arbusto con un tronco recto, generalmente erecto. Hojas en forma de abanico, de color verde amarillento, de unos 60-90 cm de di\u00e1metro. <\/p>\n<p><b>Dimensiones:<\/b> Normalmente de 3 a 6 metros de altura; hasta 8,5 metros en el sur de Florida. Se vuelve mucho m\u00e1s alta que ancha cuando madura. <\/p>\n<p><b>Tasa de crecimiento:<\/b> De moderada a lenta.<\/p>\n<p><b>Distribuci\u00f3n:<\/b> Cayos del Condado de Monroe, condados de Miami-Dade y Collier; Indias Occidentales, M\u00e9xico y Am\u00e9rica Central. En el sur de Florida, nativa solo de los Cayos de Florida, la parte continental m\u00e1s meridional a lo largo de las costas de la Bah\u00eda de Florida y la Isla Keewadin en el Condado de Collier. <\/p>\n<p><b>H\u00e1bitats:<\/b> Hamacas costeras.<\/p>\n<p><b>Suelos:<\/b> Suelos calizos o arenosos h\u00famedos y bien drenados, con una capa superior de humus.<\/p>\n<p><b>Requisitos nutricionales:<\/b> Moderado; puede crecer en suelos pobres en nutrientes, pero necesita algo de contenido org\u00e1nico para prosperar.<\/p>\n<p><b>Tolerancia al agua salada:<\/b> Baja; no tolera las inundaciones a largo plazo con agua salada o salobre.<\/p>\n<p><b>Tolerancia al viento salado:<\/b> Alta; puede tolerar cantidades moderadas de viento salado sin da\u00f1os significativos.<\/p>\n<p><b>Tolerancia a la sequ\u00eda:<\/b> Moderada; generalmente requiere suelos h\u00famedos, pero es tolerante a cortos per\u00edodos de sequ\u00eda una vez establecido.<\/p>\n<p><b>Requisitos de luz:<\/b> Pleno sol a sombra ligera.<\/p>\n<p><b>Color de la flor:<\/b> Blanco.<\/p>\n<p><b>Caracter\u00edsticas de la flor:<\/b> vistosa.<\/p>\n<p><b>Temporada de floraci\u00f3n:<\/b> Todo el a\u00f1o; pico en primavera.<\/p>\n<p><b>Fruto:<\/b> Drupa blanca redonda. Todo el a\u00f1o. <\/p>\n<p><b>Vida silvestre y ecolog\u00eda:<\/b> Proporciona alimento y cobertura significativos para la vida silvestre. Planta hu\u00e9sped larval para las mariposas monje skipper (<i>Asbolis capucinus<\/i>). Atrae a los polinizadores.  <\/p>\n<p><b>Notas de horticultura:<\/b> Se puede cultivar a partir de semillas despulpadas. Coloque el recipiente a la sombra ligera o a pleno sol. <\/p>\n<p><b>Comentarios:<\/b> Ampliamente plantada fuera de su \u00e1rea de distribuci\u00f3n hist\u00f3rica en el sur de Florida. Escapando del cultivo y a veces invadiendo hamacas en \u00e1reas de conservaci\u00f3n a lo largo de la costa. Est\u00e1 catalogada como en peligro de extinci\u00f3n por el estado de Florida.  <\/p>\n","protected":false},"excerpt":{"rendered":"<p><img decoding=\"async\" class=\"alignnone size-medium wp-image-31863\" src=\"https:\/\/smartyplantsnursery.com\/wp-content\/uploads\/2023\/04\/Screen-Shot-2023-04-22-at-11.28.02-PM-300x134.png\" alt=\"\" width=\"300\" height=\"134\"><\/p>\n<div class=\"container\">\n<div class=\"table-container\">\n<table>\n<thead>\n<tr>\n<th>Tama\u00f1o de la maceta<\/th>\n<th>Altura media plantada (desde la tierra hasta la parte superior de la planta)<\/th>\n<\/tr>\n<\/thead>\n<tbody>\n<tr>\n<td>1 gal\u00f3n\/6&#8243;<\/td>\n<td>0 &#8211; 1 ft.<\/td>\n<\/tr>\n<tr>\n<td>3 galones\/10&#8243;<\/td>\n<td>1 &#8211; 3 pies<\/td>\n<\/tr>\n<tr>\n<td>7 galones\/14&#8243;<\/td>\n<td>3 &#8211; 4 pies<\/td>\n<\/tr>\n<tr>\n<td>15 galones\/17&#8243;<\/td>\n<td>1,2 &#8211; 1,5 m<\/td>\n<\/tr>\n<tr>\n<td>25 galones\/21&#8243;<\/td>\n<td>1,5 &#8211; 1,8 m<\/td>\n<\/tr>\n<tr>\n<td>45 galones\/28&#8243;<\/td>\n<td>1,8 &#8211; 2,1 m<\/td>\n<\/tr>\n<tr>\n<td>65 galones\/32&#8243;<\/td>\n<td>7 &#8211; 8 pies<\/td>\n<\/tr>\n<\/tbody>\n<\/table>\n<\/div>\n<\/div>\n","protected":false},"featured_media":50080,"comment_status":"open","ping_status":"closed","template":"","meta":[],"product_brand":[59,60],"product_cat":[362,344,359,311,346,310,355,306,324,313,309,326,341,308,370,334,314,358,335,323,330,303,307],"product_tag":[318],"class_list":{"0":"post-47124","1":"product","2":"type-product","3":"status-publish","4":"has-post-thumbnail","6":"product_brand-fann","7":"product_brand-fnps","8":"product_cat-alta-es-2","9":"product_cat-arbol","10":"product_cat-arena","11":"product_cat-baja","12":"product_cat-bajo-mantenimiento","13":"product_cat-bien-drenado","14":"product_cat-invierno","15":"product_cat-lenta","16":"product_cat-llamativo","17":"product_cat-moderada-es","18":"product_cat-moderada","19":"product_cat-moderada-es-2","20":"product_cat-nativo","21":"product_cat-otono","22":"product_cat-palma","23":"product_cat-planta-de-acento","24":"product_cat-planta-de-especimen","25":"product_cat-plantas-para-mariposas-plantas-para-polinizadores","26":"product_cat-pleno-sol","27":"product_cat-primavera","28":"product_cat-semilla","29":"product_cat-sol-parcial","30":"product_cat-verano","31":"product_tag-blanco","32":"pa_pot-size-1-galon-6","33":"pa_pot-size-15-galones-17","34":"pa_pot-size-25-galones-21","35":"pa_pot-size-3-galones-10","36":"pa_pot-size-45-galones-28","37":"pa_pot-size-65-galones-32","38":"pa_pot-size-7-galones-14","41":"first","42":"instock","43":"taxable","44":"shipping-taxable","45":"purchasable","46":"product-type-variable"},"aioseo_notices":[],"_links":{"self":[{"href":"https:\/\/smartyplantsnursery.com\/es\/wp-json\/wp\/v2\/product\/47124","targetHints":{"allow":["GET"]}}],"collection":[{"href":"https:\/\/smartyplantsnursery.com\/es\/wp-json\/wp\/v2\/product"}],"about":[{"href":"https:\/\/smartyplantsnursery.com\/es\/wp-json\/wp\/v2\/types\/product"}],"replies":[{"embeddable":true,"href":"https:\/\/smartyplantsnursery.com\/es\/wp-json\/wp\/v2\/comments?post=47124"}],"wp:featuredmedia":[{"embeddable":true,"href":"https:\/\/smartyplantsnursery.com\/es\/wp-json\/wp\/v2\/media\/50080"}],"wp:attachment":[{"href":"https:\/\/smartyplantsnursery.com\/es\/wp-json\/wp\/v2\/media?parent=47124"}],"wp:term":[{"taxonomy":"product_brand","embeddable":true,"href":"https:\/\/smartyplantsnursery.com\/es\/wp-json\/wp\/v2\/product_brand?post=47124"},{"taxonomy":"product_cat","embeddable":true,"href":"https:\/\/smartyplantsnursery.com\/es\/wp-json\/wp\/v2\/product_cat?post=47124"},{"taxonomy":"product_tag","embeddable":true,"href":"https:\/\/smartyplantsnursery.com\/es\/wp-json\/wp\/v2\/product_tag?post=47124"}],"curies":[{"name":"wp","href":"https:\/\/api.w.org\/{rel}","templated":true}]}}