{"id":47128,"date":"2023-04-13T18:25:27","date_gmt":"2023-04-13T18:25:27","guid":{"rendered":"https:\/\/smartyplantsnursery.com\/product\/corteza-de-canela-pimienta-canela-canella-winterana\/"},"modified":"2026-04-17T18:09:44","modified_gmt":"2026-04-17T18:09:44","slug":"corteza-de-canela-pimienta-canela-canella-winterana","status":"publish","type":"product","link":"https:\/\/smartyplantsnursery.com\/es\/product\/corteza-de-canela-pimienta-canela-canella-winterana\/","title":{"rendered":"Corteza de canela, pimienta canela &#8211; canella winterana"},"content":{"rendered":"<p><b>Usos generales en el paisaje:<\/b> Acento o esp\u00e9cimen de arbusto o \u00e1rbol peque\u00f1o en \u00e1reas costeras.<\/p>\n<p><b>Notas sobre la restauraci\u00f3n ecol\u00f3gica:<\/b> Un \u00e1rbol de subdosel relativamente com\u00fan en las hamacas costeras de los Cayos de Florida y las orillas de la Bah\u00eda de Florida.<\/p>\n<p><b>Descripci\u00f3n:<\/b> \u00c1rbol peque\u00f1o o arbusto grande con una copa ampliamente redondeada. Troncos de hasta 10 pulgadas de di\u00e1metro, pero generalmente mucho m\u00e1s peque\u00f1os. Corteza de color gris claro, dividida en escamas cortas y gruesas. Hojas de color verde oscuro en la parte superior, brillantes, de 2 a 5 pulgadas de largo, arom\u00e1ticas cuando se trituran.   <\/p>\n<p><b>Dimensiones:<\/b> T\u00edpicamente de 15 a 20 pies de altura; hasta 29 pies en el sur de Florida. Por lo general, m\u00e1s alto que ancho. <\/p>\n<p><b>Tasa de crecimiento:<\/b> lenta.<\/p>\n<p><b>Distribuci\u00f3n:<\/b> Condados de Monroe, Miami-Dade y Collier; Indias Occidentales, M\u00e9xico y las Islas de la Bah\u00eda de Honduras. Muy raro en el continente a lo largo de la costa sur extrema hasta aproximadamente Everglades City. <\/p>\n<p><b>H\u00e1bitats:<\/b> Hamacas costeras.<\/p>\n<p><b>Suelos:<\/b> Suelos calizos o arenosos calc\u00e1reos h\u00famedos y bien drenados, con una capa superior de humus.<\/p>\n<p><b>Requisitos nutricionales:<\/b> Moderado; puede crecer en suelos pobres en nutrientes, pero necesita algo de contenido org\u00e1nico para prosperar.<\/p>\n<p><b>Tolerancia al agua salada:<\/b> Moderada; tolera agua salobre o inundaciones ocasionales por agua salada.<\/p>\n<p><b>Tolerancia al viento salino:<\/b> Moderada; crece cerca del agua salada, pero est\u00e1 protegido de la pulverizaci\u00f3n directa de sal por otra vegetaci\u00f3n.<\/p>\n<p><b>Tolerancia a la sequ\u00eda:<\/b> Moderada; generalmente requiere suelos h\u00famedos, pero es tolerante a cortos per\u00edodos de sequ\u00eda una vez establecido.<\/p>\n<p><b>Requisitos de luz:<\/b> Pleno sol a sombra ligera.<\/p>\n<p><b>Color de la flor:<\/b> P\u00e9talos rojos con anteras amarillas.<\/p>\n<p><b>Caracter\u00edsticas de la flor:<\/b> Racimos semi-vistosos con brotes verdes y p\u00farpuras y flores rojas.<\/p>\n<p><b>Temporada de floraci\u00f3n:<\/b> Todo el a\u00f1o; pico en primavera-verano.<\/p>\n<p><b>Fruto:<\/b> Baya roja.<\/p>\n<p><b>Vida silvestre y ecolog\u00eda:<\/b> Proporciona alimento y refugio para la vida silvestre. Planta de n\u00e9ctar para la mariposa cola de golondrina de Schaus (Heraclides aristodemius) y otras mariposas. <\/p>\n<p><b>Notas de horticultura:<\/b> Se puede cultivar a partir de semillas.<\/p>\n<p><b>Comentarios:<\/b> Las hojas trituradas tienen una fragancia especiada. En el siglo XVIII, la corteza interior se exportaba desde las Indias Occidentales a Europa como sustituto de la canela. La corteza exterior es t\u00f3xica. Est\u00e1 catalogada como en peligro de extinci\u00f3n por el estado de Florida.   <\/p>\n","protected":false},"excerpt":{"rendered":"<p><img fetchpriority=\"high\" decoding=\"async\" class=\"alignnone size-medium wp-image-54744\" src=\"https:\/\/smartyplantsnursery.com\/wp-content\/uploads\/2023\/04\/Screenshot-2026-03-03-at-2.22.47-PM-300x185.webp\" alt=\"\" width=\"300\" height=\"185\"><\/p>\n<div class=\"container\">\n<div class=\"table-container\">\n<table>\n<thead>\n<tr>\n<th>Tama\u00f1o de la maceta<\/th>\n<th>Altura media plantada (desde la tierra hasta la parte superior de la planta)<\/th>\n<\/tr>\n<\/thead>\n<tbody>\n<tr>\n<td>3 galones\/10&#8243;<\/td>\n<td>1 &#8211; 2 pies<\/td>\n<\/tr>\n<tr>\n<td>7 galones\/14&#8243;<\/td>\n<td>2 &#8211; 4 pies<\/td>\n<\/tr>\n<tr>\n<td>25 galones\/21&#8243;<\/td>\n<td>6 &#8211; 8 pies<\/td>\n<\/tr>\n<\/tbody>\n<\/table>\n<\/div>\n<\/div>\n","protected":false},"featured_media":52401,"comment_status":"open","ping_status":"closed","template":"","meta":[],"product_brand":[],"product_cat":[344,359,346,310,355,306,324,313,309,360,361,341,308,334,314,358,335,323,372,468,330,303,307],"product_tag":[319,350],"class_list":{"0":"post-47128","1":"product","2":"type-product","3":"status-publish","4":"has-post-thumbnail","6":"product_cat-arbol","7":"product_cat-arena","8":"product_cat-bajo-mantenimiento","9":"product_cat-bien-drenado","10":"product_cat-invierno","11":"product_cat-lenta","12":"product_cat-llamativo","13":"product_cat-moderada-es","14":"product_cat-moderada","15":"product_cat-moderada-es-3","16":"product_cat-moderada-es-4","17":"product_cat-nativo","18":"product_cat-otono","19":"product_cat-planta-de-acento","20":"product_cat-planta-de-especimen","21":"product_cat-plantas-para-mariposas-plantas-para-polinizadores","22":"product_cat-pleno-sol","23":"product_cat-primavera","24":"product_cat-racimo","25":"product_cat-roca-2","26":"product_cat-semilla","27":"product_cat-sol-parcial","28":"product_cat-verano","29":"product_tag-amarillo","30":"product_tag-rojo","31":"pa_pot-size-1-galon-6","32":"pa_pot-size-15-galones-17","33":"pa_pot-size-25-galones-21","34":"pa_pot-size-3-galones-10","35":"pa_pot-size-7-galones-14","38":"first","39":"instock","40":"taxable","41":"shipping-taxable","42":"purchasable","43":"product-type-variable"},"aioseo_notices":[],"_links":{"self":[{"href":"https:\/\/smartyplantsnursery.com\/es\/wp-json\/wp\/v2\/product\/47128","targetHints":{"allow":["GET"]}}],"collection":[{"href":"https:\/\/smartyplantsnursery.com\/es\/wp-json\/wp\/v2\/product"}],"about":[{"href":"https:\/\/smartyplantsnursery.com\/es\/wp-json\/wp\/v2\/types\/product"}],"replies":[{"embeddable":true,"href":"https:\/\/smartyplantsnursery.com\/es\/wp-json\/wp\/v2\/comments?post=47128"}],"wp:featuredmedia":[{"embeddable":true,"href":"https:\/\/smartyplantsnursery.com\/es\/wp-json\/wp\/v2\/media\/52401"}],"wp:attachment":[{"href":"https:\/\/smartyplantsnursery.com\/es\/wp-json\/wp\/v2\/media?parent=47128"}],"wp:term":[{"taxonomy":"product_brand","embeddable":true,"href":"https:\/\/smartyplantsnursery.com\/es\/wp-json\/wp\/v2\/product_brand?post=47128"},{"taxonomy":"product_cat","embeddable":true,"href":"https:\/\/smartyplantsnursery.com\/es\/wp-json\/wp\/v2\/product_cat?post=47128"},{"taxonomy":"product_tag","embeddable":true,"href":"https:\/\/smartyplantsnursery.com\/es\/wp-json\/wp\/v2\/product_tag?post=47128"}],"curies":[{"name":"wp","href":"https:\/\/api.w.org\/{rel}","templated":true}]}}