{"id":47138,"date":"2023-04-13T14:50:36","date_gmt":"2023-04-13T14:50:36","guid":{"rendered":"https:\/\/smartyplantsnursery.com\/product\/boton-de-aceituna-verde-arbusto-conocarpus-erectus\/"},"modified":"2025-12-29T16:23:35","modified_gmt":"2025-12-29T16:23:35","slug":"boton-de-aceituna-verde-arbusto-conocarpus-erectus","status":"publish","type":"product","link":"https:\/\/smartyplantsnursery.com\/es\/product\/boton-de-aceituna-verde-arbusto-conocarpus-erectus\/","title":{"rendered":"Bot\u00f3n de aceituna verde (arbusto) &#8211; conocarpus erectus"},"content":{"rendered":"<p><b>Usos generales en el paisajismo:<\/b> Un \u00e1rbol vers\u00e1til o arbusto recortado en paisajes formales e informales, especialmente cerca de la costa. Se puede utilizar como \u00e1rbol de acento o esp\u00e9cimen en paisajes residenciales y comerciales, como seto recortado o informal, y en plantaciones de protecci\u00f3n. <\/p>\n<p><b>Notas sobre restauraci\u00f3n ecol\u00f3gica:<\/b> Un elemento clave de los bosques costeros a lo largo del margen superior de los manglares.<\/p>\n<p><b>Descripci\u00f3n:<\/b> \u00c1rbol mediano o arbusto grande con una copa abierta. Ramas mayormente erectas o ascendentes. Troncos inclinados, de 15 a 45 cm o m\u00e1s de di\u00e1metro, a menudo ramificados cerca del suelo. Hojas de 5 a 10 cm de largo, cori\u00e1ceas, verdes o cubiertas de pelos plateados.   <\/p>\n<p><b>Dimensiones:<\/b> Normalmente de 6 a 12 metros de altura; hasta 15,5 metros en el sur de Florida. La forma plateada suele ser m\u00e1s peque\u00f1a. Puede ser tan ancho como alto o m\u00e1s ancho.  <\/p>\n<p><b>Tasa de crecimiento:<\/b> moderada.<\/p>\n<p><b>Distribuci\u00f3n:<\/b> Cayos del Condado de Monroe al norte, principalmente a lo largo de la costa hasta los condados de Brevard y Levy; Bermudas, Indias Occidentales, M\u00e9xico, Am\u00e9rica Central, Am\u00e9rica del Sur, Gal\u00e1pagos y \u00c1frica occidental.<\/p>\n<p><b>H\u00e1bitats:<\/b> Hamacas costeras y m\u00e1rgenes de manglares; arbusto de sotobosque en pinares rocosos en Long Pine Key en el Parque Nacional Everglades.<\/p>\n<p><b>Suelos:<\/b> Peri\u00f3dicamente inundados a h\u00famedos, bien drenados a moderadamente bien drenados, suelos de agua dulce o salobre, con o sin capa superior de humus.<\/p>\n<p><b>Requisitos nutricionales:<\/b> De moderados a bajos; prefiere suelos con contenido org\u00e1nico, pero a\u00fan crecer\u00e1 razonablemente bien en suelos pobres en nutrientes.<\/p>\n<p><b>Tolerancia al agua salada:<\/b> Moderada; tolera agua salobre o inundaciones ocasionales por agua salada.<\/p>\n<p><b>Tolerancia al viento salado:<\/b> Alta; puede tolerar cantidades moderadas de viento salado sin da\u00f1os significativos.<\/p>\n<p><b>Tolerancia a la sequ\u00eda:<\/b> De moderada a alta; las plantas que crecen en suelos extremadamente secos pueden morir durante per\u00edodos prolongados de sequ\u00eda.<\/p>\n<p><b>Requisitos de luz:<\/b> Pleno sol.<\/p>\n<p><b>Color de la flor:<\/b> blanquecino.<\/p>\n<p><b>Caracter\u00edsticas de la flor:<\/b> Inconspicua. Esencialmente dioico, con flores masculinas y femeninas en plantas separadas; algunas flores masculinas contienen un solo \u00f3vulo. <\/p>\n<p><b>Temporada de floraci\u00f3n:<\/b> Todo el a\u00f1o; pico en verano.<\/p>\n<p><b>Fruto:<\/b> Cabezas escamosas con forma de cono que se vuelven de color marr\u00f3n p\u00farpura, que se rompen cuando est\u00e1n maduras.<\/p>\n<p><b>Vida silvestre y ecolog\u00eda:<\/b> Este es uno de los \u00e1rboles hospedantes m\u00e1s importantes para las ep\u00edfitas en el sur de Florida, y proporciona alimento y cobertura significativos para las aves y otra vida silvestre. Las flores, las hojas y la corteza rugosa atraen a muchos insectos y ara\u00f1as, que, a su vez, proporcionan alimento para las aves insect\u00edvoras. Planta hospedante larval ocasional para las mariposas colibr\u00ed marcial (<i>Strymon martialis<\/i>) y las polillas esfinge tantalus (<i>Aellopus tantalus<\/i>). Planta de n\u00e9ctar para la mariposa colibr\u00ed amatista (<i>Chlorostrymon maesites<\/i>) y otras mariposas. Las semillas se dispersan principalmente por el agua.    <\/p>\n<p><b>Notas de horticultura:<\/b> Se puede cultivar a partir de semillas y esquejes. La forma plateada no es fiel a la semilla. <\/p>\n<p><b>Comentarios:<\/b> La madera se puede utilizar para fabricar <a href=\"https:\/\/www.floridamemory.com\/items\/show\/50213\" target=\"_blank\" rel=\"noopener\">carb\u00f3n vegetal<\/a> de alta calidad, lo que sustent\u00f3 una extensa industria en el sur de Florida a principios del siglo XX. Una forma con hojas plateadas (mangle bot\u00f3n plateado) a menudo se conoce como var. <i>sericea<\/i>, pero no es una variedad taxon\u00f3mica verdadera. El mangle bot\u00f3n plateado se encuentra en situaciones hipersalinas en los Cayos de Florida y, ocasionalmente, a lo largo de la costa suroeste de Florida. Se planta ampliamente en jardines, pero no es nativo de la mayor\u00eda de las \u00e1reas donde se planta.<\/p>\n","protected":false},"excerpt":{"rendered":"<p><img decoding=\"async\" class=\"alignnone size-medium wp-image-31863\" src=\"https:\/\/smartyplantsnursery.com\/wp-content\/uploads\/2023\/04\/Screen-Shot-2023-04-22-at-11.28.02-PM-300x134.png\" alt=\"\" width=\"300\" height=\"134\"><\/p>\n<div class=\"container\">\n<div class=\"table-container\">\n<table>\n<thead>\n<tr>\n<th>Tama\u00f1o de la maceta<\/th>\n<th>Altura media plantada (desde la tierra hasta la parte superior de la planta)<\/th>\n<\/tr>\n<\/thead>\n<tbody>\n<tr>\n<td>1 gal\u00f3n\/6&#8243;<\/td>\n<td>0 &#8211; 1 ft.<\/td>\n<\/tr>\n<tr>\n<td>3 galones\/10&#8243;<\/td>\n<td>1 &#8211; 2 pies<\/td>\n<\/tr>\n<tr>\n<td>7 galones\/14&#8243;<\/td>\n<td>2 &#8211; 4 pies<\/td>\n<\/tr>\n<tr>\n<td>15 galones\/17&#8243;<\/td>\n<td>4 &#8211; 6 pies<\/td>\n<\/tr>\n<tr>\n<td>25 galones\/21&#8243;<\/td>\n<td>6 &#8211; 8 pies<\/td>\n<\/tr>\n<tr>\n<td>45 galones\/28&#8243;<\/td>\n<td>2,4 &#8211; 2,7 m<\/td>\n<\/tr>\n<tr>\n<td>65 galones\/32&#8243;<\/td>\n<td>9 &#8211; 10 pies<\/td>\n<\/tr>\n<\/tbody>\n<\/table>\n<\/div>\n<\/div>\n","protected":false},"featured_media":52989,"comment_status":"open","ping_status":"closed","template":"","meta":[],"product_brand":[59,60],"product_cat":[362,340,304,357,346,310,366,315,365,355,360,309,326,313,341,308,334,314,358,335,323,330,332,307],"product_tag":[318],"class_list":{"0":"post-47138","1":"product","2":"type-product","3":"status-publish","4":"has-post-thumbnail","6":"product_brand-fann","7":"product_brand-fnps","8":"product_cat-alta-es-2","9":"product_cat-alta","10":"product_cat-arbusto","11":"product_cat-baja-es-3","12":"product_cat-bajo-mantenimiento","13":"product_cat-bien-drenado","14":"product_cat-dioico","15":"product_cat-esquejes","16":"product_cat-inconspicuo","17":"product_cat-invierno","18":"product_cat-moderada-es-3","19":"product_cat-moderada","20":"product_cat-moderada-es-2","21":"product_cat-moderada-es","22":"product_cat-nativo","23":"product_cat-otono","24":"product_cat-planta-de-acento","25":"product_cat-planta-de-especimen","26":"product_cat-plantas-para-mariposas-plantas-para-polinizadores","27":"product_cat-pleno-sol","28":"product_cat-primavera","29":"product_cat-semilla","30":"product_cat-seto","31":"product_cat-verano","32":"product_tag-blanco","33":"pa_pot-size-1-galon-6","34":"pa_pot-size-15-galones-17","35":"pa_pot-size-25-galones-21","36":"pa_pot-size-3-galones-10","37":"pa_pot-size-45-galones-28","38":"pa_pot-size-65-galones-32","39":"pa_pot-size-7-galones-14","42":"first","43":"instock","44":"taxable","45":"shipping-taxable","46":"purchasable","47":"product-type-variable"},"aioseo_notices":[],"_links":{"self":[{"href":"https:\/\/smartyplantsnursery.com\/es\/wp-json\/wp\/v2\/product\/47138","targetHints":{"allow":["GET"]}}],"collection":[{"href":"https:\/\/smartyplantsnursery.com\/es\/wp-json\/wp\/v2\/product"}],"about":[{"href":"https:\/\/smartyplantsnursery.com\/es\/wp-json\/wp\/v2\/types\/product"}],"replies":[{"embeddable":true,"href":"https:\/\/smartyplantsnursery.com\/es\/wp-json\/wp\/v2\/comments?post=47138"}],"wp:featuredmedia":[{"embeddable":true,"href":"https:\/\/smartyplantsnursery.com\/es\/wp-json\/wp\/v2\/media\/52989"}],"wp:attachment":[{"href":"https:\/\/smartyplantsnursery.com\/es\/wp-json\/wp\/v2\/media?parent=47138"}],"wp:term":[{"taxonomy":"product_brand","embeddable":true,"href":"https:\/\/smartyplantsnursery.com\/es\/wp-json\/wp\/v2\/product_brand?post=47138"},{"taxonomy":"product_cat","embeddable":true,"href":"https:\/\/smartyplantsnursery.com\/es\/wp-json\/wp\/v2\/product_cat?post=47138"},{"taxonomy":"product_tag","embeddable":true,"href":"https:\/\/smartyplantsnursery.com\/es\/wp-json\/wp\/v2\/product_tag?post=47138"}],"curies":[{"name":"wp","href":"https:\/\/api.w.org\/{rel}","templated":true}]}}