{"id":47139,"date":"2023-04-13T18:42:55","date_gmt":"2023-04-13T18:42:55","guid":{"rendered":"https:\/\/smartyplantsnursery.com\/product\/fiddlewood-de-florida-citharexylum-spinosum\/"},"modified":"2026-05-05T18:50:37","modified_gmt":"2026-05-05T18:50:37","slug":"fiddlewood-de-florida-citharexylum-spinosum","status":"publish","type":"product","link":"https:\/\/smartyplantsnursery.com\/es\/product\/fiddlewood-de-florida-citharexylum-spinosum\/","title":{"rendered":"Fiddlewood de Florida &#8211; citharexylum spinosum"},"content":{"rendered":"<p><b>Usos generales en el paisaje:<\/b> Se recomienda principalmente para paisajes naturales y restauraciones de h\u00e1bitats. Tambi\u00e9n es \u00fatil en plantaciones de protecci\u00f3n.<\/p>\n<p><b>Notas sobre la restauraci\u00f3n ecol\u00f3gica:<\/b> Un elemento ocasional en las hamacas, especialmente a lo largo de los bordes. Tambi\u00e9n se puede utilizar con moderaci\u00f3n como arbusto en pinares rocosos. <\/p>\n<p><b>Descripci\u00f3n:<\/b> \u00c1rbol peque\u00f1o a mediano o arbusto grande con ramas delgadas recurvadas o arqueadas que forman una copa irregular. Tronco generalmente corto pero a veces recto, de 3 a 6 pulgadas de di\u00e1metro. Corteza de color marr\u00f3n rojizo o gris a marr\u00f3n claro o gris, con surcos con la edad. Hojas de 3 a 6 pulgadas de largo, verdes y brillantes en la parte superior con un tallo y una nervadura central de color naranja.   <\/p>\n<p><b>Dimensiones:<\/b> Por lo general, de 15 a 25 pies de altura; hasta 39 pies en el sur de Florida. Por lo general, m\u00e1s alto que ancho. <\/p>\n<p><b>Tasa de crecimiento:<\/b> De lento a moderado.<\/p>\n<p><b>Distribuci\u00f3n:<\/b> Cayos del condado de Monroe al norte a lo largo de la costa este hasta el condado de Brevard; Indias Occidentales y el norte de Am\u00e9rica del Sur. Muy raro al norte del r\u00edo Miami. En el condado de Broward, se conoce solo del Parque Estatal Hugh Taylor Birch, donde se inform\u00f3 por \u00faltima vez en 1983; en el condado de Palm Beach, se conoce solo del Parque Estatal John D. MacArthur Beach y el \u00e1rea de Jupiter Inlet; en el condado de Martin, se conoce solo de Blowing Rocks Preserve y Hobe Sound Sandhill.  <\/p>\n<p><b>H\u00e1bitats:<\/b> Hamacas y ocasionalmente pinares.<\/p>\n<p><b>Suelos:<\/b> Suelos arenosos o calizos h\u00famedos y bien drenados, con una capa superior rica en humus.<\/p>\n<p><b>Requisitos nutricionales:<\/b> De moderados a altos; crece mejor con cierto contenido org\u00e1nico y puede languidecer en suelos pobres en nutrientes.<\/p>\n<p><b>Tolerancia al agua salada:<\/b> Baja; no tolera las inundaciones a largo plazo con agua salada o salobre.<\/p>\n<p><b>Tolerancia al viento salado:<\/b> Baja; el viento salado puede quemar las hojas.<\/p>\n<p><b>Tolerancia a la sequ\u00eda:<\/b> Moderada; generalmente requiere suelos h\u00famedos, pero es tolerante a cortos per\u00edodos de sequ\u00eda una vez establecido.<\/p>\n<p><b>Requisitos de luz:<\/b> Pleno sol a sombra ligera.<\/p>\n<p><b>Color de la flor:<\/b> Blanco.<\/p>\n<p><b>Caracter\u00edsticas de la flor:<\/b> Espigas semivistosas. Fragante. Dioica, con flores masculinas y femeninas en plantas diferentes.<\/p>\n<p><b>Temporada de floraci\u00f3n:<\/b> Todo el a\u00f1o.<\/p>\n<p><b>Fruta:<\/b> Drupa naranja que se vuelve marr\u00f3n rojiza a medida que madura. Comestible, jugoso y dulce. <\/p>\n<p><b>Vida silvestre y ecolog\u00eda:<\/b> Proporciona alimento y refugio para la vida silvestre. Hu\u00e9sped larval del enrollador de hojas de fiddlewood (<i><a href=\"http:\/\/entnemdept.ufl.edu\/creatures\/ORN\/fiddlewood_leafroller.htm\" target=\"_blank\" rel=\"noopener\">Epicorsia oedipodalis<\/a><\/i>), que puede ser un alimento fundamental para las cr\u00edas de aves en la primavera. Planta de n\u00e9ctar para mariposas y atrae a los polinizadores de abejas.  <\/p>\n<p><b>Notas de horticultura:<\/b> Se puede cultivar a partir de semillas despulpadas.<\/p>\n<p><b>Comentarios:<\/b> Es mejor no plantar Fiddlewood en grupos, ya que a menudo las orugas de las polillas lo defolian.<\/p>\n","protected":false},"excerpt":{"rendered":"<p><img fetchpriority=\"high\" decoding=\"async\" class=\"alignnone size-medium wp-image-54744\" src=\"https:\/\/smartyplantsnursery.com\/wp-content\/uploads\/2023\/04\/Screenshot-2026-03-03-at-2.22.47-PM-300x185.webp\" alt=\"\" width=\"300\" height=\"185\"><\/p>\n<div class=\"container\">\n<div class=\"table-container\">\n<table>\n<thead>\n<tr>\n<th>Tama\u00f1o de la maceta<\/th>\n<th>Altura media plantada (desde la tierra hasta la parte superior de la planta)<\/th>\n<\/tr>\n<\/thead>\n<tbody>\n<tr>\n<td>3 galones\/10&#8243;<\/td>\n<td>2 &#8211; 3 pies<\/td>\n<\/tr>\n<tr>\n<td>7 galones\/14&#8243;<\/td>\n<td>3 &#8211; 4 pies<\/td>\n<\/tr>\n<tr>\n<td>25 galones\/21&#8243;<\/td>\n<td>6 &#8211; 8 pies<\/td>\n<\/tr>\n<\/tbody>\n<\/table>\n<\/div>\n<\/div>\n","protected":false},"featured_media":43928,"comment_status":"open","ping_status":"closed","template":"","meta":[],"product_brand":[],"product_cat":[348,344,359,311,312,346,310,366,374,355,306,324,309,313,326,341,308,358,335,323,468,330,303,307],"product_tag":[318],"class_list":{"0":"post-47139","1":"product","2":"type-product","3":"status-publish","4":"has-post-thumbnail","6":"product_cat-alta-es","7":"product_cat-arbol","8":"product_cat-arena","9":"product_cat-baja","10":"product_cat-baja-es","11":"product_cat-bajo-mantenimiento","12":"product_cat-bien-drenado","13":"product_cat-dioico","14":"product_cat-fragante-2","15":"product_cat-invierno","16":"product_cat-lenta","17":"product_cat-llamativo","18":"product_cat-moderada","19":"product_cat-moderada-es","20":"product_cat-moderada-es-2","21":"product_cat-nativo","22":"product_cat-otono","23":"product_cat-plantas-para-mariposas-plantas-para-polinizadores","24":"product_cat-pleno-sol","25":"product_cat-primavera","26":"product_cat-roca-2","27":"product_cat-semilla","28":"product_cat-sol-parcial","29":"product_cat-verano","30":"product_tag-blanco","31":"pa_pot-size-1-galon-6","32":"pa_pot-size-25-galones-21","33":"pa_pot-size-3-galones-10","34":"pa_pot-size-7-galones-14","37":"first","38":"instock","39":"taxable","40":"shipping-taxable","41":"purchasable","42":"product-type-variable"},"aioseo_notices":[],"_links":{"self":[{"href":"https:\/\/smartyplantsnursery.com\/es\/wp-json\/wp\/v2\/product\/47139","targetHints":{"allow":["GET"]}}],"collection":[{"href":"https:\/\/smartyplantsnursery.com\/es\/wp-json\/wp\/v2\/product"}],"about":[{"href":"https:\/\/smartyplantsnursery.com\/es\/wp-json\/wp\/v2\/types\/product"}],"replies":[{"embeddable":true,"href":"https:\/\/smartyplantsnursery.com\/es\/wp-json\/wp\/v2\/comments?post=47139"}],"wp:featuredmedia":[{"embeddable":true,"href":"https:\/\/smartyplantsnursery.com\/es\/wp-json\/wp\/v2\/media\/43928"}],"wp:attachment":[{"href":"https:\/\/smartyplantsnursery.com\/es\/wp-json\/wp\/v2\/media?parent=47139"}],"wp:term":[{"taxonomy":"product_brand","embeddable":true,"href":"https:\/\/smartyplantsnursery.com\/es\/wp-json\/wp\/v2\/product_brand?post=47139"},{"taxonomy":"product_cat","embeddable":true,"href":"https:\/\/smartyplantsnursery.com\/es\/wp-json\/wp\/v2\/product_cat?post=47139"},{"taxonomy":"product_tag","embeddable":true,"href":"https:\/\/smartyplantsnursery.com\/es\/wp-json\/wp\/v2\/product_tag?post=47139"}],"curies":[{"name":"wp","href":"https:\/\/api.w.org\/{rel}","templated":true}]}}