{"id":47151,"date":"2023-04-13T18:39:22","date_gmt":"2023-04-13T18:39:22","guid":{"rendered":"https:\/\/smartyplantsnursery.com\/product\/boj-de-florida-schaefferia-frutescens\/"},"modified":"2025-12-17T18:11:23","modified_gmt":"2025-12-17T18:11:23","slug":"boj-de-florida-schaefferia-frutescens","status":"publish","type":"product","link":"https:\/\/smartyplantsnursery.com\/es\/product\/boj-de-florida-schaefferia-frutescens\/","title":{"rendered":"Boj de Florida &#8211; schaefferia frutescens"},"content":{"rendered":"<p><b>Usos generales en el paisaje:<\/b> Arbusto de acento o \u00e1rbol peque\u00f1o en los Cayos de Florida. Tambi\u00e9n para plantaciones de protecci\u00f3n. <\/p>\n<p><b>Descripci\u00f3n:<\/b> \u00c1rbol peque\u00f1o o arbusto grande con un tronco erecto y una copa algo estrecha. Troncos de 20-25 cm de di\u00e1metro, pero normalmente mucho menos. Corteza de color marr\u00f3n p\u00e1lido, rugosa por muchas crestas estrechas. Hojas delgadas, de color verde amarillento brillante, de unos 5-6 cm de largo.   <\/p>\n<p><b>Dimensiones:<\/b> Normalmente de 3 a 6 metros de altura; hasta 8 metros en el sur de Florida. Por lo general, ligeramente m\u00e1s alto que ancho. <\/p>\n<p><b>Tasa de crecimiento:<\/b> lenta.<\/p>\n<p><b>Distribuci\u00f3n:<\/b> Cayos del condado de Monroe y condado de Miami-Dade; Indias Occidentales, M\u00e9xico, Am\u00e9rica Central y Am\u00e9rica del Sur. Muy raro en los Cayos del condado de Monroe al sur de Upper Matecumbe Key y quiz\u00e1s extinguido en los Cayos inferiores. En el condado de Miami-Dade, nativo solo de los Cayos de Florida en y alrededor de Elliott Key en el Parque Nacional Biscayne y en el continente en Brickell Hammock, donde se recolect\u00f3 una vez en 1906.  <\/p>\n<p><b>H\u00e1bitats:<\/b> Hamacas de roca.<\/p>\n<p><b>Suelos:<\/b> Suelos calizos h\u00famedos y bien drenados, con una capa superior humosa.<\/p>\n<p><b>Requisitos nutricionales:<\/b> Moderado; puede crecer en suelos pobres en nutrientes, pero necesita algo de contenido org\u00e1nico para prosperar.<\/p>\n<p><b>Tolerancia al agua salada:<\/b> Baja; no tolera las inundaciones a largo plazo con agua salada o salobre.<\/p>\n<p><b>Tolerancia al viento salado:<\/b> Baja; el viento salado puede quemar las hojas.<\/p>\n<p><b>Tolerancia a la sequ\u00eda:<\/b> Moderada; generalmente requiere suelos h\u00famedos, pero es tolerante a cortos per\u00edodos de sequ\u00eda una vez establecido.<\/p>\n<p><b>Requisitos de luz:<\/b> Sombra ligera.<\/p>\n<p><b>Color de la flor:<\/b> Blanco verdoso.<\/p>\n<p><b>Caracter\u00edsticas de la flor:<\/b> Poco llamativas. Dioicas, con flores masculinas y femeninas en diferentes plantas. <\/p>\n<p><b>Temporada de floraci\u00f3n:<\/b> Todo el a\u00f1o; pico en primavera.<\/p>\n<p><b>Fruto:<\/b> Drupa roja.<\/p>\n<p><b>Notas de horticultura:<\/b> Se puede cultivar a partir de semillas.<\/p>\n<p><b>Comentarios:<\/b> Est\u00e1 catalogada como especie en peligro de extinci\u00f3n por el estado de Florida.<\/p>\n","protected":false},"excerpt":{"rendered":"<p><img decoding=\"async\" class=\"alignnone size-medium wp-image-31863\" src=\"https:\/\/smartyplantsnursery.com\/wp-content\/uploads\/2023\/04\/Screen-Shot-2023-04-22-at-11.28.02-PM-300x134.png\" alt=\"\" width=\"300\" height=\"134\"><\/p>\n<div class=\"container\">\n<div class=\"table-container\">\n<table>\n<thead>\n<tr>\n<th>Tama\u00f1o de la maceta<\/th>\n<th>Altura media plantada (desde la tierra hasta la parte superior de la planta)<\/th>\n<\/tr>\n<\/thead>\n<tbody>\n<tr>\n<td>3 galones\/10&#8243;<\/td>\n<td>1 &#8211; 2 pies<\/td>\n<\/tr>\n<tr>\n<td>7 galones\/14&#8243;<\/td>\n<td>0,6 &#8211; 0,9 m<\/td>\n<\/tr>\n<\/tbody>\n<\/table>\n<\/div>\n<\/div>\n","protected":false},"featured_media":50680,"comment_status":"open","ping_status":"closed","template":"","meta":[],"product_brand":[59,60],"product_cat":[344,312,311,346,310,366,365,355,306,309,313,341,308,334,323,330,303,307],"product_tag":[318,327],"class_list":{"0":"post-47151","1":"product","2":"type-product","3":"status-publish","4":"has-post-thumbnail","6":"product_brand-fann","7":"product_brand-fnps","8":"product_cat-arbol","9":"product_cat-baja-es","10":"product_cat-baja","11":"product_cat-bajo-mantenimiento","12":"product_cat-bien-drenado","13":"product_cat-dioico","14":"product_cat-inconspicuo","15":"product_cat-invierno","16":"product_cat-lenta","17":"product_cat-moderada","18":"product_cat-moderada-es","19":"product_cat-nativo","20":"product_cat-otono","21":"product_cat-planta-de-acento","22":"product_cat-primavera","23":"product_cat-semilla","24":"product_cat-sol-parcial","25":"product_cat-verano","26":"product_tag-blanco","27":"product_tag-verde","28":"pa_pot-size-1-galon-6","29":"pa_pot-size-3-galones-10","30":"pa_pot-size-7-galones-14","33":"first","34":"instock","35":"taxable","36":"shipping-taxable","37":"purchasable","38":"product-type-variable"},"aioseo_notices":[],"_links":{"self":[{"href":"https:\/\/smartyplantsnursery.com\/es\/wp-json\/wp\/v2\/product\/47151","targetHints":{"allow":["GET"]}}],"collection":[{"href":"https:\/\/smartyplantsnursery.com\/es\/wp-json\/wp\/v2\/product"}],"about":[{"href":"https:\/\/smartyplantsnursery.com\/es\/wp-json\/wp\/v2\/types\/product"}],"replies":[{"embeddable":true,"href":"https:\/\/smartyplantsnursery.com\/es\/wp-json\/wp\/v2\/comments?post=47151"}],"wp:featuredmedia":[{"embeddable":true,"href":"https:\/\/smartyplantsnursery.com\/es\/wp-json\/wp\/v2\/media\/50680"}],"wp:attachment":[{"href":"https:\/\/smartyplantsnursery.com\/es\/wp-json\/wp\/v2\/media?parent=47151"}],"wp:term":[{"taxonomy":"product_brand","embeddable":true,"href":"https:\/\/smartyplantsnursery.com\/es\/wp-json\/wp\/v2\/product_brand?post=47151"},{"taxonomy":"product_cat","embeddable":true,"href":"https:\/\/smartyplantsnursery.com\/es\/wp-json\/wp\/v2\/product_cat?post=47151"},{"taxonomy":"product_tag","embeddable":true,"href":"https:\/\/smartyplantsnursery.com\/es\/wp-json\/wp\/v2\/product_tag?post=47151"}],"curies":[{"name":"wp","href":"https:\/\/api.w.org\/{rel}","templated":true}]}}