{"id":47159,"date":"2023-04-13T13:37:22","date_gmt":"2023-04-13T13:37:22","guid":{"rendered":"https:\/\/smartyplantsnursery.com\/product\/ebano-negro-krugiodendron-ferreum\/"},"modified":"2026-03-11T14:56:53","modified_gmt":"2026-03-11T14:56:53","slug":"ebano-negro-krugiodendron-ferreum","status":"publish","type":"product","link":"https:\/\/smartyplantsnursery.com\/es\/product\/ebano-negro-krugiodendron-ferreum\/","title":{"rendered":"\u00c9bano negro &#8211; krugiodendron ferreum"},"content":{"rendered":"<p><b>Usos generales en el paisaje:<\/b> Un \u00e1rbol de acento o esp\u00e9cimen en paisajes residenciales y comerciales, pero de crecimiento lento y a veces dif\u00edcil de establecer.<\/p>\n<p><b>Notas sobre restauraci\u00f3n ecol\u00f3gica:<\/b> Un importante \u00e1rbol de dosel o subdosel en las hamacas.<\/p>\n<p><b>Descripci\u00f3n:<\/b> \u00c1rbol peque\u00f1o a mediano con ramas delgadas. Tronco de 10-25 cm de di\u00e1metro, rara vez m\u00e1s. Corteza de color gris oscuro, \u00e1spera, que se vuelve surcada y forma crestas verticales. Hojas atractivas, de color verde brillante por encima, de 2,5-3,8 cm de largo. Las hojas que se despliegan son ros\u00e1ceas.    <\/p>\n<p><b>Dimensiones:<\/b> T\u00edpicamente de 4,5-7,5 metros de altura; hasta 10 metros en el sur de Florida. Por lo general, m\u00e1s alto que ancho. <\/p>\n<p><b>Tasa de crecimiento:<\/b> Lento a muy lento.<\/p>\n<p><b>Distribuci\u00f3n:<\/b> Cayos del Condado de Monroe al norte, principalmente a lo largo de la costa este hasta el Condado de Brevard; Indias Occidentales, M\u00e9xico y Am\u00e9rica Central.<\/p>\n<p><b>H\u00e1bitats:<\/b> hamacas.<\/p>\n<p><b>Suelos:<\/b> Suelos arenosos o calizos h\u00famedos y bien drenados, con una capa superior rica en humus.<\/p>\n<p><b>Requisitos nutricionales:<\/b> De moderados a altos; crece mejor con cierto contenido org\u00e1nico y puede languidecer en suelos pobres en nutrientes.<\/p>\n<p><b>Tolerancia al agua salada:<\/b> Baja; no tolera las inundaciones a largo plazo con agua salada o salobre.<\/p>\n<p><b>Tolerancia al viento salino:<\/b> Moderada; crece cerca del agua salada, pero est\u00e1 protegido de la pulverizaci\u00f3n directa de sal por otra vegetaci\u00f3n.<\/p>\n<p><b>Tolerancia a la sequ\u00eda:<\/b> Alta; no requiere agua suplementaria una vez establecida.<\/p>\n<p><b>Requisitos de luz:<\/b> Pleno sol a sombra ligera.<\/p>\n<p><b>Color de la flor:<\/b> verdoso.<\/p>\n<p><b>Caracter\u00edsticas de la flor:<\/b> Inconspicuas, pero las peque\u00f1as flores secretan copiosas cantidades de n\u00e9ctar.<\/p>\n<p><b>Temporada de floraci\u00f3n:<\/b> Todo el a\u00f1o; pico desde finales de primavera hasta finales de verano.<\/p>\n<p><b>Fruto:<\/b> Drupa ovalada o casi redonda, de 8 mm de largo, que madura en negro. Madura principalmente de verano a oto\u00f1o. Comestible; dulce.  <\/p>\n<p><b>Vida silvestre y ecolog\u00eda:<\/b> Proporciona cantidades moderadas de alimento y una cobertura significativa para la vida silvestre. Las aves y otros animales comen los frutos. <\/p>\n<p><b>Notas de horticultura:<\/b> Se puede cultivar a partir de semillas. Limpia y planta de inmediato; la semilla no se conserva bien. Coloca el recipiente en semisombra. <\/p>\n<p><b>Comentarios:<\/b> La madera es dura, la m\u00e1s densa de todas las maderas nativas del sur de Florida; se hundir\u00e1 en el agua.<\/p>\n","protected":false},"excerpt":{"rendered":"<p><img fetchpriority=\"high\" decoding=\"async\" class=\"alignnone size-medium wp-image-54744\" src=\"https:\/\/smartyplantsnursery.com\/wp-content\/uploads\/2023\/04\/Screenshot-2026-03-03-at-2.22.47-PM-300x185.webp\" alt=\"\" width=\"300\" height=\"185\"><\/p>\n<div class=\"container\">\n<div class=\"table-container\">\n<table>\n<thead>\n<tr>\n<th>Tama\u00f1o de la maceta<\/th>\n<th>Altura media plantada (desde la tierra hasta la parte superior de la planta)<\/th>\n<th>Calibre<\/th>\n<\/tr>\n<\/thead>\n<tbody>\n<tr>\n<td>3 galones\/10&#8243;<\/td>\n<td>1 &#8211; 2 pies<\/td>\n<td><\/td>\n<\/tr>\n<tr>\n<td>7 galones\/14&#8243;<\/td>\n<td>2 &#8211; 5 pies<\/td>\n<td><\/td>\n<\/tr>\n<tr>\n<td>15 galones\/17&#8243;<\/td>\n<td>5 &#8211; 6 pies<\/td>\n<td><\/td>\n<\/tr>\n<tr>\n<td>25 galones\/21&#8243;<\/td>\n<td>6 &#8211; 8 pies<\/td>\n<td><\/td>\n<\/tr>\n<tr>\n<td>45 galones\/28&#8243;<\/td>\n<td>8 &#8211; 10 pies<\/td>\n<td>2 pulg.<\/td>\n<\/tr>\n<tr>\n<td>100 galones\/36&#8243;<\/td>\n<td>10 &#8211; 14 pies<\/td>\n<td>3,5 &#8211; 4 pulg.<\/td>\n<\/tr>\n<\/tbody>\n<\/table>\n<\/div>\n<\/div>\n","protected":false},"featured_media":43472,"comment_status":"open","ping_status":"closed","template":"","meta":[],"product_brand":[59,60],"product_cat":[348,340,344,311,346,365,355,306,309,361,341,308,316,334,314,335,323,468,330,303,307],"product_tag":[327],"class_list":{"0":"post-47159","1":"product","2":"type-product","3":"status-publish","4":"has-post-thumbnail","6":"product_brand-fann","7":"product_brand-fnps","8":"product_cat-alta-es","9":"product_cat-alta","10":"product_cat-arbol","11":"product_cat-baja","12":"product_cat-bajo-mantenimiento","13":"product_cat-inconspicuo","14":"product_cat-invierno","15":"product_cat-lenta","16":"product_cat-moderada","17":"product_cat-moderada-es-4","18":"product_cat-nativo","19":"product_cat-otono","20":"product_cat-pequena","21":"product_cat-planta-de-acento","22":"product_cat-planta-de-especimen","23":"product_cat-pleno-sol","24":"product_cat-primavera","25":"product_cat-roca-2","26":"product_cat-semilla","27":"product_cat-sol-parcial","28":"product_cat-verano","29":"product_tag-verde","30":"pa_pot-size-1-galon-6","31":"pa_pot-size-100-galones-36","32":"pa_pot-size-15-galones-17","33":"pa_pot-size-25-galones-21","34":"pa_pot-size-3-galones-10","35":"pa_pot-size-45-galones-28","36":"pa_pot-size-7-galones-14","39":"first","40":"instock","41":"taxable","42":"shipping-taxable","43":"purchasable","44":"product-type-variable"},"aioseo_notices":[],"_links":{"self":[{"href":"https:\/\/smartyplantsnursery.com\/es\/wp-json\/wp\/v2\/product\/47159","targetHints":{"allow":["GET"]}}],"collection":[{"href":"https:\/\/smartyplantsnursery.com\/es\/wp-json\/wp\/v2\/product"}],"about":[{"href":"https:\/\/smartyplantsnursery.com\/es\/wp-json\/wp\/v2\/types\/product"}],"replies":[{"embeddable":true,"href":"https:\/\/smartyplantsnursery.com\/es\/wp-json\/wp\/v2\/comments?post=47159"}],"wp:featuredmedia":[{"embeddable":true,"href":"https:\/\/smartyplantsnursery.com\/es\/wp-json\/wp\/v2\/media\/43472"}],"wp:attachment":[{"href":"https:\/\/smartyplantsnursery.com\/es\/wp-json\/wp\/v2\/media?parent=47159"}],"wp:term":[{"taxonomy":"product_brand","embeddable":true,"href":"https:\/\/smartyplantsnursery.com\/es\/wp-json\/wp\/v2\/product_brand?post=47159"},{"taxonomy":"product_cat","embeddable":true,"href":"https:\/\/smartyplantsnursery.com\/es\/wp-json\/wp\/v2\/product_cat?post=47159"},{"taxonomy":"product_tag","embeddable":true,"href":"https:\/\/smartyplantsnursery.com\/es\/wp-json\/wp\/v2\/product_tag?post=47159"}],"curies":[{"name":"wp","href":"https:\/\/api.w.org\/{rel}","templated":true}]}}