{"id":47222,"date":"2023-06-03T12:55:06","date_gmt":"2023-06-03T12:55:06","guid":{"rendered":"https:\/\/smartyplantsnursery.com\/product\/eucalipto-de-mindanao-eucalipto-arcoiris-eucalyptus-deglupta\/"},"modified":"2026-01-26T15:04:42","modified_gmt":"2026-01-26T15:04:42","slug":"eucalipto-de-mindanao-eucalipto-arcoiris-eucalyptus-deglupta","status":"publish","type":"product","link":"https:\/\/smartyplantsnursery.com\/es\/product\/eucalipto-de-mindanao-eucalipto-arcoiris-eucalyptus-deglupta\/","title":{"rendered":"Eucalipto de Mindanao, eucalipto arco\u00edris &#8211; eucalyptus deglupta"},"content":{"rendered":"<div>\n<p class=\"\"><b class=\"\">Usos generales en el paisaje:<\/b> \u00c1rbol ornamental, \u00e1rbol de sombra, jardines tropicales<\/p>\n<p class=\"\"><b class=\"\">Notas sobre restauraci\u00f3n ecol\u00f3gica:<\/b> Secuestro de carbono, estabilizaci\u00f3n del suelo y control de la erosi\u00f3n, apoyo a polinizadores, contribuci\u00f3n a la biodiversidad<\/p>\n<p class=\"\"><b class=\"\">Descripci\u00f3n:<\/b> \u00c1rbol con corteza multicolor que se desprende para revelar tonos de verde, azul, p\u00farpura, naranja y rojo.<\/p>\n<p class=\"\"><b class=\"\">Dimensiones:<\/b> Altura 100 &#8211; 250 pies; Extensi\u00f3n 60 &#8211; 125 pies.<\/p>\n<p class=\"\"><b class=\"\">Tasa de crecimiento:<\/b> r\u00e1pida<\/p>\n<p class=\"\"><b class=\"\">Distribuci\u00f3n nativa:<\/b> malesia y papuasia<\/p>\n<p class=\"\"><b class=\"\">H\u00e1bitats nativos:<\/b> Selvas tropicales de tierras bajas<\/p>\n<p class=\"\"><b class=\"\">Suelos:<\/b> H\u00famedos, con buen drenaje, ligeramente \u00e1cidos (pH 5.5 &#8211; 6.5)<\/p>\n<p class=\"\"><b class=\"\">Requisitos nutricionales:<\/b> moderados<\/p>\n<p class=\"\"><b class=\"\">Tolerancia al agua salada:<\/b> De baja a moderada<\/p>\n<p class=\"\"><b class=\"\">Tolerancia al viento salado:<\/b> moderada<\/p>\n<p class=\"\"><b class=\"\">Tolerancia a la sequ\u00eda:<\/b> de moderada a baja<\/p>\n<p class=\"\"><b class=\"\">Requisitos de luz:<\/b> pleno sol<\/p>\n<p class=\"\"><b class=\"\">Color de la flor:<\/b> Blanco<\/p>\n<p class=\"\"><b class=\"\">Caracter\u00edsticas de la flor:<\/b> llamativa<\/p>\n<p class=\"\"><b class=\"\">Temporada de floraci\u00f3n:<\/b> Todo el a\u00f1o<\/p>\n<p class=\"\"><b class=\"\">Fruto:<\/b> C\u00e1psulas le\u00f1osas peque\u00f1as<\/p>\n<p class=\"\"><b class=\"\">Fauna y ecolog\u00eda:<\/b> Las flores atraen a los polinizadores, proporciona un h\u00e1bitat para animales peque\u00f1os<\/p>\n<p class=\"\"><b class=\"\">Notas de horticultura:<\/b> Se cultiva a partir de semillas, esquejes<\/p>\n<p class=\"\"><b class=\"\">Comentarios:<\/b><\/p>\n<\/div>\n","protected":false},"excerpt":{"rendered":"<p><img decoding=\"async\" class=\"alignnone size-medium wp-image-31863\" src=\"https:\/\/smartyplantsnursery.com\/wp-content\/uploads\/2023\/04\/Screen-Shot-2023-04-22-at-11.28.02-PM-300x134.png\" alt=\"\" width=\"300\" height=\"134\"><\/p>\n<div class=\"container\">\n<div class=\"table-container\">\n<table>\n<thead>\n<tr>\n<th>Tama\u00f1o de la maceta<\/th>\n<th>Altura media plantada (desde la tierra hasta la parte superior de la planta)<\/th>\n<th>Calibre<\/th>\n<\/tr>\n<\/thead>\n<tbody>\n<tr>\n<td>7 galones\/14&#8243;<\/td>\n<td>1,8 &#8211; 2,4 m<\/td>\n<td><\/td>\n<\/tr>\n<tr>\n<td>15 galones\/17&#8243;<\/td>\n<td>2,4 &#8211; 3 m<\/td>\n<td><\/td>\n<\/tr>\n<tr>\n<td>25 galones\/21&#8243;<\/td>\n<td>3 &#8211; 3,6 m<\/td>\n<td><\/td>\n<\/tr>\n<tr>\n<td>45 galones\/28&#8243;<\/td>\n<td>3,6 &#8211; 4,5 m<\/td>\n<td>5 &#8211; 7,5 cm<\/td>\n<\/tr>\n<tr>\n<td>100 galones\/36&#8243;<\/td>\n<td>4,5 &#8211; 5,2 m<\/td>\n<td>7,5 &#8211; 10 cm<\/td>\n<\/tr>\n<\/tbody>\n<\/table>\n<\/div>\n<\/div>\n","protected":false},"featured_media":44434,"comment_status":"open","ping_status":"closed","template":"","meta":[],"product_brand":[],"product_cat":[343,344,371,311,310,315,302,355,324,309,361,360,308,314,335,323,322,330,307],"product_tag":[318],"class_list":{"0":"post-47222","1":"product","2":"type-product","3":"status-publish","4":"has-post-thumbnail","6":"product_cat-acido","7":"product_cat-arbol","8":"product_cat-arbol-de-sombra","9":"product_cat-baja","10":"product_cat-bien-drenado","11":"product_cat-esquejes","12":"product_cat-exotica","13":"product_cat-invierno","14":"product_cat-llamativo","15":"product_cat-moderada","16":"product_cat-moderada-es-4","17":"product_cat-moderada-es-3","18":"product_cat-otono","19":"product_cat-planta-de-especimen","20":"product_cat-pleno-sol","21":"product_cat-primavera","22":"product_cat-rapido","23":"product_cat-semilla","24":"product_cat-verano","25":"product_tag-blanco","26":"pa_pot-size-100-galones-36","27":"pa_pot-size-15-galones-17","28":"pa_pot-size-25-galones-21","29":"pa_pot-size-45-galones-28","30":"pa_pot-size-7-galones-14","33":"first","34":"instock","35":"taxable","36":"shipping-taxable","37":"purchasable","38":"product-type-variable"},"aioseo_notices":[],"_links":{"self":[{"href":"https:\/\/smartyplantsnursery.com\/es\/wp-json\/wp\/v2\/product\/47222","targetHints":{"allow":["GET"]}}],"collection":[{"href":"https:\/\/smartyplantsnursery.com\/es\/wp-json\/wp\/v2\/product"}],"about":[{"href":"https:\/\/smartyplantsnursery.com\/es\/wp-json\/wp\/v2\/types\/product"}],"replies":[{"embeddable":true,"href":"https:\/\/smartyplantsnursery.com\/es\/wp-json\/wp\/v2\/comments?post=47222"}],"wp:featuredmedia":[{"embeddable":true,"href":"https:\/\/smartyplantsnursery.com\/es\/wp-json\/wp\/v2\/media\/44434"}],"wp:attachment":[{"href":"https:\/\/smartyplantsnursery.com\/es\/wp-json\/wp\/v2\/media?parent=47222"}],"wp:term":[{"taxonomy":"product_brand","embeddable":true,"href":"https:\/\/smartyplantsnursery.com\/es\/wp-json\/wp\/v2\/product_brand?post=47222"},{"taxonomy":"product_cat","embeddable":true,"href":"https:\/\/smartyplantsnursery.com\/es\/wp-json\/wp\/v2\/product_cat?post=47222"},{"taxonomy":"product_tag","embeddable":true,"href":"https:\/\/smartyplantsnursery.com\/es\/wp-json\/wp\/v2\/product_tag?post=47222"}],"curies":[{"name":"wp","href":"https:\/\/api.w.org\/{rel}","templated":true}]}}