{"id":48063,"date":"2025-08-28T18:45:29","date_gmt":"2025-08-28T18:45:29","guid":{"rendered":"https:\/\/smartyplantsnursery.com\/product\/pontederia-cordata-pickerelweed\/"},"modified":"2026-01-30T17:40:42","modified_gmt":"2026-01-30T17:40:42","slug":"pontederia-cordata-pickerelweed","status":"publish","type":"product","link":"https:\/\/smartyplantsnursery.com\/es\/product\/pontederia-cordata-pickerelweed\/","title":{"rendered":"Pontederia cordata (Pickerelweed)"},"content":{"rendered":"<p><b>Usos generales en el paisaje:<\/b> Jardines acu\u00e1ticos y a lo largo de los bordes de estanques y lagos.<\/p>\n<p><b>Descripci\u00f3n:<\/b> Hierba silvestre herb\u00e1cea de tama\u00f1o mediano a grande.<\/p>\n<p><b>Dimensiones:<\/b> Normalmente de 60 a 120 cm de altura. Generalmente m\u00e1s alta que ancha, pero se extiende y forma grandes parches. <\/p>\n<p><b>Tasa de crecimiento:<\/b> r\u00e1pida.<\/p>\n<p><b>Distribuci\u00f3n:<\/b> Extendido en el este y centro de Am\u00e9rica del Norte al sur del condado de Miami-Dade y el continente del condado de Monroe; Indias Occidentales, M\u00e9xico, Am\u00e9rica Central y Am\u00e9rica del Sur. Tambi\u00e9n se recolect\u00f3 en Big Pine Key, en los Cayos del Condado de Monroe, pero probablemente se introdujo all\u00ed.<\/p>\n<p><b>H\u00e1bitats:<\/b> Marismas, ci\u00e9nagas y pantanos.<\/p>\n<p><b>Suelos:<\/b> Suelos org\u00e1nicos h\u00famedos y mal drenados.<\/p>\n<p><b>Requisitos nutricionales:<\/b> Altos; requiere suelos org\u00e1nicos ricos para un crecimiento \u00f3ptimo.<\/p>\n<p><b>Tolerancia al agua salada:<\/b> Baja; no tolera las inundaciones de agua salada o salobre.<\/p>\n<p><b>Tolerancia al viento salado:<\/b> Baja; el viento salado puede quemar las hojas.<\/p>\n<p><b>Tolerancia a la sequ\u00eda:<\/b> Baja; requiere suelos h\u00famedos a mojados y es intolerante a largos per\u00edodos de sequ\u00eda.<\/p>\n<p><b>Requisitos de luz:<\/b> Pleno sol.<\/p>\n<p><b>Color de la flor:<\/b> p\u00farpura.<\/p>\n<p><b>Caracter\u00edsticas de la flor:<\/b> vistosa.<\/p>\n<p><b>Temporada de floraci\u00f3n:<\/b> Primavera-verano.<\/p>\n<p><b>Fruto:<\/b> Utr\u00edculo discreto.<\/p>\n<p><b>Fauna y ecolog\u00eda:<\/b> Proporciona alimento para la fauna. <b>Fuente de n\u00e9ctar<\/b> para muchas mariposas, incluyendo: Aaron&#8217;s skipper ( <i>Poanes aaroni<\/i>), Berry&#8217;s skipper ( <i>Euphyes berryi<\/i>), Brazilian skipper ( <i>Calpodes ethlius<\/i>), byssus skipper ( <i>Problema byssus<\/i>), clouded skipper ( <i>Lerema accius<\/i>), Delaware skipper ( <i>Anatrytone logan<\/i>), dotted skipper ( <i>Hesperia attalus<\/i>), fiery skipper ( <i>Hylephila phyleus<\/i>), Meske&#8217;s skipper ( <i>Hesperia meskei<\/i>), ocola skipper ( <i>Panoquina ocola<\/i>), Palatka skipper ( <i>Euphyes pilatka<\/i>), palmetto skipper (<i>Euphyes arpa<\/i>), southern broken-dash (<i>Wallengrenia otho<\/i>), twin-spot skipper (<i>Oligoria maculata<\/i>) y whirlabout (<i>Polites vibex<\/i>). Atrae a las abejas polinizadoras. Otra fauna se alimenta de los frutos.  <\/p>\n<p><b>Notas de horticultura:<\/b> Se puede cultivar a partir de semillas y divisi\u00f3n.<\/p>\n","protected":false},"excerpt":{"rendered":"<p><a href=\"https:\/\/smartyplantsnursery.com\/wp-content\/uploads\/2023\/04\/Screen-Shot-2023-04-22-at-11.28.02-PM.png\"><img decoding=\"async\" class=\"alignnone size-medium wp-image-31863\" src=\"https:\/\/smartyplantsnursery.com\/wp-content\/uploads\/2023\/04\/Screen-Shot-2023-04-22-at-11.28.02-PM-300x134.png\" alt=\"Compre con confianza en el vivero Smarty Plants.\" width=\"300\" height=\"134\"><\/a><\/p>\n<div class=\"container\">\n<div class=\"table-container\">\n<table>\n<thead>\n<tr>\n<th>Tama\u00f1o de la maceta<\/th>\n<th>Altura media plantada (desde la tierra hasta la parte superior de la planta)<\/th>\n<\/tr>\n<\/thead>\n<tbody>\n<tr>\n<td>7 galones\/14&#8243;<\/td>\n<td>0,6 &#8211; 0,9 m<\/td>\n<\/tr>\n<\/tbody>\n<\/table>\n<\/div>\n<\/div>\n","protected":false},"featured_media":48057,"comment_status":"open","ping_status":"closed","template":"","meta":[],"product_brand":[59,60],"product_cat":[348,311,312,329,384,331,393,324,354,341,358,335,323,322,330,307],"product_tag":[338],"class_list":{"0":"post-48063","1":"product","2":"type-product","3":"status-publish","4":"has-post-thumbnail","6":"product_brand-fann","7":"product_brand-fnps","8":"product_cat-alta-es","9":"product_cat-baja","10":"product_cat-baja-es","11":"product_cat-baja-es-2","12":"product_cat-costero","13":"product_cat-division-es","14":"product_cat-flor-silvestre","15":"product_cat-llamativo","16":"product_cat-mal-drenado","17":"product_cat-nativo","18":"product_cat-plantas-para-mariposas-plantas-para-polinizadores","19":"product_cat-pleno-sol","20":"product_cat-primavera","21":"product_cat-rapido","22":"product_cat-semilla","23":"product_cat-verano","24":"product_tag-morado","25":"pa_pot-size-7-galones-14","28":"first","29":"instock","30":"taxable","31":"shipping-taxable","32":"purchasable","33":"product-type-variable"},"aioseo_notices":[],"_links":{"self":[{"href":"https:\/\/smartyplantsnursery.com\/es\/wp-json\/wp\/v2\/product\/48063","targetHints":{"allow":["GET"]}}],"collection":[{"href":"https:\/\/smartyplantsnursery.com\/es\/wp-json\/wp\/v2\/product"}],"about":[{"href":"https:\/\/smartyplantsnursery.com\/es\/wp-json\/wp\/v2\/types\/product"}],"replies":[{"embeddable":true,"href":"https:\/\/smartyplantsnursery.com\/es\/wp-json\/wp\/v2\/comments?post=48063"}],"wp:featuredmedia":[{"embeddable":true,"href":"https:\/\/smartyplantsnursery.com\/es\/wp-json\/wp\/v2\/media\/48057"}],"wp:attachment":[{"href":"https:\/\/smartyplantsnursery.com\/es\/wp-json\/wp\/v2\/media?parent=48063"}],"wp:term":[{"taxonomy":"product_brand","embeddable":true,"href":"https:\/\/smartyplantsnursery.com\/es\/wp-json\/wp\/v2\/product_brand?post=48063"},{"taxonomy":"product_cat","embeddable":true,"href":"https:\/\/smartyplantsnursery.com\/es\/wp-json\/wp\/v2\/product_cat?post=48063"},{"taxonomy":"product_tag","embeddable":true,"href":"https:\/\/smartyplantsnursery.com\/es\/wp-json\/wp\/v2\/product_tag?post=48063"}],"curies":[{"name":"wp","href":"https:\/\/api.w.org\/{rel}","templated":true}]}}