{"id":48161,"date":"2025-08-29T18:11:36","date_gmt":"2025-08-29T18:11:36","guid":{"rendered":"https:\/\/smartyplantsnursery.com\/?post_type=product&#038;p=48161"},"modified":"2026-03-13T14:27:08","modified_gmt":"2026-03-13T14:27:08","slug":"buganvilla-buganvilla-imperial-thai-delight-arbusto-copy","status":"publish","type":"product","link":"https:\/\/smartyplantsnursery.com\/es\/product\/buganvilla-buganvilla-imperial-thai-delight-arbusto-copy\/","title":{"rendered":"Buganvilla &#8211; buganvilla &#8216;Imperial Thai Delight&#8217; (\u00e1rbol)"},"content":{"rendered":"<p><b>Usos generales en el paisaje: <\/b>Seto, contenedor, cobertura del suelo, ejemplar, acento, costero<\/p>\n<p><b>Notas sobre la restauraci\u00f3n ecol\u00f3gica:<\/b> No recomendado<\/p>\n<p><b>Descripci\u00f3n: <\/b>Arbusto de hoja perenne con espinas.<\/p>\n<p><b>Dimensiones: <\/b>Altura 3 &#8211; 6 m; Extensi\u00f3n 2,4 &#8211; 4,5 m.<\/p>\n<p><b>Tasa de crecimiento:<\/b> r\u00e1pida<\/p>\n<p><b>Distribuci\u00f3n nativa:<\/b> Sudam\u00e9rica<\/p>\n<p><b>H\u00e1bitats nativos: <\/b>Bosques abiertos, bordes de bosques, matorrales, espesuras, laderas rocosas, \u00e1reas perturbadas<\/p>\n<p><b>Suelos: <\/b>Bien drenados, arena, marga<\/p>\n<p><b>Requisitos nutricionales: <\/b>De moderados a bajos<\/p>\n<p><b>Tolerancia al agua salada:<\/b> moderada<\/p>\n<p><b>Tolerancia al viento salado:<\/b> moderada<\/p>\n<p><b>Tolerancia a la sequ\u00eda:<\/b> alta<\/p>\n<p><b>Requisitos de luz:<\/b> Pleno sol<\/p>\n<p><b>Color de la flor: <\/b>Rosa p\u00e1lido<\/p>\n<p><b>Caracter\u00edsticas de la flor: <\/b>Br\u00e1cteas rosas rodean flores tubulares blancas<\/p>\n<p><b>Temporada de floraci\u00f3n:<\/b> Todo el a\u00f1o<\/p>\n<p><b>Fruto: <\/b>C\u00e1psula peque\u00f1a, seca, discreta, verde cuando es inmadura y se vuelve marr\u00f3n a medida que madura<\/p>\n<p><b>Vida silvestre y ecolog\u00eda: <\/b>Atractivo para polinizadores, refugio para aves peque\u00f1as<\/p>\n<p><b>Notas de horticultura: <\/b>Cultivado a partir de esquejes, acodos, injertos<\/p>\n<p><b>Comentarios:<\/b><\/p>\n","protected":false},"excerpt":{"rendered":"<p><img fetchpriority=\"high\" decoding=\"async\" class=\"alignnone size-medium wp-image-54744\" src=\"https:\/\/smartyplantsnursery.com\/wp-content\/uploads\/2023\/04\/Screenshot-2026-03-03-at-2.22.47-PM-300x185.webp\" alt=\"\" width=\"300\" height=\"185\"><\/p>\n<div class=\"container\">\n<div class=\"table-container\">\n<table>\n<thead>\n<tr>\n<th>Tama\u00f1o de la maceta<\/th>\n<th>Altura media plantada (desde la tierra hasta la parte superior de la planta)<\/th>\n<\/tr>\n<\/thead>\n<tbody>\n<tr>\n<td>15 galones\/17&#8243;<\/td>\n<td>1,2 &#8211; 1,5 m<\/td>\n<\/tr>\n<\/tbody>\n<\/table>\n<\/div>\n<\/div>\n","protected":false},"featured_media":48741,"comment_status":"open","ping_status":"closed","template":"","meta":[],"product_brand":[],"product_cat":[336,340,344,359,357,310,317,384,315,302,369,379,355,361,360,309,308,334,314,335,323,322,332,333,307],"product_tag":[352],"class_list":{"0":"post-48161","1":"product","2":"type-product","3":"status-publish","4":"has-post-thumbnail","6":"product_cat-acodo-aereo","7":"product_cat-alta","8":"product_cat-arbol","9":"product_cat-arena","10":"product_cat-baja-es-3","11":"product_cat-bien-drenado","12":"product_cat-contenedor","13":"product_cat-costero","14":"product_cat-esquejes","15":"product_cat-exotica","16":"product_cat-franco","17":"product_cat-injerto","18":"product_cat-invierno","19":"product_cat-moderada-es-4","20":"product_cat-moderada-es-3","21":"product_cat-moderada","22":"product_cat-otono","23":"product_cat-planta-de-acento","24":"product_cat-planta-de-especimen","25":"product_cat-pleno-sol","26":"product_cat-primavera","27":"product_cat-rapido","28":"product_cat-seto","29":"product_cat-tubular-es","30":"product_cat-verano","31":"product_tag-rosa","32":"pa_pot-size-15-galones-17","35":"first","36":"instock","37":"taxable","38":"shipping-taxable","39":"purchasable","40":"product-type-variable"},"aioseo_notices":[],"_links":{"self":[{"href":"https:\/\/smartyplantsnursery.com\/es\/wp-json\/wp\/v2\/product\/48161","targetHints":{"allow":["GET"]}}],"collection":[{"href":"https:\/\/smartyplantsnursery.com\/es\/wp-json\/wp\/v2\/product"}],"about":[{"href":"https:\/\/smartyplantsnursery.com\/es\/wp-json\/wp\/v2\/types\/product"}],"replies":[{"embeddable":true,"href":"https:\/\/smartyplantsnursery.com\/es\/wp-json\/wp\/v2\/comments?post=48161"}],"wp:featuredmedia":[{"embeddable":true,"href":"https:\/\/smartyplantsnursery.com\/es\/wp-json\/wp\/v2\/media\/48741"}],"wp:attachment":[{"href":"https:\/\/smartyplantsnursery.com\/es\/wp-json\/wp\/v2\/media?parent=48161"}],"wp:term":[{"taxonomy":"product_brand","embeddable":true,"href":"https:\/\/smartyplantsnursery.com\/es\/wp-json\/wp\/v2\/product_brand?post=48161"},{"taxonomy":"product_cat","embeddable":true,"href":"https:\/\/smartyplantsnursery.com\/es\/wp-json\/wp\/v2\/product_cat?post=48161"},{"taxonomy":"product_tag","embeddable":true,"href":"https:\/\/smartyplantsnursery.com\/es\/wp-json\/wp\/v2\/product_tag?post=48161"}],"curies":[{"name":"wp","href":"https:\/\/api.w.org\/{rel}","templated":true}]}}