{"id":48184,"date":"2025-08-29T19:30:25","date_gmt":"2025-08-29T19:30:25","guid":{"rendered":"https:\/\/smartyplantsnursery.com\/product\/vid-cielo-azul-thunbergia-grandiflora\/"},"modified":"2026-03-13T13:56:57","modified_gmt":"2026-03-13T13:56:57","slug":"vid-cielo-azul-thunbergia-grandiflora","status":"publish","type":"product","link":"https:\/\/smartyplantsnursery.com\/es\/product\/vid-cielo-azul-thunbergia-grandiflora\/","title":{"rendered":"Vid cielo azul &#8211; thunbergia grandiflora"},"content":{"rendered":"<p><b>Usos generales en el paisaje:<\/b> P\u00e9rgola, vallas, enrejados<\/p>\n<p><b>Notas sobre la restauraci\u00f3n ecol\u00f3gica:<\/b> No recomendado<\/p>\n<p><b>Descripci\u00f3n:<\/b> Enredadera perenne<\/p>\n<p><b>Dimensiones:<\/b> Altura 30 &#8211; 40 pies.<\/p>\n<p><b>Tasa de crecimiento:<\/b> r\u00e1pida<\/p>\n<p><b>Distribuci\u00f3n nativa:<\/b> India, Sudeste Asi\u00e1tico<\/p>\n<p><b>H\u00e1bitats nativos:<\/b> Bosques tropicales y subtropicales, riberas de r\u00edos y zonas ribere\u00f1as, matorrales y \u00e1reas de crecimiento secundario<\/p>\n<p><b>Suelos:<\/b> Bien drenados, arena, marga, de \u00e1cidos a neutros (pH 6 &#8211; 7)<\/p>\n<p><b>Requisitos nutricionales:<\/b> moderados<\/p>\n<p><b>Tolerancia al agua salada:<\/b> De baja a moderada<\/p>\n<p><b>Tolerancia al viento salado:<\/b> baja<\/p>\n<p><b>Tolerancia a la sequ\u00eda:<\/b> moderada<\/p>\n<p><b>Requisitos de luz:<\/b> Pleno sol a sol parcial<\/p>\n<p><b>Color de la flor:<\/b> Azul lavanda a p\u00farpura azulado<\/p>\n<p><b>Caracter\u00edsticas de la flor:<\/b> Llamativa, forma de trompeta<\/p>\n<p><b>Temporada de floraci\u00f3n:<\/b> Primavera, verano, oto\u00f1o<\/p>\n<p><b>Fruto:<\/b> C\u00e1psulas secas alargadas, marrones cuando maduran<\/p>\n<p><b>Vida silvestre y ecolog\u00eda:<\/b> Atractivo para polinizadores, refugio para aves peque\u00f1as e insectos<\/p>\n<p><b>Notas de horticultura:<\/b> Se propaga por semilla, esquejes, acodo<\/p>\n<p><b>Comentarios:<\/b><\/p>\n","protected":false},"excerpt":{"rendered":"<p><img fetchpriority=\"high\" decoding=\"async\" class=\"alignnone size-medium wp-image-54744\" src=\"https:\/\/smartyplantsnursery.com\/wp-content\/uploads\/2023\/04\/Screenshot-2026-03-03-at-2.22.47-PM-300x185.webp\" alt=\"\" width=\"300\" height=\"185\"><\/p>\n<div class=\"container\">\n<div class=\"table-container\">\n<table>\n<thead>\n<tr>\n<th>Tama\u00f1o de la maceta<\/th>\n<th>Altura media plantada (desde la tierra hasta la parte superior de la planta)<\/th>\n<\/tr>\n<\/thead>\n<tbody>\n<tr>\n<td>7 galones\/14&#8243;<\/td>\n<td>3 &#8211; 4 pies<\/td>\n<\/tr>\n<\/tbody>\n<\/table>\n<\/div>\n<\/div>\n","protected":false},"featured_media":50357,"comment_status":"open","ping_status":"closed","template":"","meta":[],"product_brand":[],"product_cat":[343,336,359,311,312,310,391,320,315,302,369,324,309,313,360,345,308,358,335,323,322,330,419,303,307],"product_tag":[385,337,338],"class_list":{"0":"post-48184","1":"product","2":"type-product","3":"status-publish","4":"has-post-thumbnail","6":"product_cat-acido","7":"product_cat-acodo-aereo","8":"product_cat-arena","9":"product_cat-baja","10":"product_cat-baja-es","11":"product_cat-bien-drenado","12":"product_cat-en-oferta","13":"product_cat-enredadera","14":"product_cat-esquejes","15":"product_cat-exotica","16":"product_cat-franco","17":"product_cat-llamativo","18":"product_cat-moderada","19":"product_cat-moderada-es","20":"product_cat-moderada-es-3","21":"product_cat-neutro","22":"product_cat-otono","23":"product_cat-plantas-para-mariposas-plantas-para-polinizadores","24":"product_cat-pleno-sol","25":"product_cat-primavera","26":"product_cat-rapido","27":"product_cat-semilla","28":"product_cat-sin-categorizar","29":"product_cat-sol-parcial","30":"product_cat-verano","31":"product_tag-azul","32":"product_tag-lavanda","33":"product_tag-morado","34":"pa_pot-size-7-galones-14","37":"first","38":"instock","39":"sale","40":"taxable","41":"shipping-taxable","42":"purchasable","43":"product-type-variable"},"aioseo_notices":[],"_links":{"self":[{"href":"https:\/\/smartyplantsnursery.com\/es\/wp-json\/wp\/v2\/product\/48184","targetHints":{"allow":["GET"]}}],"collection":[{"href":"https:\/\/smartyplantsnursery.com\/es\/wp-json\/wp\/v2\/product"}],"about":[{"href":"https:\/\/smartyplantsnursery.com\/es\/wp-json\/wp\/v2\/types\/product"}],"replies":[{"embeddable":true,"href":"https:\/\/smartyplantsnursery.com\/es\/wp-json\/wp\/v2\/comments?post=48184"}],"wp:featuredmedia":[{"embeddable":true,"href":"https:\/\/smartyplantsnursery.com\/es\/wp-json\/wp\/v2\/media\/50357"}],"wp:attachment":[{"href":"https:\/\/smartyplantsnursery.com\/es\/wp-json\/wp\/v2\/media?parent=48184"}],"wp:term":[{"taxonomy":"product_brand","embeddable":true,"href":"https:\/\/smartyplantsnursery.com\/es\/wp-json\/wp\/v2\/product_brand?post=48184"},{"taxonomy":"product_cat","embeddable":true,"href":"https:\/\/smartyplantsnursery.com\/es\/wp-json\/wp\/v2\/product_cat?post=48184"},{"taxonomy":"product_tag","embeddable":true,"href":"https:\/\/smartyplantsnursery.com\/es\/wp-json\/wp\/v2\/product_tag?post=48184"}],"curies":[{"name":"wp","href":"https:\/\/api.w.org\/{rel}","templated":true}]}}