{"id":48449,"date":"2025-09-03T20:48:12","date_gmt":"2025-09-03T20:48:12","guid":{"rendered":"https:\/\/smartyplantsnursery.com\/product\/dracena-marginata-tarzan-de-madagascar\/"},"modified":"2026-01-09T18:11:19","modified_gmt":"2026-01-09T18:11:19","slug":"dracena-marginata-tarzan-de-madagascar","status":"publish","type":"product","link":"https:\/\/smartyplantsnursery.com\/es\/product\/dracena-marginata-tarzan-de-madagascar\/","title":{"rendered":"Dr\u00e1cena marginata &#8216;tarzan&#8217; de Madagascar"},"content":{"rendered":"<p><b>Usos generales en el paisajismo: <\/b>Interior, contenedor, planta de acento<\/p>\n<p><b>Notas sobre la restauraci\u00f3n ecol\u00f3gica: <\/b>Ofrece cobertura limitada para la fauna peque\u00f1a<\/p>\n<p><b>Descripci\u00f3n: <\/b>\u00c1rbol de hoja perenne conocido por sus tallos m\u00e1s gruesos y robustos y sus hojas m\u00e1s anchas, arqueadas y puntiagudas<\/p>\n<p><b>Dimensiones: <\/b>Altura 3 &#8211; 3,6 m; Extensi\u00f3n 0,6 &#8211; 1,2 m<\/p>\n<p><b>Tasa de crecimiento:<\/b> Lento a moderado<\/p>\n<p><b>Distribuci\u00f3n nativa:<\/b> Madagascar<\/p>\n<p><b>H\u00e1bitats nativos: <\/b>Bosques secos, laderas rocosas, matorrales<\/p>\n<p><b>Suelos:<\/b> Bien drenados, arena, marga, de \u00e1cidos a neutros (pH 6 &#8211; 7)<\/p>\n<p><b>Requisitos nutricionales:<\/b> De bajos a moderados<\/p>\n<p><b>Tolerancia al agua salada:<\/b> De baja a moderada<\/p>\n<p><b>Tolerancia al viento salado:<\/b> De baja a moderada<\/p>\n<p><b>Tolerancia a la sequ\u00eda:<\/b> moderada<\/p>\n<p><b>Requisitos de luz:<\/b> Pleno sol a sol parcial<\/p>\n<p><b>Color de la flor:<\/b> Blanco<\/p>\n<p><b>Caracter\u00edsticas de la flor: <\/b>Peque\u00f1as, fragantes, en racimos<\/p>\n<p><b>Temporada de floraci\u00f3n:<\/b> Primavera a verano<\/p>\n<p><b>Fruto: <\/b>Inconspicuas, peque\u00f1as estructuras similares a bayas<\/p>\n<p><b>Vida silvestre y ecolog\u00eda: <\/b>Soporte m\u00ednimo para la vida silvestre<\/p>\n<p><b>Notas de horticultura:<\/b> Cultivado a partir de esquejes, acodo a\u00e9reo, semillas<\/p>\n<p><b>Comentarios:<\/b><\/p>\n","protected":false},"excerpt":{"rendered":"<p><a href=\"https:\/\/smartyplantsnursery.com\/wp-content\/uploads\/2023\/04\/Screen-Shot-2023-04-22-at-11.28.02-PM.png\"><img decoding=\"async\" class=\"alignnone size-medium wp-image-31863\" src=\"https:\/\/smartyplantsnursery.com\/wp-content\/uploads\/2023\/04\/Screen-Shot-2023-04-22-at-11.28.02-PM-300x134.png\" alt=\"Compre con confianza en el vivero Smarty Plants.\" width=\"300\" height=\"134\"><\/a><\/p>\n<div class=\"container\">\n<div class=\"table-container\">\n<table>\n<thead>\n<tr>\n<th>Tama\u00f1o de la maceta<\/th>\n<th>Altura media plantada (desde la tierra hasta la parte superior de la planta)<\/th>\n<\/tr>\n<\/thead>\n<tbody>\n<tr>\n<td>3 galones\/10&#8243;<\/td>\n<td>120 &#8211; 150 cm<\/td>\n<\/tr>\n<tr>\n<td>7 galones\/14&#8243;<\/td>\n<td>1,5 &#8211; 1,8 m<\/td>\n<\/tr>\n<\/tbody>\n<\/table>\n<\/div>\n<\/div>\n","protected":false},"featured_media":52732,"comment_status":"open","ping_status":"closed","template":"","meta":[],"product_brand":[],"product_cat":[343,336,344,359,311,312,357,310,317,315,302,374,369,305,306,309,313,326,360,361,345,316,334,335,323,372,330,303,307],"product_tag":[],"class_list":{"0":"post-48449","1":"product","2":"type-product","3":"status-publish","4":"has-post-thumbnail","6":"product_cat-acido","7":"product_cat-acodo-aereo","8":"product_cat-arbol","9":"product_cat-arena","10":"product_cat-baja","11":"product_cat-baja-es","12":"product_cat-baja-es-3","13":"product_cat-bien-drenado","14":"product_cat-contenedor","15":"product_cat-esquejes","16":"product_cat-exotica","17":"product_cat-fragante-2","18":"product_cat-franco","19":"product_cat-interior","20":"product_cat-lenta","21":"product_cat-moderada","22":"product_cat-moderada-es","23":"product_cat-moderada-es-2","24":"product_cat-moderada-es-3","25":"product_cat-moderada-es-4","26":"product_cat-neutro","27":"product_cat-pequena","28":"product_cat-planta-de-acento","29":"product_cat-pleno-sol","30":"product_cat-primavera","31":"product_cat-racimo","32":"product_cat-semilla","33":"product_cat-sol-parcial","34":"product_cat-verano","35":"pa_pot-size-3-galones-10","36":"pa_pot-size-7-galones-14","39":"first","40":"instock","41":"taxable","42":"shipping-taxable","43":"purchasable","44":"product-type-variable"},"aioseo_notices":[],"_links":{"self":[{"href":"https:\/\/smartyplantsnursery.com\/es\/wp-json\/wp\/v2\/product\/48449","targetHints":{"allow":["GET"]}}],"collection":[{"href":"https:\/\/smartyplantsnursery.com\/es\/wp-json\/wp\/v2\/product"}],"about":[{"href":"https:\/\/smartyplantsnursery.com\/es\/wp-json\/wp\/v2\/types\/product"}],"replies":[{"embeddable":true,"href":"https:\/\/smartyplantsnursery.com\/es\/wp-json\/wp\/v2\/comments?post=48449"}],"wp:featuredmedia":[{"embeddable":true,"href":"https:\/\/smartyplantsnursery.com\/es\/wp-json\/wp\/v2\/media\/52732"}],"wp:attachment":[{"href":"https:\/\/smartyplantsnursery.com\/es\/wp-json\/wp\/v2\/media?parent=48449"}],"wp:term":[{"taxonomy":"product_brand","embeddable":true,"href":"https:\/\/smartyplantsnursery.com\/es\/wp-json\/wp\/v2\/product_brand?post=48449"},{"taxonomy":"product_cat","embeddable":true,"href":"https:\/\/smartyplantsnursery.com\/es\/wp-json\/wp\/v2\/product_cat?post=48449"},{"taxonomy":"product_tag","embeddable":true,"href":"https:\/\/smartyplantsnursery.com\/es\/wp-json\/wp\/v2\/product_tag?post=48449"}],"curies":[{"name":"wp","href":"https:\/\/api.w.org\/{rel}","templated":true}]}}