{"id":48785,"date":"2025-09-12T16:55:03","date_gmt":"2025-09-12T16:55:03","guid":{"rendered":"https:\/\/smartyplantsnursery.com\/product\/siphokentia-beguinii-hydriastele-beguinii-obi-island\/"},"modified":"2026-02-09T13:50:16","modified_gmt":"2026-02-09T13:50:16","slug":"siphokentia-beguinii-hydriastele-beguinii-obi-island","status":"publish","type":"product","link":"https:\/\/smartyplantsnursery.com\/es\/product\/siphokentia-beguinii-hydriastele-beguinii-obi-island\/","title":{"rendered":"Siphokentia beguinii &#8211; hydriastele beguinii &#8216;obi island&#8217;"},"content":{"rendered":"<p><b>Usos generales en el paisaje:<\/b> Pantalla, esp\u00e9cimen de acento, jardines tropicales<\/p>\n<p><b>Notas sobre la restauraci\u00f3n ecol\u00f3gica:<\/b> Contribuye a la estructura del bosque, los frutos sirven de alimento para aves y peque\u00f1os mam\u00edferos, protege las orillas de los arroyos de la erosi\u00f3n<\/p>\n<p><b>Descripci\u00f3n:<\/b> Palmera agrupada que forma densos grupos de ca\u00f1as delgadas y altas con elegantes hojas pinnadas arqueadas.<\/p>\n<p><b>Dimensiones:<\/b> Altura 20 &#8211; 40 pies.<\/p>\n<p><b>Tasa de crecimiento:<\/b> moderada<\/p>\n<p><b>Distribuci\u00f3n nativa:<\/b> Indonesia<\/p>\n<p><b>H\u00e1bitats nativos:<\/b> Selvas tropicales de tierras bajas, a menudo en valles h\u00famedos y sombreados y a lo largo de arroyos.<\/p>\n<p><b>Suelos:<\/b> Bien drenados<\/p>\n<p><b>Requisitos nutricionales:<\/b> De moderados a altos<\/p>\n<p><b>Tolerancia al agua salada:<\/b> baja<\/p>\n<p><b>Tolerancia al viento salado:<\/b> baja<\/p>\n<p><b>Tolerancia a la sequ\u00eda:<\/b> De baja a moderada<\/p>\n<p><b>Requisitos de luz:<\/b> Pleno sol a sol parcial<\/p>\n<p><b>Color de la flor:<\/b> Crema a amarillo p\u00e1lido<\/p>\n<p><b>Caracter\u00edsticas de la flor:<\/b> unisexual<\/p>\n<p><b>Temporada de floraci\u00f3n:<\/b> Todo el a\u00f1o<\/p>\n<p><b>Fruto:<\/b> Peque\u00f1o, de redondo a ovalado, que pasa de verde a negro cuando madura.<\/p>\n<p><b>Vida silvestre y ecolog\u00eda:<\/b> Fruta para aves y mam\u00edferos peque\u00f1os, refugio para la fauna del sotobosque<\/p>\n<p><b>Notas de horticultura:<\/b> Cultivado a partir de semillas, divisi\u00f3n<\/p>\n<p><b>Comentarios:<\/b><\/p>\n","protected":false},"excerpt":{"rendered":"<p><a href=\"https:\/\/smartyplantsnursery.com\/wp-content\/uploads\/2023\/04\/Screen-Shot-2023-04-22-at-11.28.02-PM.png\"><img decoding=\"async\" class=\"alignnone size-medium wp-image-31863\" src=\"https:\/\/smartyplantsnursery.com\/wp-content\/uploads\/2023\/04\/Screen-Shot-2023-04-22-at-11.28.02-PM-300x134.png\" alt=\"Compre con confianza en el vivero Smarty Plants.\" width=\"300\" height=\"134\"><\/a><\/p>\n<div class=\"container\">\n<div class=\"table-container\">\n<table>\n<thead>\n<tr>\n<th>Tama\u00f1o de la maceta<\/th>\n<th>Altura media plantada (desde la tierra hasta la parte superior de la planta)<\/th>\n<\/tr>\n<\/thead>\n<tbody>\n<tr>\n<td>25 galones\/21&#8243;<\/td>\n<td>1,8 &#8211; 2,7 m<\/td>\n<\/tr>\n<\/tbody>\n<\/table>\n<\/div>\n<\/div>\n","protected":false},"featured_media":48784,"comment_status":"open","ping_status":"closed","template":"","meta":[],"product_brand":[],"product_cat":[348,344,311,312,329,310,331,302,355,309,313,326,308,370,378,334,314,335,323,330,303,367,307],"product_tag":[],"class_list":{"0":"post-48785","1":"product","2":"type-product","3":"status-publish","4":"has-post-thumbnail","6":"product_cat-alta-es","7":"product_cat-arbol","8":"product_cat-baja","9":"product_cat-baja-es","10":"product_cat-baja-es-2","11":"product_cat-bien-drenado","12":"product_cat-division-es","13":"product_cat-exotica","14":"product_cat-invierno","15":"product_cat-moderada","16":"product_cat-moderada-es","17":"product_cat-moderada-es-2","18":"product_cat-otono","19":"product_cat-palma","20":"product_cat-pantalla","21":"product_cat-planta-de-acento","22":"product_cat-planta-de-especimen","23":"product_cat-pleno-sol","24":"product_cat-primavera","25":"product_cat-semilla","26":"product_cat-sol-parcial","27":"product_cat-unisexual-es","28":"product_cat-verano","29":"pa_pot-size-25-galones-21","32":"first","33":"instock","34":"taxable","35":"shipping-taxable","36":"purchasable","37":"product-type-variable"},"aioseo_notices":[],"_links":{"self":[{"href":"https:\/\/smartyplantsnursery.com\/es\/wp-json\/wp\/v2\/product\/48785","targetHints":{"allow":["GET"]}}],"collection":[{"href":"https:\/\/smartyplantsnursery.com\/es\/wp-json\/wp\/v2\/product"}],"about":[{"href":"https:\/\/smartyplantsnursery.com\/es\/wp-json\/wp\/v2\/types\/product"}],"replies":[{"embeddable":true,"href":"https:\/\/smartyplantsnursery.com\/es\/wp-json\/wp\/v2\/comments?post=48785"}],"wp:featuredmedia":[{"embeddable":true,"href":"https:\/\/smartyplantsnursery.com\/es\/wp-json\/wp\/v2\/media\/48784"}],"wp:attachment":[{"href":"https:\/\/smartyplantsnursery.com\/es\/wp-json\/wp\/v2\/media?parent=48785"}],"wp:term":[{"taxonomy":"product_brand","embeddable":true,"href":"https:\/\/smartyplantsnursery.com\/es\/wp-json\/wp\/v2\/product_brand?post=48785"},{"taxonomy":"product_cat","embeddable":true,"href":"https:\/\/smartyplantsnursery.com\/es\/wp-json\/wp\/v2\/product_cat?post=48785"},{"taxonomy":"product_tag","embeddable":true,"href":"https:\/\/smartyplantsnursery.com\/es\/wp-json\/wp\/v2\/product_tag?post=48785"}],"curies":[{"name":"wp","href":"https:\/\/api.w.org\/{rel}","templated":true}]}}