{"id":48920,"date":"2025-09-18T17:13:39","date_gmt":"2025-09-18T17:13:39","guid":{"rendered":"https:\/\/smartyplantsnursery.com\/product\/mantillo-rojo\/"},"modified":"2026-03-07T13:50:02","modified_gmt":"2026-03-07T13:50:02","slug":"mantillo-rojo","status":"publish","type":"product","link":"https:\/\/smartyplantsnursery.com\/es\/product\/mantillo-rojo\/","title":{"rendered":"Mantillo rojo"},"content":{"rendered":"<p>Cubre 24 pies cuadrados extendido a 1 pulgada de ancho  <\/p>\n<p>Cubre 12 pies cuadrados extendido a 2 pulgadas de ancho <\/p>\n<div class=\"sui-flex sui-flex-col sui-gap-2\">\n<p>El mantillo triturado de madera roja de 2,0 pies c\u00fabicos a\u00f1ade color vibrante y belleza natural a parterres, jardines, caminos y zonas ajardinadas. Elaborado con 100% de pino y productos forestales naturales, este mantillo ofrece una forma sostenible de mejorar el atractivo exterior mientras mejora la salud del suelo. Su textura triturada ayuda a suprimir las malas hierbas, retener la humedad del suelo y aislar las ra\u00edces contra temperaturas extremas, reduciendo la p\u00e9rdida de agua y protegiendo las plantas durante todo el a\u00f1o. El mantillo triturado de madera roja es f\u00e1cil de esparcir y proporciona un acabado uniforme y pulido que complementa cualquier espacio exterior. Disponible en color rojo intenso, crea un contraste llamativo para plantas y elementos de paisajismo duro, haciendo que tu jard\u00edn destaque. Este producto est\u00e1 certificado por el Consejo de Mantillo y Suelo, garantizando calidad y rendimiento para tus proyectos de jardiner\u00eda.       <\/p>\n<\/div>\n<div>\n<h3 class=\"sui-h3-bold sui-line-clamp-unset sui-font-normal sui-text-primary\">Caracter\u00edsticas<\/h3>\n<ul class=\"sui-w-full sui-list-disc sui-px-6 sui-flex sui-flex-col sui-gap-2 sui-mt-2\" data-testid=\"bullet-list\">\n<li data-testid=\"bullet-list-item\">Mejora cualquier jard\u00edn con un aspecto distintivo y acabado en color rojo vibrante<\/li>\n<li data-testid=\"bullet-list-item\">Ayuda a retener la humedad del suelo, reducir el consumo de agua y aislar las ra\u00edces<\/li>\n<li data-testid=\"bullet-list-item\">Controla el crecimiento de malas hierbas para parterres m\u00e1s saludables<\/li>\n<li data-testid=\"bullet-list-item\">Elaborado con 100% de mantillo de madera de pino triturada con colorante rojo para belleza y funcionalidad<\/li>\n<li data-testid=\"bullet-list-item\">F\u00e1cil de usar para la mayor\u00eda de proyectos de jardiner\u00eda; plantas y bordes no incluidos<\/li>\n<li data-testid=\"bullet-list-item\">Certificado por el Consejo de Mantillo y Suelo para garant\u00eda de calidad<\/li>\n<\/ul>\n<\/div>\n","protected":false},"excerpt":{"rendered":"<p>Cubre 24 pies cuadrados extendido a 1 pulgada de ancho Cubre 12 pies cuadrados extendido a 2 pulgadas de ancho El mantillo triturado de madera roja de 2,0 pies c\u00fabicos a\u00f1ade color vibrante y belleza natural a parterres, jardines, caminos y zonas ajardinadas. Elaborado con 100% de pino y productos forestales naturales, este mantillo ofrece [&hellip;]<\/p>\n","protected":false},"featured_media":48919,"comment_status":"open","ping_status":"closed","template":"","meta":[],"product_brand":[],"product_cat":[421],"product_tag":[],"class_list":{"0":"post-48920","1":"product","2":"type-product","3":"status-publish","4":"has-post-thumbnail","6":"product_cat-suministros-para-jardineria","9":"first","10":"instock","11":"taxable","12":"shipping-taxable","13":"purchasable","14":"product-type-variable"},"aioseo_notices":[],"_links":{"self":[{"href":"https:\/\/smartyplantsnursery.com\/es\/wp-json\/wp\/v2\/product\/48920","targetHints":{"allow":["GET"]}}],"collection":[{"href":"https:\/\/smartyplantsnursery.com\/es\/wp-json\/wp\/v2\/product"}],"about":[{"href":"https:\/\/smartyplantsnursery.com\/es\/wp-json\/wp\/v2\/types\/product"}],"replies":[{"embeddable":true,"href":"https:\/\/smartyplantsnursery.com\/es\/wp-json\/wp\/v2\/comments?post=48920"}],"wp:featuredmedia":[{"embeddable":true,"href":"https:\/\/smartyplantsnursery.com\/es\/wp-json\/wp\/v2\/media\/48919"}],"wp:attachment":[{"href":"https:\/\/smartyplantsnursery.com\/es\/wp-json\/wp\/v2\/media?parent=48920"}],"wp:term":[{"taxonomy":"product_brand","embeddable":true,"href":"https:\/\/smartyplantsnursery.com\/es\/wp-json\/wp\/v2\/product_brand?post=48920"},{"taxonomy":"product_cat","embeddable":true,"href":"https:\/\/smartyplantsnursery.com\/es\/wp-json\/wp\/v2\/product_cat?post=48920"},{"taxonomy":"product_tag","embeddable":true,"href":"https:\/\/smartyplantsnursery.com\/es\/wp-json\/wp\/v2\/product_tag?post=48920"}],"curies":[{"name":"wp","href":"https:\/\/api.w.org\/{rel}","templated":true}]}}