{"id":48935,"date":"2025-09-18T18:05:43","date_gmt":"2025-09-18T18:05:43","guid":{"rendered":"https:\/\/smartyplantsnursery.com\/product\/mantillo-negro\/"},"modified":"2026-03-11T15:02:29","modified_gmt":"2026-03-11T15:02:29","slug":"mantillo-negro","status":"publish","type":"product","link":"https:\/\/smartyplantsnursery.com\/es\/product\/mantillo-negro\/","title":{"rendered":"Mantillo negro Vigoro"},"content":{"rendered":"<p>El mantillo negro VIGORO es un mantillo de madera 100 % de primera calidad que proteger\u00e1 y realzar\u00e1 tu jard\u00edn con un aspecto natural y acabado. Al crear una barrera protectora alrededor de tus plantas y sobre el suelo, el mantillo negro VIGORO estabilizar\u00e1 la humedad del suelo, moderar\u00e1 las temperaturas y evitar\u00e1 que las plantas se sequen. Adem\u00e1s, el mantillo negro controlar\u00e1 la erosi\u00f3n y moderar\u00e1 el crecimiento de malas hierbas. Con una garant\u00eda de color de 12 meses, puedes estar seguro de que este mantillo negro mantendr\u00e1 tu jard\u00edn con un aspecto impecable toda la temporada. Cada saco cubre 8 pies\u00b2 con 3 pulg. de profundidad. No olvides consultar nuestra calculadora de mantillo para determinar cu\u00e1ntos sacos necesitas para tu proyecto y nuestra gu\u00eda de proyectos para conocer todos los consejos y trucos.      <\/p>\n<h3 class=\"sui-h3-bold sui-line-clamp-unset sui-font-normal sui-text-primary\">Caracter\u00edsticas destacadas<\/h3>\n<ul class=\"sui-w-full sui-list-disc sui-px-6 sui-flex sui-flex-col sui-gap-2 sui-mt-2\" data-testid=\"bullet-list\">\n<li data-testid=\"bullet-list-item\">El mantillo triturado dar\u00e1 un aspecto acabado a tu jard\u00edn<\/li>\n<li data-testid=\"bullet-list-item\">Ayuda a retener la humedad y dificulta la germinaci\u00f3n de semillas de malas hierbas<\/li>\n<li data-testid=\"bullet-list-item\">Para obtener los mejores resultados de color y m\u00e1s duraderos, no permitas que el mantillo te\u00f1ido se moje durante las 24 horas posteriores a su aplicaci\u00f3n<\/li>\n<li data-testid=\"bullet-list-item\">Certificado por el Mulch and Soil Council<\/li>\n<li data-testid=\"bullet-list-item\">Disponible en 3 colores: rojo, negro y marr\u00f3n; este es un producto de madera natural, por lo que el color, el tama\u00f1o y la especie de madera var\u00edan seg\u00fan la regi\u00f3n; el art\u00edculo real puede variar respecto a la foto<\/li>\n<\/ul>\n","protected":false},"excerpt":{"rendered":"<p>El mantillo negro VIGORO es un mantillo de madera 100 % de primera calidad que proteger\u00e1 y realzar\u00e1 tu jard\u00edn con un aspecto natural y acabado. Al crear una barrera protectora alrededor de tus plantas y sobre el suelo, el mantillo negro VIGORO estabilizar\u00e1 la humedad del suelo, moderar\u00e1 las temperaturas y evitar\u00e1 que las [&hellip;]<\/p>\n","protected":false},"featured_media":48931,"comment_status":"open","ping_status":"closed","template":"","meta":[],"product_brand":[],"product_cat":[421],"product_tag":[],"class_list":{"0":"post-48935","1":"product","2":"type-product","3":"status-publish","4":"has-post-thumbnail","6":"product_cat-suministros-para-jardineria","9":"first","10":"instock","11":"taxable","12":"shipping-taxable","13":"purchasable","14":"product-type-variable"},"aioseo_notices":[],"_links":{"self":[{"href":"https:\/\/smartyplantsnursery.com\/es\/wp-json\/wp\/v2\/product\/48935","targetHints":{"allow":["GET"]}}],"collection":[{"href":"https:\/\/smartyplantsnursery.com\/es\/wp-json\/wp\/v2\/product"}],"about":[{"href":"https:\/\/smartyplantsnursery.com\/es\/wp-json\/wp\/v2\/types\/product"}],"replies":[{"embeddable":true,"href":"https:\/\/smartyplantsnursery.com\/es\/wp-json\/wp\/v2\/comments?post=48935"}],"wp:featuredmedia":[{"embeddable":true,"href":"https:\/\/smartyplantsnursery.com\/es\/wp-json\/wp\/v2\/media\/48931"}],"wp:attachment":[{"href":"https:\/\/smartyplantsnursery.com\/es\/wp-json\/wp\/v2\/media?parent=48935"}],"wp:term":[{"taxonomy":"product_brand","embeddable":true,"href":"https:\/\/smartyplantsnursery.com\/es\/wp-json\/wp\/v2\/product_brand?post=48935"},{"taxonomy":"product_cat","embeddable":true,"href":"https:\/\/smartyplantsnursery.com\/es\/wp-json\/wp\/v2\/product_cat?post=48935"},{"taxonomy":"product_tag","embeddable":true,"href":"https:\/\/smartyplantsnursery.com\/es\/wp-json\/wp\/v2\/product_tag?post=48935"}],"curies":[{"name":"wp","href":"https:\/\/api.w.org\/{rel}","templated":true}]}}