{"id":48961,"date":"2025-09-18T18:47:40","date_gmt":"2025-09-18T18:47:40","guid":{"rendered":"https:\/\/smartyplantsnursery.com\/product\/capa-superior-del-suelo\/"},"modified":"2026-03-07T13:49:47","modified_gmt":"2026-03-07T13:49:47","slug":"capa-superior-del-suelo","status":"publish","type":"product","link":"https:\/\/smartyplantsnursery.com\/es\/product\/capa-superior-del-suelo\/","title":{"rendered":"Capa superior del suelo"},"content":{"rendered":"<div class=\"sui-flex sui-flex-col sui-gap-2\">\n<p>Prepara tu c\u00e9sped o jard\u00edn para plantar con Scotts Premium Topsoil Lawn and Garden Soil Conditioner. Esta tierra vegetal a\u00f1ade materia org\u00e1nica y turba de esfagno a tu suelo existente para ayudar a que las plantas y el c\u00e9sped nuevo prosperen. Usa este producto como tierra para c\u00e9sped para sembrar c\u00e9sped nuevo o como tierra de jard\u00edn en jardines nuevos o ya existentes. Para acondicionar el suelo en c\u00e9spedes nuevos, extiende 1\u20132\u201d de tierra vegetal en la zona del c\u00e9sped y m\u00e9zclala en los 1\u20132\u201d superiores del suelo nativo; despu\u00e9s, nivela el terreno. Riega a fondo tras la siembra. Para acondicionar el suelo en jardines, extiende 2\u20133\u201d de tierra vegetal en jardines nuevos y m\u00e9zclala en los 6\u20138\u201d superiores del suelo nativo; despu\u00e9s, nivela el terreno. En jardines existentes, coloca 1\u20132\u201d de tierra vegetal alrededor de las plantas, rep\u00e1rtela de forma uniforme y m\u00e9zclala suavemente con el suelo existente. Riega a fondo tu jard\u00edn, nuevo o existente, tras la aplicaci\u00f3n. Este producto es solo para uso en suelo. Una bolsa de 0,75 ft\u00b3 de Scotts Premium Topsoil Lawn and Garden Soil Conditioner cubre 4 ft\u00b2 cuando se aplica con un espesor de 2\u201d.           <\/p>\n<\/div>\n<div>\n<h3 class=\"sui-h3-bold sui-line-clamp-unset sui-font-normal sui-text-primary\">Destacados<\/h3>\n<ul class=\"sui-w-full sui-list-disc sui-px-6 sui-flex sui-flex-col sui-gap-2 sui-mt-2\" data-testid=\"bullet-list\">\n<li data-testid=\"bullet-list-item\">Scotts Premium Topsoil Lawn and Garden Soil Conditioner a\u00f1ade turba de esfagno y materia org\u00e1nica a tu suelo existente<\/li>\n<li data-testid=\"bullet-list-item\">Esta tierra vegetal en bolsa es para uso en suelo y ayuda a preparar el c\u00e9sped para la siembra o a mejorar el suelo en jardines nuevos y existentes<\/li>\n<li data-testid=\"bullet-list-item\">Para usarla como tierra para c\u00e9sped, extiende 1\u20132\u201d de tierra vegetal sobre la zona del c\u00e9sped, m\u00e9zclala en los 1\u20132\u201d superiores del suelo nativo y nivela; siembra y luego riega a fondo<\/li>\n<li data-testid=\"bullet-list-item\">Para usarla como tierra de jardiner\u00eda en jardines existentes, aplica 1\u20132\u201d de tierra vegetal, rep\u00e1rtela y m\u00e9zclala suavemente con el suelo nativo; para jardines nuevos, aplica 2\u20133\u201d de tierra vegetal, m\u00e9zclala en los 6\u20138\u201d superiores del suelo nativo, nivela y riega a fondo<\/li>\n<li data-testid=\"bullet-list-item\">Una bolsa de 0,75 ft\u00b3 de Scotts Premium Topsoil Lawn and Garden Soil Conditioner cubre 4 ft\u00b2 cuando se aplica en una capa de 2\u201d  <\/li>\n<\/ul>\n<\/div>\n","protected":false},"excerpt":{"rendered":"<p>Prepara tu c\u00e9sped o jard\u00edn para plantar con Scotts Premium Topsoil Lawn and Garden Soil Conditioner. Esta tierra vegetal a\u00f1ade materia org\u00e1nica y turba de esfagno a tu suelo existente para ayudar a que las plantas y el c\u00e9sped nuevo prosperen. Usa este producto como tierra para c\u00e9sped para sembrar c\u00e9sped nuevo o como tierra [&hellip;]<\/p>\n","protected":false},"featured_media":48960,"comment_status":"open","ping_status":"closed","template":"","meta":[],"product_brand":[],"product_cat":[425],"product_tag":[],"class_list":{"0":"post-48961","1":"product","2":"type-product","3":"status-publish","4":"has-post-thumbnail","6":"product_cat-suelo","9":"first","10":"instock","11":"taxable","12":"shipping-taxable","13":"purchasable","14":"product-type-variable"},"aioseo_notices":[],"_links":{"self":[{"href":"https:\/\/smartyplantsnursery.com\/es\/wp-json\/wp\/v2\/product\/48961","targetHints":{"allow":["GET"]}}],"collection":[{"href":"https:\/\/smartyplantsnursery.com\/es\/wp-json\/wp\/v2\/product"}],"about":[{"href":"https:\/\/smartyplantsnursery.com\/es\/wp-json\/wp\/v2\/types\/product"}],"replies":[{"embeddable":true,"href":"https:\/\/smartyplantsnursery.com\/es\/wp-json\/wp\/v2\/comments?post=48961"}],"wp:featuredmedia":[{"embeddable":true,"href":"https:\/\/smartyplantsnursery.com\/es\/wp-json\/wp\/v2\/media\/48960"}],"wp:attachment":[{"href":"https:\/\/smartyplantsnursery.com\/es\/wp-json\/wp\/v2\/media?parent=48961"}],"wp:term":[{"taxonomy":"product_brand","embeddable":true,"href":"https:\/\/smartyplantsnursery.com\/es\/wp-json\/wp\/v2\/product_brand?post=48961"},{"taxonomy":"product_cat","embeddable":true,"href":"https:\/\/smartyplantsnursery.com\/es\/wp-json\/wp\/v2\/product_cat?post=48961"},{"taxonomy":"product_tag","embeddable":true,"href":"https:\/\/smartyplantsnursery.com\/es\/wp-json\/wp\/v2\/product_tag?post=48961"}],"curies":[{"name":"wp","href":"https:\/\/api.w.org\/{rel}","templated":true}]}}